{"id":216760,"date":"2022-12-06T15:32:55","date_gmt":"2022-12-06T15:32:59","guid":{"rendered":"https:\/\/www.erresse-shop.it\/?post_type=product&#038;p=216760"},"modified":"2022-12-07T09:30:36","modified_gmt":"2022-12-07T09:30:36","slug":"versace-home-jarron-30cm-escalera-rosa-del-palacio","status":"publish","type":"product","link":"https:\/\/www.erresse-shop.it\/es\/shop\/mobiliario\/jarrones\/versace-home-jarron-30cm-escalera-rosa-del-palacio\/","title":{"rendered":"VERSACE HOME Jarr\u00f3n 30cm Escalera rosa del palacio"},"content":{"rendered":"<p>Antes de que la famosa e ic\u00f3nica cabeza de <strong>Medusa<\/strong> llame la atenci\u00f3n del espectador, a \u00e9ste le llama especialmente la atenci\u00f3n la majestuosa escalera de m\u00e1rmol de la entrada del Palazzo Versace, en la Via Ges\u00f9 de Mil\u00e1n. Las relucientes l\u00edneas met\u00e1licas en espiral que conducen a la residencia y que ya insin\u00faan la belleza que se disfrutar\u00e1 en su interior, tambi\u00e9n inspiraron a los dise\u00f1adores en la creaci\u00f3n de la nueva decoraci\u00f3n &#8220;<strong>La Scala del Palazzo<\/strong>&#8221; para Rosenthal meets <strong>Versace<\/strong>.<\/p>\n<p>El estilo pregnante del nuevo servicio se realza con la elegancia del verde pastel y el rosado, que recuerdan el fascinante mundo crom\u00e1tico de los antiguos palacios italianos.<\/p>\n<p>Material: porcelana<br \/>\nDimensiones: A 24 cm<\/p>\n","protected":false},"excerpt":{"rendered":"<p>Antes de que la famosa e ic\u00f3nica cabeza de Medusa llame la atenci\u00f3n del espectador, a \u00e9ste le llama especialmente<\/p>\n","protected":false},"featured_media":216768,"template":"","meta":{"_acf_changed":false,"inline_featured_image":false},"product_cat":[16024,16016],"product_tag":[25183,23692,16122,24682,17842,17864,25023,17843],"acf":[],"yoast_head":"<!-- This site is optimized with the Yoast SEO Premium plugin v18.6 (Yoast SEO v19.13) - https:\/\/yoast.com\/wordpress\/plugins\/seo\/ -->\n<title>VERSACE HOME Jarr\u00f3n 30cm Escalera rosa del palacio - Erresse Shop<\/title>\n<meta name=\"description\" content=\"Antes de que la famosa e ic\u00f3nica cabeza de Medusa llame la atenci\u00f3n del espectador, a \u00e9ste le llama especialmente la atenci\u00f3n la majestuosa escalera de\" \/>\n<meta name=\"robots\" content=\"index, follow, max-snippet:-1, max-image-preview:large, max-video-preview:-1\" \/>\n<link rel=\"canonical\" href=\"https:\/\/www.erresse-shop.it\/es\/shop\/mobiliario\/jarrones\/versace-home-jarron-30cm-escalera-rosa-del-palacio\/\" \/>\n<meta property=\"og:locale\" content=\"es_ES\" \/>\n<meta property=\"og:type\" content=\"article\" \/>\n<meta property=\"og:title\" content=\"VERSACE HOME Jarr\u00f3n 30cm Escalera rosa del palacio\" \/>\n<meta property=\"og:description\" content=\"Antes de que la famosa e ic\u00f3nica cabeza de Medusa llame la atenci\u00f3n del espectador, a \u00e9ste le llama especialmente la atenci\u00f3n la majestuosa escalera de\" \/>\n<meta property=\"og:url\" content=\"https:\/\/www.erresse-shop.it\/es\/shop\/mobiliario\/jarrones\/versace-home-jarron-30cm-escalera-rosa-del-palacio\/\" \/>\n<meta property=\"og:site_name\" content=\"Erresse Shop\" \/>\n<meta property=\"article:modified_time\" content=\"2022-12-07T09:30:36+00:00\" \/>\n<meta property=\"og:image\" content=\"https:\/\/www.erresse-shop.it\/wp-content\/uploads\/2022\/12\/VERSACE-HOME-Vaso-24cm-Scala-Palazzo-Rosa.jpg\" \/>\n\t<meta property=\"og:image:width\" content=\"800\" \/>\n\t<meta property=\"og:image:height\" content=\"800\" \/>\n\t<meta property=\"og:image:type\" content=\"image\/jpeg\" \/>\n<meta name=\"twitter:card\" content=\"summary_large_image\" \/>\n<script type=\"application\/ld+json\" class=\"yoast-schema-graph\">{\"@context\":\"https:\/\/schema.org\",\"@graph\":[{\"@type\":\"WebPage\",\"@id\":\"https:\/\/www.erresse-shop.it\/es\/shop\/mobiliario\/jarrones\/versace-home-jarron-30cm-escalera-rosa-del-palacio\/\",\"url\":\"https:\/\/www.erresse-shop.it\/es\/shop\/mobiliario\/jarrones\/versace-home-jarron-30cm-escalera-rosa-del-palacio\/\",\"name\":\"VERSACE HOME Jarr\u00f3n 30cm Escalera rosa del palacio - Erresse Shop\",\"isPartOf\":{\"@id\":\"https:\/\/www.erresse-shop.it\/es\/#website\"},\"datePublished\":\"2022-12-06T15:32:59+00:00\",\"dateModified\":\"2022-12-07T09:30:36+00:00\",\"description\":\"Antes de que la famosa e ic\u00f3nica cabeza de Medusa llame la atenci\u00f3n del espectador, a \u00e9ste le llama especialmente la atenci\u00f3n la majestuosa escalera de\",\"breadcrumb\":{\"@id\":\"https:\/\/www.erresse-shop.it\/es\/shop\/mobiliario\/jarrones\/versace-home-jarron-30cm-escalera-rosa-del-palacio\/#breadcrumb\"},\"inLanguage\":\"es\",\"potentialAction\":[{\"@type\":\"ReadAction\",\"target\":[\"https:\/\/www.erresse-shop.it\/es\/shop\/mobiliario\/jarrones\/versace-home-jarron-30cm-escalera-rosa-del-palacio\/\"]}]},{\"@type\":\"BreadcrumbList\",\"@id\":\"https:\/\/www.erresse-shop.it\/es\/shop\/mobiliario\/jarrones\/versace-home-jarron-30cm-escalera-rosa-del-palacio\/#breadcrumb\",\"itemListElement\":[{\"@type\":\"ListItem\",\"position\":1,\"name\":\"Home\",\"item\":\"https:\/\/www.erresse-shop.it\/es\/\"},{\"@type\":\"ListItem\",\"position\":2,\"name\":\"Shop\",\"item\":\"https:\/\/www.erresse-shop.it\/es\/shop\/\"},{\"@type\":\"ListItem\",\"position\":3,\"name\":\"VERSACE HOME Jarr\u00f3n 30cm Escalera rosa del palacio\"}]},{\"@type\":\"WebSite\",\"@id\":\"https:\/\/www.erresse-shop.it\/es\/#website\",\"url\":\"https:\/\/www.erresse-shop.it\/es\/\",\"name\":\"Erresse Shop\",\"description\":\"Articoli di qualit\u00e0 per la casa\",\"potentialAction\":[{\"@type\":\"SearchAction\",\"target\":{\"@type\":\"EntryPoint\",\"urlTemplate\":\"https:\/\/www.erresse-shop.it\/es\/?s={search_term_string}\"},\"query-input\":\"required name=search_term_string\"}],\"inLanguage\":\"es\"}]}<\/script>\n<!-- \/ Yoast SEO Premium plugin. -->","yoast_head_json":{"title":"VERSACE HOME Jarr\u00f3n 30cm Escalera rosa del palacio - Erresse Shop","description":"Antes de que la famosa e ic\u00f3nica cabeza de Medusa llame la atenci\u00f3n del espectador, a \u00e9ste le llama especialmente la atenci\u00f3n la majestuosa escalera de","robots":{"index":"index","follow":"follow","max-snippet":"max-snippet:-1","max-image-preview":"max-image-preview:large","max-video-preview":"max-video-preview:-1"},"canonical":"https:\/\/www.erresse-shop.it\/es\/shop\/mobiliario\/jarrones\/versace-home-jarron-30cm-escalera-rosa-del-palacio\/","og_locale":"es_ES","og_type":"article","og_title":"VERSACE HOME Jarr\u00f3n 30cm Escalera rosa del palacio","og_description":"Antes de que la famosa e ic\u00f3nica cabeza de Medusa llame la atenci\u00f3n del espectador, a \u00e9ste le llama especialmente la atenci\u00f3n la majestuosa escalera de","og_url":"https:\/\/www.erresse-shop.it\/es\/shop\/mobiliario\/jarrones\/versace-home-jarron-30cm-escalera-rosa-del-palacio\/","og_site_name":"Erresse Shop","article_modified_time":"2022-12-07T09:30:36+00:00","og_image":[{"width":800,"height":800,"url":"https:\/\/www.erresse-shop.it\/wp-content\/uploads\/2022\/12\/VERSACE-HOME-Vaso-24cm-Scala-Palazzo-Rosa.jpg","type":"image\/jpeg"}],"twitter_card":"summary_large_image","schema":{"@context":"https:\/\/schema.org","@graph":[{"@type":"WebPage","@id":"https:\/\/www.erresse-shop.it\/es\/shop\/mobiliario\/jarrones\/versace-home-jarron-30cm-escalera-rosa-del-palacio\/","url":"https:\/\/www.erresse-shop.it\/es\/shop\/mobiliario\/jarrones\/versace-home-jarron-30cm-escalera-rosa-del-palacio\/","name":"VERSACE HOME Jarr\u00f3n 30cm Escalera rosa del palacio - Erresse Shop","isPartOf":{"@id":"https:\/\/www.erresse-shop.it\/es\/#website"},"datePublished":"2022-12-06T15:32:59+00:00","dateModified":"2022-12-07T09:30:36+00:00","description":"Antes de que la famosa e ic\u00f3nica cabeza de Medusa llame la atenci\u00f3n del espectador, a \u00e9ste le llama especialmente la atenci\u00f3n la majestuosa escalera de","breadcrumb":{"@id":"https:\/\/www.erresse-shop.it\/es\/shop\/mobiliario\/jarrones\/versace-home-jarron-30cm-escalera-rosa-del-palacio\/#breadcrumb"},"inLanguage":"es","potentialAction":[{"@type":"ReadAction","target":["https:\/\/www.erresse-shop.it\/es\/shop\/mobiliario\/jarrones\/versace-home-jarron-30cm-escalera-rosa-del-palacio\/"]}]},{"@type":"BreadcrumbList","@id":"https:\/\/www.erresse-shop.it\/es\/shop\/mobiliario\/jarrones\/versace-home-jarron-30cm-escalera-rosa-del-palacio\/#breadcrumb","itemListElement":[{"@type":"ListItem","position":1,"name":"Home","item":"https:\/\/www.erresse-shop.it\/es\/"},{"@type":"ListItem","position":2,"name":"Shop","item":"https:\/\/www.erresse-shop.it\/es\/shop\/"},{"@type":"ListItem","position":3,"name":"VERSACE HOME Jarr\u00f3n 30cm Escalera rosa del palacio"}]},{"@type":"WebSite","@id":"https:\/\/www.erresse-shop.it\/es\/#website","url":"https:\/\/www.erresse-shop.it\/es\/","name":"Erresse Shop","description":"Articoli di qualit\u00e0 per la casa","potentialAction":[{"@type":"SearchAction","target":{"@type":"EntryPoint","urlTemplate":"https:\/\/www.erresse-shop.it\/es\/?s={search_term_string}"},"query-input":"required name=search_term_string"}],"inLanguage":"es"}]}},"df_price":455.05,"df_sale_price":455.05,"df_regular_price":479,"df_image_link":"https:\/\/www.erresse-shop.it\/wp-content\/uploads\/2022\/12\/VERSACE-HOME-Vaso-24cm-Scala-Palazzo-Rosa-300x300.jpg","_links":{"self":[{"href":"https:\/\/www.erresse-shop.it\/es\/wp-json\/wp\/v2\/product\/216760"}],"collection":[{"href":"https:\/\/www.erresse-shop.it\/es\/wp-json\/wp\/v2\/product"}],"about":[{"href":"https:\/\/www.erresse-shop.it\/es\/wp-json\/wp\/v2\/types\/product"}],"wp:featuredmedia":[{"embeddable":true,"href":"https:\/\/www.erresse-shop.it\/es\/wp-json\/wp\/v2\/media\/216768"}],"wp:attachment":[{"href":"https:\/\/www.erresse-shop.it\/es\/wp-json\/wp\/v2\/media?parent=216760"}],"wp:term":[{"taxonomy":"product_cat","embeddable":true,"href":"https:\/\/www.erresse-shop.it\/es\/wp-json\/wp\/v2\/product_cat?post=216760"},{"taxonomy":"product_tag","embeddable":true,"href":"https:\/\/www.erresse-shop.it\/es\/wp-json\/wp\/v2\/product_tag?post=216760"}],"curies":[{"name":"wp","href":"https:\/\/api.w.org\/{rel}","templated":true}]}}