{"id":216562,"date":"2022-12-06T13:42:27","date_gmt":"2022-12-06T13:42:31","guid":{"rendered":"https:\/\/www.erresse-shop.it\/?post_type=product&#038;p=216562"},"modified":"2022-12-06T15:20:35","modified_gmt":"2022-12-06T15:20:35","slug":"zwilling-freidora-4-l-negra","status":"publish","type":"product","link":"https:\/\/www.erresse-shop.it\/es\/shop\/pequenos-electrodomesticos\/freidora-de-aire-pequenos-electrodomesticos\/zwilling-freidora-4-l-negra\/","title":{"rendered":"ZWILLING Freidora 4 L Negra"},"content":{"rendered":"<p>3&#8230;2&#8230;1&#8230; \u00a1Que aproveche! La freidora de aire caliente ZWILLING prepara platos salados y dulces en poco tiempo y sin precalentamiento. Puede preparar f\u00e1cilmente patatas fritas, pizza, magdalenas y mucho m\u00e1s. Puede cocinar en la freidora sin aceite o con poca grasa. En la pantalla t\u00e1ctil LED puede seleccionar seis programas preestablecidos para patatas fritas, pollo, gambas, pescado, pizza y tarta. La temperatura y la hora tambi\u00e9n pueden ajustarse individualmente. El recetario adjunto ofrece m\u00e1s ideas deliciosas para probar inmediatamente en la freidora de aire. Al final del tiempo de cocci\u00f3n, suena una se\u00f1al ac\u00fastica y la freidora de aire finaliza autom\u00e1ticamente el proceso de cocci\u00f3n. Con una capacidad de 4 litros, la cesta ofrece espacio suficiente para porciones generosas. La cesta y la parrilla se pueden lavar en el lavavajillas. La freidora de aire no tiene grasa residual que desechar, lo que la hace especialmente pr\u00e1ctica para el uso diario.<\/p>\n<p>Su nuevo aliado en la cocina para platos sencillos y sabrosos; gracias a la freidora de aire ZWILLING podr\u00e1 preparar f\u00e1cilmente Patatas fritas, pizzas, alitas de pollo. Pero no s\u00f3lo es perfecto para la comida salada; tambi\u00e9n puede preparar deliciosas magdalenas y tartas con un simple toque. Fre\u00edr, hornear o fre\u00edr en sart\u00e9n: todo es posible gracias al flujo de aire caliente de nuestra nueva freidora de aire.<\/p>\n<p><strong>Especificaciones t\u00e9cnicas:<\/strong><\/p>\n<p>Efecto fritura, fre\u00edr en sart\u00e9n y hornear como en el horno<br \/>\n4 L de capacidad<br \/>\nPantalla t\u00e1ctil LED para un manejo instant\u00e1neo<br \/>\n6 programas predefinidos<br \/>\nTemperatura regulable entre 80 y 200 grados<br \/>\nRejilla y cesta aptas para lavavajillas<br \/>\nRecetario en ingl\u00e9s incluido<\/p>\n<p><strong>Dimensiones:<\/strong><\/p>\n<p>Peso: 3,91 kg<br \/>\nCapacidad: 4 L<br \/>\nLongitud: 34,70 cm<br \/>\nAnchura: 29,10 cm<br \/>\nAltura: 30 cm<\/p>\n<p><strong>No se vende fuera de Europa<\/strong><\/p>\n","protected":false},"excerpt":{"rendered":"<p>3&#8230;2&#8230;1&#8230; \u00a1Que aproveche! La freidora de aire caliente ZWILLING prepara platos salados y dulces en poco tiempo y sin precalentamiento.<\/p>\n","protected":false},"featured_media":216667,"template":"","meta":{"_acf_changed":false,"inline_featured_image":false},"product_cat":[21504,16073],"product_tag":[21497,20948,20949],"acf":[],"yoast_head":"<!-- This site is optimized with the Yoast SEO Premium plugin v18.6 (Yoast SEO v19.13) - https:\/\/yoast.com\/wordpress\/plugins\/seo\/ -->\n<title>ZWILLING Freidora 4 L Negra - Erresse Shop<\/title>\n<meta name=\"description\" content=\"3...2...1... \u00a1Que aproveche! La freidora de aire caliente ZWILLING prepara platos salados y dulces en poco tiempo y sin precalentamiento. Puede preparar\" \/>\n<meta name=\"robots\" content=\"index, follow, max-snippet:-1, max-image-preview:large, max-video-preview:-1\" \/>\n<link rel=\"canonical\" href=\"https:\/\/www.erresse-shop.it\/es\/shop\/pequenos-electrodomesticos\/freidora-de-aire-pequenos-electrodomesticos\/zwilling-freidora-4-l-negra\/\" \/>\n<meta property=\"og:locale\" content=\"es_ES\" \/>\n<meta property=\"og:type\" content=\"article\" \/>\n<meta property=\"og:title\" content=\"ZWILLING Freidora 4 L Negra\" \/>\n<meta property=\"og:description\" content=\"3...2...1... \u00a1Que aproveche! La freidora de aire caliente ZWILLING prepara platos salados y dulces en poco tiempo y sin precalentamiento. Puede preparar\" \/>\n<meta property=\"og:url\" content=\"https:\/\/www.erresse-shop.it\/es\/shop\/pequenos-electrodomesticos\/freidora-de-aire-pequenos-electrodomesticos\/zwilling-freidora-4-l-negra\/\" \/>\n<meta property=\"og:site_name\" content=\"Erresse Shop\" \/>\n<meta property=\"article:modified_time\" content=\"2022-12-06T15:20:35+00:00\" \/>\n<meta property=\"og:image\" content=\"https:\/\/www.erresse-shop.it\/wp-content\/uploads\/2022\/12\/Zwilling-friggitrice-ad-aria2.jpg\" \/>\n\t<meta property=\"og:image:width\" content=\"800\" \/>\n\t<meta property=\"og:image:height\" content=\"800\" \/>\n\t<meta property=\"og:image:type\" content=\"image\/jpeg\" \/>\n<meta name=\"twitter:card\" content=\"summary_large_image\" \/>\n<script type=\"application\/ld+json\" class=\"yoast-schema-graph\">{\"@context\":\"https:\/\/schema.org\",\"@graph\":[{\"@type\":\"WebPage\",\"@id\":\"https:\/\/www.erresse-shop.it\/es\/shop\/pequenos-electrodomesticos\/freidora-de-aire-pequenos-electrodomesticos\/zwilling-freidora-4-l-negra\/\",\"url\":\"https:\/\/www.erresse-shop.it\/es\/shop\/pequenos-electrodomesticos\/freidora-de-aire-pequenos-electrodomesticos\/zwilling-freidora-4-l-negra\/\",\"name\":\"ZWILLING Freidora 4 L Negra - Erresse Shop\",\"isPartOf\":{\"@id\":\"https:\/\/www.erresse-shop.it\/es\/#website\"},\"datePublished\":\"2022-12-06T13:42:31+00:00\",\"dateModified\":\"2022-12-06T15:20:35+00:00\",\"description\":\"3...2...1... \u00a1Que aproveche! La freidora de aire caliente ZWILLING prepara platos salados y dulces en poco tiempo y sin precalentamiento. Puede preparar\",\"breadcrumb\":{\"@id\":\"https:\/\/www.erresse-shop.it\/es\/shop\/pequenos-electrodomesticos\/freidora-de-aire-pequenos-electrodomesticos\/zwilling-freidora-4-l-negra\/#breadcrumb\"},\"inLanguage\":\"es\",\"potentialAction\":[{\"@type\":\"ReadAction\",\"target\":[\"https:\/\/www.erresse-shop.it\/es\/shop\/pequenos-electrodomesticos\/freidora-de-aire-pequenos-electrodomesticos\/zwilling-freidora-4-l-negra\/\"]}]},{\"@type\":\"BreadcrumbList\",\"@id\":\"https:\/\/www.erresse-shop.it\/es\/shop\/pequenos-electrodomesticos\/freidora-de-aire-pequenos-electrodomesticos\/zwilling-freidora-4-l-negra\/#breadcrumb\",\"itemListElement\":[{\"@type\":\"ListItem\",\"position\":1,\"name\":\"Home\",\"item\":\"https:\/\/www.erresse-shop.it\/es\/\"},{\"@type\":\"ListItem\",\"position\":2,\"name\":\"Shop\",\"item\":\"https:\/\/www.erresse-shop.it\/es\/shop\/\"},{\"@type\":\"ListItem\",\"position\":3,\"name\":\"ZWILLING Freidora 4 L Negra\"}]},{\"@type\":\"WebSite\",\"@id\":\"https:\/\/www.erresse-shop.it\/es\/#website\",\"url\":\"https:\/\/www.erresse-shop.it\/es\/\",\"name\":\"Erresse Shop\",\"description\":\"Articoli di qualit\u00e0 per la casa\",\"potentialAction\":[{\"@type\":\"SearchAction\",\"target\":{\"@type\":\"EntryPoint\",\"urlTemplate\":\"https:\/\/www.erresse-shop.it\/es\/?s={search_term_string}\"},\"query-input\":\"required name=search_term_string\"}],\"inLanguage\":\"es\"}]}<\/script>\n<!-- \/ Yoast SEO Premium plugin. -->","yoast_head_json":{"title":"ZWILLING Freidora 4 L Negra - Erresse Shop","description":"3...2...1... \u00a1Que aproveche! La freidora de aire caliente ZWILLING prepara platos salados y dulces en poco tiempo y sin precalentamiento. Puede preparar","robots":{"index":"index","follow":"follow","max-snippet":"max-snippet:-1","max-image-preview":"max-image-preview:large","max-video-preview":"max-video-preview:-1"},"canonical":"https:\/\/www.erresse-shop.it\/es\/shop\/pequenos-electrodomesticos\/freidora-de-aire-pequenos-electrodomesticos\/zwilling-freidora-4-l-negra\/","og_locale":"es_ES","og_type":"article","og_title":"ZWILLING Freidora 4 L Negra","og_description":"3...2...1... \u00a1Que aproveche! La freidora de aire caliente ZWILLING prepara platos salados y dulces en poco tiempo y sin precalentamiento. Puede preparar","og_url":"https:\/\/www.erresse-shop.it\/es\/shop\/pequenos-electrodomesticos\/freidora-de-aire-pequenos-electrodomesticos\/zwilling-freidora-4-l-negra\/","og_site_name":"Erresse Shop","article_modified_time":"2022-12-06T15:20:35+00:00","og_image":[{"width":800,"height":800,"url":"https:\/\/www.erresse-shop.it\/wp-content\/uploads\/2022\/12\/Zwilling-friggitrice-ad-aria2.jpg","type":"image\/jpeg"}],"twitter_card":"summary_large_image","schema":{"@context":"https:\/\/schema.org","@graph":[{"@type":"WebPage","@id":"https:\/\/www.erresse-shop.it\/es\/shop\/pequenos-electrodomesticos\/freidora-de-aire-pequenos-electrodomesticos\/zwilling-freidora-4-l-negra\/","url":"https:\/\/www.erresse-shop.it\/es\/shop\/pequenos-electrodomesticos\/freidora-de-aire-pequenos-electrodomesticos\/zwilling-freidora-4-l-negra\/","name":"ZWILLING Freidora 4 L Negra - Erresse Shop","isPartOf":{"@id":"https:\/\/www.erresse-shop.it\/es\/#website"},"datePublished":"2022-12-06T13:42:31+00:00","dateModified":"2022-12-06T15:20:35+00:00","description":"3...2...1... \u00a1Que aproveche! La freidora de aire caliente ZWILLING prepara platos salados y dulces en poco tiempo y sin precalentamiento. Puede preparar","breadcrumb":{"@id":"https:\/\/www.erresse-shop.it\/es\/shop\/pequenos-electrodomesticos\/freidora-de-aire-pequenos-electrodomesticos\/zwilling-freidora-4-l-negra\/#breadcrumb"},"inLanguage":"es","potentialAction":[{"@type":"ReadAction","target":["https:\/\/www.erresse-shop.it\/es\/shop\/pequenos-electrodomesticos\/freidora-de-aire-pequenos-electrodomesticos\/zwilling-freidora-4-l-negra\/"]}]},{"@type":"BreadcrumbList","@id":"https:\/\/www.erresse-shop.it\/es\/shop\/pequenos-electrodomesticos\/freidora-de-aire-pequenos-electrodomesticos\/zwilling-freidora-4-l-negra\/#breadcrumb","itemListElement":[{"@type":"ListItem","position":1,"name":"Home","item":"https:\/\/www.erresse-shop.it\/es\/"},{"@type":"ListItem","position":2,"name":"Shop","item":"https:\/\/www.erresse-shop.it\/es\/shop\/"},{"@type":"ListItem","position":3,"name":"ZWILLING Freidora 4 L Negra"}]},{"@type":"WebSite","@id":"https:\/\/www.erresse-shop.it\/es\/#website","url":"https:\/\/www.erresse-shop.it\/es\/","name":"Erresse Shop","description":"Articoli di qualit\u00e0 per la casa","potentialAction":[{"@type":"SearchAction","target":{"@type":"EntryPoint","urlTemplate":"https:\/\/www.erresse-shop.it\/es\/?s={search_term_string}"},"query-input":"required name=search_term_string"}],"inLanguage":"es"}]}},"df_price":59,"df_sale_price":59,"df_regular_price":139,"df_image_link":"https:\/\/www.erresse-shop.it\/wp-content\/uploads\/2022\/12\/Zwilling-friggitrice-ad-aria2-300x300.jpg","_links":{"self":[{"href":"https:\/\/www.erresse-shop.it\/es\/wp-json\/wp\/v2\/product\/216562"}],"collection":[{"href":"https:\/\/www.erresse-shop.it\/es\/wp-json\/wp\/v2\/product"}],"about":[{"href":"https:\/\/www.erresse-shop.it\/es\/wp-json\/wp\/v2\/types\/product"}],"wp:featuredmedia":[{"embeddable":true,"href":"https:\/\/www.erresse-shop.it\/es\/wp-json\/wp\/v2\/media\/216667"}],"wp:attachment":[{"href":"https:\/\/www.erresse-shop.it\/es\/wp-json\/wp\/v2\/media?parent=216562"}],"wp:term":[{"taxonomy":"product_cat","embeddable":true,"href":"https:\/\/www.erresse-shop.it\/es\/wp-json\/wp\/v2\/product_cat?post=216562"},{"taxonomy":"product_tag","embeddable":true,"href":"https:\/\/www.erresse-shop.it\/es\/wp-json\/wp\/v2\/product_tag?post=216562"}],"curies":[{"name":"wp","href":"https:\/\/api.w.org\/{rel}","templated":true}]}}