{"id":216024,"date":"2022-12-06T09:55:01","date_gmt":"2022-12-06T09:55:05","guid":{"rendered":"https:\/\/www.erresse-shop.it\/?post_type=product&#038;p=216024"},"modified":"2022-12-06T10:06:53","modified_gmt":"2022-12-06T10:06:53","slug":"villeroy-boch-juguete-de-navidad-papa-noel-en-sillon-10x15-cm","status":"publish","type":"product","link":"https:\/\/www.erresse-shop.it\/es\/shop\/mobiliario\/articulos-de-decoracion\/villeroy-boch-juguete-de-navidad-papa-noel-en-sillon-10x15-cm\/","title":{"rendered":"VILLEROY &#038; BOCH Juguete de Navidad Pap\u00e1 Noel en Sill\u00f3n 10&#215;15 cm"},"content":{"rendered":"<p><strong>Figura decorativa festiva<\/strong><br \/>\nLa colecci\u00f3n Christmas Toy combina momentos nost\u00e1lgicos y dise\u00f1o moderno en un mundo maravilloso y festivo con mercadillos navide\u00f1os, mu\u00f1ecos de nieve y Pap\u00e1 Noel. Ideales como complemento de la decoraci\u00f3n festiva de su hogar, para coleccionar y combinar, y para regalar. Hasta Pap\u00e1 Noel necesita un descanso. En este caso, se acomod\u00f3 en un sill\u00f3n para escuchar los deseos de los ni\u00f1os. Reg\u00e1late accesorios alegres y festivos a ti mismo o a tus seres queridos.<\/p>\n","protected":false},"excerpt":{"rendered":"<p>Figura decorativa festiva La colecci\u00f3n Christmas Toy combina momentos nost\u00e1lgicos y dise\u00f1o moderno en un mundo maravilloso y festivo con<\/p>\n","protected":false},"featured_media":508382,"template":"","meta":{"_acf_changed":false,"inline_featured_image":false},"product_cat":[16026,16016],"product_tag":[23912,20505,20507,20506,21333],"acf":[],"yoast_head":"<!-- This site is optimized with the Yoast SEO Premium plugin v18.6 (Yoast SEO v19.13) - https:\/\/yoast.com\/wordpress\/plugins\/seo\/ -->\n<title>VILLEROY &amp; BOCH Juguete de Navidad Pap\u00e1 Noel en Sill\u00f3n 10x15 cm - Erresse Shop<\/title>\n<meta name=\"description\" content=\"Figura decorativa festiva La colecci\u00f3n Christmas Toy combina momentos nost\u00e1lgicos y dise\u00f1o moderno en un mundo maravilloso y festivo con mercadillos\" \/>\n<meta name=\"robots\" content=\"index, follow, max-snippet:-1, max-image-preview:large, max-video-preview:-1\" \/>\n<link rel=\"canonical\" href=\"https:\/\/www.erresse-shop.it\/es\/shop\/mobiliario\/articulos-de-decoracion\/villeroy-boch-juguete-de-navidad-papa-noel-en-sillon-10x15-cm\/\" \/>\n<meta property=\"og:locale\" content=\"es_ES\" \/>\n<meta property=\"og:type\" content=\"article\" \/>\n<meta property=\"og:title\" content=\"VILLEROY &amp; BOCH Juguete de Navidad Pap\u00e1 Noel en Sill\u00f3n 10x15 cm\" \/>\n<meta property=\"og:description\" content=\"Figura decorativa festiva La colecci\u00f3n Christmas Toy combina momentos nost\u00e1lgicos y dise\u00f1o moderno en un mundo maravilloso y festivo con mercadillos\" \/>\n<meta property=\"og:url\" content=\"https:\/\/www.erresse-shop.it\/es\/shop\/mobiliario\/articulos-de-decoracion\/villeroy-boch-juguete-de-navidad-papa-noel-en-sillon-10x15-cm\/\" \/>\n<meta property=\"og:site_name\" content=\"Erresse Shop\" \/>\n<meta property=\"article:modified_time\" content=\"2022-12-06T10:06:53+00:00\" \/>\n<meta property=\"og:image\" content=\"https:\/\/www.erresse-shop.it\/wp-content\/uploads\/2022\/12\/Villeroy-Boch-Babbo-natale-in-poltrona.jpg\" \/>\n\t<meta property=\"og:image:width\" content=\"800\" \/>\n\t<meta property=\"og:image:height\" content=\"800\" \/>\n\t<meta property=\"og:image:type\" content=\"image\/jpeg\" \/>\n<meta name=\"twitter:card\" content=\"summary_large_image\" \/>\n<script type=\"application\/ld+json\" class=\"yoast-schema-graph\">{\"@context\":\"https:\/\/schema.org\",\"@graph\":[{\"@type\":\"WebPage\",\"@id\":\"https:\/\/www.erresse-shop.it\/es\/shop\/mobiliario\/articulos-de-decoracion\/villeroy-boch-juguete-de-navidad-papa-noel-en-sillon-10x15-cm\/\",\"url\":\"https:\/\/www.erresse-shop.it\/es\/shop\/mobiliario\/articulos-de-decoracion\/villeroy-boch-juguete-de-navidad-papa-noel-en-sillon-10x15-cm\/\",\"name\":\"VILLEROY & BOCH Juguete de Navidad Pap\u00e1 Noel en Sill\u00f3n 10x15 cm - Erresse Shop\",\"isPartOf\":{\"@id\":\"https:\/\/www.erresse-shop.it\/es\/#website\"},\"datePublished\":\"2022-12-06T09:55:05+00:00\",\"dateModified\":\"2022-12-06T10:06:53+00:00\",\"description\":\"Figura decorativa festiva La colecci\u00f3n Christmas Toy combina momentos nost\u00e1lgicos y dise\u00f1o moderno en un mundo maravilloso y festivo con mercadillos\",\"breadcrumb\":{\"@id\":\"https:\/\/www.erresse-shop.it\/es\/shop\/mobiliario\/articulos-de-decoracion\/villeroy-boch-juguete-de-navidad-papa-noel-en-sillon-10x15-cm\/#breadcrumb\"},\"inLanguage\":\"es\",\"potentialAction\":[{\"@type\":\"ReadAction\",\"target\":[\"https:\/\/www.erresse-shop.it\/es\/shop\/mobiliario\/articulos-de-decoracion\/villeroy-boch-juguete-de-navidad-papa-noel-en-sillon-10x15-cm\/\"]}]},{\"@type\":\"BreadcrumbList\",\"@id\":\"https:\/\/www.erresse-shop.it\/es\/shop\/mobiliario\/articulos-de-decoracion\/villeroy-boch-juguete-de-navidad-papa-noel-en-sillon-10x15-cm\/#breadcrumb\",\"itemListElement\":[{\"@type\":\"ListItem\",\"position\":1,\"name\":\"Home\",\"item\":\"https:\/\/www.erresse-shop.it\/es\/\"},{\"@type\":\"ListItem\",\"position\":2,\"name\":\"Shop\",\"item\":\"https:\/\/www.erresse-shop.it\/es\/shop\/\"},{\"@type\":\"ListItem\",\"position\":3,\"name\":\"VILLEROY &#038; BOCH Juguete de Navidad Pap\u00e1 Noel en Sill\u00f3n 10&#215;15 cm\"}]},{\"@type\":\"WebSite\",\"@id\":\"https:\/\/www.erresse-shop.it\/es\/#website\",\"url\":\"https:\/\/www.erresse-shop.it\/es\/\",\"name\":\"Erresse Shop\",\"description\":\"Articoli di qualit\u00e0 per la casa\",\"potentialAction\":[{\"@type\":\"SearchAction\",\"target\":{\"@type\":\"EntryPoint\",\"urlTemplate\":\"https:\/\/www.erresse-shop.it\/es\/?s={search_term_string}\"},\"query-input\":\"required name=search_term_string\"}],\"inLanguage\":\"es\"}]}<\/script>\n<!-- \/ Yoast SEO Premium plugin. -->","yoast_head_json":{"title":"VILLEROY & BOCH Juguete de Navidad Pap\u00e1 Noel en Sill\u00f3n 10x15 cm - Erresse Shop","description":"Figura decorativa festiva La colecci\u00f3n Christmas Toy combina momentos nost\u00e1lgicos y dise\u00f1o moderno en un mundo maravilloso y festivo con mercadillos","robots":{"index":"index","follow":"follow","max-snippet":"max-snippet:-1","max-image-preview":"max-image-preview:large","max-video-preview":"max-video-preview:-1"},"canonical":"https:\/\/www.erresse-shop.it\/es\/shop\/mobiliario\/articulos-de-decoracion\/villeroy-boch-juguete-de-navidad-papa-noel-en-sillon-10x15-cm\/","og_locale":"es_ES","og_type":"article","og_title":"VILLEROY & BOCH Juguete de Navidad Pap\u00e1 Noel en Sill\u00f3n 10x15 cm","og_description":"Figura decorativa festiva La colecci\u00f3n Christmas Toy combina momentos nost\u00e1lgicos y dise\u00f1o moderno en un mundo maravilloso y festivo con mercadillos","og_url":"https:\/\/www.erresse-shop.it\/es\/shop\/mobiliario\/articulos-de-decoracion\/villeroy-boch-juguete-de-navidad-papa-noel-en-sillon-10x15-cm\/","og_site_name":"Erresse Shop","article_modified_time":"2022-12-06T10:06:53+00:00","og_image":[{"width":800,"height":800,"url":"https:\/\/www.erresse-shop.it\/wp-content\/uploads\/2022\/12\/Villeroy-Boch-Babbo-natale-in-poltrona.jpg","type":"image\/jpeg"}],"twitter_card":"summary_large_image","schema":{"@context":"https:\/\/schema.org","@graph":[{"@type":"WebPage","@id":"https:\/\/www.erresse-shop.it\/es\/shop\/mobiliario\/articulos-de-decoracion\/villeroy-boch-juguete-de-navidad-papa-noel-en-sillon-10x15-cm\/","url":"https:\/\/www.erresse-shop.it\/es\/shop\/mobiliario\/articulos-de-decoracion\/villeroy-boch-juguete-de-navidad-papa-noel-en-sillon-10x15-cm\/","name":"VILLEROY & BOCH Juguete de Navidad Pap\u00e1 Noel en Sill\u00f3n 10x15 cm - Erresse Shop","isPartOf":{"@id":"https:\/\/www.erresse-shop.it\/es\/#website"},"datePublished":"2022-12-06T09:55:05+00:00","dateModified":"2022-12-06T10:06:53+00:00","description":"Figura decorativa festiva La colecci\u00f3n Christmas Toy combina momentos nost\u00e1lgicos y dise\u00f1o moderno en un mundo maravilloso y festivo con mercadillos","breadcrumb":{"@id":"https:\/\/www.erresse-shop.it\/es\/shop\/mobiliario\/articulos-de-decoracion\/villeroy-boch-juguete-de-navidad-papa-noel-en-sillon-10x15-cm\/#breadcrumb"},"inLanguage":"es","potentialAction":[{"@type":"ReadAction","target":["https:\/\/www.erresse-shop.it\/es\/shop\/mobiliario\/articulos-de-decoracion\/villeroy-boch-juguete-de-navidad-papa-noel-en-sillon-10x15-cm\/"]}]},{"@type":"BreadcrumbList","@id":"https:\/\/www.erresse-shop.it\/es\/shop\/mobiliario\/articulos-de-decoracion\/villeroy-boch-juguete-de-navidad-papa-noel-en-sillon-10x15-cm\/#breadcrumb","itemListElement":[{"@type":"ListItem","position":1,"name":"Home","item":"https:\/\/www.erresse-shop.it\/es\/"},{"@type":"ListItem","position":2,"name":"Shop","item":"https:\/\/www.erresse-shop.it\/es\/shop\/"},{"@type":"ListItem","position":3,"name":"VILLEROY &#038; BOCH Juguete de Navidad Pap\u00e1 Noel en Sill\u00f3n 10&#215;15 cm"}]},{"@type":"WebSite","@id":"https:\/\/www.erresse-shop.it\/es\/#website","url":"https:\/\/www.erresse-shop.it\/es\/","name":"Erresse Shop","description":"Articoli di qualit\u00e0 per la casa","potentialAction":[{"@type":"SearchAction","target":{"@type":"EntryPoint","urlTemplate":"https:\/\/www.erresse-shop.it\/es\/?s={search_term_string}"},"query-input":"required name=search_term_string"}],"inLanguage":"es"}]}},"df_price":38.45,"df_sale_price":38.45,"df_regular_price":76.9,"df_image_link":"https:\/\/www.erresse-shop.it\/wp-content\/uploads\/2022\/12\/VILLEROY-BOCH-Christmas-Toys-Babbo-Natale-in-Poltrona-10-cm-300x300.jpg","_links":{"self":[{"href":"https:\/\/www.erresse-shop.it\/es\/wp-json\/wp\/v2\/product\/216024"}],"collection":[{"href":"https:\/\/www.erresse-shop.it\/es\/wp-json\/wp\/v2\/product"}],"about":[{"href":"https:\/\/www.erresse-shop.it\/es\/wp-json\/wp\/v2\/types\/product"}],"wp:featuredmedia":[{"embeddable":true,"href":"https:\/\/www.erresse-shop.it\/es\/wp-json\/wp\/v2\/media\/508382"}],"wp:attachment":[{"href":"https:\/\/www.erresse-shop.it\/es\/wp-json\/wp\/v2\/media?parent=216024"}],"wp:term":[{"taxonomy":"product_cat","embeddable":true,"href":"https:\/\/www.erresse-shop.it\/es\/wp-json\/wp\/v2\/product_cat?post=216024"},{"taxonomy":"product_tag","embeddable":true,"href":"https:\/\/www.erresse-shop.it\/es\/wp-json\/wp\/v2\/product_tag?post=216024"}],"curies":[{"name":"wp","href":"https:\/\/api.w.org\/{rel}","templated":true}]}}