{"id":214373,"date":"2022-12-02T14:28:23","date_gmt":"2022-12-02T14:28:28","guid":{"rendered":"https:\/\/www.erresse-shop.it\/?post_type=product&#038;p=214373"},"modified":"2023-06-20T07:43:56","modified_gmt":"2023-06-20T07:43:56","slug":"sambonet-servicio-de-24-piezas-monobloc-rock-pvd-oro","status":"publish","type":"product","link":"https:\/\/www.erresse-shop.it\/es\/shop\/cocina\/sambonet-servicio-de-24-piezas-monobloc-rock-pvd-oro\/","title":{"rendered":"Sambonet Servicio de 24 piezas Monobloc Rock PVD Oro"},"content":{"rendered":"<p><strong>Descripci\u00f3n<\/strong><br \/>\nPara Sambonet, ser &#8220;rockero&#8221; es m\u00e1s que una cuesti\u00f3n est\u00e9tica. La nueva cuberter\u00eda Rock es extremadamente vers\u00e1til y, al mismo tiempo, aporta personalidad y determinaci\u00f3n a la mesa: es original y est\u00e1 bien dise\u00f1ada, con un estilo sofisticado. Las l\u00edneas cuadradas y el grosor del acero inoxidable son \u00fanicos, as\u00ed como su estilo funcional y contempor\u00e1neo.<\/p>\n<p>Un dise\u00f1o contempor\u00e1neo, desenfadado y llamativo que a\u00f1ade determinaci\u00f3n a su mesa.<br \/>\nJuego de mesa para 6 personas que incluye 6 tenedores de mesa, 6 cucharas de mesa, 6 cuchillos de mesa y 6 cucharas de t\u00e9. Colecci\u00f3n disponible s\u00f3lo en juegos (no hay cubiertos sueltos).<br \/>\nFabricados en acero inoxidable 18\/10 de larga duraci\u00f3n y alta calidad. Apta para lavavajillas.<br \/>\nImpresione a sus invitados con el refinado y brillante color Oro.<br \/>\nEl PVD de Sambonet es un Know How registrado. No se trata de un simple recubrimiento, sino de una soldadura at\u00f3mica al sustrato de las superficies, que ofrece mayor resistencia al desgaste, al rayado y a la formaci\u00f3n de \u00f3xido y herrumbre.<\/p>\n<p>Un dise\u00f1o contempor\u00e1neo, desenfadado y llamativo que a\u00f1ade determinaci\u00f3n a su mesa. Para Sambonet, ser &#8220;rockero&#8221; es m\u00e1s que una cuesti\u00f3n est\u00e9tica.<\/p>\n<p><strong>Especificaciones t\u00e9cnicas<\/strong><br \/>\nMarca: Sambonet<br \/>\nColecci\u00f3n: Rock<br \/>\nMaterial: Acero inoxidable Acero inoxidable<br \/>\nDecoraci\u00f3n: Edelstahl\/PVD Oro<br \/>\nN\u00famero de piezas en juego: 24<br \/>\nJuego compuesto por: 6 cucharas de mesa, 6 tenedores de mesa, 6 cuchillos de mesa, 6 cucharas de t\u00e9<br \/>\nPara cu\u00e1ntas personas: 6<br \/>\nN\u00famero de art\u00edculo: 52762G81<br \/>\nA\u00f1o de introducci\u00f3n: 2020<\/p>\n<p><strong>Dimensiones<\/strong><br \/>\nPeso del art\u00edculo 1,73 kg<br \/>\nAltura del paquete: 4,60 cm<br \/>\nLongitud del paquete: 29,60 cm<br \/>\nAnchura del paquete: 32,20 cm<br \/>\nPeso del paquete: 1,73 kg<\/p>\n<p><strong>Informaci\u00f3n para el cuidado<\/strong><br \/>\nPRECAUCIONES: Manipule los art\u00edculos de plata y PVD como se indica para los art\u00edculos de acero inoxidable. No utilice nunca ning\u00fan tipo de rascador o estropajo de acero, ya que da\u00f1ar\u00eda permanentemente las superficies de plata y PVD. La plata puede sulfurarse por exposici\u00f3n al aire, oscureci\u00e9ndose de forma m\u00e1s o menos uniforme. Esto puede ocurrir tambi\u00e9n como consecuencia del contacto con algunos alimentos. Se trata de un proceso natural que no da\u00f1a el dep\u00f3sito de plata, pero altera su aspecto. La capa de plata debe pulirse para recuperar su estado original con buenos productos para pulir plata. Aseg\u00farese de que estos productos se diluyan \u00fanicamente en agua caliente.<\/p>\n","protected":false},"excerpt":{"rendered":"<p>Descripci\u00f3n Para Sambonet, ser &#8220;rockero&#8221; es m\u00e1s que una cuesti\u00f3n est\u00e9tica. La nueva cuberter\u00eda Rock es extremadamente vers\u00e1til y, al<\/p>\n","protected":false},"featured_media":489581,"template":"","meta":{"_acf_changed":false,"inline_featured_image":false},"product_cat":[16040],"product_tag":[],"acf":[],"yoast_head":"<!-- This site is optimized with the Yoast SEO Premium plugin v18.6 (Yoast SEO v19.13) - https:\/\/yoast.com\/wordpress\/plugins\/seo\/ -->\n<title>Sambonet Servicio de 24 piezas Monobloc Rock PVD Oro - Erresse Shop<\/title>\n<meta name=\"description\" content=\"Descripci\u00f3n Para Sambonet, ser &quot;rockero&quot; es m\u00e1s que una cuesti\u00f3n est\u00e9tica. La nueva cuberter\u00eda Rock es extremadamente vers\u00e1til y, al mismo tiempo, aporta\" \/>\n<meta name=\"robots\" content=\"index, follow, max-snippet:-1, max-image-preview:large, max-video-preview:-1\" \/>\n<link rel=\"canonical\" href=\"https:\/\/www.erresse-shop.it\/es\/shop\/cocina\/sambonet-servicio-de-24-piezas-monobloc-rock-pvd-oro\/\" \/>\n<meta property=\"og:locale\" content=\"es_ES\" \/>\n<meta property=\"og:type\" content=\"article\" \/>\n<meta property=\"og:title\" content=\"Sambonet Servicio de 24 piezas Monobloc Rock PVD Oro\" \/>\n<meta property=\"og:description\" content=\"Descripci\u00f3n Para Sambonet, ser &quot;rockero&quot; es m\u00e1s que una cuesti\u00f3n est\u00e9tica. La nueva cuberter\u00eda Rock es extremadamente vers\u00e1til y, al mismo tiempo, aporta\" \/>\n<meta property=\"og:url\" content=\"https:\/\/www.erresse-shop.it\/es\/shop\/cocina\/sambonet-servicio-de-24-piezas-monobloc-rock-pvd-oro\/\" \/>\n<meta property=\"og:site_name\" content=\"Erresse Shop\" \/>\n<meta property=\"article:modified_time\" content=\"2023-06-20T07:43:56+00:00\" \/>\n<meta property=\"og:image\" content=\"https:\/\/www.erresse-shop.it\/wp-content\/uploads\/2022\/12\/Sambonet-Servizio-24-Pezzi-Monoblocco-Rock-PVD-Gold.jpg\" \/>\n\t<meta property=\"og:image:width\" content=\"1200\" \/>\n\t<meta property=\"og:image:height\" content=\"1200\" \/>\n\t<meta property=\"og:image:type\" content=\"image\/jpeg\" \/>\n<meta name=\"twitter:card\" content=\"summary_large_image\" \/>\n<script type=\"application\/ld+json\" class=\"yoast-schema-graph\">{\"@context\":\"https:\/\/schema.org\",\"@graph\":[{\"@type\":\"WebPage\",\"@id\":\"https:\/\/www.erresse-shop.it\/es\/shop\/cocina\/sambonet-servicio-de-24-piezas-monobloc-rock-pvd-oro\/\",\"url\":\"https:\/\/www.erresse-shop.it\/es\/shop\/cocina\/sambonet-servicio-de-24-piezas-monobloc-rock-pvd-oro\/\",\"name\":\"Sambonet Servicio de 24 piezas Monobloc Rock PVD Oro - Erresse Shop\",\"isPartOf\":{\"@id\":\"https:\/\/www.erresse-shop.it\/es\/#website\"},\"datePublished\":\"2022-12-02T14:28:28+00:00\",\"dateModified\":\"2023-06-20T07:43:56+00:00\",\"description\":\"Descripci\u00f3n Para Sambonet, ser \\\"rockero\\\" es m\u00e1s que una cuesti\u00f3n est\u00e9tica. La nueva cuberter\u00eda Rock es extremadamente vers\u00e1til y, al mismo tiempo, aporta\",\"breadcrumb\":{\"@id\":\"https:\/\/www.erresse-shop.it\/es\/shop\/cocina\/sambonet-servicio-de-24-piezas-monobloc-rock-pvd-oro\/#breadcrumb\"},\"inLanguage\":\"es\",\"potentialAction\":[{\"@type\":\"ReadAction\",\"target\":[\"https:\/\/www.erresse-shop.it\/es\/shop\/cocina\/sambonet-servicio-de-24-piezas-monobloc-rock-pvd-oro\/\"]}]},{\"@type\":\"BreadcrumbList\",\"@id\":\"https:\/\/www.erresse-shop.it\/es\/shop\/cocina\/sambonet-servicio-de-24-piezas-monobloc-rock-pvd-oro\/#breadcrumb\",\"itemListElement\":[{\"@type\":\"ListItem\",\"position\":1,\"name\":\"Home\",\"item\":\"https:\/\/www.erresse-shop.it\/es\/\"},{\"@type\":\"ListItem\",\"position\":2,\"name\":\"Shop\",\"item\":\"https:\/\/www.erresse-shop.it\/es\/shop\/\"},{\"@type\":\"ListItem\",\"position\":3,\"name\":\"Sambonet Servicio de 24 piezas Monobloc Rock PVD Oro\"}]},{\"@type\":\"WebSite\",\"@id\":\"https:\/\/www.erresse-shop.it\/es\/#website\",\"url\":\"https:\/\/www.erresse-shop.it\/es\/\",\"name\":\"Erresse Shop\",\"description\":\"Articoli di qualit\u00e0 per la casa\",\"potentialAction\":[{\"@type\":\"SearchAction\",\"target\":{\"@type\":\"EntryPoint\",\"urlTemplate\":\"https:\/\/www.erresse-shop.it\/es\/?s={search_term_string}\"},\"query-input\":\"required name=search_term_string\"}],\"inLanguage\":\"es\"}]}<\/script>\n<!-- \/ Yoast SEO Premium plugin. -->","yoast_head_json":{"title":"Sambonet Servicio de 24 piezas Monobloc Rock PVD Oro - Erresse Shop","description":"Descripci\u00f3n Para Sambonet, ser \"rockero\" es m\u00e1s que una cuesti\u00f3n est\u00e9tica. La nueva cuberter\u00eda Rock es extremadamente vers\u00e1til y, al mismo tiempo, aporta","robots":{"index":"index","follow":"follow","max-snippet":"max-snippet:-1","max-image-preview":"max-image-preview:large","max-video-preview":"max-video-preview:-1"},"canonical":"https:\/\/www.erresse-shop.it\/es\/shop\/cocina\/sambonet-servicio-de-24-piezas-monobloc-rock-pvd-oro\/","og_locale":"es_ES","og_type":"article","og_title":"Sambonet Servicio de 24 piezas Monobloc Rock PVD Oro","og_description":"Descripci\u00f3n Para Sambonet, ser \"rockero\" es m\u00e1s que una cuesti\u00f3n est\u00e9tica. La nueva cuberter\u00eda Rock es extremadamente vers\u00e1til y, al mismo tiempo, aporta","og_url":"https:\/\/www.erresse-shop.it\/es\/shop\/cocina\/sambonet-servicio-de-24-piezas-monobloc-rock-pvd-oro\/","og_site_name":"Erresse Shop","article_modified_time":"2023-06-20T07:43:56+00:00","og_image":[{"width":1200,"height":1200,"url":"https:\/\/www.erresse-shop.it\/wp-content\/uploads\/2022\/12\/Sambonet-Servizio-24-Pezzi-Monoblocco-Rock-PVD-Gold.jpg","type":"image\/jpeg"}],"twitter_card":"summary_large_image","schema":{"@context":"https:\/\/schema.org","@graph":[{"@type":"WebPage","@id":"https:\/\/www.erresse-shop.it\/es\/shop\/cocina\/sambonet-servicio-de-24-piezas-monobloc-rock-pvd-oro\/","url":"https:\/\/www.erresse-shop.it\/es\/shop\/cocina\/sambonet-servicio-de-24-piezas-monobloc-rock-pvd-oro\/","name":"Sambonet Servicio de 24 piezas Monobloc Rock PVD Oro - Erresse Shop","isPartOf":{"@id":"https:\/\/www.erresse-shop.it\/es\/#website"},"datePublished":"2022-12-02T14:28:28+00:00","dateModified":"2023-06-20T07:43:56+00:00","description":"Descripci\u00f3n Para Sambonet, ser \"rockero\" es m\u00e1s que una cuesti\u00f3n est\u00e9tica. La nueva cuberter\u00eda Rock es extremadamente vers\u00e1til y, al mismo tiempo, aporta","breadcrumb":{"@id":"https:\/\/www.erresse-shop.it\/es\/shop\/cocina\/sambonet-servicio-de-24-piezas-monobloc-rock-pvd-oro\/#breadcrumb"},"inLanguage":"es","potentialAction":[{"@type":"ReadAction","target":["https:\/\/www.erresse-shop.it\/es\/shop\/cocina\/sambonet-servicio-de-24-piezas-monobloc-rock-pvd-oro\/"]}]},{"@type":"BreadcrumbList","@id":"https:\/\/www.erresse-shop.it\/es\/shop\/cocina\/sambonet-servicio-de-24-piezas-monobloc-rock-pvd-oro\/#breadcrumb","itemListElement":[{"@type":"ListItem","position":1,"name":"Home","item":"https:\/\/www.erresse-shop.it\/es\/"},{"@type":"ListItem","position":2,"name":"Shop","item":"https:\/\/www.erresse-shop.it\/es\/shop\/"},{"@type":"ListItem","position":3,"name":"Sambonet Servicio de 24 piezas Monobloc Rock PVD Oro"}]},{"@type":"WebSite","@id":"https:\/\/www.erresse-shop.it\/es\/#website","url":"https:\/\/www.erresse-shop.it\/es\/","name":"Erresse Shop","description":"Articoli di qualit\u00e0 per la casa","potentialAction":[{"@type":"SearchAction","target":{"@type":"EntryPoint","urlTemplate":"https:\/\/www.erresse-shop.it\/es\/?s={search_term_string}"},"query-input":"required name=search_term_string"}],"inLanguage":"es"}]}},"df_price":79,"df_sale_price":79,"df_regular_price":79,"df_image_link":"https:\/\/www.erresse-shop.it\/wp-content\/uploads\/2022\/12\/Sambonet-Servizio-24-Pezzi-Monoblocco-Rock-PVD-Gold-300x300.jpg","_links":{"self":[{"href":"https:\/\/www.erresse-shop.it\/es\/wp-json\/wp\/v2\/product\/214373"}],"collection":[{"href":"https:\/\/www.erresse-shop.it\/es\/wp-json\/wp\/v2\/product"}],"about":[{"href":"https:\/\/www.erresse-shop.it\/es\/wp-json\/wp\/v2\/types\/product"}],"wp:featuredmedia":[{"embeddable":true,"href":"https:\/\/www.erresse-shop.it\/es\/wp-json\/wp\/v2\/media\/489581"}],"wp:attachment":[{"href":"https:\/\/www.erresse-shop.it\/es\/wp-json\/wp\/v2\/media?parent=214373"}],"wp:term":[{"taxonomy":"product_cat","embeddable":true,"href":"https:\/\/www.erresse-shop.it\/es\/wp-json\/wp\/v2\/product_cat?post=214373"},{"taxonomy":"product_tag","embeddable":true,"href":"https:\/\/www.erresse-shop.it\/es\/wp-json\/wp\/v2\/product_tag?post=214373"}],"curies":[{"name":"wp","href":"https:\/\/api.w.org\/{rel}","templated":true}]}}