{"id":214221,"date":"2022-12-02T10:46:34","date_gmt":"2022-12-02T10:46:38","guid":{"rendered":"https:\/\/www.erresse-shop.it\/?post_type=product&#038;p=214221"},"modified":"2022-12-23T10:04:34","modified_gmt":"2022-12-23T10:04:34","slug":"joseph-joseph-tota-laundry-basket-60-litros-negro","status":"publish","type":"product","link":"https:\/\/www.erresse-shop.it\/es\/shop\/mobiliario\/cuarto-de-bano\/joseph-joseph-tota-laundry-basket-60-litros-negro\/","title":{"rendered":"JOSEPH JOSEPH Tota Laundry Basket 60 litros Negro"},"content":{"rendered":"<p>Joseph Joseph, l\u00edder mundial en la fabricaci\u00f3n de art\u00edculos de cocina y hogar. Fundada en 2003, Joseph Joseph fusiona un dise\u00f1o innovador con un estilo moderno. El uso del color caracteriza inequ\u00edvocamente a los productos y su cuidado dise\u00f1o los hace absolutamente funcionales y pr\u00e1cticos.<\/p>\n<p><strong>Caracter\u00edsticas:<\/strong><br \/>\nReduzca las tareas de lavander\u00eda separando las prendas claras de las oscuras o de color, gracias a los dos compartimentos de este elegante cesto de la ropa.<br \/>\nDos compartimentos de 30 litros para separar f\u00e1cilmente los tejidos<br \/>\nBolsas de lona desmontables con asas f\u00e1ciles de transportar<br \/>\nEl asa en el fondo de las bolsas facilita el vaciado<br \/>\nRetorno r\u00e1pido: las bolsas se devuelven autom\u00e1ticamente a la cesta<br \/>\nPerfecto para dormitorios, ba\u00f1os o lavander\u00edas<br \/>\nSe suministra embalado con instrucciones completas de montaje<\/p>\n<p><strong>Precauciones y uso<\/strong><br \/>\nBolsas de lona lavables a m\u00e1quina, compruebe la etiqueta del art\u00edculo, retire el forro de pl\u00e1stico antes de lavarlo<br \/>\nExterior de tela, se recomienda lavar a mano<br \/>\nTapa, dobladillo y marco: limpiar con un pa\u00f1o h\u00famedo<br \/>\nEvite sentarse o colocar objetos pesados en la cesta<br \/>\nMantenga la cesta fuera del alcance de los ni\u00f1os<br \/>\nEl usuario debe realizar el montaje<\/p>\n<p><strong>Dimensiones:<\/strong><br \/>\nH71 x W39.5 x D39.5 cm (H28 x W15\u00be x D15\u00be pulgadas)<br \/>\nComposici\u00f3n del tejido<br \/>\nBolsa de lona &#8211; 100% algod\u00f3n<br \/>\nExterior &#8211; 100% poli\u00e9ster<\/p>\n","protected":false},"excerpt":{"rendered":"<p>Joseph Joseph, l\u00edder mundial en la fabricaci\u00f3n de art\u00edculos de cocina y hogar. Fundada en 2003, Joseph Joseph fusiona un<\/p>\n","protected":false},"featured_media":460824,"template":"","meta":{"_acf_changed":false,"inline_featured_image":false},"product_cat":[19017,16016],"product_tag":[25029,16225,21376,21373,21231,23662,24399,18478,21374,21375,25023],"acf":[],"yoast_head":"<!-- This site is optimized with the Yoast SEO Premium plugin v18.6 (Yoast SEO v19.13) - https:\/\/yoast.com\/wordpress\/plugins\/seo\/ -->\n<title>JOSEPH JOSEPH Tota Laundry Basket 60 litros Negro - Erresse Shop<\/title>\n<meta name=\"description\" content=\"Joseph Joseph, l\u00edder mundial en la fabricaci\u00f3n de art\u00edculos de cocina y hogar. Fundada en 2003, Joseph Joseph fusiona un dise\u00f1o innovador con un estilo\" \/>\n<meta name=\"robots\" content=\"index, follow, max-snippet:-1, max-image-preview:large, max-video-preview:-1\" \/>\n<link rel=\"canonical\" href=\"https:\/\/www.erresse-shop.it\/es\/shop\/mobiliario\/cuarto-de-bano\/joseph-joseph-tota-laundry-basket-60-litros-negro\/\" \/>\n<meta property=\"og:locale\" content=\"es_ES\" \/>\n<meta property=\"og:type\" content=\"article\" \/>\n<meta property=\"og:title\" content=\"JOSEPH JOSEPH Tota Laundry Basket 60 litros Negro\" \/>\n<meta property=\"og:description\" content=\"Joseph Joseph, l\u00edder mundial en la fabricaci\u00f3n de art\u00edculos de cocina y hogar. Fundada en 2003, Joseph Joseph fusiona un dise\u00f1o innovador con un estilo\" \/>\n<meta property=\"og:url\" content=\"https:\/\/www.erresse-shop.it\/es\/shop\/mobiliario\/cuarto-de-bano\/joseph-joseph-tota-laundry-basket-60-litros-negro\/\" \/>\n<meta property=\"og:site_name\" content=\"Erresse Shop\" \/>\n<meta property=\"article:modified_time\" content=\"2022-12-23T10:04:34+00:00\" \/>\n<meta property=\"og:image\" content=\"https:\/\/www.erresse-shop.it\/wp-content\/uploads\/2022\/12\/Joseph-Joseph-Tota-60-Litri-nero.jpg\" \/>\n\t<meta property=\"og:image:width\" content=\"800\" \/>\n\t<meta property=\"og:image:height\" content=\"800\" \/>\n\t<meta property=\"og:image:type\" content=\"image\/jpeg\" \/>\n<meta name=\"twitter:card\" content=\"summary_large_image\" \/>\n<script type=\"application\/ld+json\" class=\"yoast-schema-graph\">{\"@context\":\"https:\/\/schema.org\",\"@graph\":[{\"@type\":\"WebPage\",\"@id\":\"https:\/\/www.erresse-shop.it\/es\/shop\/mobiliario\/cuarto-de-bano\/joseph-joseph-tota-laundry-basket-60-litros-negro\/\",\"url\":\"https:\/\/www.erresse-shop.it\/es\/shop\/mobiliario\/cuarto-de-bano\/joseph-joseph-tota-laundry-basket-60-litros-negro\/\",\"name\":\"JOSEPH JOSEPH Tota Laundry Basket 60 litros Negro - Erresse Shop\",\"isPartOf\":{\"@id\":\"https:\/\/www.erresse-shop.it\/es\/#website\"},\"datePublished\":\"2022-12-02T10:46:38+00:00\",\"dateModified\":\"2022-12-23T10:04:34+00:00\",\"description\":\"Joseph Joseph, l\u00edder mundial en la fabricaci\u00f3n de art\u00edculos de cocina y hogar. Fundada en 2003, Joseph Joseph fusiona un dise\u00f1o innovador con un estilo\",\"breadcrumb\":{\"@id\":\"https:\/\/www.erresse-shop.it\/es\/shop\/mobiliario\/cuarto-de-bano\/joseph-joseph-tota-laundry-basket-60-litros-negro\/#breadcrumb\"},\"inLanguage\":\"es\",\"potentialAction\":[{\"@type\":\"ReadAction\",\"target\":[\"https:\/\/www.erresse-shop.it\/es\/shop\/mobiliario\/cuarto-de-bano\/joseph-joseph-tota-laundry-basket-60-litros-negro\/\"]}]},{\"@type\":\"BreadcrumbList\",\"@id\":\"https:\/\/www.erresse-shop.it\/es\/shop\/mobiliario\/cuarto-de-bano\/joseph-joseph-tota-laundry-basket-60-litros-negro\/#breadcrumb\",\"itemListElement\":[{\"@type\":\"ListItem\",\"position\":1,\"name\":\"Home\",\"item\":\"https:\/\/www.erresse-shop.it\/es\/\"},{\"@type\":\"ListItem\",\"position\":2,\"name\":\"Shop\",\"item\":\"https:\/\/www.erresse-shop.it\/es\/shop\/\"},{\"@type\":\"ListItem\",\"position\":3,\"name\":\"JOSEPH JOSEPH Tota Laundry Basket 60 litros Negro\"}]},{\"@type\":\"WebSite\",\"@id\":\"https:\/\/www.erresse-shop.it\/es\/#website\",\"url\":\"https:\/\/www.erresse-shop.it\/es\/\",\"name\":\"Erresse Shop\",\"description\":\"Articoli di qualit\u00e0 per la casa\",\"potentialAction\":[{\"@type\":\"SearchAction\",\"target\":{\"@type\":\"EntryPoint\",\"urlTemplate\":\"https:\/\/www.erresse-shop.it\/es\/?s={search_term_string}\"},\"query-input\":\"required name=search_term_string\"}],\"inLanguage\":\"es\"}]}<\/script>\n<!-- \/ Yoast SEO Premium plugin. -->","yoast_head_json":{"title":"JOSEPH JOSEPH Tota Laundry Basket 60 litros Negro - Erresse Shop","description":"Joseph Joseph, l\u00edder mundial en la fabricaci\u00f3n de art\u00edculos de cocina y hogar. Fundada en 2003, Joseph Joseph fusiona un dise\u00f1o innovador con un estilo","robots":{"index":"index","follow":"follow","max-snippet":"max-snippet:-1","max-image-preview":"max-image-preview:large","max-video-preview":"max-video-preview:-1"},"canonical":"https:\/\/www.erresse-shop.it\/es\/shop\/mobiliario\/cuarto-de-bano\/joseph-joseph-tota-laundry-basket-60-litros-negro\/","og_locale":"es_ES","og_type":"article","og_title":"JOSEPH JOSEPH Tota Laundry Basket 60 litros Negro","og_description":"Joseph Joseph, l\u00edder mundial en la fabricaci\u00f3n de art\u00edculos de cocina y hogar. Fundada en 2003, Joseph Joseph fusiona un dise\u00f1o innovador con un estilo","og_url":"https:\/\/www.erresse-shop.it\/es\/shop\/mobiliario\/cuarto-de-bano\/joseph-joseph-tota-laundry-basket-60-litros-negro\/","og_site_name":"Erresse Shop","article_modified_time":"2022-12-23T10:04:34+00:00","og_image":[{"width":800,"height":800,"url":"https:\/\/www.erresse-shop.it\/wp-content\/uploads\/2022\/12\/Joseph-Joseph-Tota-60-Litri-nero.jpg","type":"image\/jpeg"}],"twitter_card":"summary_large_image","schema":{"@context":"https:\/\/schema.org","@graph":[{"@type":"WebPage","@id":"https:\/\/www.erresse-shop.it\/es\/shop\/mobiliario\/cuarto-de-bano\/joseph-joseph-tota-laundry-basket-60-litros-negro\/","url":"https:\/\/www.erresse-shop.it\/es\/shop\/mobiliario\/cuarto-de-bano\/joseph-joseph-tota-laundry-basket-60-litros-negro\/","name":"JOSEPH JOSEPH Tota Laundry Basket 60 litros Negro - Erresse Shop","isPartOf":{"@id":"https:\/\/www.erresse-shop.it\/es\/#website"},"datePublished":"2022-12-02T10:46:38+00:00","dateModified":"2022-12-23T10:04:34+00:00","description":"Joseph Joseph, l\u00edder mundial en la fabricaci\u00f3n de art\u00edculos de cocina y hogar. Fundada en 2003, Joseph Joseph fusiona un dise\u00f1o innovador con un estilo","breadcrumb":{"@id":"https:\/\/www.erresse-shop.it\/es\/shop\/mobiliario\/cuarto-de-bano\/joseph-joseph-tota-laundry-basket-60-litros-negro\/#breadcrumb"},"inLanguage":"es","potentialAction":[{"@type":"ReadAction","target":["https:\/\/www.erresse-shop.it\/es\/shop\/mobiliario\/cuarto-de-bano\/joseph-joseph-tota-laundry-basket-60-litros-negro\/"]}]},{"@type":"BreadcrumbList","@id":"https:\/\/www.erresse-shop.it\/es\/shop\/mobiliario\/cuarto-de-bano\/joseph-joseph-tota-laundry-basket-60-litros-negro\/#breadcrumb","itemListElement":[{"@type":"ListItem","position":1,"name":"Home","item":"https:\/\/www.erresse-shop.it\/es\/"},{"@type":"ListItem","position":2,"name":"Shop","item":"https:\/\/www.erresse-shop.it\/es\/shop\/"},{"@type":"ListItem","position":3,"name":"JOSEPH JOSEPH Tota Laundry Basket 60 litros Negro"}]},{"@type":"WebSite","@id":"https:\/\/www.erresse-shop.it\/es\/#website","url":"https:\/\/www.erresse-shop.it\/es\/","name":"Erresse Shop","description":"Articoli di qualit\u00e0 per la casa","potentialAction":[{"@type":"SearchAction","target":{"@type":"EntryPoint","urlTemplate":"https:\/\/www.erresse-shop.it\/es\/?s={search_term_string}"},"query-input":"required name=search_term_string"}],"inLanguage":"es"}]}},"df_price":69,"df_sale_price":69,"df_regular_price":119.99,"df_image_link":"https:\/\/www.erresse-shop.it\/wp-content\/uploads\/2022\/12\/JOSEPH-JOSEPH-Tota-Cesto-da-Biancheria-60-litri-Nero-300x300.jpg","_links":{"self":[{"href":"https:\/\/www.erresse-shop.it\/es\/wp-json\/wp\/v2\/product\/214221"}],"collection":[{"href":"https:\/\/www.erresse-shop.it\/es\/wp-json\/wp\/v2\/product"}],"about":[{"href":"https:\/\/www.erresse-shop.it\/es\/wp-json\/wp\/v2\/types\/product"}],"wp:featuredmedia":[{"embeddable":true,"href":"https:\/\/www.erresse-shop.it\/es\/wp-json\/wp\/v2\/media\/460824"}],"wp:attachment":[{"href":"https:\/\/www.erresse-shop.it\/es\/wp-json\/wp\/v2\/media?parent=214221"}],"wp:term":[{"taxonomy":"product_cat","embeddable":true,"href":"https:\/\/www.erresse-shop.it\/es\/wp-json\/wp\/v2\/product_cat?post=214221"},{"taxonomy":"product_tag","embeddable":true,"href":"https:\/\/www.erresse-shop.it\/es\/wp-json\/wp\/v2\/product_tag?post=214221"}],"curies":[{"name":"wp","href":"https:\/\/api.w.org\/{rel}","templated":true}]}}