{"id":214135,"date":"2022-12-02T10:00:27","date_gmt":"2022-12-02T10:00:32","guid":{"rendered":"https:\/\/www.erresse-shop.it\/?post_type=product&#038;p=214135"},"modified":"2024-05-09T12:45:35","modified_gmt":"2024-05-09T12:45:35","slug":"sambonet-servicio-de-36-piezas-monobloc-velvet-acero-de-espejo","status":"publish","type":"product","link":"https:\/\/www.erresse-shop.it\/es\/shop\/tabla\/cubiertos\/sambonet-servicio-de-36-piezas-monobloc-velvet-acero-de-espejo\/","title":{"rendered":"SAMBONET Servicio de 36 piezas Monobloc Velvet Acero de Espejo"},"content":{"rendered":"<p><strong>Descripci\u00f3n<\/strong><br \/>\nL\u00edneas sinuosas y dise\u00f1o equilibrado.<br \/>\nEl estilo contempor\u00e1neo minimalista y chic puede combinarse con cualquier tipo de mesa.<br \/>\nEspesor de 4 mm.<br \/>\nFabricado en acero inoxidable 18\/10 de alta calidad y apto para el lavavajillas.<br \/>\nLa cuberter\u00eda Sambonet Velvet adopta la filosof\u00eda minimalista chic, donde la armon\u00eda de las formas se une a una est\u00e9tica refinada pero sencilla, ideal para ambientes de mesa informales y contempor\u00e1neos.<\/p>\n<p><strong>Especificaciones t\u00e9cnicas<\/strong><br \/>\nMarca: Sambonet<br \/>\nColecci\u00f3n: Terciopelo<br \/>\nMaterial: Acero inoxidable<br \/>\nDecoraci\u00f3n: Edelstahl 18\/10<br \/>\nN\u00famero de piezas en el juego: 36<br \/>\nJuego compuesto por: 6 cucharas de mesa, 6 tenedores de mesa, 6 cuchillos de mesa, 6 tenedores de postre, 6 cuchillos de postre, 6 cucharas de t\u00e9<br \/>\nPara cu\u00e1ntas personas: 6<br \/>\nN\u00famero de art\u00edculo: 52512-83<br \/>\nA\u00f1o de introducci\u00f3n: 2021<\/p>\n<p><strong>Dimensiones<\/strong><br \/>\nPeso del art\u00edculo: 3,12 kg<br \/>\nAltura del paquete: 5,20 cm<br \/>\nLongitud del paquete: 59,40 cm<br \/>\nAnchura del paquete: 35,70 cm<br \/>\nPeso del paquete: 3,12 kg<\/p>\n","protected":false},"excerpt":{"rendered":"<p>Descripci\u00f3n L\u00edneas sinuosas y dise\u00f1o equilibrado. El estilo contempor\u00e1neo minimalista y chic puede combinarse con cualquier tipo de mesa. Espesor<\/p>\n","protected":false},"featured_media":477451,"template":"","meta":{"_acf_changed":false,"inline_featured_image":false},"product_cat":[16033,16027],"product_tag":[23912,23692,21388,21389],"acf":[],"yoast_head":"<!-- This site is optimized with the Yoast SEO Premium plugin v18.6 (Yoast SEO v19.13) - https:\/\/yoast.com\/wordpress\/plugins\/seo\/ -->\n<title>SAMBONET Servicio de 36 piezas Monobloc Velvet Acero de Espejo - Erresse Shop<\/title>\n<meta name=\"description\" content=\"Descripci\u00f3n L\u00edneas sinuosas y dise\u00f1o equilibrado. El estilo contempor\u00e1neo minimalista y chic puede combinarse con cualquier tipo de mesa. Espesor de 4 mm.\" \/>\n<meta name=\"robots\" content=\"index, follow, max-snippet:-1, max-image-preview:large, max-video-preview:-1\" \/>\n<link rel=\"canonical\" href=\"https:\/\/www.erresse-shop.it\/es\/shop\/tabla\/cubiertos\/sambonet-servicio-de-36-piezas-monobloc-velvet-acero-de-espejo\/\" \/>\n<meta property=\"og:locale\" content=\"es_ES\" \/>\n<meta property=\"og:type\" content=\"article\" \/>\n<meta property=\"og:title\" content=\"SAMBONET Servicio de 36 piezas Monobloc Velvet Acero de Espejo\" \/>\n<meta property=\"og:description\" content=\"Descripci\u00f3n L\u00edneas sinuosas y dise\u00f1o equilibrado. El estilo contempor\u00e1neo minimalista y chic puede combinarse con cualquier tipo de mesa. Espesor de 4 mm.\" \/>\n<meta property=\"og:url\" content=\"https:\/\/www.erresse-shop.it\/es\/shop\/tabla\/cubiertos\/sambonet-servicio-de-36-piezas-monobloc-velvet-acero-de-espejo\/\" \/>\n<meta property=\"og:site_name\" content=\"Erresse Shop\" \/>\n<meta property=\"article:modified_time\" content=\"2024-05-09T12:45:35+00:00\" \/>\n<meta property=\"og:image\" content=\"https:\/\/www.erresse-shop.it\/wp-content\/uploads\/2022\/12\/Sambonet-Servizio-36-pz-Monoblocco-Velvet-Inox.jpg\" \/>\n\t<meta property=\"og:image:width\" content=\"1600\" \/>\n\t<meta property=\"og:image:height\" content=\"1600\" \/>\n\t<meta property=\"og:image:type\" content=\"image\/jpeg\" \/>\n<meta name=\"twitter:card\" content=\"summary_large_image\" \/>\n<script type=\"application\/ld+json\" class=\"yoast-schema-graph\">{\"@context\":\"https:\/\/schema.org\",\"@graph\":[{\"@type\":\"WebPage\",\"@id\":\"https:\/\/www.erresse-shop.it\/es\/shop\/tabla\/cubiertos\/sambonet-servicio-de-36-piezas-monobloc-velvet-acero-de-espejo\/\",\"url\":\"https:\/\/www.erresse-shop.it\/es\/shop\/tabla\/cubiertos\/sambonet-servicio-de-36-piezas-monobloc-velvet-acero-de-espejo\/\",\"name\":\"SAMBONET Servicio de 36 piezas Monobloc Velvet Acero de Espejo - Erresse Shop\",\"isPartOf\":{\"@id\":\"https:\/\/www.erresse-shop.it\/es\/#website\"},\"datePublished\":\"2022-12-02T10:00:32+00:00\",\"dateModified\":\"2024-05-09T12:45:35+00:00\",\"description\":\"Descripci\u00f3n L\u00edneas sinuosas y dise\u00f1o equilibrado. El estilo contempor\u00e1neo minimalista y chic puede combinarse con cualquier tipo de mesa. Espesor de 4 mm.\",\"breadcrumb\":{\"@id\":\"https:\/\/www.erresse-shop.it\/es\/shop\/tabla\/cubiertos\/sambonet-servicio-de-36-piezas-monobloc-velvet-acero-de-espejo\/#breadcrumb\"},\"inLanguage\":\"es\",\"potentialAction\":[{\"@type\":\"ReadAction\",\"target\":[\"https:\/\/www.erresse-shop.it\/es\/shop\/tabla\/cubiertos\/sambonet-servicio-de-36-piezas-monobloc-velvet-acero-de-espejo\/\"]}]},{\"@type\":\"BreadcrumbList\",\"@id\":\"https:\/\/www.erresse-shop.it\/es\/shop\/tabla\/cubiertos\/sambonet-servicio-de-36-piezas-monobloc-velvet-acero-de-espejo\/#breadcrumb\",\"itemListElement\":[{\"@type\":\"ListItem\",\"position\":1,\"name\":\"Home\",\"item\":\"https:\/\/www.erresse-shop.it\/es\/\"},{\"@type\":\"ListItem\",\"position\":2,\"name\":\"Shop\",\"item\":\"https:\/\/www.erresse-shop.it\/es\/shop\/\"},{\"@type\":\"ListItem\",\"position\":3,\"name\":\"SAMBONET Servicio de 36 piezas Monobloc Velvet Acero de Espejo\"}]},{\"@type\":\"WebSite\",\"@id\":\"https:\/\/www.erresse-shop.it\/es\/#website\",\"url\":\"https:\/\/www.erresse-shop.it\/es\/\",\"name\":\"Erresse Shop\",\"description\":\"Articoli di qualit\u00e0 per la casa\",\"potentialAction\":[{\"@type\":\"SearchAction\",\"target\":{\"@type\":\"EntryPoint\",\"urlTemplate\":\"https:\/\/www.erresse-shop.it\/es\/?s={search_term_string}\"},\"query-input\":\"required name=search_term_string\"}],\"inLanguage\":\"es\"}]}<\/script>\n<!-- \/ Yoast SEO Premium plugin. -->","yoast_head_json":{"title":"SAMBONET Servicio de 36 piezas Monobloc Velvet Acero de Espejo - Erresse Shop","description":"Descripci\u00f3n L\u00edneas sinuosas y dise\u00f1o equilibrado. El estilo contempor\u00e1neo minimalista y chic puede combinarse con cualquier tipo de mesa. Espesor de 4 mm.","robots":{"index":"index","follow":"follow","max-snippet":"max-snippet:-1","max-image-preview":"max-image-preview:large","max-video-preview":"max-video-preview:-1"},"canonical":"https:\/\/www.erresse-shop.it\/es\/shop\/tabla\/cubiertos\/sambonet-servicio-de-36-piezas-monobloc-velvet-acero-de-espejo\/","og_locale":"es_ES","og_type":"article","og_title":"SAMBONET Servicio de 36 piezas Monobloc Velvet Acero de Espejo","og_description":"Descripci\u00f3n L\u00edneas sinuosas y dise\u00f1o equilibrado. El estilo contempor\u00e1neo minimalista y chic puede combinarse con cualquier tipo de mesa. Espesor de 4 mm.","og_url":"https:\/\/www.erresse-shop.it\/es\/shop\/tabla\/cubiertos\/sambonet-servicio-de-36-piezas-monobloc-velvet-acero-de-espejo\/","og_site_name":"Erresse Shop","article_modified_time":"2024-05-09T12:45:35+00:00","og_image":[{"width":1600,"height":1600,"url":"https:\/\/www.erresse-shop.it\/wp-content\/uploads\/2022\/12\/Sambonet-Servizio-36-pz-Monoblocco-Velvet-Inox.jpg","type":"image\/jpeg"}],"twitter_card":"summary_large_image","schema":{"@context":"https:\/\/schema.org","@graph":[{"@type":"WebPage","@id":"https:\/\/www.erresse-shop.it\/es\/shop\/tabla\/cubiertos\/sambonet-servicio-de-36-piezas-monobloc-velvet-acero-de-espejo\/","url":"https:\/\/www.erresse-shop.it\/es\/shop\/tabla\/cubiertos\/sambonet-servicio-de-36-piezas-monobloc-velvet-acero-de-espejo\/","name":"SAMBONET Servicio de 36 piezas Monobloc Velvet Acero de Espejo - Erresse Shop","isPartOf":{"@id":"https:\/\/www.erresse-shop.it\/es\/#website"},"datePublished":"2022-12-02T10:00:32+00:00","dateModified":"2024-05-09T12:45:35+00:00","description":"Descripci\u00f3n L\u00edneas sinuosas y dise\u00f1o equilibrado. El estilo contempor\u00e1neo minimalista y chic puede combinarse con cualquier tipo de mesa. Espesor de 4 mm.","breadcrumb":{"@id":"https:\/\/www.erresse-shop.it\/es\/shop\/tabla\/cubiertos\/sambonet-servicio-de-36-piezas-monobloc-velvet-acero-de-espejo\/#breadcrumb"},"inLanguage":"es","potentialAction":[{"@type":"ReadAction","target":["https:\/\/www.erresse-shop.it\/es\/shop\/tabla\/cubiertos\/sambonet-servicio-de-36-piezas-monobloc-velvet-acero-de-espejo\/"]}]},{"@type":"BreadcrumbList","@id":"https:\/\/www.erresse-shop.it\/es\/shop\/tabla\/cubiertos\/sambonet-servicio-de-36-piezas-monobloc-velvet-acero-de-espejo\/#breadcrumb","itemListElement":[{"@type":"ListItem","position":1,"name":"Home","item":"https:\/\/www.erresse-shop.it\/es\/"},{"@type":"ListItem","position":2,"name":"Shop","item":"https:\/\/www.erresse-shop.it\/es\/shop\/"},{"@type":"ListItem","position":3,"name":"SAMBONET Servicio de 36 piezas Monobloc Velvet Acero de Espejo"}]},{"@type":"WebSite","@id":"https:\/\/www.erresse-shop.it\/es\/#website","url":"https:\/\/www.erresse-shop.it\/es\/","name":"Erresse Shop","description":"Articoli di qualit\u00e0 per la casa","potentialAction":[{"@type":"SearchAction","target":{"@type":"EntryPoint","urlTemplate":"https:\/\/www.erresse-shop.it\/es\/?s={search_term_string}"},"query-input":"required name=search_term_string"}],"inLanguage":"es"}]}},"df_price":175.89000000000001,"df_sale_price":175.89000000000001,"df_regular_price":319.8,"df_image_link":"https:\/\/www.erresse-shop.it\/wp-content\/uploads\/2022\/12\/SAMBONET-Servizio-36-Pezzi-Monoblocco-Velvet-Inox-300x300.jpg","_links":{"self":[{"href":"https:\/\/www.erresse-shop.it\/es\/wp-json\/wp\/v2\/product\/214135"}],"collection":[{"href":"https:\/\/www.erresse-shop.it\/es\/wp-json\/wp\/v2\/product"}],"about":[{"href":"https:\/\/www.erresse-shop.it\/es\/wp-json\/wp\/v2\/types\/product"}],"wp:featuredmedia":[{"embeddable":true,"href":"https:\/\/www.erresse-shop.it\/es\/wp-json\/wp\/v2\/media\/477451"}],"wp:attachment":[{"href":"https:\/\/www.erresse-shop.it\/es\/wp-json\/wp\/v2\/media?parent=214135"}],"wp:term":[{"taxonomy":"product_cat","embeddable":true,"href":"https:\/\/www.erresse-shop.it\/es\/wp-json\/wp\/v2\/product_cat?post=214135"},{"taxonomy":"product_tag","embeddable":true,"href":"https:\/\/www.erresse-shop.it\/es\/wp-json\/wp\/v2\/product_tag?post=214135"}],"curies":[{"name":"wp","href":"https:\/\/api.w.org\/{rel}","templated":true}]}}