{"id":213093,"date":"2022-11-30T12:06:40","date_gmt":"2022-11-30T12:06:45","guid":{"rendered":"https:\/\/www.erresse-shop.it\/?post_type=product&#038;p=213093"},"modified":"2024-05-09T13:05:16","modified_gmt":"2024-05-09T13:05:16","slug":"sambonet-paderno-mixology-set-3-piezas-martini-oro","status":"publish","type":"product","link":"https:\/\/www.erresse-shop.it\/es\/shop\/tabla\/sambonet-paderno-mixology-set-3-piezas-martini-oro\/","title":{"rendered":"SAMBONET Paderno Mixology Set 3 Piezas Martini Oro"},"content":{"rendered":"<p>Es el \u00fanico c\u00f3ctel reconocible por su vaso, que s\u00f3lo debe sostenerse por el tallo, para no calentarlo. Una taza pr\u00e1ctica para usar y refinada para servir. El dise\u00f1o minimalista lo hace adecuado para cualquier ambiente, mientras que el acabado en acero pulido y los colores brillantes hacen que cada hora feliz sea especial.<\/p>\n<p>Material: Acero inoxidable<\/p>\n<p>N\u00famero de piezas del juego: 3<\/p>\n","protected":false},"excerpt":{"rendered":"<p>Es el \u00fanico c\u00f3ctel reconocible por su vaso, que s\u00f3lo debe sostenerse por el tallo, para no calentarlo. Una taza<\/p>\n","protected":false},"featured_media":491539,"template":"","meta":{"_acf_changed":false,"inline_featured_image":false},"product_cat":[21706,16027],"product_tag":[25090,23912,23692,21306,21316,21393,25023],"acf":[],"yoast_head":"<!-- This site is optimized with the Yoast SEO Premium plugin v18.6 (Yoast SEO v19.13) - https:\/\/yoast.com\/wordpress\/plugins\/seo\/ -->\n<title>SAMBONET Paderno Mixology Set 3 Piezas Martini Oro - Erresse Shop<\/title>\n<meta name=\"description\" content=\"Es el \u00fanico c\u00f3ctel reconocible por su vaso, que s\u00f3lo debe sostenerse por el tallo, para no calentarlo. Una taza pr\u00e1ctica para usar y refinada para servir.\" \/>\n<meta name=\"robots\" content=\"index, follow, max-snippet:-1, max-image-preview:large, max-video-preview:-1\" \/>\n<link rel=\"canonical\" href=\"https:\/\/www.erresse-shop.it\/es\/shop\/tabla\/sambonet-paderno-mixology-set-3-piezas-martini-oro\/\" \/>\n<meta property=\"og:locale\" content=\"es_ES\" \/>\n<meta property=\"og:type\" content=\"article\" \/>\n<meta property=\"og:title\" content=\"SAMBONET Paderno Mixology Set 3 Piezas Martini Oro\" \/>\n<meta property=\"og:description\" content=\"Es el \u00fanico c\u00f3ctel reconocible por su vaso, que s\u00f3lo debe sostenerse por el tallo, para no calentarlo. Una taza pr\u00e1ctica para usar y refinada para servir.\" \/>\n<meta property=\"og:url\" content=\"https:\/\/www.erresse-shop.it\/es\/shop\/tabla\/sambonet-paderno-mixology-set-3-piezas-martini-oro\/\" \/>\n<meta property=\"og:site_name\" content=\"Erresse Shop\" \/>\n<meta property=\"article:modified_time\" content=\"2024-05-09T13:05:16+00:00\" \/>\n<meta property=\"og:image\" content=\"https:\/\/www.erresse-shop.it\/wp-content\/uploads\/2022\/11\/41494-G3.jpg\" \/>\n\t<meta property=\"og:image:width\" content=\"1277\" \/>\n\t<meta property=\"og:image:height\" content=\"1277\" \/>\n\t<meta property=\"og:image:type\" content=\"image\/jpeg\" \/>\n<meta name=\"twitter:card\" content=\"summary_large_image\" \/>\n<script type=\"application\/ld+json\" class=\"yoast-schema-graph\">{\"@context\":\"https:\/\/schema.org\",\"@graph\":[{\"@type\":\"WebPage\",\"@id\":\"https:\/\/www.erresse-shop.it\/es\/shop\/tabla\/sambonet-paderno-mixology-set-3-piezas-martini-oro\/\",\"url\":\"https:\/\/www.erresse-shop.it\/es\/shop\/tabla\/sambonet-paderno-mixology-set-3-piezas-martini-oro\/\",\"name\":\"SAMBONET Paderno Mixology Set 3 Piezas Martini Oro - Erresse Shop\",\"isPartOf\":{\"@id\":\"https:\/\/www.erresse-shop.it\/es\/#website\"},\"datePublished\":\"2022-11-30T12:06:45+00:00\",\"dateModified\":\"2024-05-09T13:05:16+00:00\",\"description\":\"Es el \u00fanico c\u00f3ctel reconocible por su vaso, que s\u00f3lo debe sostenerse por el tallo, para no calentarlo. Una taza pr\u00e1ctica para usar y refinada para servir.\",\"breadcrumb\":{\"@id\":\"https:\/\/www.erresse-shop.it\/es\/shop\/tabla\/sambonet-paderno-mixology-set-3-piezas-martini-oro\/#breadcrumb\"},\"inLanguage\":\"es\",\"potentialAction\":[{\"@type\":\"ReadAction\",\"target\":[\"https:\/\/www.erresse-shop.it\/es\/shop\/tabla\/sambonet-paderno-mixology-set-3-piezas-martini-oro\/\"]}]},{\"@type\":\"BreadcrumbList\",\"@id\":\"https:\/\/www.erresse-shop.it\/es\/shop\/tabla\/sambonet-paderno-mixology-set-3-piezas-martini-oro\/#breadcrumb\",\"itemListElement\":[{\"@type\":\"ListItem\",\"position\":1,\"name\":\"Home\",\"item\":\"https:\/\/www.erresse-shop.it\/es\/\"},{\"@type\":\"ListItem\",\"position\":2,\"name\":\"Shop\",\"item\":\"https:\/\/www.erresse-shop.it\/es\/shop\/\"},{\"@type\":\"ListItem\",\"position\":3,\"name\":\"SAMBONET Paderno Mixology Set 3 Piezas Martini Oro\"}]},{\"@type\":\"WebSite\",\"@id\":\"https:\/\/www.erresse-shop.it\/es\/#website\",\"url\":\"https:\/\/www.erresse-shop.it\/es\/\",\"name\":\"Erresse Shop\",\"description\":\"Articoli di qualit\u00e0 per la casa\",\"potentialAction\":[{\"@type\":\"SearchAction\",\"target\":{\"@type\":\"EntryPoint\",\"urlTemplate\":\"https:\/\/www.erresse-shop.it\/es\/?s={search_term_string}\"},\"query-input\":\"required name=search_term_string\"}],\"inLanguage\":\"es\"}]}<\/script>\n<!-- \/ Yoast SEO Premium plugin. -->","yoast_head_json":{"title":"SAMBONET Paderno Mixology Set 3 Piezas Martini Oro - Erresse Shop","description":"Es el \u00fanico c\u00f3ctel reconocible por su vaso, que s\u00f3lo debe sostenerse por el tallo, para no calentarlo. Una taza pr\u00e1ctica para usar y refinada para servir.","robots":{"index":"index","follow":"follow","max-snippet":"max-snippet:-1","max-image-preview":"max-image-preview:large","max-video-preview":"max-video-preview:-1"},"canonical":"https:\/\/www.erresse-shop.it\/es\/shop\/tabla\/sambonet-paderno-mixology-set-3-piezas-martini-oro\/","og_locale":"es_ES","og_type":"article","og_title":"SAMBONET Paderno Mixology Set 3 Piezas Martini Oro","og_description":"Es el \u00fanico c\u00f3ctel reconocible por su vaso, que s\u00f3lo debe sostenerse por el tallo, para no calentarlo. Una taza pr\u00e1ctica para usar y refinada para servir.","og_url":"https:\/\/www.erresse-shop.it\/es\/shop\/tabla\/sambonet-paderno-mixology-set-3-piezas-martini-oro\/","og_site_name":"Erresse Shop","article_modified_time":"2024-05-09T13:05:16+00:00","og_image":[{"width":1277,"height":1277,"url":"https:\/\/www.erresse-shop.it\/wp-content\/uploads\/2022\/11\/41494-G3.jpg","type":"image\/jpeg"}],"twitter_card":"summary_large_image","schema":{"@context":"https:\/\/schema.org","@graph":[{"@type":"WebPage","@id":"https:\/\/www.erresse-shop.it\/es\/shop\/tabla\/sambonet-paderno-mixology-set-3-piezas-martini-oro\/","url":"https:\/\/www.erresse-shop.it\/es\/shop\/tabla\/sambonet-paderno-mixology-set-3-piezas-martini-oro\/","name":"SAMBONET Paderno Mixology Set 3 Piezas Martini Oro - Erresse Shop","isPartOf":{"@id":"https:\/\/www.erresse-shop.it\/es\/#website"},"datePublished":"2022-11-30T12:06:45+00:00","dateModified":"2024-05-09T13:05:16+00:00","description":"Es el \u00fanico c\u00f3ctel reconocible por su vaso, que s\u00f3lo debe sostenerse por el tallo, para no calentarlo. Una taza pr\u00e1ctica para usar y refinada para servir.","breadcrumb":{"@id":"https:\/\/www.erresse-shop.it\/es\/shop\/tabla\/sambonet-paderno-mixology-set-3-piezas-martini-oro\/#breadcrumb"},"inLanguage":"es","potentialAction":[{"@type":"ReadAction","target":["https:\/\/www.erresse-shop.it\/es\/shop\/tabla\/sambonet-paderno-mixology-set-3-piezas-martini-oro\/"]}]},{"@type":"BreadcrumbList","@id":"https:\/\/www.erresse-shop.it\/es\/shop\/tabla\/sambonet-paderno-mixology-set-3-piezas-martini-oro\/#breadcrumb","itemListElement":[{"@type":"ListItem","position":1,"name":"Home","item":"https:\/\/www.erresse-shop.it\/es\/"},{"@type":"ListItem","position":2,"name":"Shop","item":"https:\/\/www.erresse-shop.it\/es\/shop\/"},{"@type":"ListItem","position":3,"name":"SAMBONET Paderno Mixology Set 3 Piezas Martini Oro"}]},{"@type":"WebSite","@id":"https:\/\/www.erresse-shop.it\/es\/#website","url":"https:\/\/www.erresse-shop.it\/es\/","name":"Erresse Shop","description":"Articoli di qualit\u00e0 per la casa","potentialAction":[{"@type":"SearchAction","target":{"@type":"EntryPoint","urlTemplate":"https:\/\/www.erresse-shop.it\/es\/?s={search_term_string}"},"query-input":"required name=search_term_string"}],"inLanguage":"es"}]}},"df_price":29.95,"df_sale_price":29.95,"df_regular_price":69.9,"df_image_link":"https:\/\/www.erresse-shop.it\/wp-content\/uploads\/2022\/11\/SAMBONET-Paderno-Mixology-Set-3-Pezzi-Martini-Oro-300x300.jpg","_links":{"self":[{"href":"https:\/\/www.erresse-shop.it\/es\/wp-json\/wp\/v2\/product\/213093"}],"collection":[{"href":"https:\/\/www.erresse-shop.it\/es\/wp-json\/wp\/v2\/product"}],"about":[{"href":"https:\/\/www.erresse-shop.it\/es\/wp-json\/wp\/v2\/types\/product"}],"wp:featuredmedia":[{"embeddable":true,"href":"https:\/\/www.erresse-shop.it\/es\/wp-json\/wp\/v2\/media\/491539"}],"wp:attachment":[{"href":"https:\/\/www.erresse-shop.it\/es\/wp-json\/wp\/v2\/media?parent=213093"}],"wp:term":[{"taxonomy":"product_cat","embeddable":true,"href":"https:\/\/www.erresse-shop.it\/es\/wp-json\/wp\/v2\/product_cat?post=213093"},{"taxonomy":"product_tag","embeddable":true,"href":"https:\/\/www.erresse-shop.it\/es\/wp-json\/wp\/v2\/product_tag?post=213093"}],"curies":[{"name":"wp","href":"https:\/\/api.w.org\/{rel}","templated":true}]}}