{"id":206406,"date":"2022-11-15T07:51:13","date_gmt":"2022-11-15T07:51:17","guid":{"rendered":"https:\/\/www.erresse-shop.it\/?post_type=product&#038;p=206406"},"modified":"2022-12-23T11:18:07","modified_gmt":"2022-12-23T11:18:07","slug":"joseph-joseph-titan-compactador-de-residuos-20-litros","status":"publish","type":"product","link":"https:\/\/www.erresse-shop.it\/es\/shop\/mobiliario\/cubos-de-basura\/joseph-joseph-titan-compactador-de-residuos-20-litros\/","title":{"rendered":"JOSEPH JOSEPH Titan Compactador de residuos 20 litros"},"content":{"rendered":"<p><strong>El \u00fanico cubo de basura para la cocina que necesita<\/strong><br \/>\nEl cubo de la cocina es el h\u00e9roe olvidado en el coraz\u00f3n de la casa, pero pocos est\u00e1n a la altura de los residuos generales, los restos de comida y el reciclaje. Conoce a Totem. Nuestro premiado cubo de basura tiene varios compartimentos para todo tipo de residuos dom\u00e9sticos, lo que le permite separar todo en una unidad compacta. Su control de olores integrado tambi\u00e9n mantiene el olor fresco de la cocina.<\/p>\n<p><strong>Los detalles m\u00e1s finos<\/strong><br \/>\nEl contenedor de 60 litros incluye 2 compartimentos de 30 litros y un contenedor de residuos de alimentos extra\u00edble de 3 litros con tapa<br \/>\nEl exclusivo dise\u00f1o vertical maximiza la capacidad en un espacio compacto<br \/>\nControl de olores integrado con filtros de carb\u00f3n activado reemplazables<br \/>\nCubos extra\u00edbles con orificios de fijaci\u00f3n del forro y ganchos para transportar bolsas<\/p>\n<p><strong>Cuidado y uso:<\/strong><br \/>\nUtilizaci\u00f3n de 6 0L con liner a medida IW2 e IW 6 (tambi\u00e9n se puede utilizar con liner est\u00e1ndar)<br \/>\nSuperficies externas &#8211; limpiar con un pa\u00f1o h\u00famedo y luego secar con un pa\u00f1o suave y seco &#8211; no utilizar pa\u00f1os abrasivos o limpiadores qu\u00edmicos fuertes<br \/>\nCubos y contenedor de residuos de alimentos: s\u00e1quelos de la unidad y l\u00edmpielos con agua tibia y jab\u00f3n; s\u00e9quelos antes de volver a colocarlos en la unidad (para ayudar a eliminar los olores desagradables, tambi\u00e9n se puede utilizar una soluci\u00f3n de polvo de hornear y agua).<br \/>\nFiltro de olores: para un rendimiento \u00f3ptimo, se recomienda sustituir el filtro de olores cada 3 meses<\/p>\n<p><strong>Dimensiones<\/strong>:<br \/>\n(60L): A81,4 (tapa cerrada) A111 (tapa abierta) x W39 x D36,6 cm (H32 x W15\u00bd x D14\u00bd pulgadas)<br \/>\nTambi\u00e9n disponible en 40L<\/p>\n<p><strong>Peso:<\/strong> (60 litros): 9,7 kg<\/p>\n<p><strong>Dise\u00f1ado por PearsonLloyd<\/strong><br \/>\n<strong>2 a\u00f1os de garant\u00eda<\/strong><\/p>\n","protected":false},"excerpt":{"rendered":"<p>El \u00fanico cubo de basura para la cocina que necesita El cubo de la cocina es el h\u00e9roe olvidado en<\/p>\n","protected":false},"featured_media":455763,"template":"","meta":{"_acf_changed":false,"inline_featured_image":false},"product_cat":[16021,16016],"product_tag":[16225,21232,21231,21233,21230],"acf":[],"yoast_head":"<!-- This site is optimized with the Yoast SEO Premium plugin v18.6 (Yoast SEO v19.13) - https:\/\/yoast.com\/wordpress\/plugins\/seo\/ -->\n<title>JOSEPH JOSEPH Titan Compactador de residuos 20 litros - Erresse Shop<\/title>\n<meta name=\"description\" content=\"El \u00fanico cubo de basura para la cocina que necesita El cubo de la cocina es el h\u00e9roe olvidado en el coraz\u00f3n de la casa, pero pocos est\u00e1n a la altura de\" \/>\n<meta name=\"robots\" content=\"index, follow, max-snippet:-1, max-image-preview:large, max-video-preview:-1\" \/>\n<link rel=\"canonical\" href=\"https:\/\/www.erresse-shop.it\/es\/shop\/mobiliario\/cubos-de-basura\/joseph-joseph-titan-compactador-de-residuos-20-litros\/\" \/>\n<meta property=\"og:locale\" content=\"es_ES\" \/>\n<meta property=\"og:type\" content=\"article\" \/>\n<meta property=\"og:title\" content=\"JOSEPH JOSEPH Titan Compactador de residuos 20 litros\" \/>\n<meta property=\"og:description\" content=\"El \u00fanico cubo de basura para la cocina que necesita El cubo de la cocina es el h\u00e9roe olvidado en el coraz\u00f3n de la casa, pero pocos est\u00e1n a la altura de\" \/>\n<meta property=\"og:url\" content=\"https:\/\/www.erresse-shop.it\/es\/shop\/mobiliario\/cubos-de-basura\/joseph-joseph-titan-compactador-de-residuos-20-litros\/\" \/>\n<meta property=\"og:site_name\" content=\"Erresse Shop\" \/>\n<meta property=\"article:modified_time\" content=\"2022-12-23T11:18:07+00:00\" \/>\n<meta property=\"og:image\" content=\"https:\/\/www.erresse-shop.it\/wp-content\/uploads\/2022\/11\/JOSEPH-JOSEPH-Titan-20-Pattumiera-da-cucina-acciaio-inox2.jpg\" \/>\n\t<meta property=\"og:image:width\" content=\"800\" \/>\n\t<meta property=\"og:image:height\" content=\"800\" \/>\n\t<meta property=\"og:image:type\" content=\"image\/jpeg\" \/>\n<meta name=\"twitter:card\" content=\"summary_large_image\" \/>\n<script type=\"application\/ld+json\" class=\"yoast-schema-graph\">{\"@context\":\"https:\/\/schema.org\",\"@graph\":[{\"@type\":\"WebPage\",\"@id\":\"https:\/\/www.erresse-shop.it\/es\/shop\/mobiliario\/cubos-de-basura\/joseph-joseph-titan-compactador-de-residuos-20-litros\/\",\"url\":\"https:\/\/www.erresse-shop.it\/es\/shop\/mobiliario\/cubos-de-basura\/joseph-joseph-titan-compactador-de-residuos-20-litros\/\",\"name\":\"JOSEPH JOSEPH Titan Compactador de residuos 20 litros - Erresse Shop\",\"isPartOf\":{\"@id\":\"https:\/\/www.erresse-shop.it\/es\/#website\"},\"datePublished\":\"2022-11-15T07:51:17+00:00\",\"dateModified\":\"2022-12-23T11:18:07+00:00\",\"description\":\"El \u00fanico cubo de basura para la cocina que necesita El cubo de la cocina es el h\u00e9roe olvidado en el coraz\u00f3n de la casa, pero pocos est\u00e1n a la altura de\",\"breadcrumb\":{\"@id\":\"https:\/\/www.erresse-shop.it\/es\/shop\/mobiliario\/cubos-de-basura\/joseph-joseph-titan-compactador-de-residuos-20-litros\/#breadcrumb\"},\"inLanguage\":\"es\",\"potentialAction\":[{\"@type\":\"ReadAction\",\"target\":[\"https:\/\/www.erresse-shop.it\/es\/shop\/mobiliario\/cubos-de-basura\/joseph-joseph-titan-compactador-de-residuos-20-litros\/\"]}]},{\"@type\":\"BreadcrumbList\",\"@id\":\"https:\/\/www.erresse-shop.it\/es\/shop\/mobiliario\/cubos-de-basura\/joseph-joseph-titan-compactador-de-residuos-20-litros\/#breadcrumb\",\"itemListElement\":[{\"@type\":\"ListItem\",\"position\":1,\"name\":\"Home\",\"item\":\"https:\/\/www.erresse-shop.it\/es\/\"},{\"@type\":\"ListItem\",\"position\":2,\"name\":\"Shop\",\"item\":\"https:\/\/www.erresse-shop.it\/es\/shop\/\"},{\"@type\":\"ListItem\",\"position\":3,\"name\":\"JOSEPH JOSEPH Titan Compactador de residuos 20 litros\"}]},{\"@type\":\"WebSite\",\"@id\":\"https:\/\/www.erresse-shop.it\/es\/#website\",\"url\":\"https:\/\/www.erresse-shop.it\/es\/\",\"name\":\"Erresse Shop\",\"description\":\"Articoli di qualit\u00e0 per la casa\",\"potentialAction\":[{\"@type\":\"SearchAction\",\"target\":{\"@type\":\"EntryPoint\",\"urlTemplate\":\"https:\/\/www.erresse-shop.it\/es\/?s={search_term_string}\"},\"query-input\":\"required name=search_term_string\"}],\"inLanguage\":\"es\"}]}<\/script>\n<!-- \/ Yoast SEO Premium plugin. -->","yoast_head_json":{"title":"JOSEPH JOSEPH Titan Compactador de residuos 20 litros - Erresse Shop","description":"El \u00fanico cubo de basura para la cocina que necesita El cubo de la cocina es el h\u00e9roe olvidado en el coraz\u00f3n de la casa, pero pocos est\u00e1n a la altura de","robots":{"index":"index","follow":"follow","max-snippet":"max-snippet:-1","max-image-preview":"max-image-preview:large","max-video-preview":"max-video-preview:-1"},"canonical":"https:\/\/www.erresse-shop.it\/es\/shop\/mobiliario\/cubos-de-basura\/joseph-joseph-titan-compactador-de-residuos-20-litros\/","og_locale":"es_ES","og_type":"article","og_title":"JOSEPH JOSEPH Titan Compactador de residuos 20 litros","og_description":"El \u00fanico cubo de basura para la cocina que necesita El cubo de la cocina es el h\u00e9roe olvidado en el coraz\u00f3n de la casa, pero pocos est\u00e1n a la altura de","og_url":"https:\/\/www.erresse-shop.it\/es\/shop\/mobiliario\/cubos-de-basura\/joseph-joseph-titan-compactador-de-residuos-20-litros\/","og_site_name":"Erresse Shop","article_modified_time":"2022-12-23T11:18:07+00:00","og_image":[{"width":800,"height":800,"url":"https:\/\/www.erresse-shop.it\/wp-content\/uploads\/2022\/11\/JOSEPH-JOSEPH-Titan-20-Pattumiera-da-cucina-acciaio-inox2.jpg","type":"image\/jpeg"}],"twitter_card":"summary_large_image","schema":{"@context":"https:\/\/schema.org","@graph":[{"@type":"WebPage","@id":"https:\/\/www.erresse-shop.it\/es\/shop\/mobiliario\/cubos-de-basura\/joseph-joseph-titan-compactador-de-residuos-20-litros\/","url":"https:\/\/www.erresse-shop.it\/es\/shop\/mobiliario\/cubos-de-basura\/joseph-joseph-titan-compactador-de-residuos-20-litros\/","name":"JOSEPH JOSEPH Titan Compactador de residuos 20 litros - Erresse Shop","isPartOf":{"@id":"https:\/\/www.erresse-shop.it\/es\/#website"},"datePublished":"2022-11-15T07:51:17+00:00","dateModified":"2022-12-23T11:18:07+00:00","description":"El \u00fanico cubo de basura para la cocina que necesita El cubo de la cocina es el h\u00e9roe olvidado en el coraz\u00f3n de la casa, pero pocos est\u00e1n a la altura de","breadcrumb":{"@id":"https:\/\/www.erresse-shop.it\/es\/shop\/mobiliario\/cubos-de-basura\/joseph-joseph-titan-compactador-de-residuos-20-litros\/#breadcrumb"},"inLanguage":"es","potentialAction":[{"@type":"ReadAction","target":["https:\/\/www.erresse-shop.it\/es\/shop\/mobiliario\/cubos-de-basura\/joseph-joseph-titan-compactador-de-residuos-20-litros\/"]}]},{"@type":"BreadcrumbList","@id":"https:\/\/www.erresse-shop.it\/es\/shop\/mobiliario\/cubos-de-basura\/joseph-joseph-titan-compactador-de-residuos-20-litros\/#breadcrumb","itemListElement":[{"@type":"ListItem","position":1,"name":"Home","item":"https:\/\/www.erresse-shop.it\/es\/"},{"@type":"ListItem","position":2,"name":"Shop","item":"https:\/\/www.erresse-shop.it\/es\/shop\/"},{"@type":"ListItem","position":3,"name":"JOSEPH JOSEPH Titan Compactador de residuos 20 litros"}]},{"@type":"WebSite","@id":"https:\/\/www.erresse-shop.it\/es\/#website","url":"https:\/\/www.erresse-shop.it\/es\/","name":"Erresse Shop","description":"Articoli di qualit\u00e0 per la casa","potentialAction":[{"@type":"SearchAction","target":{"@type":"EntryPoint","urlTemplate":"https:\/\/www.erresse-shop.it\/es\/?s={search_term_string}"},"query-input":"required name=search_term_string"}],"inLanguage":"es"}]}},"df_price":114.995,"df_sale_price":114.995,"df_regular_price":229.99,"df_image_link":"https:\/\/www.erresse-shop.it\/wp-content\/uploads\/2022\/11\/Joseph-joseph-titan-20-litri-300x300.jpg","_links":{"self":[{"href":"https:\/\/www.erresse-shop.it\/es\/wp-json\/wp\/v2\/product\/206406"}],"collection":[{"href":"https:\/\/www.erresse-shop.it\/es\/wp-json\/wp\/v2\/product"}],"about":[{"href":"https:\/\/www.erresse-shop.it\/es\/wp-json\/wp\/v2\/types\/product"}],"wp:featuredmedia":[{"embeddable":true,"href":"https:\/\/www.erresse-shop.it\/es\/wp-json\/wp\/v2\/media\/455763"}],"wp:attachment":[{"href":"https:\/\/www.erresse-shop.it\/es\/wp-json\/wp\/v2\/media?parent=206406"}],"wp:term":[{"taxonomy":"product_cat","embeddable":true,"href":"https:\/\/www.erresse-shop.it\/es\/wp-json\/wp\/v2\/product_cat?post=206406"},{"taxonomy":"product_tag","embeddable":true,"href":"https:\/\/www.erresse-shop.it\/es\/wp-json\/wp\/v2\/product_tag?post=206406"}],"curies":[{"name":"wp","href":"https:\/\/api.w.org\/{rel}","templated":true}]}}