{"id":205912,"date":"2022-11-14T13:13:54","date_gmt":"2022-11-14T13:13:59","guid":{"rendered":"https:\/\/www.erresse-shop.it\/?post_type=product&#038;p=205912"},"modified":"2022-11-14T13:36:26","modified_gmt":"2022-11-14T13:36:26","slug":"joseph-joseph-totem-compact-contenedor-de-basura-de-40-litros-grafito","status":"publish","type":"product","link":"https:\/\/www.erresse-shop.it\/es\/shop\/mobiliario\/cubos-de-basura\/joseph-joseph-totem-compact-contenedor-de-basura-de-40-litros-grafito\/","title":{"rendered":"JOSEPH JOSEPH Totem Compact Contenedor de basura de 40 litros Grafito"},"content":{"rendered":"<p>El \u00fanico cubo de cocina que necesita<br \/>\nEl cubo de la cocina es el h\u00e9roe olvidado en el coraz\u00f3n de la casa, pero pocos est\u00e1n a la altura de los residuos generales, los restos de comida y el reciclaje. Conoce a Totem. Nuestro galardonado cubo tiene varios compartimentos para todo tipo de residuos dom\u00e9sticos, lo que le permite separar todo en una unidad compacta. Adem\u00e1s, el control de olores integrado mantiene el olor fresco de la cocina.<\/p>\n<p><strong>Los detalles m\u00e1s finos<\/strong><br \/>\nEl contenedor de 40 litros incluye 2 compartimentos de 20 litros y un contenedor de residuos de alimentos extra\u00edble de 3 litros con tapa<br \/>\nEl exclusivo dise\u00f1o vertical maximiza la capacidad en un espacio compacto<br \/>\nControl de olores integrado con filtros de carb\u00f3n activado reemplazables<br \/>\nCubos extra\u00edbles con agujeros para la fijaci\u00f3n del forro y ganchos para bolsas<\/p>\n<p><strong>Cuidado y uso:<\/strong><br \/>\nUtiliza 40 litros con los forros personalizados IW2 e IW7 (tambi\u00e9n se puede utilizar con los forros est\u00e1ndar)<br \/>\nSuperficies exteriores &#8211; limpiar con un pa\u00f1o h\u00famedo y luego secar con un pa\u00f1o suave y seco &#8211; no utilizar pa\u00f1os abrasivos o limpiadores qu\u00edmicos fuertes<br \/>\nCubos y contenedor de residuos de alimentos: s\u00e1quelos de la unidad y l\u00edmpielos con agua tibia y jab\u00f3n; s\u00e9quelos antes de volver a colocarlos en la unidad (para ayudar a eliminar los olores desagradables, tambi\u00e9n se puede utilizar una soluci\u00f3n de polvo de hornear y agua).<br \/>\nFiltro de olores: para un rendimiento \u00f3ptimo, se recomienda sustituir el filtro de olores cada 3 meses<\/p>\n<p><strong>Dimensiones:<\/strong><br \/>\n(40 l): H76 (tapa cerrada) H105 (tapa abierta) x W30 x D36,6 cm (H30 x W12 x D14\u00bd pulgadas)<br \/>\nPeso: 7,1 kg<\/p>\n<p><strong>Dise\u00f1ado por PearsonLloyd<\/strong><br \/>\n<strong>2 a\u00f1os de garant\u00eda<\/strong><\/p>\n","protected":false},"excerpt":{"rendered":"<p>El \u00fanico cubo de cocina que necesita El cubo de la cocina es el h\u00e9roe olvidado en el coraz\u00f3n de<\/p>\n","protected":false},"featured_media":443005,"template":"","meta":{"_acf_changed":false,"inline_featured_image":false},"product_cat":[16021,16016],"product_tag":[25029,16225,21232,21231,21233,21230,21823,25023],"acf":[],"yoast_head":"<!-- This site is optimized with the Yoast SEO Premium plugin v18.6 (Yoast SEO v19.13) - https:\/\/yoast.com\/wordpress\/plugins\/seo\/ -->\n<title>JOSEPH JOSEPH Totem Compact Contenedor de basura de 40 litros Grafito - Erresse Shop<\/title>\n<meta name=\"description\" content=\"El \u00fanico cubo de cocina que necesita El cubo de la cocina es el h\u00e9roe olvidado en el coraz\u00f3n de la casa, pero pocos est\u00e1n a la altura de los residuos\" \/>\n<meta name=\"robots\" content=\"index, follow, max-snippet:-1, max-image-preview:large, max-video-preview:-1\" \/>\n<link rel=\"canonical\" href=\"https:\/\/www.erresse-shop.it\/es\/shop\/mobiliario\/cubos-de-basura\/joseph-joseph-totem-compact-contenedor-de-basura-de-40-litros-grafito\/\" \/>\n<meta property=\"og:locale\" content=\"es_ES\" \/>\n<meta property=\"og:type\" content=\"article\" \/>\n<meta property=\"og:title\" content=\"JOSEPH JOSEPH Totem Compact Contenedor de basura de 40 litros Grafito\" \/>\n<meta property=\"og:description\" content=\"El \u00fanico cubo de cocina que necesita El cubo de la cocina es el h\u00e9roe olvidado en el coraz\u00f3n de la casa, pero pocos est\u00e1n a la altura de los residuos\" \/>\n<meta property=\"og:url\" content=\"https:\/\/www.erresse-shop.it\/es\/shop\/mobiliario\/cubos-de-basura\/joseph-joseph-totem-compact-contenedor-de-basura-de-40-litros-grafito\/\" \/>\n<meta property=\"og:site_name\" content=\"Erresse Shop\" \/>\n<meta property=\"article:modified_time\" content=\"2022-11-14T13:36:26+00:00\" \/>\n<meta property=\"og:image\" content=\"https:\/\/www.erresse-shop.it\/wp-content\/uploads\/2022\/11\/JOSEPH-JOSEPH-Totem-Compact-Pattumiera-40-litri-Grafite-1.jpg\" \/>\n\t<meta property=\"og:image:width\" content=\"1200\" \/>\n\t<meta property=\"og:image:height\" content=\"1200\" \/>\n\t<meta property=\"og:image:type\" content=\"image\/jpeg\" \/>\n<meta name=\"twitter:card\" content=\"summary_large_image\" \/>\n<script type=\"application\/ld+json\" class=\"yoast-schema-graph\">{\"@context\":\"https:\/\/schema.org\",\"@graph\":[{\"@type\":\"WebPage\",\"@id\":\"https:\/\/www.erresse-shop.it\/es\/shop\/mobiliario\/cubos-de-basura\/joseph-joseph-totem-compact-contenedor-de-basura-de-40-litros-grafito\/\",\"url\":\"https:\/\/www.erresse-shop.it\/es\/shop\/mobiliario\/cubos-de-basura\/joseph-joseph-totem-compact-contenedor-de-basura-de-40-litros-grafito\/\",\"name\":\"JOSEPH JOSEPH Totem Compact Contenedor de basura de 40 litros Grafito - Erresse Shop\",\"isPartOf\":{\"@id\":\"https:\/\/www.erresse-shop.it\/es\/#website\"},\"datePublished\":\"2022-11-14T13:13:59+00:00\",\"dateModified\":\"2022-11-14T13:36:26+00:00\",\"description\":\"El \u00fanico cubo de cocina que necesita El cubo de la cocina es el h\u00e9roe olvidado en el coraz\u00f3n de la casa, pero pocos est\u00e1n a la altura de los residuos\",\"breadcrumb\":{\"@id\":\"https:\/\/www.erresse-shop.it\/es\/shop\/mobiliario\/cubos-de-basura\/joseph-joseph-totem-compact-contenedor-de-basura-de-40-litros-grafito\/#breadcrumb\"},\"inLanguage\":\"es\",\"potentialAction\":[{\"@type\":\"ReadAction\",\"target\":[\"https:\/\/www.erresse-shop.it\/es\/shop\/mobiliario\/cubos-de-basura\/joseph-joseph-totem-compact-contenedor-de-basura-de-40-litros-grafito\/\"]}]},{\"@type\":\"BreadcrumbList\",\"@id\":\"https:\/\/www.erresse-shop.it\/es\/shop\/mobiliario\/cubos-de-basura\/joseph-joseph-totem-compact-contenedor-de-basura-de-40-litros-grafito\/#breadcrumb\",\"itemListElement\":[{\"@type\":\"ListItem\",\"position\":1,\"name\":\"Home\",\"item\":\"https:\/\/www.erresse-shop.it\/es\/\"},{\"@type\":\"ListItem\",\"position\":2,\"name\":\"Shop\",\"item\":\"https:\/\/www.erresse-shop.it\/es\/shop\/\"},{\"@type\":\"ListItem\",\"position\":3,\"name\":\"JOSEPH JOSEPH Totem Compact Contenedor de basura de 40 litros Grafito\"}]},{\"@type\":\"WebSite\",\"@id\":\"https:\/\/www.erresse-shop.it\/es\/#website\",\"url\":\"https:\/\/www.erresse-shop.it\/es\/\",\"name\":\"Erresse Shop\",\"description\":\"Articoli di qualit\u00e0 per la casa\",\"potentialAction\":[{\"@type\":\"SearchAction\",\"target\":{\"@type\":\"EntryPoint\",\"urlTemplate\":\"https:\/\/www.erresse-shop.it\/es\/?s={search_term_string}\"},\"query-input\":\"required name=search_term_string\"}],\"inLanguage\":\"es\"}]}<\/script>\n<!-- \/ Yoast SEO Premium plugin. -->","yoast_head_json":{"title":"JOSEPH JOSEPH Totem Compact Contenedor de basura de 40 litros Grafito - Erresse Shop","description":"El \u00fanico cubo de cocina que necesita El cubo de la cocina es el h\u00e9roe olvidado en el coraz\u00f3n de la casa, pero pocos est\u00e1n a la altura de los residuos","robots":{"index":"index","follow":"follow","max-snippet":"max-snippet:-1","max-image-preview":"max-image-preview:large","max-video-preview":"max-video-preview:-1"},"canonical":"https:\/\/www.erresse-shop.it\/es\/shop\/mobiliario\/cubos-de-basura\/joseph-joseph-totem-compact-contenedor-de-basura-de-40-litros-grafito\/","og_locale":"es_ES","og_type":"article","og_title":"JOSEPH JOSEPH Totem Compact Contenedor de basura de 40 litros Grafito","og_description":"El \u00fanico cubo de cocina que necesita El cubo de la cocina es el h\u00e9roe olvidado en el coraz\u00f3n de la casa, pero pocos est\u00e1n a la altura de los residuos","og_url":"https:\/\/www.erresse-shop.it\/es\/shop\/mobiliario\/cubos-de-basura\/joseph-joseph-totem-compact-contenedor-de-basura-de-40-litros-grafito\/","og_site_name":"Erresse Shop","article_modified_time":"2022-11-14T13:36:26+00:00","og_image":[{"width":1200,"height":1200,"url":"https:\/\/www.erresse-shop.it\/wp-content\/uploads\/2022\/11\/JOSEPH-JOSEPH-Totem-Compact-Pattumiera-40-litri-Grafite-1.jpg","type":"image\/jpeg"}],"twitter_card":"summary_large_image","schema":{"@context":"https:\/\/schema.org","@graph":[{"@type":"WebPage","@id":"https:\/\/www.erresse-shop.it\/es\/shop\/mobiliario\/cubos-de-basura\/joseph-joseph-totem-compact-contenedor-de-basura-de-40-litros-grafito\/","url":"https:\/\/www.erresse-shop.it\/es\/shop\/mobiliario\/cubos-de-basura\/joseph-joseph-totem-compact-contenedor-de-basura-de-40-litros-grafito\/","name":"JOSEPH JOSEPH Totem Compact Contenedor de basura de 40 litros Grafito - Erresse Shop","isPartOf":{"@id":"https:\/\/www.erresse-shop.it\/es\/#website"},"datePublished":"2022-11-14T13:13:59+00:00","dateModified":"2022-11-14T13:36:26+00:00","description":"El \u00fanico cubo de cocina que necesita El cubo de la cocina es el h\u00e9roe olvidado en el coraz\u00f3n de la casa, pero pocos est\u00e1n a la altura de los residuos","breadcrumb":{"@id":"https:\/\/www.erresse-shop.it\/es\/shop\/mobiliario\/cubos-de-basura\/joseph-joseph-totem-compact-contenedor-de-basura-de-40-litros-grafito\/#breadcrumb"},"inLanguage":"es","potentialAction":[{"@type":"ReadAction","target":["https:\/\/www.erresse-shop.it\/es\/shop\/mobiliario\/cubos-de-basura\/joseph-joseph-totem-compact-contenedor-de-basura-de-40-litros-grafito\/"]}]},{"@type":"BreadcrumbList","@id":"https:\/\/www.erresse-shop.it\/es\/shop\/mobiliario\/cubos-de-basura\/joseph-joseph-totem-compact-contenedor-de-basura-de-40-litros-grafito\/#breadcrumb","itemListElement":[{"@type":"ListItem","position":1,"name":"Home","item":"https:\/\/www.erresse-shop.it\/es\/"},{"@type":"ListItem","position":2,"name":"Shop","item":"https:\/\/www.erresse-shop.it\/es\/shop\/"},{"@type":"ListItem","position":3,"name":"JOSEPH JOSEPH Totem Compact Contenedor de basura de 40 litros Grafito"}]},{"@type":"WebSite","@id":"https:\/\/www.erresse-shop.it\/es\/#website","url":"https:\/\/www.erresse-shop.it\/es\/","name":"Erresse Shop","description":"Articoli di qualit\u00e0 per la casa","potentialAction":[{"@type":"SearchAction","target":{"@type":"EntryPoint","urlTemplate":"https:\/\/www.erresse-shop.it\/es\/?s={search_term_string}"},"query-input":"required name=search_term_string"}],"inLanguage":"es"}]}},"df_price":159.99,"df_sale_price":159.99,"df_regular_price":199.99,"df_image_link":"https:\/\/www.erresse-shop.it\/wp-content\/uploads\/2022\/11\/JOSEPH-JOSEPH-Totem-Compact-Pattumiera-40-litri-Grafite-1-300x300.jpg","_links":{"self":[{"href":"https:\/\/www.erresse-shop.it\/es\/wp-json\/wp\/v2\/product\/205912"}],"collection":[{"href":"https:\/\/www.erresse-shop.it\/es\/wp-json\/wp\/v2\/product"}],"about":[{"href":"https:\/\/www.erresse-shop.it\/es\/wp-json\/wp\/v2\/types\/product"}],"wp:featuredmedia":[{"embeddable":true,"href":"https:\/\/www.erresse-shop.it\/es\/wp-json\/wp\/v2\/media\/443005"}],"wp:attachment":[{"href":"https:\/\/www.erresse-shop.it\/es\/wp-json\/wp\/v2\/media?parent=205912"}],"wp:term":[{"taxonomy":"product_cat","embeddable":true,"href":"https:\/\/www.erresse-shop.it\/es\/wp-json\/wp\/v2\/product_cat?post=205912"},{"taxonomy":"product_tag","embeddable":true,"href":"https:\/\/www.erresse-shop.it\/es\/wp-json\/wp\/v2\/product_tag?post=205912"}],"curies":[{"name":"wp","href":"https:\/\/api.w.org\/{rel}","templated":true}]}}