{"id":205582,"date":"2022-11-14T07:46:01","date_gmt":"2022-11-14T07:46:07","guid":{"rendered":"https:\/\/www.erresse-shop.it\/?post_type=product&#038;p=205582"},"modified":"2022-11-14T08:18:54","modified_gmt":"2022-11-14T08:18:54","slug":"le-creuset-sacacorchos-gs-300-con-cortador-de-capsulas-negro","status":"publish","type":"product","link":"https:\/\/www.erresse-shop.it\/es\/shop\/tabla\/vino\/sacacorchos\/le-creuset-sacacorchos-gs-300-con-cortador-de-capsulas-negro\/","title":{"rendered":"LE CREUSET Sacacorchos GS-300 con cortador de c\u00e1psulas Negro"},"content":{"rendered":"<p>Rel\u00e1jese y disfrute de su copa de vino en un abrir y cerrar de ojos. El cortador de l\u00e1minas hace su trabajo con un simple giro de mu\u00f1eca, mientras que el mecanismo sacacorchos autom\u00e1tico permite abrir la botella con facilidad. Una vez que el tornillo est\u00e1 envuelto en el corcho, sigue girando en la misma direcci\u00f3n y tira del corcho hacia fuera, para soltarlo girando en sentido contrario a las agujas del reloj. Tras la apertura, tambi\u00e9n retira el corcho de la espiral girando en sentido contrario a las agujas del reloj. Funciona con cualquier tipo de corcho.<\/p>\n<p><strong>Detalles<\/strong><br \/>\nF\u00e1cil de usar: este cortador de l\u00e1mina ergon\u00f3mico retira la c\u00e1psula con un cuarto de vuelta.<br \/>\nUn simple giro: tras retirar el tap\u00f3n girando la palanca de tacto suave, la exclusiva tecnolog\u00eda Active Ball expulsa f\u00e1cilmente el tap\u00f3n del tornillo.<br \/>\nLo mejor de su clase: nuestros productos se elaboran con los mejores materiales en f\u00e1bricas de todo el mundo para garantizar la calidad que usted espera de Le Creuset.<\/p>\n<p><strong>Material<\/strong> Policarbonato<br \/>\nFabricado en China<br \/>\n<strong>10 a\u00f1os de garant\u00eda<\/strong><\/p>\n<p><strong>Dimensiones<\/strong><br \/>\nLongitud: 15,6 cm<br \/>\nAnchura: 7,5 cm<br \/>\nAltura: 5,5 cm<\/p>\n<p><strong>Antes del primer uso<\/strong><br \/>\nDisfrute del momento en que abra el embalaje de su nueva compra. Retire todas las etiquetas y embalajes.<br \/>\nAntes de utilizar los accesorios para el vino por primera vez, consulte siempre las instrucciones de uso del modelo espec\u00edfico.<\/p>\n<p><strong>Limpia<\/strong><br \/>\nTenga cuidado al limpiar el sacacorchos: \u00a1la punta est\u00e1 afilada!<br \/>\nLimpie el sacacorchos de vez en cuando con un pa\u00f1o h\u00famedo o con agua tibia y jab\u00f3n.<br \/>\nDespu\u00e9s de lavarla, s\u00e9cala bien y gu\u00e1rdala en un lugar seco.<\/p>\n<p><strong>Utilice<\/strong><br \/>\nRetire la c\u00e1psula que cubre el corcho y compruebe que el cuello y el borde de la botella no presentan astillas ni grietas.<br \/>\nPara abrir la botella, col\u00f3quela sobre una superficie firme y plana.<br \/>\nTenga cuidado al abrirlo: \u00a1la punta del sacacorchos est\u00e1 afilada! Antes de abrir, compruebe que el sacacorchos se apoya firmemente en el cuello de la botella.<br \/>\n\u00bfNecesita sustituir una espiral desgastada? Desenrosque la tapa protectora cromada, retire la espiral vieja, luego inserte la nueva espiral y vuelva a colocar la tapa protectora. Consulte siempre las instrucciones del modelo espec\u00edfico antes de empezar.<\/p>\n","protected":false},"excerpt":{"rendered":"<p>Rel\u00e1jese y disfrute de su copa de vino en un abrir y cerrar de ojos. El cortador de l\u00e1minas hace<\/p>\n","protected":false},"featured_media":205637,"template":"","meta":{"_acf_changed":false,"inline_featured_image":false},"product_cat":[16053,16027,16051],"product_tag":[25090,21203,21202,16886,21333,21204,16247,21205,16246,25023,16887,23684],"acf":[],"yoast_head":"<!-- This site is optimized with the Yoast SEO Premium plugin v18.6 (Yoast SEO v19.13) - https:\/\/yoast.com\/wordpress\/plugins\/seo\/ -->\n<title>LE CREUSET Sacacorchos GS-300 con cortador de c\u00e1psulas Negro - Erresse Shop<\/title>\n<meta name=\"description\" content=\"Rel\u00e1jese y disfrute de su copa de vino en un abrir y cerrar de ojos. El cortador de l\u00e1minas hace su trabajo con un simple giro de mu\u00f1eca, mientras que el\" \/>\n<meta name=\"robots\" content=\"index, follow, max-snippet:-1, max-image-preview:large, max-video-preview:-1\" \/>\n<link rel=\"canonical\" href=\"https:\/\/www.erresse-shop.it\/es\/shop\/tabla\/vino\/sacacorchos\/le-creuset-sacacorchos-gs-300-con-cortador-de-capsulas-negro\/\" \/>\n<meta property=\"og:locale\" content=\"es_ES\" \/>\n<meta property=\"og:type\" content=\"article\" \/>\n<meta property=\"og:title\" content=\"LE CREUSET Sacacorchos GS-300 con cortador de c\u00e1psulas Negro\" \/>\n<meta property=\"og:description\" content=\"Rel\u00e1jese y disfrute de su copa de vino en un abrir y cerrar de ojos. El cortador de l\u00e1minas hace su trabajo con un simple giro de mu\u00f1eca, mientras que el\" \/>\n<meta property=\"og:url\" content=\"https:\/\/www.erresse-shop.it\/es\/shop\/tabla\/vino\/sacacorchos\/le-creuset-sacacorchos-gs-300-con-cortador-de-capsulas-negro\/\" \/>\n<meta property=\"og:site_name\" content=\"Erresse Shop\" \/>\n<meta property=\"article:modified_time\" content=\"2022-11-14T08:18:54+00:00\" \/>\n<meta property=\"og:image\" content=\"https:\/\/www.erresse-shop.it\/wp-content\/uploads\/2022\/11\/Le-Creuset-apribottiglie-GS-300-nero.jpg\" \/>\n\t<meta property=\"og:image:width\" content=\"800\" \/>\n\t<meta property=\"og:image:height\" content=\"800\" \/>\n\t<meta property=\"og:image:type\" content=\"image\/jpeg\" \/>\n<meta name=\"twitter:card\" content=\"summary_large_image\" \/>\n<script type=\"application\/ld+json\" class=\"yoast-schema-graph\">{\"@context\":\"https:\/\/schema.org\",\"@graph\":[{\"@type\":\"WebPage\",\"@id\":\"https:\/\/www.erresse-shop.it\/es\/shop\/tabla\/vino\/sacacorchos\/le-creuset-sacacorchos-gs-300-con-cortador-de-capsulas-negro\/\",\"url\":\"https:\/\/www.erresse-shop.it\/es\/shop\/tabla\/vino\/sacacorchos\/le-creuset-sacacorchos-gs-300-con-cortador-de-capsulas-negro\/\",\"name\":\"LE CREUSET Sacacorchos GS-300 con cortador de c\u00e1psulas Negro - Erresse Shop\",\"isPartOf\":{\"@id\":\"https:\/\/www.erresse-shop.it\/es\/#website\"},\"datePublished\":\"2022-11-14T07:46:07+00:00\",\"dateModified\":\"2022-11-14T08:18:54+00:00\",\"description\":\"Rel\u00e1jese y disfrute de su copa de vino en un abrir y cerrar de ojos. El cortador de l\u00e1minas hace su trabajo con un simple giro de mu\u00f1eca, mientras que el\",\"breadcrumb\":{\"@id\":\"https:\/\/www.erresse-shop.it\/es\/shop\/tabla\/vino\/sacacorchos\/le-creuset-sacacorchos-gs-300-con-cortador-de-capsulas-negro\/#breadcrumb\"},\"inLanguage\":\"es\",\"potentialAction\":[{\"@type\":\"ReadAction\",\"target\":[\"https:\/\/www.erresse-shop.it\/es\/shop\/tabla\/vino\/sacacorchos\/le-creuset-sacacorchos-gs-300-con-cortador-de-capsulas-negro\/\"]}]},{\"@type\":\"BreadcrumbList\",\"@id\":\"https:\/\/www.erresse-shop.it\/es\/shop\/tabla\/vino\/sacacorchos\/le-creuset-sacacorchos-gs-300-con-cortador-de-capsulas-negro\/#breadcrumb\",\"itemListElement\":[{\"@type\":\"ListItem\",\"position\":1,\"name\":\"Home\",\"item\":\"https:\/\/www.erresse-shop.it\/es\/\"},{\"@type\":\"ListItem\",\"position\":2,\"name\":\"Shop\",\"item\":\"https:\/\/www.erresse-shop.it\/es\/shop\/\"},{\"@type\":\"ListItem\",\"position\":3,\"name\":\"LE CREUSET Sacacorchos GS-300 con cortador de c\u00e1psulas Negro\"}]},{\"@type\":\"WebSite\",\"@id\":\"https:\/\/www.erresse-shop.it\/es\/#website\",\"url\":\"https:\/\/www.erresse-shop.it\/es\/\",\"name\":\"Erresse Shop\",\"description\":\"Articoli di qualit\u00e0 per la casa\",\"potentialAction\":[{\"@type\":\"SearchAction\",\"target\":{\"@type\":\"EntryPoint\",\"urlTemplate\":\"https:\/\/www.erresse-shop.it\/es\/?s={search_term_string}\"},\"query-input\":\"required name=search_term_string\"}],\"inLanguage\":\"es\"}]}<\/script>\n<!-- \/ Yoast SEO Premium plugin. -->","yoast_head_json":{"title":"LE CREUSET Sacacorchos GS-300 con cortador de c\u00e1psulas Negro - Erresse Shop","description":"Rel\u00e1jese y disfrute de su copa de vino en un abrir y cerrar de ojos. El cortador de l\u00e1minas hace su trabajo con un simple giro de mu\u00f1eca, mientras que el","robots":{"index":"index","follow":"follow","max-snippet":"max-snippet:-1","max-image-preview":"max-image-preview:large","max-video-preview":"max-video-preview:-1"},"canonical":"https:\/\/www.erresse-shop.it\/es\/shop\/tabla\/vino\/sacacorchos\/le-creuset-sacacorchos-gs-300-con-cortador-de-capsulas-negro\/","og_locale":"es_ES","og_type":"article","og_title":"LE CREUSET Sacacorchos GS-300 con cortador de c\u00e1psulas Negro","og_description":"Rel\u00e1jese y disfrute de su copa de vino en un abrir y cerrar de ojos. El cortador de l\u00e1minas hace su trabajo con un simple giro de mu\u00f1eca, mientras que el","og_url":"https:\/\/www.erresse-shop.it\/es\/shop\/tabla\/vino\/sacacorchos\/le-creuset-sacacorchos-gs-300-con-cortador-de-capsulas-negro\/","og_site_name":"Erresse Shop","article_modified_time":"2022-11-14T08:18:54+00:00","og_image":[{"width":800,"height":800,"url":"https:\/\/www.erresse-shop.it\/wp-content\/uploads\/2022\/11\/Le-Creuset-apribottiglie-GS-300-nero.jpg","type":"image\/jpeg"}],"twitter_card":"summary_large_image","schema":{"@context":"https:\/\/schema.org","@graph":[{"@type":"WebPage","@id":"https:\/\/www.erresse-shop.it\/es\/shop\/tabla\/vino\/sacacorchos\/le-creuset-sacacorchos-gs-300-con-cortador-de-capsulas-negro\/","url":"https:\/\/www.erresse-shop.it\/es\/shop\/tabla\/vino\/sacacorchos\/le-creuset-sacacorchos-gs-300-con-cortador-de-capsulas-negro\/","name":"LE CREUSET Sacacorchos GS-300 con cortador de c\u00e1psulas Negro - Erresse Shop","isPartOf":{"@id":"https:\/\/www.erresse-shop.it\/es\/#website"},"datePublished":"2022-11-14T07:46:07+00:00","dateModified":"2022-11-14T08:18:54+00:00","description":"Rel\u00e1jese y disfrute de su copa de vino en un abrir y cerrar de ojos. El cortador de l\u00e1minas hace su trabajo con un simple giro de mu\u00f1eca, mientras que el","breadcrumb":{"@id":"https:\/\/www.erresse-shop.it\/es\/shop\/tabla\/vino\/sacacorchos\/le-creuset-sacacorchos-gs-300-con-cortador-de-capsulas-negro\/#breadcrumb"},"inLanguage":"es","potentialAction":[{"@type":"ReadAction","target":["https:\/\/www.erresse-shop.it\/es\/shop\/tabla\/vino\/sacacorchos\/le-creuset-sacacorchos-gs-300-con-cortador-de-capsulas-negro\/"]}]},{"@type":"BreadcrumbList","@id":"https:\/\/www.erresse-shop.it\/es\/shop\/tabla\/vino\/sacacorchos\/le-creuset-sacacorchos-gs-300-con-cortador-de-capsulas-negro\/#breadcrumb","itemListElement":[{"@type":"ListItem","position":1,"name":"Home","item":"https:\/\/www.erresse-shop.it\/es\/"},{"@type":"ListItem","position":2,"name":"Shop","item":"https:\/\/www.erresse-shop.it\/es\/shop\/"},{"@type":"ListItem","position":3,"name":"LE CREUSET Sacacorchos GS-300 con cortador de c\u00e1psulas Negro"}]},{"@type":"WebSite","@id":"https:\/\/www.erresse-shop.it\/es\/#website","url":"https:\/\/www.erresse-shop.it\/es\/","name":"Erresse Shop","description":"Articoli di qualit\u00e0 per la casa","potentialAction":[{"@type":"SearchAction","target":{"@type":"EntryPoint","urlTemplate":"https:\/\/www.erresse-shop.it\/es\/?s={search_term_string}"},"query-input":"required name=search_term_string"}],"inLanguage":"es"}]}},"df_price":69.95,"df_sale_price":69.95,"df_regular_price":109,"df_image_link":"https:\/\/www.erresse-shop.it\/wp-content\/uploads\/2022\/11\/Le-Creuset-apribottiglie-GS-300-nero-300x300.jpg","_links":{"self":[{"href":"https:\/\/www.erresse-shop.it\/es\/wp-json\/wp\/v2\/product\/205582"}],"collection":[{"href":"https:\/\/www.erresse-shop.it\/es\/wp-json\/wp\/v2\/product"}],"about":[{"href":"https:\/\/www.erresse-shop.it\/es\/wp-json\/wp\/v2\/types\/product"}],"wp:featuredmedia":[{"embeddable":true,"href":"https:\/\/www.erresse-shop.it\/es\/wp-json\/wp\/v2\/media\/205637"}],"wp:attachment":[{"href":"https:\/\/www.erresse-shop.it\/es\/wp-json\/wp\/v2\/media?parent=205582"}],"wp:term":[{"taxonomy":"product_cat","embeddable":true,"href":"https:\/\/www.erresse-shop.it\/es\/wp-json\/wp\/v2\/product_cat?post=205582"},{"taxonomy":"product_tag","embeddable":true,"href":"https:\/\/www.erresse-shop.it\/es\/wp-json\/wp\/v2\/product_tag?post=205582"}],"curies":[{"name":"wp","href":"https:\/\/api.w.org\/{rel}","templated":true}]}}