{"id":204507,"date":"2022-11-09T15:31:30","date_gmt":"2022-11-09T15:31:38","guid":{"rendered":"https:\/\/www.erresse-shop.it\/?post_type=product&#038;p=204507"},"modified":"2022-11-09T16:01:17","modified_gmt":"2022-11-09T16:01:17","slug":"le-creuset-sacorchos-gaia-lm-150-negro","status":"publish","type":"product","link":"https:\/\/www.erresse-shop.it\/es\/shop\/tabla\/vino\/sacacorchos\/le-creuset-sacorchos-gaia-lm-150-negro\/","title":{"rendered":"LE CREUSET Sacorchos Gaia LM-150 Negro"},"content":{"rendered":"<p>\u00bfEs hora de tomar una copa de vino? Este pr\u00e1ctico abridor de botellas resolver\u00e1 cualquier problema. Elegante y f\u00e1cil de usar, extrae todo tipo de tapones, incluso los sint\u00e9ticos, liber\u00e1ndolos con un simple movimiento hacia arriba y hacia abajo. Col\u00f3calo en la mesa del comedor al alcance de tus invitados. Despu\u00e9s de todo, un elemento de informalidad puede hacer que una reuni\u00f3n sea a\u00fan m\u00e1s memorable.<\/p>\n<p><strong>Detalles<\/strong><br \/>\nLo mejor de su clase: nuestros productos se elaboran con los mejores materiales en f\u00e1bricas de todo el mundo para garantizar la calidad que usted espera de Le Creuset.<\/p>\n<p><strong>Material termopl\u00e1stico<\/strong><br \/>\nFabricado en China<br \/>\n<strong>5 a\u00f1os de garant\u00eda<\/strong><\/p>\n<p><strong>Dimensiones<\/strong><br \/>\nLongitud: 19 cm<br \/>\nAnchura: 11,6 cm<br \/>\nAltura: 4 cm<\/p>\n<p><strong>Recomendaciones de uso<\/strong><br \/>\n<strong>Antes del primer uso<\/strong><br \/>\nAntes de utilizar sus accesorios para el vino por primera vez, consulte siempre las instrucciones de uso de su modelo espec\u00edfico.<\/p>\n<p><strong>Limpia<\/strong><br \/>\nTenga cuidado al limpiar el sacacorchos: \u00a1la punta est\u00e1 afilada!<br \/>\nDe vez en cuando, limpie el sacacorchos con un pa\u00f1o h\u00famedo o con agua tibia y jab\u00f3n.<br \/>\nTras el lavado, secar bien el producto y guardarlo en un lugar seco.<\/p>\n<p><strong>Utilice<\/strong><br \/>\nRetire cualquier c\u00e1psula que cubra el corcho y compruebe que el cuello y el borde de la botella no presentan astillas ni grietas.<br \/>\nPara abrirla, coloque la botella sobre una superficie firme y plana.<br \/>\nTenga cuidado al abrirlo: \u00a1la punta del sacacorchos est\u00e1 afilada! Antes de abrir, aseg\u00farese de que el sacacorchos se apoya firmemente en el cuello de la botella.<br \/>\n\u00bfNecesita sustituir una espiral desgastada?<br \/>\nDesenrosque la tapa protectora cromada, retire la espiral vieja, luego inserte la nueva espiral y vuelva a colocar la tapa protectora. Antes de empezar, consulte siempre las instrucciones de su modelo espec\u00edfico.<\/p>\n","protected":false},"excerpt":{"rendered":"<p>\u00bfEs hora de tomar una copa de vino? Este pr\u00e1ctico abridor de botellas resolver\u00e1 cualquier problema. Elegante y f\u00e1cil de<\/p>\n","protected":false},"featured_media":204531,"template":"","meta":{"_acf_changed":false,"inline_featured_image":false},"product_cat":[16053,16027,16051],"product_tag":[25090,21203,21202,16886,21333,21204,16247,21205,16246,25023,16887,23684],"acf":[],"yoast_head":"<!-- This site is optimized with the Yoast SEO Premium plugin v18.6 (Yoast SEO v19.13) - https:\/\/yoast.com\/wordpress\/plugins\/seo\/ -->\n<title>LE CREUSET Sacorchos Gaia LM-150 Negro - Erresse Shop<\/title>\n<meta name=\"description\" content=\"\u00bfEs hora de tomar una copa de vino? Este pr\u00e1ctico abridor de botellas resolver\u00e1 cualquier problema. Elegante y f\u00e1cil de usar, extrae todo tipo de tapones,\" \/>\n<meta name=\"robots\" content=\"index, follow, max-snippet:-1, max-image-preview:large, max-video-preview:-1\" \/>\n<link rel=\"canonical\" href=\"https:\/\/www.erresse-shop.it\/es\/shop\/tabla\/vino\/sacacorchos\/le-creuset-sacorchos-gaia-lm-150-negro\/\" \/>\n<meta property=\"og:locale\" content=\"es_ES\" \/>\n<meta property=\"og:type\" content=\"article\" \/>\n<meta property=\"og:title\" content=\"LE CREUSET Sacorchos Gaia LM-150 Negro\" \/>\n<meta property=\"og:description\" content=\"\u00bfEs hora de tomar una copa de vino? Este pr\u00e1ctico abridor de botellas resolver\u00e1 cualquier problema. Elegante y f\u00e1cil de usar, extrae todo tipo de tapones,\" \/>\n<meta property=\"og:url\" content=\"https:\/\/www.erresse-shop.it\/es\/shop\/tabla\/vino\/sacacorchos\/le-creuset-sacorchos-gaia-lm-150-negro\/\" \/>\n<meta property=\"og:site_name\" content=\"Erresse Shop\" \/>\n<meta property=\"article:modified_time\" content=\"2022-11-09T16:01:17+00:00\" \/>\n<meta property=\"og:image\" content=\"https:\/\/www.erresse-shop.it\/wp-content\/uploads\/2022\/11\/Le-Creuset-apribottiglie-Gaia7.jpg\" \/>\n\t<meta property=\"og:image:width\" content=\"800\" \/>\n\t<meta property=\"og:image:height\" content=\"800\" \/>\n\t<meta property=\"og:image:type\" content=\"image\/jpeg\" \/>\n<meta name=\"twitter:card\" content=\"summary_large_image\" \/>\n<script type=\"application\/ld+json\" class=\"yoast-schema-graph\">{\"@context\":\"https:\/\/schema.org\",\"@graph\":[{\"@type\":\"WebPage\",\"@id\":\"https:\/\/www.erresse-shop.it\/es\/shop\/tabla\/vino\/sacacorchos\/le-creuset-sacorchos-gaia-lm-150-negro\/\",\"url\":\"https:\/\/www.erresse-shop.it\/es\/shop\/tabla\/vino\/sacacorchos\/le-creuset-sacorchos-gaia-lm-150-negro\/\",\"name\":\"LE CREUSET Sacorchos Gaia LM-150 Negro - Erresse Shop\",\"isPartOf\":{\"@id\":\"https:\/\/www.erresse-shop.it\/es\/#website\"},\"datePublished\":\"2022-11-09T15:31:38+00:00\",\"dateModified\":\"2022-11-09T16:01:17+00:00\",\"description\":\"\u00bfEs hora de tomar una copa de vino? Este pr\u00e1ctico abridor de botellas resolver\u00e1 cualquier problema. Elegante y f\u00e1cil de usar, extrae todo tipo de tapones,\",\"breadcrumb\":{\"@id\":\"https:\/\/www.erresse-shop.it\/es\/shop\/tabla\/vino\/sacacorchos\/le-creuset-sacorchos-gaia-lm-150-negro\/#breadcrumb\"},\"inLanguage\":\"es\",\"potentialAction\":[{\"@type\":\"ReadAction\",\"target\":[\"https:\/\/www.erresse-shop.it\/es\/shop\/tabla\/vino\/sacacorchos\/le-creuset-sacorchos-gaia-lm-150-negro\/\"]}]},{\"@type\":\"BreadcrumbList\",\"@id\":\"https:\/\/www.erresse-shop.it\/es\/shop\/tabla\/vino\/sacacorchos\/le-creuset-sacorchos-gaia-lm-150-negro\/#breadcrumb\",\"itemListElement\":[{\"@type\":\"ListItem\",\"position\":1,\"name\":\"Home\",\"item\":\"https:\/\/www.erresse-shop.it\/es\/\"},{\"@type\":\"ListItem\",\"position\":2,\"name\":\"Shop\",\"item\":\"https:\/\/www.erresse-shop.it\/es\/shop\/\"},{\"@type\":\"ListItem\",\"position\":3,\"name\":\"LE CREUSET Sacorchos Gaia LM-150 Negro\"}]},{\"@type\":\"WebSite\",\"@id\":\"https:\/\/www.erresse-shop.it\/es\/#website\",\"url\":\"https:\/\/www.erresse-shop.it\/es\/\",\"name\":\"Erresse Shop\",\"description\":\"Articoli di qualit\u00e0 per la casa\",\"potentialAction\":[{\"@type\":\"SearchAction\",\"target\":{\"@type\":\"EntryPoint\",\"urlTemplate\":\"https:\/\/www.erresse-shop.it\/es\/?s={search_term_string}\"},\"query-input\":\"required name=search_term_string\"}],\"inLanguage\":\"es\"}]}<\/script>\n<!-- \/ Yoast SEO Premium plugin. -->","yoast_head_json":{"title":"LE CREUSET Sacorchos Gaia LM-150 Negro - Erresse Shop","description":"\u00bfEs hora de tomar una copa de vino? Este pr\u00e1ctico abridor de botellas resolver\u00e1 cualquier problema. Elegante y f\u00e1cil de usar, extrae todo tipo de tapones,","robots":{"index":"index","follow":"follow","max-snippet":"max-snippet:-1","max-image-preview":"max-image-preview:large","max-video-preview":"max-video-preview:-1"},"canonical":"https:\/\/www.erresse-shop.it\/es\/shop\/tabla\/vino\/sacacorchos\/le-creuset-sacorchos-gaia-lm-150-negro\/","og_locale":"es_ES","og_type":"article","og_title":"LE CREUSET Sacorchos Gaia LM-150 Negro","og_description":"\u00bfEs hora de tomar una copa de vino? Este pr\u00e1ctico abridor de botellas resolver\u00e1 cualquier problema. Elegante y f\u00e1cil de usar, extrae todo tipo de tapones,","og_url":"https:\/\/www.erresse-shop.it\/es\/shop\/tabla\/vino\/sacacorchos\/le-creuset-sacorchos-gaia-lm-150-negro\/","og_site_name":"Erresse Shop","article_modified_time":"2022-11-09T16:01:17+00:00","og_image":[{"width":800,"height":800,"url":"https:\/\/www.erresse-shop.it\/wp-content\/uploads\/2022\/11\/Le-Creuset-apribottiglie-Gaia7.jpg","type":"image\/jpeg"}],"twitter_card":"summary_large_image","schema":{"@context":"https:\/\/schema.org","@graph":[{"@type":"WebPage","@id":"https:\/\/www.erresse-shop.it\/es\/shop\/tabla\/vino\/sacacorchos\/le-creuset-sacorchos-gaia-lm-150-negro\/","url":"https:\/\/www.erresse-shop.it\/es\/shop\/tabla\/vino\/sacacorchos\/le-creuset-sacorchos-gaia-lm-150-negro\/","name":"LE CREUSET Sacorchos Gaia LM-150 Negro - Erresse Shop","isPartOf":{"@id":"https:\/\/www.erresse-shop.it\/es\/#website"},"datePublished":"2022-11-09T15:31:38+00:00","dateModified":"2022-11-09T16:01:17+00:00","description":"\u00bfEs hora de tomar una copa de vino? Este pr\u00e1ctico abridor de botellas resolver\u00e1 cualquier problema. Elegante y f\u00e1cil de usar, extrae todo tipo de tapones,","breadcrumb":{"@id":"https:\/\/www.erresse-shop.it\/es\/shop\/tabla\/vino\/sacacorchos\/le-creuset-sacorchos-gaia-lm-150-negro\/#breadcrumb"},"inLanguage":"es","potentialAction":[{"@type":"ReadAction","target":["https:\/\/www.erresse-shop.it\/es\/shop\/tabla\/vino\/sacacorchos\/le-creuset-sacorchos-gaia-lm-150-negro\/"]}]},{"@type":"BreadcrumbList","@id":"https:\/\/www.erresse-shop.it\/es\/shop\/tabla\/vino\/sacacorchos\/le-creuset-sacorchos-gaia-lm-150-negro\/#breadcrumb","itemListElement":[{"@type":"ListItem","position":1,"name":"Home","item":"https:\/\/www.erresse-shop.it\/es\/"},{"@type":"ListItem","position":2,"name":"Shop","item":"https:\/\/www.erresse-shop.it\/es\/shop\/"},{"@type":"ListItem","position":3,"name":"LE CREUSET Sacorchos Gaia LM-150 Negro"}]},{"@type":"WebSite","@id":"https:\/\/www.erresse-shop.it\/es\/#website","url":"https:\/\/www.erresse-shop.it\/es\/","name":"Erresse Shop","description":"Articoli di qualit\u00e0 per la casa","potentialAction":[{"@type":"SearchAction","target":{"@type":"EntryPoint","urlTemplate":"https:\/\/www.erresse-shop.it\/es\/?s={search_term_string}"},"query-input":"required name=search_term_string"}],"inLanguage":"es"}]}},"df_price":69,"df_sale_price":69,"df_regular_price":119,"df_image_link":"https:\/\/www.erresse-shop.it\/wp-content\/uploads\/2022\/11\/Le-Creuset-apribottiglie-Gaia7-300x300.jpg","_links":{"self":[{"href":"https:\/\/www.erresse-shop.it\/es\/wp-json\/wp\/v2\/product\/204507"}],"collection":[{"href":"https:\/\/www.erresse-shop.it\/es\/wp-json\/wp\/v2\/product"}],"about":[{"href":"https:\/\/www.erresse-shop.it\/es\/wp-json\/wp\/v2\/types\/product"}],"wp:featuredmedia":[{"embeddable":true,"href":"https:\/\/www.erresse-shop.it\/es\/wp-json\/wp\/v2\/media\/204531"}],"wp:attachment":[{"href":"https:\/\/www.erresse-shop.it\/es\/wp-json\/wp\/v2\/media?parent=204507"}],"wp:term":[{"taxonomy":"product_cat","embeddable":true,"href":"https:\/\/www.erresse-shop.it\/es\/wp-json\/wp\/v2\/product_cat?post=204507"},{"taxonomy":"product_tag","embeddable":true,"href":"https:\/\/www.erresse-shop.it\/es\/wp-json\/wp\/v2\/product_tag?post=204507"}],"curies":[{"name":"wp","href":"https:\/\/api.w.org\/{rel}","templated":true}]}}