{"id":204424,"date":"2022-11-09T14:29:27","date_gmt":"2022-11-09T14:29:34","guid":{"rendered":"https:\/\/www.erresse-shop.it\/?post_type=product&#038;p=204424"},"modified":"2022-11-09T14:42:57","modified_gmt":"2022-11-09T14:42:57","slug":"le-creuset-tetera-zen-cereza","status":"publish","type":"product","link":"https:\/\/www.erresse-shop.it\/es\/shop\/cocina\/hervidores\/le-creuset-tetera-zen-cereza\/","title":{"rendered":"LE CREUSET Tetera Zen Cereza"},"content":{"rendered":"<p><strong>\u00bfUn caf\u00e9?<\/strong><br \/>\nEl ritual del t\u00e9 o el caf\u00e9 es indispensable para empezar bien el d\u00eda. Prep\u00e1relo con estilo con este hervidor de inspiraci\u00f3n oriental con un v\u00edvido acabado esmaltado. Es perfecto para llevar el agua a ebullici\u00f3n para preparar t\u00e9, caf\u00e9 e infusiones.<\/p>\n<p><strong>Detalles del Producto<\/strong><br \/>\n<strong>Caracter\u00edsticas<\/strong><br \/>\nLos colores del arco\u00edris: nuestra gama, disponible en varios colores, alegrar\u00e1 tu cocina con llamativos tonos.<br \/>\nEficiencia avanzada: nuestras teteras incorporan una base ancha para permitir un calentamiento m\u00e1s eficiente.<br \/>\nLos mejores de su categor\u00eda: nuestros productos se fabrican con los mejores materiales en instalaciones de todo el mundo para garantizar la calidad que esperas de Le Creuset.<br \/>\nAsa plegable: el asa plegable facilita el llenado del hervidor. Tambi\u00e9n ayuda a guardarlo c\u00f3modamente.<\/p>\n<p><strong>Material:<\/strong> Acero al Carbono Esmaltado<br \/>\n<strong>Fabricado en:<\/strong> Tailandia<br \/>\n<strong>Garant\u00eda:<\/strong> 5 A\u00f1os<\/p>\n<p><strong>Fuente de Calor<\/strong><br \/>\nPlaca el\u00e9ctrica<br \/>\nVitrocer\u00e1mica<br \/>\nGas<br \/>\nPlaca de inducci\u00f3n<\/p>\n<p><strong>Dimensiones<\/strong><br \/>\nCapacidad: 1,5 L<br \/>\nLongitud: 26,8 cm<br \/>\nAnchura: 22 cm<br \/>\nAltura: 20,3 cm<\/p>\n<p><strong>Usos y Cuidados<\/strong><br \/>\n<strong>Antes de empezar a utilizar<\/strong><br \/>\n\u00a1Disfruta desempaquetando tu nueva adquisici\u00f3n! (Y aseg\u00farate de retirar todas las etiquetas y envoltorios).<br \/>\nLava tu producto Le Creuset con agua caliente y jab\u00f3n, acl\u00e1ralo y s\u00e9calo bien.<br \/>\nAntes de usar la tetera por primera vez, retira la tapa, llena el recipiente con agua limpia, hi\u00e9rvela y, a continuaci\u00f3n, des\u00e9chala.<br \/>\nNo la llenes por encima de la marca.<\/p>\n<p><strong>Cocinando<\/strong><br \/>\nSi usas una placa de inducci\u00f3n, evita la funci\u00f3n \u201cbooster\u201d, que solo debe usarse para calentar r\u00e1pidamente grandes vol\u00famenes de agua.<br \/>\nLevanta la tapa para moverla o cambiarla de lugar en vez de deslizarla para evitar da\u00f1ar tanto su base como la de la superficie donde repose.<br \/>\nNunca deslices el producto sobre unos fogones\/una placa con cubierta de cristal, ya que podr\u00edas da\u00f1ar tanto el producto como el cristal. En su lugar, levanta siempre el producto para ponerlo y quitarlo o cambiarlo de lugar.<br \/>\nCuando est\u00e9 caliente, p\u00f3sala \u00fanicamente sobre superficies resistentes al calor.<\/p>\n<p><strong>Limpieza<\/strong><br \/>\nLimpia la tetera tras cada uso: l\u00e1vala a mano con un jab\u00f3n neutro. No utilices estropajos ni detergentes abrasivos, ya que podr\u00edan da\u00f1ar la superficie. \u00bfHas terminado? Seca bien la tetera para evitar que se formen dep\u00f3sitos de cal.<br \/>\nNo dejes agua en el interior de la tetera si no est\u00e1 en uso.<br \/>\nPara eliminar los dep\u00f3sitos de cal, llena la tetera hasta el nivel m\u00e1ximo con una mezcla de agua y vinagre blanco al 50 % y cali\u00e9ntala a fuego lento durante 20 minutos. Si los dep\u00f3sitos persisten, usa un producto antical suave.<br \/>\nS\u00e9calo bien tras el lavado y gu\u00e1rdalo en un lugar seco.<\/p>\n<p><strong>Usos<\/strong><br \/>\nUtiliza el producto sobre el fog\u00f3n del tama\u00f1o m\u00e1s adecuado para evitar que se da\u00f1e o sobrecaliente.<br \/>\nEn el caso de placas vitrocer\u00e1micas o de inducci\u00f3n, no utilices la funci\u00f3n de apagado autom\u00e1tico. Si falla, el agua de la tetera podr\u00eda evaporarse completamente y causar da\u00f1os por sobrecalentamiento.<br \/>\nSi el asa de tu tetera es plegable, aseg\u00farate de colocarla firmemente en posici\u00f3n vertical antes de poner la tetera sobre una fuente de calor para evitar su posible sobrecalentamiento.<br \/>\nCierra la tapa bien para proteger el asa del vapor.<br \/>\nAseg\u00farate siempre de que la boquilla y las muescas de la tapa no apunten directamente hacia ti u otras personas.<br \/>\nNo permitas que el contenido de la tetera hierva hasta evaporarse, ya que se producir\u00e1 un sobrecalentamiento r\u00e1pido.<br \/>\nRecuerda apagar la fuente de calor en cuanto el agua comience a hervir y retirar la tetera de dicha fuente de calor.<br \/>\n\u00bfHas hervido agua? Espera de 10 a 15 segundos antes retirar la tetera de la fuente de calor y, a continuaci\u00f3n, vi\u00e9rtela. Nunca pongas la tetera bocabajo. Aseg\u00farate de que el pomo de la tapa est\u00e9 bien apretado.<br \/>\nDeja que la tetera se enfr\u00ede del todo antes de volver a llenarla de agua fr\u00eda.<\/p>\n","protected":false},"excerpt":{"rendered":"<p>\u00bfUn caf\u00e9? El ritual del t\u00e9 o el caf\u00e9 es indispensable para empezar bien el d\u00eda. Prep\u00e1relo con estilo con<\/p>\n","protected":false},"featured_media":204442,"template":"","meta":{"_acf_changed":false,"inline_featured_image":false},"product_cat":[16040,21075],"product_tag":[21093,21333],"acf":[],"yoast_head":"<!-- This site is optimized with the Yoast SEO Premium plugin v18.6 (Yoast SEO v19.13) - https:\/\/yoast.com\/wordpress\/plugins\/seo\/ -->\n<title>LE CREUSET Tetera Zen Cereza - Erresse Shop<\/title>\n<meta name=\"description\" content=\"\u00bfUn caf\u00e9? El ritual del t\u00e9 o el caf\u00e9 es indispensable para empezar bien el d\u00eda. Prep\u00e1relo con estilo con este hervidor de inspiraci\u00f3n oriental con un\" \/>\n<meta name=\"robots\" content=\"index, follow, max-snippet:-1, max-image-preview:large, max-video-preview:-1\" \/>\n<link rel=\"canonical\" href=\"https:\/\/www.erresse-shop.it\/es\/shop\/cocina\/hervidores\/le-creuset-tetera-zen-cereza\/\" \/>\n<meta property=\"og:locale\" content=\"es_ES\" \/>\n<meta property=\"og:type\" content=\"article\" \/>\n<meta property=\"og:title\" content=\"LE CREUSET Tetera Zen Cereza\" \/>\n<meta property=\"og:description\" content=\"\u00bfUn caf\u00e9? El ritual del t\u00e9 o el caf\u00e9 es indispensable para empezar bien el d\u00eda. Prep\u00e1relo con estilo con este hervidor de inspiraci\u00f3n oriental con un\" \/>\n<meta property=\"og:url\" content=\"https:\/\/www.erresse-shop.it\/es\/shop\/cocina\/hervidores\/le-creuset-tetera-zen-cereza\/\" \/>\n<meta property=\"og:site_name\" content=\"Erresse Shop\" \/>\n<meta property=\"article:modified_time\" content=\"2022-11-09T14:42:57+00:00\" \/>\n<meta property=\"og:image\" content=\"https:\/\/www.erresse-shop.it\/wp-content\/uploads\/2022\/11\/Bollitore-Zen-Rosso.jpg\" \/>\n\t<meta property=\"og:image:width\" content=\"800\" \/>\n\t<meta property=\"og:image:height\" content=\"800\" \/>\n\t<meta property=\"og:image:type\" content=\"image\/jpeg\" \/>\n<meta name=\"twitter:card\" content=\"summary_large_image\" \/>\n<script type=\"application\/ld+json\" class=\"yoast-schema-graph\">{\"@context\":\"https:\/\/schema.org\",\"@graph\":[{\"@type\":\"WebPage\",\"@id\":\"https:\/\/www.erresse-shop.it\/es\/shop\/cocina\/hervidores\/le-creuset-tetera-zen-cereza\/\",\"url\":\"https:\/\/www.erresse-shop.it\/es\/shop\/cocina\/hervidores\/le-creuset-tetera-zen-cereza\/\",\"name\":\"LE CREUSET Tetera Zen Cereza - Erresse Shop\",\"isPartOf\":{\"@id\":\"https:\/\/www.erresse-shop.it\/es\/#website\"},\"datePublished\":\"2022-11-09T14:29:34+00:00\",\"dateModified\":\"2022-11-09T14:42:57+00:00\",\"description\":\"\u00bfUn caf\u00e9? El ritual del t\u00e9 o el caf\u00e9 es indispensable para empezar bien el d\u00eda. Prep\u00e1relo con estilo con este hervidor de inspiraci\u00f3n oriental con un\",\"breadcrumb\":{\"@id\":\"https:\/\/www.erresse-shop.it\/es\/shop\/cocina\/hervidores\/le-creuset-tetera-zen-cereza\/#breadcrumb\"},\"inLanguage\":\"es\",\"potentialAction\":[{\"@type\":\"ReadAction\",\"target\":[\"https:\/\/www.erresse-shop.it\/es\/shop\/cocina\/hervidores\/le-creuset-tetera-zen-cereza\/\"]}]},{\"@type\":\"BreadcrumbList\",\"@id\":\"https:\/\/www.erresse-shop.it\/es\/shop\/cocina\/hervidores\/le-creuset-tetera-zen-cereza\/#breadcrumb\",\"itemListElement\":[{\"@type\":\"ListItem\",\"position\":1,\"name\":\"Home\",\"item\":\"https:\/\/www.erresse-shop.it\/es\/\"},{\"@type\":\"ListItem\",\"position\":2,\"name\":\"Shop\",\"item\":\"https:\/\/www.erresse-shop.it\/es\/shop\/\"},{\"@type\":\"ListItem\",\"position\":3,\"name\":\"LE CREUSET Tetera Zen Cereza\"}]},{\"@type\":\"WebSite\",\"@id\":\"https:\/\/www.erresse-shop.it\/es\/#website\",\"url\":\"https:\/\/www.erresse-shop.it\/es\/\",\"name\":\"Erresse Shop\",\"description\":\"Articoli di qualit\u00e0 per la casa\",\"potentialAction\":[{\"@type\":\"SearchAction\",\"target\":{\"@type\":\"EntryPoint\",\"urlTemplate\":\"https:\/\/www.erresse-shop.it\/es\/?s={search_term_string}\"},\"query-input\":\"required name=search_term_string\"}],\"inLanguage\":\"es\"}]}<\/script>\n<!-- \/ Yoast SEO Premium plugin. -->","yoast_head_json":{"title":"LE CREUSET Tetera Zen Cereza - Erresse Shop","description":"\u00bfUn caf\u00e9? El ritual del t\u00e9 o el caf\u00e9 es indispensable para empezar bien el d\u00eda. Prep\u00e1relo con estilo con este hervidor de inspiraci\u00f3n oriental con un","robots":{"index":"index","follow":"follow","max-snippet":"max-snippet:-1","max-image-preview":"max-image-preview:large","max-video-preview":"max-video-preview:-1"},"canonical":"https:\/\/www.erresse-shop.it\/es\/shop\/cocina\/hervidores\/le-creuset-tetera-zen-cereza\/","og_locale":"es_ES","og_type":"article","og_title":"LE CREUSET Tetera Zen Cereza","og_description":"\u00bfUn caf\u00e9? El ritual del t\u00e9 o el caf\u00e9 es indispensable para empezar bien el d\u00eda. Prep\u00e1relo con estilo con este hervidor de inspiraci\u00f3n oriental con un","og_url":"https:\/\/www.erresse-shop.it\/es\/shop\/cocina\/hervidores\/le-creuset-tetera-zen-cereza\/","og_site_name":"Erresse Shop","article_modified_time":"2022-11-09T14:42:57+00:00","og_image":[{"width":800,"height":800,"url":"https:\/\/www.erresse-shop.it\/wp-content\/uploads\/2022\/11\/Bollitore-Zen-Rosso.jpg","type":"image\/jpeg"}],"twitter_card":"summary_large_image","schema":{"@context":"https:\/\/schema.org","@graph":[{"@type":"WebPage","@id":"https:\/\/www.erresse-shop.it\/es\/shop\/cocina\/hervidores\/le-creuset-tetera-zen-cereza\/","url":"https:\/\/www.erresse-shop.it\/es\/shop\/cocina\/hervidores\/le-creuset-tetera-zen-cereza\/","name":"LE CREUSET Tetera Zen Cereza - Erresse Shop","isPartOf":{"@id":"https:\/\/www.erresse-shop.it\/es\/#website"},"datePublished":"2022-11-09T14:29:34+00:00","dateModified":"2022-11-09T14:42:57+00:00","description":"\u00bfUn caf\u00e9? El ritual del t\u00e9 o el caf\u00e9 es indispensable para empezar bien el d\u00eda. Prep\u00e1relo con estilo con este hervidor de inspiraci\u00f3n oriental con un","breadcrumb":{"@id":"https:\/\/www.erresse-shop.it\/es\/shop\/cocina\/hervidores\/le-creuset-tetera-zen-cereza\/#breadcrumb"},"inLanguage":"es","potentialAction":[{"@type":"ReadAction","target":["https:\/\/www.erresse-shop.it\/es\/shop\/cocina\/hervidores\/le-creuset-tetera-zen-cereza\/"]}]},{"@type":"BreadcrumbList","@id":"https:\/\/www.erresse-shop.it\/es\/shop\/cocina\/hervidores\/le-creuset-tetera-zen-cereza\/#breadcrumb","itemListElement":[{"@type":"ListItem","position":1,"name":"Home","item":"https:\/\/www.erresse-shop.it\/es\/"},{"@type":"ListItem","position":2,"name":"Shop","item":"https:\/\/www.erresse-shop.it\/es\/shop\/"},{"@type":"ListItem","position":3,"name":"LE CREUSET Tetera Zen Cereza"}]},{"@type":"WebSite","@id":"https:\/\/www.erresse-shop.it\/es\/#website","url":"https:\/\/www.erresse-shop.it\/es\/","name":"Erresse Shop","description":"Articoli di qualit\u00e0 per la casa","potentialAction":[{"@type":"SearchAction","target":{"@type":"EntryPoint","urlTemplate":"https:\/\/www.erresse-shop.it\/es\/?s={search_term_string}"},"query-input":"required name=search_term_string"}],"inLanguage":"es"}]}},"df_price":51.75,"df_sale_price":51.75,"df_regular_price":115,"df_image_link":"https:\/\/www.erresse-shop.it\/wp-content\/uploads\/2022\/11\/Bollitore-Zen-Rosso-300x300.jpg","_links":{"self":[{"href":"https:\/\/www.erresse-shop.it\/es\/wp-json\/wp\/v2\/product\/204424"}],"collection":[{"href":"https:\/\/www.erresse-shop.it\/es\/wp-json\/wp\/v2\/product"}],"about":[{"href":"https:\/\/www.erresse-shop.it\/es\/wp-json\/wp\/v2\/types\/product"}],"wp:featuredmedia":[{"embeddable":true,"href":"https:\/\/www.erresse-shop.it\/es\/wp-json\/wp\/v2\/media\/204442"}],"wp:attachment":[{"href":"https:\/\/www.erresse-shop.it\/es\/wp-json\/wp\/v2\/media?parent=204424"}],"wp:term":[{"taxonomy":"product_cat","embeddable":true,"href":"https:\/\/www.erresse-shop.it\/es\/wp-json\/wp\/v2\/product_cat?post=204424"},{"taxonomy":"product_tag","embeddable":true,"href":"https:\/\/www.erresse-shop.it\/es\/wp-json\/wp\/v2\/product_tag?post=204424"}],"curies":[{"name":"wp","href":"https:\/\/api.w.org\/{rel}","templated":true}]}}