{"id":203450,"date":"2022-11-07T08:14:47","date_gmt":"2022-11-07T08:14:51","guid":{"rendered":"https:\/\/www.erresse-shop.it\/?post_type=product&#038;p=203450"},"modified":"2024-07-05T14:49:47","modified_gmt":"2024-07-05T14:49:47","slug":"zafferano-pi01500-botella-de-vidrio-borosilicato-tapa-blanca","status":"publish","type":"product","link":"https:\/\/www.erresse-shop.it\/es\/shop\/tabla\/jarras-garaffas-botellas\/zafferano-pi01500-botella-de-vidrio-borosilicato-tapa-blanca\/","title":{"rendered":"ZAFFERANO PI01500 Botella de vidrio borosilicato tapa blanca"},"content":{"rendered":"<p>Botella hecha a mano de vidrio de borosilicato resistente a los choques t\u00e9rmicos con tap\u00f3n de color. La botella Pirolo, con su elegante forma de l\u00e1grima y su tap\u00f3n de diferentes colores, es ideal para servir agua, vino y otras bebidas.<\/p>\n<p>El dise\u00f1o y la funcionalidad inspiran el trabajo de Federico de Majo. Sus creaciones van desde las l\u00edneas m\u00e1s tradicionales hasta otras de alto contenido t\u00e9cnico, donde se expresa el gusto por la innovaci\u00f3n y la investigaci\u00f3n de producto.<\/p>\n","protected":false},"excerpt":{"rendered":"<p>Botella hecha a mano de vidrio de borosilicato resistente a los choques t\u00e9rmicos con tap\u00f3n de color. La botella Pirolo,<\/p>\n","protected":false},"featured_media":203467,"template":"","meta":{"_acf_changed":false,"inline_featured_image":false},"product_cat":[16029,16027],"product_tag":[25029,23692,16303,16307,19403,16120,24605,25023,16308],"acf":[],"yoast_head":"<!-- This site is optimized with the Yoast SEO Premium plugin v18.6 (Yoast SEO v19.13) - https:\/\/yoast.com\/wordpress\/plugins\/seo\/ -->\n<title>ZAFFERANO PI01500 Botella de vidrio borosilicato tapa blanca - Erresse Shop<\/title>\n<meta name=\"description\" content=\"Botella hecha a mano de vidrio de borosilicato resistente a los choques t\u00e9rmicos con tap\u00f3n de color. La botella Pirolo, con su elegante forma de l\u00e1grima y\" \/>\n<meta name=\"robots\" content=\"index, follow, max-snippet:-1, max-image-preview:large, max-video-preview:-1\" \/>\n<link rel=\"canonical\" href=\"https:\/\/www.erresse-shop.it\/es\/shop\/tabla\/jarras-garaffas-botellas\/zafferano-pi01500-botella-de-vidrio-borosilicato-tapa-blanca\/\" \/>\n<meta property=\"og:locale\" content=\"es_ES\" \/>\n<meta property=\"og:type\" content=\"article\" \/>\n<meta property=\"og:title\" content=\"ZAFFERANO PI01500 Botella de vidrio borosilicato tapa blanca\" \/>\n<meta property=\"og:description\" content=\"Botella hecha a mano de vidrio de borosilicato resistente a los choques t\u00e9rmicos con tap\u00f3n de color. La botella Pirolo, con su elegante forma de l\u00e1grima y\" \/>\n<meta property=\"og:url\" content=\"https:\/\/www.erresse-shop.it\/es\/shop\/tabla\/jarras-garaffas-botellas\/zafferano-pi01500-botella-de-vidrio-borosilicato-tapa-blanca\/\" \/>\n<meta property=\"og:site_name\" content=\"Erresse Shop\" \/>\n<meta property=\"article:modified_time\" content=\"2024-07-05T14:49:47+00:00\" \/>\n<meta property=\"og:image\" content=\"https:\/\/www.erresse-shop.it\/wp-content\/uploads\/2022\/11\/ZAFFERANO-Bottiglia-tappo-bianco.jpg\" \/>\n\t<meta property=\"og:image:width\" content=\"800\" \/>\n\t<meta property=\"og:image:height\" content=\"800\" \/>\n\t<meta property=\"og:image:type\" content=\"image\/jpeg\" \/>\n<meta name=\"twitter:card\" content=\"summary_large_image\" \/>\n<script type=\"application\/ld+json\" class=\"yoast-schema-graph\">{\"@context\":\"https:\/\/schema.org\",\"@graph\":[{\"@type\":\"WebPage\",\"@id\":\"https:\/\/www.erresse-shop.it\/es\/shop\/tabla\/jarras-garaffas-botellas\/zafferano-pi01500-botella-de-vidrio-borosilicato-tapa-blanca\/\",\"url\":\"https:\/\/www.erresse-shop.it\/es\/shop\/tabla\/jarras-garaffas-botellas\/zafferano-pi01500-botella-de-vidrio-borosilicato-tapa-blanca\/\",\"name\":\"ZAFFERANO PI01500 Botella de vidrio borosilicato tapa blanca - Erresse Shop\",\"isPartOf\":{\"@id\":\"https:\/\/www.erresse-shop.it\/es\/#website\"},\"datePublished\":\"2022-11-07T08:14:51+00:00\",\"dateModified\":\"2024-07-05T14:49:47+00:00\",\"description\":\"Botella hecha a mano de vidrio de borosilicato resistente a los choques t\u00e9rmicos con tap\u00f3n de color. La botella Pirolo, con su elegante forma de l\u00e1grima y\",\"breadcrumb\":{\"@id\":\"https:\/\/www.erresse-shop.it\/es\/shop\/tabla\/jarras-garaffas-botellas\/zafferano-pi01500-botella-de-vidrio-borosilicato-tapa-blanca\/#breadcrumb\"},\"inLanguage\":\"es\",\"potentialAction\":[{\"@type\":\"ReadAction\",\"target\":[\"https:\/\/www.erresse-shop.it\/es\/shop\/tabla\/jarras-garaffas-botellas\/zafferano-pi01500-botella-de-vidrio-borosilicato-tapa-blanca\/\"]}]},{\"@type\":\"BreadcrumbList\",\"@id\":\"https:\/\/www.erresse-shop.it\/es\/shop\/tabla\/jarras-garaffas-botellas\/zafferano-pi01500-botella-de-vidrio-borosilicato-tapa-blanca\/#breadcrumb\",\"itemListElement\":[{\"@type\":\"ListItem\",\"position\":1,\"name\":\"Home\",\"item\":\"https:\/\/www.erresse-shop.it\/es\/\"},{\"@type\":\"ListItem\",\"position\":2,\"name\":\"Shop\",\"item\":\"https:\/\/www.erresse-shop.it\/es\/shop\/\"},{\"@type\":\"ListItem\",\"position\":3,\"name\":\"ZAFFERANO PI01500 Botella de vidrio borosilicato tapa blanca\"}]},{\"@type\":\"WebSite\",\"@id\":\"https:\/\/www.erresse-shop.it\/es\/#website\",\"url\":\"https:\/\/www.erresse-shop.it\/es\/\",\"name\":\"Erresse Shop\",\"description\":\"Articoli di qualit\u00e0 per la casa\",\"potentialAction\":[{\"@type\":\"SearchAction\",\"target\":{\"@type\":\"EntryPoint\",\"urlTemplate\":\"https:\/\/www.erresse-shop.it\/es\/?s={search_term_string}\"},\"query-input\":\"required name=search_term_string\"}],\"inLanguage\":\"es\"}]}<\/script>\n<!-- \/ Yoast SEO Premium plugin. -->","yoast_head_json":{"title":"ZAFFERANO PI01500 Botella de vidrio borosilicato tapa blanca - Erresse Shop","description":"Botella hecha a mano de vidrio de borosilicato resistente a los choques t\u00e9rmicos con tap\u00f3n de color. La botella Pirolo, con su elegante forma de l\u00e1grima y","robots":{"index":"index","follow":"follow","max-snippet":"max-snippet:-1","max-image-preview":"max-image-preview:large","max-video-preview":"max-video-preview:-1"},"canonical":"https:\/\/www.erresse-shop.it\/es\/shop\/tabla\/jarras-garaffas-botellas\/zafferano-pi01500-botella-de-vidrio-borosilicato-tapa-blanca\/","og_locale":"es_ES","og_type":"article","og_title":"ZAFFERANO PI01500 Botella de vidrio borosilicato tapa blanca","og_description":"Botella hecha a mano de vidrio de borosilicato resistente a los choques t\u00e9rmicos con tap\u00f3n de color. La botella Pirolo, con su elegante forma de l\u00e1grima y","og_url":"https:\/\/www.erresse-shop.it\/es\/shop\/tabla\/jarras-garaffas-botellas\/zafferano-pi01500-botella-de-vidrio-borosilicato-tapa-blanca\/","og_site_name":"Erresse Shop","article_modified_time":"2024-07-05T14:49:47+00:00","og_image":[{"width":800,"height":800,"url":"https:\/\/www.erresse-shop.it\/wp-content\/uploads\/2022\/11\/ZAFFERANO-Bottiglia-tappo-bianco.jpg","type":"image\/jpeg"}],"twitter_card":"summary_large_image","schema":{"@context":"https:\/\/schema.org","@graph":[{"@type":"WebPage","@id":"https:\/\/www.erresse-shop.it\/es\/shop\/tabla\/jarras-garaffas-botellas\/zafferano-pi01500-botella-de-vidrio-borosilicato-tapa-blanca\/","url":"https:\/\/www.erresse-shop.it\/es\/shop\/tabla\/jarras-garaffas-botellas\/zafferano-pi01500-botella-de-vidrio-borosilicato-tapa-blanca\/","name":"ZAFFERANO PI01500 Botella de vidrio borosilicato tapa blanca - Erresse Shop","isPartOf":{"@id":"https:\/\/www.erresse-shop.it\/es\/#website"},"datePublished":"2022-11-07T08:14:51+00:00","dateModified":"2024-07-05T14:49:47+00:00","description":"Botella hecha a mano de vidrio de borosilicato resistente a los choques t\u00e9rmicos con tap\u00f3n de color. La botella Pirolo, con su elegante forma de l\u00e1grima y","breadcrumb":{"@id":"https:\/\/www.erresse-shop.it\/es\/shop\/tabla\/jarras-garaffas-botellas\/zafferano-pi01500-botella-de-vidrio-borosilicato-tapa-blanca\/#breadcrumb"},"inLanguage":"es","potentialAction":[{"@type":"ReadAction","target":["https:\/\/www.erresse-shop.it\/es\/shop\/tabla\/jarras-garaffas-botellas\/zafferano-pi01500-botella-de-vidrio-borosilicato-tapa-blanca\/"]}]},{"@type":"BreadcrumbList","@id":"https:\/\/www.erresse-shop.it\/es\/shop\/tabla\/jarras-garaffas-botellas\/zafferano-pi01500-botella-de-vidrio-borosilicato-tapa-blanca\/#breadcrumb","itemListElement":[{"@type":"ListItem","position":1,"name":"Home","item":"https:\/\/www.erresse-shop.it\/es\/"},{"@type":"ListItem","position":2,"name":"Shop","item":"https:\/\/www.erresse-shop.it\/es\/shop\/"},{"@type":"ListItem","position":3,"name":"ZAFFERANO PI01500 Botella de vidrio borosilicato tapa blanca"}]},{"@type":"WebSite","@id":"https:\/\/www.erresse-shop.it\/es\/#website","url":"https:\/\/www.erresse-shop.it\/es\/","name":"Erresse Shop","description":"Articoli di qualit\u00e0 per la casa","potentialAction":[{"@type":"SearchAction","target":{"@type":"EntryPoint","urlTemplate":"https:\/\/www.erresse-shop.it\/es\/?s={search_term_string}"},"query-input":"required name=search_term_string"}],"inLanguage":"es"}]}},"df_price":19.95,"df_sale_price":19.95,"df_regular_price":32,"df_image_link":"https:\/\/www.erresse-shop.it\/wp-content\/uploads\/2022\/11\/ZAFFERANO-Bottiglia-tappo-bianco-300x300.jpg","_links":{"self":[{"href":"https:\/\/www.erresse-shop.it\/es\/wp-json\/wp\/v2\/product\/203450"}],"collection":[{"href":"https:\/\/www.erresse-shop.it\/es\/wp-json\/wp\/v2\/product"}],"about":[{"href":"https:\/\/www.erresse-shop.it\/es\/wp-json\/wp\/v2\/types\/product"}],"wp:featuredmedia":[{"embeddable":true,"href":"https:\/\/www.erresse-shop.it\/es\/wp-json\/wp\/v2\/media\/203467"}],"wp:attachment":[{"href":"https:\/\/www.erresse-shop.it\/es\/wp-json\/wp\/v2\/media?parent=203450"}],"wp:term":[{"taxonomy":"product_cat","embeddable":true,"href":"https:\/\/www.erresse-shop.it\/es\/wp-json\/wp\/v2\/product_cat?post=203450"},{"taxonomy":"product_tag","embeddable":true,"href":"https:\/\/www.erresse-shop.it\/es\/wp-json\/wp\/v2\/product_tag?post=203450"}],"curies":[{"name":"wp","href":"https:\/\/api.w.org\/{rel}","templated":true}]}}