{"id":202012,"date":"2022-11-03T10:36:27","date_gmt":"2022-11-03T10:36:31","guid":{"rendered":"https:\/\/www.erresse-shop.it\/?post_type=product&#038;p=202012"},"modified":"2023-07-31T00:10:00","modified_gmt":"2023-07-31T00:10:00","slug":"seletti-lampara-led-snooping-gummy","status":"publish","type":"product","link":"https:\/\/www.erresse-shop.it\/es\/shop\/mobiliario\/lamparas\/seletti-lampara-led-snooping-gummy\/","title":{"rendered":"SELETTI L\u00e1mpara Led Snooping Gummy"},"content":{"rendered":"<p>Gummy es ante todo un so\u00f1ador. Quiz\u00e1s sea un enano que no est\u00e1 precisamente contento de ir a trabajar a las minas, es el inconformista del grupo.<\/p>\n<p>No pierde la oportunidad de fantasear y tomarse la vida a la ligera.<\/p>\n<p><strong>En detalle:<\/strong><br \/>\nDise\u00f1ador: Uto Balmoral<br \/>\nMaterial: Resina<br \/>\nTama\u00f1o: cm 18x25x h 40<\/p>\n","protected":false},"excerpt":{"rendered":"<p>Gummy es ante todo un so\u00f1ador. Quiz\u00e1s sea un enano que no est\u00e1 precisamente contento de ir a trabajar a<\/p>\n","protected":false},"featured_media":202021,"template":"","meta":{"_acf_changed":false,"inline_featured_image":false},"product_cat":[16017,16016],"product_tag":[21123,21121,16236,16237,18078,25403,25023],"acf":[],"yoast_head":"<!-- This site is optimized with the Yoast SEO Premium plugin v18.6 (Yoast SEO v19.13) - https:\/\/yoast.com\/wordpress\/plugins\/seo\/ -->\n<title>SELETTI L\u00e1mpara Led Snooping Gummy - Erresse Shop<\/title>\n<meta name=\"description\" content=\"Gummy es ante todo un so\u00f1ador. Quiz\u00e1s sea un enano que no est\u00e1 precisamente contento de ir a trabajar a las minas, es el inconformista del grupo. No\" \/>\n<meta name=\"robots\" content=\"index, follow, max-snippet:-1, max-image-preview:large, max-video-preview:-1\" \/>\n<link rel=\"canonical\" href=\"https:\/\/www.erresse-shop.it\/es\/shop\/mobiliario\/lamparas\/seletti-lampara-led-snooping-gummy\/\" \/>\n<meta property=\"og:locale\" content=\"es_ES\" \/>\n<meta property=\"og:type\" content=\"article\" \/>\n<meta property=\"og:title\" content=\"SELETTI L\u00e1mpara Led Snooping Gummy\" \/>\n<meta property=\"og:description\" content=\"Gummy es ante todo un so\u00f1ador. Quiz\u00e1s sea un enano que no est\u00e1 precisamente contento de ir a trabajar a las minas, es el inconformista del grupo. No\" \/>\n<meta property=\"og:url\" content=\"https:\/\/www.erresse-shop.it\/es\/shop\/mobiliario\/lamparas\/seletti-lampara-led-snooping-gummy\/\" \/>\n<meta property=\"og:site_name\" content=\"Erresse Shop\" \/>\n<meta property=\"article:modified_time\" content=\"2023-07-31T00:10:00+00:00\" \/>\n<meta property=\"og:image\" content=\"https:\/\/www.erresse-shop.it\/wp-content\/uploads\/2022\/11\/Seletti-lampada-led-gummy-snooping.jpg\" \/>\n\t<meta property=\"og:image:width\" content=\"800\" \/>\n\t<meta property=\"og:image:height\" content=\"800\" \/>\n\t<meta property=\"og:image:type\" content=\"image\/jpeg\" \/>\n<meta name=\"twitter:card\" content=\"summary_large_image\" \/>\n<script type=\"application\/ld+json\" class=\"yoast-schema-graph\">{\"@context\":\"https:\/\/schema.org\",\"@graph\":[{\"@type\":\"WebPage\",\"@id\":\"https:\/\/www.erresse-shop.it\/es\/shop\/mobiliario\/lamparas\/seletti-lampara-led-snooping-gummy\/\",\"url\":\"https:\/\/www.erresse-shop.it\/es\/shop\/mobiliario\/lamparas\/seletti-lampara-led-snooping-gummy\/\",\"name\":\"SELETTI L\u00e1mpara Led Snooping Gummy - Erresse Shop\",\"isPartOf\":{\"@id\":\"https:\/\/www.erresse-shop.it\/es\/#website\"},\"datePublished\":\"2022-11-03T10:36:31+00:00\",\"dateModified\":\"2023-07-31T00:10:00+00:00\",\"description\":\"Gummy es ante todo un so\u00f1ador. Quiz\u00e1s sea un enano que no est\u00e1 precisamente contento de ir a trabajar a las minas, es el inconformista del grupo. No\",\"breadcrumb\":{\"@id\":\"https:\/\/www.erresse-shop.it\/es\/shop\/mobiliario\/lamparas\/seletti-lampara-led-snooping-gummy\/#breadcrumb\"},\"inLanguage\":\"es\",\"potentialAction\":[{\"@type\":\"ReadAction\",\"target\":[\"https:\/\/www.erresse-shop.it\/es\/shop\/mobiliario\/lamparas\/seletti-lampara-led-snooping-gummy\/\"]}]},{\"@type\":\"BreadcrumbList\",\"@id\":\"https:\/\/www.erresse-shop.it\/es\/shop\/mobiliario\/lamparas\/seletti-lampara-led-snooping-gummy\/#breadcrumb\",\"itemListElement\":[{\"@type\":\"ListItem\",\"position\":1,\"name\":\"Home\",\"item\":\"https:\/\/www.erresse-shop.it\/es\/\"},{\"@type\":\"ListItem\",\"position\":2,\"name\":\"Shop\",\"item\":\"https:\/\/www.erresse-shop.it\/es\/shop\/\"},{\"@type\":\"ListItem\",\"position\":3,\"name\":\"SELETTI L\u00e1mpara Led Snooping Gummy\"}]},{\"@type\":\"WebSite\",\"@id\":\"https:\/\/www.erresse-shop.it\/es\/#website\",\"url\":\"https:\/\/www.erresse-shop.it\/es\/\",\"name\":\"Erresse Shop\",\"description\":\"Articoli di qualit\u00e0 per la casa\",\"potentialAction\":[{\"@type\":\"SearchAction\",\"target\":{\"@type\":\"EntryPoint\",\"urlTemplate\":\"https:\/\/www.erresse-shop.it\/es\/?s={search_term_string}\"},\"query-input\":\"required name=search_term_string\"}],\"inLanguage\":\"es\"}]}<\/script>\n<!-- \/ Yoast SEO Premium plugin. -->","yoast_head_json":{"title":"SELETTI L\u00e1mpara Led Snooping Gummy - Erresse Shop","description":"Gummy es ante todo un so\u00f1ador. Quiz\u00e1s sea un enano que no est\u00e1 precisamente contento de ir a trabajar a las minas, es el inconformista del grupo. No","robots":{"index":"index","follow":"follow","max-snippet":"max-snippet:-1","max-image-preview":"max-image-preview:large","max-video-preview":"max-video-preview:-1"},"canonical":"https:\/\/www.erresse-shop.it\/es\/shop\/mobiliario\/lamparas\/seletti-lampara-led-snooping-gummy\/","og_locale":"es_ES","og_type":"article","og_title":"SELETTI L\u00e1mpara Led Snooping Gummy","og_description":"Gummy es ante todo un so\u00f1ador. Quiz\u00e1s sea un enano que no est\u00e1 precisamente contento de ir a trabajar a las minas, es el inconformista del grupo. No","og_url":"https:\/\/www.erresse-shop.it\/es\/shop\/mobiliario\/lamparas\/seletti-lampara-led-snooping-gummy\/","og_site_name":"Erresse Shop","article_modified_time":"2023-07-31T00:10:00+00:00","og_image":[{"width":800,"height":800,"url":"https:\/\/www.erresse-shop.it\/wp-content\/uploads\/2022\/11\/Seletti-lampada-led-gummy-snooping.jpg","type":"image\/jpeg"}],"twitter_card":"summary_large_image","schema":{"@context":"https:\/\/schema.org","@graph":[{"@type":"WebPage","@id":"https:\/\/www.erresse-shop.it\/es\/shop\/mobiliario\/lamparas\/seletti-lampara-led-snooping-gummy\/","url":"https:\/\/www.erresse-shop.it\/es\/shop\/mobiliario\/lamparas\/seletti-lampara-led-snooping-gummy\/","name":"SELETTI L\u00e1mpara Led Snooping Gummy - Erresse Shop","isPartOf":{"@id":"https:\/\/www.erresse-shop.it\/es\/#website"},"datePublished":"2022-11-03T10:36:31+00:00","dateModified":"2023-07-31T00:10:00+00:00","description":"Gummy es ante todo un so\u00f1ador. Quiz\u00e1s sea un enano que no est\u00e1 precisamente contento de ir a trabajar a las minas, es el inconformista del grupo. No","breadcrumb":{"@id":"https:\/\/www.erresse-shop.it\/es\/shop\/mobiliario\/lamparas\/seletti-lampara-led-snooping-gummy\/#breadcrumb"},"inLanguage":"es","potentialAction":[{"@type":"ReadAction","target":["https:\/\/www.erresse-shop.it\/es\/shop\/mobiliario\/lamparas\/seletti-lampara-led-snooping-gummy\/"]}]},{"@type":"BreadcrumbList","@id":"https:\/\/www.erresse-shop.it\/es\/shop\/mobiliario\/lamparas\/seletti-lampara-led-snooping-gummy\/#breadcrumb","itemListElement":[{"@type":"ListItem","position":1,"name":"Home","item":"https:\/\/www.erresse-shop.it\/es\/"},{"@type":"ListItem","position":2,"name":"Shop","item":"https:\/\/www.erresse-shop.it\/es\/shop\/"},{"@type":"ListItem","position":3,"name":"SELETTI L\u00e1mpara Led Snooping Gummy"}]},{"@type":"WebSite","@id":"https:\/\/www.erresse-shop.it\/es\/#website","url":"https:\/\/www.erresse-shop.it\/es\/","name":"Erresse Shop","description":"Articoli di qualit\u00e0 per la casa","potentialAction":[{"@type":"SearchAction","target":{"@type":"EntryPoint","urlTemplate":"https:\/\/www.erresse-shop.it\/es\/?s={search_term_string}"},"query-input":"required name=search_term_string"}],"inLanguage":"es"}]}},"df_price":121.05,"df_sale_price":121.05,"df_regular_price":269,"df_image_link":"https:\/\/www.erresse-shop.it\/wp-content\/uploads\/2022\/11\/Seletti-lampada-led-gummy-snooping-300x300.jpg","_links":{"self":[{"href":"https:\/\/www.erresse-shop.it\/es\/wp-json\/wp\/v2\/product\/202012"}],"collection":[{"href":"https:\/\/www.erresse-shop.it\/es\/wp-json\/wp\/v2\/product"}],"about":[{"href":"https:\/\/www.erresse-shop.it\/es\/wp-json\/wp\/v2\/types\/product"}],"wp:featuredmedia":[{"embeddable":true,"href":"https:\/\/www.erresse-shop.it\/es\/wp-json\/wp\/v2\/media\/202021"}],"wp:attachment":[{"href":"https:\/\/www.erresse-shop.it\/es\/wp-json\/wp\/v2\/media?parent=202012"}],"wp:term":[{"taxonomy":"product_cat","embeddable":true,"href":"https:\/\/www.erresse-shop.it\/es\/wp-json\/wp\/v2\/product_cat?post=202012"},{"taxonomy":"product_tag","embeddable":true,"href":"https:\/\/www.erresse-shop.it\/es\/wp-json\/wp\/v2\/product_tag?post=202012"}],"curies":[{"name":"wp","href":"https:\/\/api.w.org\/{rel}","templated":true}]}}