{"id":201480,"date":"2022-11-02T07:30:57","date_gmt":"2022-11-02T07:31:04","guid":{"rendered":"https:\/\/www.erresse-shop.it\/?post_type=product&#038;p=201480"},"modified":"2024-05-07T00:00:34","modified_gmt":"2024-05-07T00:00:34","slug":"sage-the-combi-wave-3-en-1-negro","status":"publish","type":"product","link":"https:\/\/www.erresse-shop.it\/es\/shop\/pequenos-electrodomesticos\/hornos\/sage-the-combi-wave-3-en-1-negro\/","title":{"rendered":"SAGE The Combi Wave 3 en 1 Negro"},"content":{"rendered":"<p><strong>FREIDORA DE AIRE, HORNO DE CONVECCI\u00d3N Y HORNO MICROONDAS<\/strong><br \/>\nUn nuevo concepto de potencia y versatilidad. Freidora de aire, horno de convecci\u00f3n y microondas invertido, todo en uno para preparar deliciosas recetas. El sistema Element iQ\u2122 dirige la energ\u00eda a los lugares correctos y en el momento adecuado para conseguir las condiciones de cocci\u00f3n ideales y unos resultados perfectos.El Combi Wave 3 en 1 tambi\u00e9n ofrece Cocci\u00f3n R\u00e1pida y Congelada Combi y una serie de atajos inteligentes para simplificar cualquier preparaci\u00f3n.<\/p>\n<p><strong>LA VERSATILIDAD DE 3 APARATOS EN 1<\/strong><br \/>\nel Combi Wave\u2122 3 en 1 combina una freidora de aire, un horno de convecci\u00f3n y un microondas en un solo aparato para hacer recetas saludables y sabrosas para cada ocasi\u00f3n. Cocine crujientes y doradas patatas fritas con la freidora de aire, utilice el horno de convecci\u00f3n para preparar pollo asado o suaves brownies de chocolate o descongele sus sopas y recaliente la lasa\u00f1a con el microondas Inverter.<\/p>\n<p><strong>ELEMENTO IQ\u2122 SISTEMA<\/strong><br \/>\nLos algoritmos inteligentes dirigen la energ\u00eda a los lugares correctos en el momento adecuado para crear las condiciones de cocci\u00f3n ideales para obtener resultados perfectos. Prepara delicias doradas y crujientes y haz un mont\u00f3n de estupendas recetas con las funciones de fre\u00edr, asar y hornear al aire.<\/p>\n<p><strong>COCINA R\u00c1PIDA COMBINADA Y CONGELADA<\/strong><br \/>\nLa funci\u00f3n Fast Combi est\u00e1 dise\u00f1ada para cocinar sus platos favoritos m\u00e1s r\u00e1pidamente, ya que combina un horno de convecci\u00f3n, un grill y un microondas para conseguir la temperatura deseada y unos resultados perfectos en menos tiempo que los hornos convencionales. La funci\u00f3n Cook from frozen alterna entre microondas, convecci\u00f3n y grill en diferentes pasos de cocci\u00f3n, lo que le permite cocinar los alimentos congelados a la perfecci\u00f3n.<\/p>\n<p><strong>POWER SMOOTHING\u2122 INVERTER<\/strong><br \/>\nLa tecnolog\u00eda Power Smoothing Inverter ajusta autom\u00e1ticamente la intensidad de la potencia y la mantiene constante durante la cocci\u00f3n para obtener resultados deliciosamente uniformes. Recalienta tus platos favoritos, como la pizza, la sopa y la lasa\u00f1a, de forma precisa y sencilla, o descongela suavemente la carne y otros alimentos sin que se sobrecalienten ni se resequen.<\/p>\n<p><strong>FUNCIONES INTELIGENTES PARA COCINAR, CALENTAR Y DESCONGELAR<\/strong><br \/>\nCon los 19 preajustes inteligentes incorporados en el Combi Wave 3 en 1, que incluyen la cocci\u00f3n, el calentamiento y la descongelaci\u00f3n inteligentes, tienes todo lo que necesitas al alcance de la mano. La baja temperatura proporciona un calor uniforme sin sobrecalentar ni secar en exceso los alimentos, permiti\u00e9ndole cocinar f\u00e1cilmente, recalentar uniformemente y descongelar suavemente sus platos favoritos.<\/p>\n<p><strong>CIERRE SUAVE Y FUNCIONAMIENTO SILENCIOSO<\/strong><br \/>\nCon la puerta de cierre suave dise\u00f1ada para ser un 80% m\u00e1s silenciosa*, la Combi Wave 3 en 1 tambi\u00e9n es un 50% m\u00e1s silenciosa en su funcionamiento**. Funciones como el bloqueo de seguridad para ni\u00f1os, la se\u00f1al ac\u00fastica y el bot\u00f3n de modo silencioso le permiten cocinar tranquilamente.<\/p>\n<p><strong>BOTONES DE ACCESO DIRECTO DE UNA SOLA PULSACI\u00d3N Y BAJADA AUTOM\u00c1TICA<\/strong><br \/>\nEl panel de accesos directos de la puerta interior de la Combi Wave 3 en 1 ha sido inteligentemente dise\u00f1ado para realizar r\u00e1pidamente tareas comunes como derretir chocolate, ablandar mantequilla y hacer palomitas. Configura tus funciones favoritas con un solo toque para preparar siempre sabrosas recetas.<\/p>\n<p><strong>ESPECIFICACIONES DEL PRODUCTO<\/strong><br \/>\n&#8211; Dimensiones interiores (ancho x fondo x alto): 51,9 (ancho) x 31,6 (alto) x 51,3 (fondo) cm con asa\/49 cm sin asa<br \/>\n&#8211; Garant\u00eda: 2 a\u00f1os de garant\u00eda<br \/>\n&#8211; Materiales de construcci\u00f3n: Acero inoxidable cepillado<br \/>\n&#8211; Capacidad: 32 L<br \/>\n&#8211; Ajustes: Smart Cook, Smart Defrost, Smart Reheat, Fast Combi, Cook From Frozen, Air Fry, Oven, Microondas, Grill, A Bit More\u2122, Bloqueo para ni\u00f1os, Arranque instant\u00e1neo +30, Apagado del plato, Panel de opciones r\u00e1pidas.<\/p>\n","protected":false},"excerpt":{"rendered":"<p>FREIDORA DE AIRE, HORNO DE CONVECCI\u00d3N Y HORNO MICROONDAS Un nuevo concepto de potencia y versatilidad. Freidora de aire, horno<\/p>\n","protected":false},"featured_media":201497,"template":"","meta":{"_acf_changed":false,"inline_featured_image":false},"product_cat":[16079,16073],"product_tag":[],"acf":[],"yoast_head":"<!-- This site is optimized with the Yoast SEO Premium plugin v18.6 (Yoast SEO v19.13) - https:\/\/yoast.com\/wordpress\/plugins\/seo\/ -->\n<title>SAGE The Combi Wave 3 en 1 Negro - Erresse Shop<\/title>\n<meta name=\"description\" content=\"FREIDORA DE AIRE, HORNO DE CONVECCI\u00d3N Y HORNO MICROONDAS Un nuevo concepto de potencia y versatilidad. Freidora de aire, horno de convecci\u00f3n y microondas\" \/>\n<meta name=\"robots\" content=\"index, follow, max-snippet:-1, max-image-preview:large, max-video-preview:-1\" \/>\n<link rel=\"canonical\" href=\"https:\/\/www.erresse-shop.it\/es\/shop\/pequenos-electrodomesticos\/hornos\/sage-the-combi-wave-3-en-1-negro\/\" \/>\n<meta property=\"og:locale\" content=\"es_ES\" \/>\n<meta property=\"og:type\" content=\"article\" \/>\n<meta property=\"og:title\" content=\"SAGE The Combi Wave 3 en 1 Negro\" \/>\n<meta property=\"og:description\" content=\"FREIDORA DE AIRE, HORNO DE CONVECCI\u00d3N Y HORNO MICROONDAS Un nuevo concepto de potencia y versatilidad. Freidora de aire, horno de convecci\u00f3n y microondas\" \/>\n<meta property=\"og:url\" content=\"https:\/\/www.erresse-shop.it\/es\/shop\/pequenos-electrodomesticos\/hornos\/sage-the-combi-wave-3-en-1-negro\/\" \/>\n<meta property=\"og:site_name\" content=\"Erresse Shop\" \/>\n<meta property=\"article:modified_time\" content=\"2024-05-07T00:00:34+00:00\" \/>\n<meta property=\"og:image\" content=\"https:\/\/www.erresse-shop.it\/wp-content\/uploads\/2022\/11\/Sage-The-combi-wave-3-in-1-nero.jpg\" \/>\n\t<meta property=\"og:image:width\" content=\"800\" \/>\n\t<meta property=\"og:image:height\" content=\"800\" \/>\n\t<meta property=\"og:image:type\" content=\"image\/jpeg\" \/>\n<meta name=\"twitter:card\" content=\"summary_large_image\" \/>\n<script type=\"application\/ld+json\" class=\"yoast-schema-graph\">{\"@context\":\"https:\/\/schema.org\",\"@graph\":[{\"@type\":\"WebPage\",\"@id\":\"https:\/\/www.erresse-shop.it\/es\/shop\/pequenos-electrodomesticos\/hornos\/sage-the-combi-wave-3-en-1-negro\/\",\"url\":\"https:\/\/www.erresse-shop.it\/es\/shop\/pequenos-electrodomesticos\/hornos\/sage-the-combi-wave-3-en-1-negro\/\",\"name\":\"SAGE The Combi Wave 3 en 1 Negro - Erresse Shop\",\"isPartOf\":{\"@id\":\"https:\/\/www.erresse-shop.it\/es\/#website\"},\"datePublished\":\"2022-11-02T07:31:04+00:00\",\"dateModified\":\"2024-05-07T00:00:34+00:00\",\"description\":\"FREIDORA DE AIRE, HORNO DE CONVECCI\u00d3N Y HORNO MICROONDAS Un nuevo concepto de potencia y versatilidad. Freidora de aire, horno de convecci\u00f3n y microondas\",\"breadcrumb\":{\"@id\":\"https:\/\/www.erresse-shop.it\/es\/shop\/pequenos-electrodomesticos\/hornos\/sage-the-combi-wave-3-en-1-negro\/#breadcrumb\"},\"inLanguage\":\"es\",\"potentialAction\":[{\"@type\":\"ReadAction\",\"target\":[\"https:\/\/www.erresse-shop.it\/es\/shop\/pequenos-electrodomesticos\/hornos\/sage-the-combi-wave-3-en-1-negro\/\"]}]},{\"@type\":\"BreadcrumbList\",\"@id\":\"https:\/\/www.erresse-shop.it\/es\/shop\/pequenos-electrodomesticos\/hornos\/sage-the-combi-wave-3-en-1-negro\/#breadcrumb\",\"itemListElement\":[{\"@type\":\"ListItem\",\"position\":1,\"name\":\"Home\",\"item\":\"https:\/\/www.erresse-shop.it\/es\/\"},{\"@type\":\"ListItem\",\"position\":2,\"name\":\"Shop\",\"item\":\"https:\/\/www.erresse-shop.it\/es\/shop\/\"},{\"@type\":\"ListItem\",\"position\":3,\"name\":\"SAGE The Combi Wave 3 en 1 Negro\"}]},{\"@type\":\"WebSite\",\"@id\":\"https:\/\/www.erresse-shop.it\/es\/#website\",\"url\":\"https:\/\/www.erresse-shop.it\/es\/\",\"name\":\"Erresse Shop\",\"description\":\"Articoli di qualit\u00e0 per la casa\",\"potentialAction\":[{\"@type\":\"SearchAction\",\"target\":{\"@type\":\"EntryPoint\",\"urlTemplate\":\"https:\/\/www.erresse-shop.it\/es\/?s={search_term_string}\"},\"query-input\":\"required name=search_term_string\"}],\"inLanguage\":\"es\"}]}<\/script>\n<!-- \/ Yoast SEO Premium plugin. -->","yoast_head_json":{"title":"SAGE The Combi Wave 3 en 1 Negro - Erresse Shop","description":"FREIDORA DE AIRE, HORNO DE CONVECCI\u00d3N Y HORNO MICROONDAS Un nuevo concepto de potencia y versatilidad. Freidora de aire, horno de convecci\u00f3n y microondas","robots":{"index":"index","follow":"follow","max-snippet":"max-snippet:-1","max-image-preview":"max-image-preview:large","max-video-preview":"max-video-preview:-1"},"canonical":"https:\/\/www.erresse-shop.it\/es\/shop\/pequenos-electrodomesticos\/hornos\/sage-the-combi-wave-3-en-1-negro\/","og_locale":"es_ES","og_type":"article","og_title":"SAGE The Combi Wave 3 en 1 Negro","og_description":"FREIDORA DE AIRE, HORNO DE CONVECCI\u00d3N Y HORNO MICROONDAS Un nuevo concepto de potencia y versatilidad. Freidora de aire, horno de convecci\u00f3n y microondas","og_url":"https:\/\/www.erresse-shop.it\/es\/shop\/pequenos-electrodomesticos\/hornos\/sage-the-combi-wave-3-en-1-negro\/","og_site_name":"Erresse Shop","article_modified_time":"2024-05-07T00:00:34+00:00","og_image":[{"width":800,"height":800,"url":"https:\/\/www.erresse-shop.it\/wp-content\/uploads\/2022\/11\/Sage-The-combi-wave-3-in-1-nero.jpg","type":"image\/jpeg"}],"twitter_card":"summary_large_image","schema":{"@context":"https:\/\/schema.org","@graph":[{"@type":"WebPage","@id":"https:\/\/www.erresse-shop.it\/es\/shop\/pequenos-electrodomesticos\/hornos\/sage-the-combi-wave-3-en-1-negro\/","url":"https:\/\/www.erresse-shop.it\/es\/shop\/pequenos-electrodomesticos\/hornos\/sage-the-combi-wave-3-en-1-negro\/","name":"SAGE The Combi Wave 3 en 1 Negro - Erresse Shop","isPartOf":{"@id":"https:\/\/www.erresse-shop.it\/es\/#website"},"datePublished":"2022-11-02T07:31:04+00:00","dateModified":"2024-05-07T00:00:34+00:00","description":"FREIDORA DE AIRE, HORNO DE CONVECCI\u00d3N Y HORNO MICROONDAS Un nuevo concepto de potencia y versatilidad. Freidora de aire, horno de convecci\u00f3n y microondas","breadcrumb":{"@id":"https:\/\/www.erresse-shop.it\/es\/shop\/pequenos-electrodomesticos\/hornos\/sage-the-combi-wave-3-en-1-negro\/#breadcrumb"},"inLanguage":"es","potentialAction":[{"@type":"ReadAction","target":["https:\/\/www.erresse-shop.it\/es\/shop\/pequenos-electrodomesticos\/hornos\/sage-the-combi-wave-3-en-1-negro\/"]}]},{"@type":"BreadcrumbList","@id":"https:\/\/www.erresse-shop.it\/es\/shop\/pequenos-electrodomesticos\/hornos\/sage-the-combi-wave-3-en-1-negro\/#breadcrumb","itemListElement":[{"@type":"ListItem","position":1,"name":"Home","item":"https:\/\/www.erresse-shop.it\/es\/"},{"@type":"ListItem","position":2,"name":"Shop","item":"https:\/\/www.erresse-shop.it\/es\/shop\/"},{"@type":"ListItem","position":3,"name":"SAGE The Combi Wave 3 en 1 Negro"}]},{"@type":"WebSite","@id":"https:\/\/www.erresse-shop.it\/es\/#website","url":"https:\/\/www.erresse-shop.it\/es\/","name":"Erresse Shop","description":"Articoli di qualit\u00e0 per la casa","potentialAction":[{"@type":"SearchAction","target":{"@type":"EntryPoint","urlTemplate":"https:\/\/www.erresse-shop.it\/es\/?s={search_term_string}"},"query-input":"required name=search_term_string"}],"inLanguage":"es"}]}},"df_price":469.95,"df_sale_price":469.95,"df_regular_price":529.9,"df_image_link":"https:\/\/www.erresse-shop.it\/wp-content\/uploads\/2022\/11\/Sage-The-combi-wave-3-in-1-nero-300x300.jpg","_links":{"self":[{"href":"https:\/\/www.erresse-shop.it\/es\/wp-json\/wp\/v2\/product\/201480"}],"collection":[{"href":"https:\/\/www.erresse-shop.it\/es\/wp-json\/wp\/v2\/product"}],"about":[{"href":"https:\/\/www.erresse-shop.it\/es\/wp-json\/wp\/v2\/types\/product"}],"wp:featuredmedia":[{"embeddable":true,"href":"https:\/\/www.erresse-shop.it\/es\/wp-json\/wp\/v2\/media\/201497"}],"wp:attachment":[{"href":"https:\/\/www.erresse-shop.it\/es\/wp-json\/wp\/v2\/media?parent=201480"}],"wp:term":[{"taxonomy":"product_cat","embeddable":true,"href":"https:\/\/www.erresse-shop.it\/es\/wp-json\/wp\/v2\/product_cat?post=201480"},{"taxonomy":"product_tag","embeddable":true,"href":"https:\/\/www.erresse-shop.it\/es\/wp-json\/wp\/v2\/product_tag?post=201480"}],"curies":[{"name":"wp","href":"https:\/\/api.w.org\/{rel}","templated":true}]}}