{"id":199540,"date":"2022-10-28T13:40:54","date_gmt":"2022-10-28T13:40:58","guid":{"rendered":"https:\/\/www.erresse-shop.it\/?post_type=product&#038;p=199540"},"modified":"2024-06-11T00:00:36","modified_gmt":"2024-06-11T00:00:36","slug":"magimix-licuadora-power-blender-negro-2","status":"publish","type":"product","link":"https:\/\/www.erresse-shop.it\/es\/shop\/pequenos-electrodomesticos\/licuadoras\/magimix-licuadora-power-blender-negro-2\/","title":{"rendered":"MAGIMIX Licuadora Power Blender Negro"},"content":{"rendered":"<p><span style=\"text-decoration: underline;\"><strong>\u00a1Batidora incluida Mini Bol!<\/strong><\/span><\/p>\n<p><strong>MAGIMIX. GARANT\u00cdA ITALIANA<\/strong><\/p>\n<p>Es en Francia, en el centro de Borgo\u00f1a, una regi\u00f3n famosa por su gastronom\u00eda, donde Magimix invent\u00f3 el robot de cocina hace m\u00e1s de cuarenta a\u00f1os.<br \/>\nHoy en d\u00eda, los aparatos Magimix son la versi\u00f3n dom\u00e9stica de los aparatos dise\u00f1ados para los profesionales. Los mejores restaurantes del mundo utilizan la versi\u00f3n profesional de nuestros productos.<br \/>\nDentro de la gama Magimix, encontrar\u00e1 toda la gama de peque\u00f1os electrodom\u00e9sticos de cocina.<br \/>\nSiempre a la vanguardia de la innovaci\u00f3n en la cocina, Magimix se complace en presentar su \u00faltima colecci\u00f3n para el placer de cocinar como un gran cocinero.<\/p>\n<p><strong>POWER BLENDER<\/strong><br \/>\nLa Blendermix le permite conseguir una textura verdaderamente aterciopelada para batidos, sopas y mezclas para crepes.<br \/>\n\u00a1Tambi\u00e9n puedes hacer hielo picado y parfaits en un abrir y cerrar de ojos!<br \/>\nSistema exclusivo BlenderMix: turbulencia optimizada para una emulsi\u00f3n perfecta.<br \/>\nDe 600 a 22.000 rpm: amplia gama de velocidades, arranque progresivo, modo de impulso turbo para sopas m\u00e1s cremosas.<br \/>\nRecipiente de vidrio resistente al calor para soportar preparaciones calientes y fr\u00edas.<\/p>\n<p><strong>DESCRIPCI\u00d3N T\u00c9CNICA<\/strong><br \/>\nCapacidad: 1,8 litros<br \/>\nBlenderMix: para emulsiones perfectas<br \/>\n5 funciones preprogramadas: Hielo picado, Batidos, Sopas, Semifr\u00edo, Enjuague autom\u00e1tico<br \/>\nControl de velocidad: Arranque suave, modo de pulso turbo<br \/>\nRecipiente de vidrio: resistente al calor<br \/>\nEsp\u00e1tula mezcladora: 1<br \/>\nAhorro de energ\u00eda: Stand-by 0 W<br \/>\nRecetario y App gratuita<br \/>\nLimpieza: Completa<br \/>\nMaterial: 0% BPA<br \/>\nPotencia del motor: 1300 W<br \/>\nRotaciones por minuto: de 600 a 22.000<br \/>\nGarant\u00eda: 3 a\u00f1os<br \/>\nDimensiones: H405 x L165 x D165 mm<br \/>\nPeso: 4,8 kg<\/p>\n<p><span style=\"text-decoration: underline;\"><strong>No se vende fuera de Europa<\/strong><\/span><\/p>\n","protected":false},"excerpt":{"rendered":"<p>\u00a1Batidora incluida Mini Bol! MAGIMIX. GARANT\u00cdA ITALIANA Es en Francia, en el centro de Borgo\u00f1a, una regi\u00f3n famosa por su<\/p>\n","protected":false},"featured_media":199567,"template":"","meta":{"_acf_changed":false,"inline_featured_image":false},"product_cat":[16075,16073],"product_tag":[16843,16658,16654,16679],"acf":[],"yoast_head":"<!-- This site is optimized with the Yoast SEO Premium plugin v18.6 (Yoast SEO v19.13) - https:\/\/yoast.com\/wordpress\/plugins\/seo\/ -->\n<title>MAGIMIX Licuadora Power Blender Negro - Erresse Shop<\/title>\n<meta name=\"description\" content=\"\u00a1Batidora incluida Mini Bol! MAGIMIX. GARANT\u00cdA ITALIANA Es en Francia, en el centro de Borgo\u00f1a, una regi\u00f3n famosa por su gastronom\u00eda, donde Magimix\" \/>\n<meta name=\"robots\" content=\"index, follow, max-snippet:-1, max-image-preview:large, max-video-preview:-1\" \/>\n<link rel=\"canonical\" href=\"https:\/\/www.erresse-shop.it\/es\/shop\/pequenos-electrodomesticos\/licuadoras\/magimix-licuadora-power-blender-negro-2\/\" \/>\n<meta property=\"og:locale\" content=\"es_ES\" \/>\n<meta property=\"og:type\" content=\"article\" \/>\n<meta property=\"og:title\" content=\"MAGIMIX Licuadora Power Blender Negro\" \/>\n<meta property=\"og:description\" content=\"\u00a1Batidora incluida Mini Bol! MAGIMIX. GARANT\u00cdA ITALIANA Es en Francia, en el centro de Borgo\u00f1a, una regi\u00f3n famosa por su gastronom\u00eda, donde Magimix\" \/>\n<meta property=\"og:url\" content=\"https:\/\/www.erresse-shop.it\/es\/shop\/pequenos-electrodomesticos\/licuadoras\/magimix-licuadora-power-blender-negro-2\/\" \/>\n<meta property=\"og:site_name\" content=\"Erresse Shop\" \/>\n<meta property=\"article:modified_time\" content=\"2024-06-11T00:00:36+00:00\" \/>\n<meta property=\"og:image\" content=\"https:\/\/www.erresse-shop.it\/wp-content\/uploads\/2021\/08\/MAGIMIX-Frullatore-Nero-con-Minibol-wm.jpg\" \/>\n\t<meta property=\"og:image:width\" content=\"1000\" \/>\n\t<meta property=\"og:image:height\" content=\"1000\" \/>\n\t<meta property=\"og:image:type\" content=\"image\/jpeg\" \/>\n<meta name=\"twitter:card\" content=\"summary_large_image\" \/>\n<script type=\"application\/ld+json\" class=\"yoast-schema-graph\">{\"@context\":\"https:\/\/schema.org\",\"@graph\":[{\"@type\":\"WebPage\",\"@id\":\"https:\/\/www.erresse-shop.it\/es\/shop\/pequenos-electrodomesticos\/licuadoras\/magimix-licuadora-power-blender-negro-2\/\",\"url\":\"https:\/\/www.erresse-shop.it\/es\/shop\/pequenos-electrodomesticos\/licuadoras\/magimix-licuadora-power-blender-negro-2\/\",\"name\":\"MAGIMIX Licuadora Power Blender Negro - Erresse Shop\",\"isPartOf\":{\"@id\":\"https:\/\/www.erresse-shop.it\/es\/#website\"},\"datePublished\":\"2022-10-28T13:40:58+00:00\",\"dateModified\":\"2024-06-11T00:00:36+00:00\",\"description\":\"\u00a1Batidora incluida Mini Bol! MAGIMIX. GARANT\u00cdA ITALIANA Es en Francia, en el centro de Borgo\u00f1a, una regi\u00f3n famosa por su gastronom\u00eda, donde Magimix\",\"breadcrumb\":{\"@id\":\"https:\/\/www.erresse-shop.it\/es\/shop\/pequenos-electrodomesticos\/licuadoras\/magimix-licuadora-power-blender-negro-2\/#breadcrumb\"},\"inLanguage\":\"es\",\"potentialAction\":[{\"@type\":\"ReadAction\",\"target\":[\"https:\/\/www.erresse-shop.it\/es\/shop\/pequenos-electrodomesticos\/licuadoras\/magimix-licuadora-power-blender-negro-2\/\"]}]},{\"@type\":\"BreadcrumbList\",\"@id\":\"https:\/\/www.erresse-shop.it\/es\/shop\/pequenos-electrodomesticos\/licuadoras\/magimix-licuadora-power-blender-negro-2\/#breadcrumb\",\"itemListElement\":[{\"@type\":\"ListItem\",\"position\":1,\"name\":\"Home\",\"item\":\"https:\/\/www.erresse-shop.it\/es\/\"},{\"@type\":\"ListItem\",\"position\":2,\"name\":\"Shop\",\"item\":\"https:\/\/www.erresse-shop.it\/es\/shop\/\"},{\"@type\":\"ListItem\",\"position\":3,\"name\":\"MAGIMIX Licuadora Power Blender Negro\"}]},{\"@type\":\"WebSite\",\"@id\":\"https:\/\/www.erresse-shop.it\/es\/#website\",\"url\":\"https:\/\/www.erresse-shop.it\/es\/\",\"name\":\"Erresse Shop\",\"description\":\"Articoli di qualit\u00e0 per la casa\",\"potentialAction\":[{\"@type\":\"SearchAction\",\"target\":{\"@type\":\"EntryPoint\",\"urlTemplate\":\"https:\/\/www.erresse-shop.it\/es\/?s={search_term_string}\"},\"query-input\":\"required name=search_term_string\"}],\"inLanguage\":\"es\"}]}<\/script>\n<!-- \/ Yoast SEO Premium plugin. -->","yoast_head_json":{"title":"MAGIMIX Licuadora Power Blender Negro - Erresse Shop","description":"\u00a1Batidora incluida Mini Bol! MAGIMIX. GARANT\u00cdA ITALIANA Es en Francia, en el centro de Borgo\u00f1a, una regi\u00f3n famosa por su gastronom\u00eda, donde Magimix","robots":{"index":"index","follow":"follow","max-snippet":"max-snippet:-1","max-image-preview":"max-image-preview:large","max-video-preview":"max-video-preview:-1"},"canonical":"https:\/\/www.erresse-shop.it\/es\/shop\/pequenos-electrodomesticos\/licuadoras\/magimix-licuadora-power-blender-negro-2\/","og_locale":"es_ES","og_type":"article","og_title":"MAGIMIX Licuadora Power Blender Negro","og_description":"\u00a1Batidora incluida Mini Bol! MAGIMIX. GARANT\u00cdA ITALIANA Es en Francia, en el centro de Borgo\u00f1a, una regi\u00f3n famosa por su gastronom\u00eda, donde Magimix","og_url":"https:\/\/www.erresse-shop.it\/es\/shop\/pequenos-electrodomesticos\/licuadoras\/magimix-licuadora-power-blender-negro-2\/","og_site_name":"Erresse Shop","article_modified_time":"2024-06-11T00:00:36+00:00","og_image":[{"width":1000,"height":1000,"url":"https:\/\/www.erresse-shop.it\/wp-content\/uploads\/2021\/08\/MAGIMIX-Frullatore-Nero-con-Minibol-wm.jpg","type":"image\/jpeg"}],"twitter_card":"summary_large_image","schema":{"@context":"https:\/\/schema.org","@graph":[{"@type":"WebPage","@id":"https:\/\/www.erresse-shop.it\/es\/shop\/pequenos-electrodomesticos\/licuadoras\/magimix-licuadora-power-blender-negro-2\/","url":"https:\/\/www.erresse-shop.it\/es\/shop\/pequenos-electrodomesticos\/licuadoras\/magimix-licuadora-power-blender-negro-2\/","name":"MAGIMIX Licuadora Power Blender Negro - Erresse Shop","isPartOf":{"@id":"https:\/\/www.erresse-shop.it\/es\/#website"},"datePublished":"2022-10-28T13:40:58+00:00","dateModified":"2024-06-11T00:00:36+00:00","description":"\u00a1Batidora incluida Mini Bol! MAGIMIX. GARANT\u00cdA ITALIANA Es en Francia, en el centro de Borgo\u00f1a, una regi\u00f3n famosa por su gastronom\u00eda, donde Magimix","breadcrumb":{"@id":"https:\/\/www.erresse-shop.it\/es\/shop\/pequenos-electrodomesticos\/licuadoras\/magimix-licuadora-power-blender-negro-2\/#breadcrumb"},"inLanguage":"es","potentialAction":[{"@type":"ReadAction","target":["https:\/\/www.erresse-shop.it\/es\/shop\/pequenos-electrodomesticos\/licuadoras\/magimix-licuadora-power-blender-negro-2\/"]}]},{"@type":"BreadcrumbList","@id":"https:\/\/www.erresse-shop.it\/es\/shop\/pequenos-electrodomesticos\/licuadoras\/magimix-licuadora-power-blender-negro-2\/#breadcrumb","itemListElement":[{"@type":"ListItem","position":1,"name":"Home","item":"https:\/\/www.erresse-shop.it\/es\/"},{"@type":"ListItem","position":2,"name":"Shop","item":"https:\/\/www.erresse-shop.it\/es\/shop\/"},{"@type":"ListItem","position":3,"name":"MAGIMIX Licuadora Power Blender Negro"}]},{"@type":"WebSite","@id":"https:\/\/www.erresse-shop.it\/es\/#website","url":"https:\/\/www.erresse-shop.it\/es\/","name":"Erresse Shop","description":"Articoli di qualit\u00e0 per la casa","potentialAction":[{"@type":"SearchAction","target":{"@type":"EntryPoint","urlTemplate":"https:\/\/www.erresse-shop.it\/es\/?s={search_term_string}"},"query-input":"required name=search_term_string"}],"inLanguage":"es"}]}},"df_price":185.25,"df_sale_price":185.25,"df_regular_price":285,"df_image_link":"https:\/\/www.erresse-shop.it\/wp-content\/uploads\/2021\/08\/MAGIMIX-Frullatore-Nero-con-Minibol-wm-300x300.jpg","_links":{"self":[{"href":"https:\/\/www.erresse-shop.it\/es\/wp-json\/wp\/v2\/product\/199540"}],"collection":[{"href":"https:\/\/www.erresse-shop.it\/es\/wp-json\/wp\/v2\/product"}],"about":[{"href":"https:\/\/www.erresse-shop.it\/es\/wp-json\/wp\/v2\/types\/product"}],"wp:featuredmedia":[{"embeddable":true,"href":"https:\/\/www.erresse-shop.it\/es\/wp-json\/wp\/v2\/media\/199567"}],"wp:attachment":[{"href":"https:\/\/www.erresse-shop.it\/es\/wp-json\/wp\/v2\/media?parent=199540"}],"wp:term":[{"taxonomy":"product_cat","embeddable":true,"href":"https:\/\/www.erresse-shop.it\/es\/wp-json\/wp\/v2\/product_cat?post=199540"},{"taxonomy":"product_tag","embeddable":true,"href":"https:\/\/www.erresse-shop.it\/es\/wp-json\/wp\/v2\/product_tag?post=199540"}],"curies":[{"name":"wp","href":"https:\/\/api.w.org\/{rel}","templated":true}]}}