{"id":199180,"date":"2022-10-27T13:23:15","date_gmt":"2022-10-27T13:23:21","guid":{"rendered":"https:\/\/www.erresse-shop.it\/?post_type=product&#038;p=199180"},"modified":"2023-08-07T00:01:00","modified_gmt":"2023-08-07T00:01:00","slug":"cuisinart-hervidor","status":"publish","type":"product","link":"https:\/\/www.erresse-shop.it\/es\/shop\/cocina\/cuisinart-hervidor\/","title":{"rendered":"CUISINART Hervidor"},"content":{"rendered":"<p>Este elegante hervidor de acero inoxidable, que forma parte de nuestra colecci\u00f3n Style, aportar\u00e1 un sutil toque de color a su cocina.<\/p>\n<p>Las diferentes opciones de temperatura y los 3KW de potencia la hacen perfecta para disfrutar de t\u00e9s finos e infusiones. Dise\u00f1o equilibrado y ergon\u00f3mico.<\/p>\n<p>Completa el look con una tostadora a juego en el mismo bello acabado o combina los diferentes tonos disponibles.<\/p>\n<p>El hervidor multitemperatura de Cuisinart tiene varias opciones de temperatura para elegir, en incrementos de 5 \u00b0C. De este modo, siempre obtendr\u00e1 el mejor resultado para cualquier bebida que elija.<\/p>\n<p>Utilice el ajuste de 85 \u00b0C para mantener intacto el delicado sabor de los t\u00e9s verdes y blancos, los ajustes de 90 y 95 \u00b0C para un perfecto caf\u00e9 americano y el ajuste de 100 \u00b0C para t\u00e9s negros y de hierbas.<\/p>\n<p>La pr\u00e1ctica pantalla LCD le permite ver la temperatura del agua en todo momento para saber cu\u00e1ndo se alcanza la temperatura deseada.<\/p>\n<p>El cuerpo de acero inoxidable de alta calidad est\u00e1 pintado en un bonito acabado plateado f\u00e1cil de limpiar. El gran ca\u00f1o y el mango bien equilibrado hacen que este hervidor sea c\u00f3modo de usar.<\/p>\n<p><strong>CARACTER\u00cdSTICAS T\u00c9CNICAS:<\/strong><\/p>\n<ul>\n<li>Temperatura variable entre 85-100 \u00b0C.<\/li>\n<li>Hervidor de acero inoxidable.<\/li>\n<li>La pantalla LCD muestra la temperatura del agua.<\/li>\n<li>3kW para una ebullici\u00f3n r\u00e1pida.<\/li>\n<li>Capacidad de 1,7 litros.<\/li>\n<li>Gran ca\u00f1o para facilitar el vertido.<\/li>\n<li>Base de 360\u00b0 para uso de zurdos y diestros.<\/li>\n<li>Filtro de agua anticalc\u00e1reo extra\u00edble.<\/li>\n<li>Desconexi\u00f3n autom\u00e1tica de seguridad.<\/li>\n<li>Alojamiento del cable integrado en la base.<\/li>\n<\/ul>\n<p><span style=\"text-decoration: underline;\"><strong>3 a\u00f1os de garant\u00eda<\/strong><\/span><br \/>\n<span style=\"text-decoration: underline;\"><strong>No se vende fuera de Europa<\/strong><\/span><\/p>\n","protected":false},"excerpt":{"rendered":"<p>Este elegante hervidor de acero inoxidable, que forma parte de nuestra colecci\u00f3n Style, aportar\u00e1 un sutil toque de color a<\/p>\n","protected":false},"featured_media":488299,"template":"","meta":{"_acf_changed":false,"inline_featured_image":false},"product_cat":[16040],"product_tag":[24367],"acf":[],"yoast_head":"<!-- This site is optimized with the Yoast SEO Premium plugin v18.6 (Yoast SEO v19.13) - https:\/\/yoast.com\/wordpress\/plugins\/seo\/ -->\n<title>CUISINART Hervidor - Erresse Shop<\/title>\n<meta name=\"description\" content=\"Este elegante hervidor de acero inoxidable, que forma parte de nuestra colecci\u00f3n Style, aportar\u00e1 un sutil toque de color a su cocina. Las diferentes\" \/>\n<meta name=\"robots\" content=\"index, follow, max-snippet:-1, max-image-preview:large, max-video-preview:-1\" \/>\n<link rel=\"canonical\" href=\"https:\/\/www.erresse-shop.it\/es\/shop\/cocina\/cuisinart-hervidor\/\" \/>\n<meta property=\"og:locale\" content=\"es_ES\" \/>\n<meta property=\"og:type\" content=\"article\" \/>\n<meta property=\"og:title\" content=\"CUISINART Hervidor\" \/>\n<meta property=\"og:description\" content=\"Este elegante hervidor de acero inoxidable, que forma parte de nuestra colecci\u00f3n Style, aportar\u00e1 un sutil toque de color a su cocina. Las diferentes\" \/>\n<meta property=\"og:url\" content=\"https:\/\/www.erresse-shop.it\/es\/shop\/cocina\/cuisinart-hervidor\/\" \/>\n<meta property=\"og:site_name\" content=\"Erresse Shop\" \/>\n<meta property=\"article:modified_time\" content=\"2023-08-07T00:01:00+00:00\" \/>\n<meta property=\"og:image\" content=\"https:\/\/www.erresse-shop.it\/wp-content\/uploads\/2022\/10\/CUISINART-Bollitore-Elettrico.gif\" \/>\n\t<meta property=\"og:image:width\" content=\"800\" \/>\n\t<meta property=\"og:image:height\" content=\"800\" \/>\n\t<meta property=\"og:image:type\" content=\"image\/gif\" \/>\n<meta name=\"twitter:card\" content=\"summary_large_image\" \/>\n<script type=\"application\/ld+json\" class=\"yoast-schema-graph\">{\"@context\":\"https:\/\/schema.org\",\"@graph\":[{\"@type\":\"WebPage\",\"@id\":\"https:\/\/www.erresse-shop.it\/es\/shop\/cocina\/cuisinart-hervidor\/\",\"url\":\"https:\/\/www.erresse-shop.it\/es\/shop\/cocina\/cuisinart-hervidor\/\",\"name\":\"CUISINART Hervidor - Erresse Shop\",\"isPartOf\":{\"@id\":\"https:\/\/www.erresse-shop.it\/es\/#website\"},\"datePublished\":\"2022-10-27T13:23:21+00:00\",\"dateModified\":\"2023-08-07T00:01:00+00:00\",\"description\":\"Este elegante hervidor de acero inoxidable, que forma parte de nuestra colecci\u00f3n Style, aportar\u00e1 un sutil toque de color a su cocina. Las diferentes\",\"breadcrumb\":{\"@id\":\"https:\/\/www.erresse-shop.it\/es\/shop\/cocina\/cuisinart-hervidor\/#breadcrumb\"},\"inLanguage\":\"es\",\"potentialAction\":[{\"@type\":\"ReadAction\",\"target\":[\"https:\/\/www.erresse-shop.it\/es\/shop\/cocina\/cuisinart-hervidor\/\"]}]},{\"@type\":\"BreadcrumbList\",\"@id\":\"https:\/\/www.erresse-shop.it\/es\/shop\/cocina\/cuisinart-hervidor\/#breadcrumb\",\"itemListElement\":[{\"@type\":\"ListItem\",\"position\":1,\"name\":\"Home\",\"item\":\"https:\/\/www.erresse-shop.it\/es\/\"},{\"@type\":\"ListItem\",\"position\":2,\"name\":\"Shop\",\"item\":\"https:\/\/www.erresse-shop.it\/es\/shop\/\"},{\"@type\":\"ListItem\",\"position\":3,\"name\":\"CUISINART Hervidor\"}]},{\"@type\":\"WebSite\",\"@id\":\"https:\/\/www.erresse-shop.it\/es\/#website\",\"url\":\"https:\/\/www.erresse-shop.it\/es\/\",\"name\":\"Erresse Shop\",\"description\":\"Articoli di qualit\u00e0 per la casa\",\"potentialAction\":[{\"@type\":\"SearchAction\",\"target\":{\"@type\":\"EntryPoint\",\"urlTemplate\":\"https:\/\/www.erresse-shop.it\/es\/?s={search_term_string}\"},\"query-input\":\"required name=search_term_string\"}],\"inLanguage\":\"es\"}]}<\/script>\n<!-- \/ Yoast SEO Premium plugin. -->","yoast_head_json":{"title":"CUISINART Hervidor - Erresse Shop","description":"Este elegante hervidor de acero inoxidable, que forma parte de nuestra colecci\u00f3n Style, aportar\u00e1 un sutil toque de color a su cocina. Las diferentes","robots":{"index":"index","follow":"follow","max-snippet":"max-snippet:-1","max-image-preview":"max-image-preview:large","max-video-preview":"max-video-preview:-1"},"canonical":"https:\/\/www.erresse-shop.it\/es\/shop\/cocina\/cuisinart-hervidor\/","og_locale":"es_ES","og_type":"article","og_title":"CUISINART Hervidor","og_description":"Este elegante hervidor de acero inoxidable, que forma parte de nuestra colecci\u00f3n Style, aportar\u00e1 un sutil toque de color a su cocina. Las diferentes","og_url":"https:\/\/www.erresse-shop.it\/es\/shop\/cocina\/cuisinart-hervidor\/","og_site_name":"Erresse Shop","article_modified_time":"2023-08-07T00:01:00+00:00","og_image":[{"width":800,"height":800,"url":"https:\/\/www.erresse-shop.it\/wp-content\/uploads\/2022\/10\/CUISINART-Bollitore-Elettrico.gif","type":"image\/gif"}],"twitter_card":"summary_large_image","schema":{"@context":"https:\/\/schema.org","@graph":[{"@type":"WebPage","@id":"https:\/\/www.erresse-shop.it\/es\/shop\/cocina\/cuisinart-hervidor\/","url":"https:\/\/www.erresse-shop.it\/es\/shop\/cocina\/cuisinart-hervidor\/","name":"CUISINART Hervidor - Erresse Shop","isPartOf":{"@id":"https:\/\/www.erresse-shop.it\/es\/#website"},"datePublished":"2022-10-27T13:23:21+00:00","dateModified":"2023-08-07T00:01:00+00:00","description":"Este elegante hervidor de acero inoxidable, que forma parte de nuestra colecci\u00f3n Style, aportar\u00e1 un sutil toque de color a su cocina. Las diferentes","breadcrumb":{"@id":"https:\/\/www.erresse-shop.it\/es\/shop\/cocina\/cuisinart-hervidor\/#breadcrumb"},"inLanguage":"es","potentialAction":[{"@type":"ReadAction","target":["https:\/\/www.erresse-shop.it\/es\/shop\/cocina\/cuisinart-hervidor\/"]}]},{"@type":"BreadcrumbList","@id":"https:\/\/www.erresse-shop.it\/es\/shop\/cocina\/cuisinart-hervidor\/#breadcrumb","itemListElement":[{"@type":"ListItem","position":1,"name":"Home","item":"https:\/\/www.erresse-shop.it\/es\/"},{"@type":"ListItem","position":2,"name":"Shop","item":"https:\/\/www.erresse-shop.it\/es\/shop\/"},{"@type":"ListItem","position":3,"name":"CUISINART Hervidor"}]},{"@type":"WebSite","@id":"https:\/\/www.erresse-shop.it\/es\/#website","url":"https:\/\/www.erresse-shop.it\/es\/","name":"Erresse Shop","description":"Articoli di qualit\u00e0 per la casa","potentialAction":[{"@type":"SearchAction","target":{"@type":"EntryPoint","urlTemplate":"https:\/\/www.erresse-shop.it\/es\/?s={search_term_string}"},"query-input":"required name=search_term_string"}],"inLanguage":"es"}]}},"df_price":119.9,"df_sale_price":119.9,"df_regular_price":119.9,"df_image_link":"https:\/\/www.erresse-shop.it\/wp-content\/uploads\/2022\/10\/CUISINART-Bollitore-300x300.jpg","_links":{"self":[{"href":"https:\/\/www.erresse-shop.it\/es\/wp-json\/wp\/v2\/product\/199180"}],"collection":[{"href":"https:\/\/www.erresse-shop.it\/es\/wp-json\/wp\/v2\/product"}],"about":[{"href":"https:\/\/www.erresse-shop.it\/es\/wp-json\/wp\/v2\/types\/product"}],"wp:featuredmedia":[{"embeddable":true,"href":"https:\/\/www.erresse-shop.it\/es\/wp-json\/wp\/v2\/media\/488299"}],"wp:attachment":[{"href":"https:\/\/www.erresse-shop.it\/es\/wp-json\/wp\/v2\/media?parent=199180"}],"wp:term":[{"taxonomy":"product_cat","embeddable":true,"href":"https:\/\/www.erresse-shop.it\/es\/wp-json\/wp\/v2\/product_cat?post=199180"},{"taxonomy":"product_tag","embeddable":true,"href":"https:\/\/www.erresse-shop.it\/es\/wp-json\/wp\/v2\/product_tag?post=199180"}],"curies":[{"name":"wp","href":"https:\/\/api.w.org\/{rel}","templated":true}]}}