{"id":197485,"date":"2022-10-25T13:08:24","date_gmt":"2022-10-25T13:08:31","guid":{"rendered":"https:\/\/www.erresse-shop.it\/?post_type=product&#038;p=197485"},"modified":"2022-10-25T13:40:35","modified_gmt":"2022-10-25T13:40:35","slug":"cuisinart-tostadora-de-2-rebanadas","status":"publish","type":"product","link":"https:\/\/www.erresse-shop.it\/es\/shop\/cocina\/cuisinart-tostadora-de-2-rebanadas\/","title":{"rendered":"CUISINART Tostadora de 2 rebanadas"},"content":{"rendered":"<p>Esta elegante tostadora de 2 rebanadas de acero inoxidable, que forma parte de nuestra colecci\u00f3n Style, aportar\u00e1 un sutil toque de color a su cocina.<\/p>\n<p>Completa el look con una tetera a juego en el mismo bello acabado o combina los diferentes tonos disponibles.<\/p>\n<p>Las ranuras de tostado extra grandes est\u00e1n especialmente dise\u00f1adas para acomodar incluso rebanadas gruesas de pan, asegurando un dorado uniforme. Los diferentes ajustes de tostado le permiten obtener resultados perfectos como a usted le gusta.<\/p>\n<p>Utilice la funci\u00f3n de recalentamiento para calentar las tostadas sin que se doren demasiado y la funci\u00f3n de descongelaci\u00f3n para descongelar y tostar al mismo tiempo. El ajuste para panecillos a\u00f1ade un tiempo extra para obtener resultados perfectos con el pan, los panecillos, las magdalenas y los panecillos.<\/p>\n<p>Si busca productos a juego, puede combinar esta tostadora con los dem\u00e1s productos del mismo color de nuestra Colecci\u00f3n de Estilo, o puede mezclar y combinar los diferentes tonos disponibles creados para armonizar entre s\u00ed.<\/p>\n<p><strong>CARACTER\u00cdSTICAS T\u00c9CNICAS:<\/strong><\/p>\n<ul>\n<li>6 ajustes de tostado<\/li>\n<li>Ranuras extragrandes para un resultado perfecto incluso con rebanadas gruesas.<\/li>\n<li>Sistema de autocentrado para resultados uniformes.<\/li>\n<li>La funci\u00f3n de los panecillos.<\/li>\n<li>Funci\u00f3n de descongelaci\u00f3n.<\/li>\n<li>Funci\u00f3n de calefacci\u00f3n.<\/li>\n<li>Puede interrumpir manualmente el ciclo de tostado.<\/li>\n<li>Palanca de elevaci\u00f3n para facilitar la extracci\u00f3n de los panes m\u00e1s peque\u00f1os, los bagels y los bollos.<\/li>\n<li>Bandeja extra\u00edble integrada para facilitar la limpieza.<\/li>\n<\/ul>\n<p><span style=\"text-decoration: underline;\"><strong>3 a\u00f1os de garant\u00eda<\/strong><\/span><br \/>\n<span style=\"text-decoration: underline;\"><strong>No se vende fuera de Europa<\/strong><\/span><\/p>\n","protected":false},"excerpt":{"rendered":"<p>Esta elegante tostadora de 2 rebanadas de acero inoxidable, que forma parte de nuestra colecci\u00f3n Style, aportar\u00e1 un sutil toque<\/p>\n","protected":false},"featured_media":197508,"template":"","meta":{"_acf_changed":false,"inline_featured_image":false},"product_cat":[16040],"product_tag":[24367],"acf":[],"yoast_head":"<!-- This site is optimized with the Yoast SEO Premium plugin v18.6 (Yoast SEO v19.13) - https:\/\/yoast.com\/wordpress\/plugins\/seo\/ -->\n<title>CUISINART Tostadora de 2 rebanadas - Erresse Shop<\/title>\n<meta name=\"description\" content=\"Esta elegante tostadora de 2 rebanadas de acero inoxidable, que forma parte de nuestra colecci\u00f3n Style, aportar\u00e1 un sutil toque de color a su cocina.\" \/>\n<meta name=\"robots\" content=\"index, follow, max-snippet:-1, max-image-preview:large, max-video-preview:-1\" \/>\n<link rel=\"canonical\" href=\"https:\/\/www.erresse-shop.it\/es\/shop\/cocina\/cuisinart-tostadora-de-2-rebanadas\/\" \/>\n<meta property=\"og:locale\" content=\"es_ES\" \/>\n<meta property=\"og:type\" content=\"article\" \/>\n<meta property=\"og:title\" content=\"CUISINART Tostadora de 2 rebanadas\" \/>\n<meta property=\"og:description\" content=\"Esta elegante tostadora de 2 rebanadas de acero inoxidable, que forma parte de nuestra colecci\u00f3n Style, aportar\u00e1 un sutil toque de color a su cocina.\" \/>\n<meta property=\"og:url\" content=\"https:\/\/www.erresse-shop.it\/es\/shop\/cocina\/cuisinart-tostadora-de-2-rebanadas\/\" \/>\n<meta property=\"og:site_name\" content=\"Erresse Shop\" \/>\n<meta property=\"article:modified_time\" content=\"2022-10-25T13:40:35+00:00\" \/>\n<meta property=\"og:image\" content=\"https:\/\/www.erresse-shop.it\/wp-content\/uploads\/2022\/10\/CUISINART-Tostapane3.jpg\" \/>\n\t<meta property=\"og:image:width\" content=\"800\" \/>\n\t<meta property=\"og:image:height\" content=\"800\" \/>\n\t<meta property=\"og:image:type\" content=\"image\/jpeg\" \/>\n<meta name=\"twitter:card\" content=\"summary_large_image\" \/>\n<script type=\"application\/ld+json\" class=\"yoast-schema-graph\">{\"@context\":\"https:\/\/schema.org\",\"@graph\":[{\"@type\":\"WebPage\",\"@id\":\"https:\/\/www.erresse-shop.it\/es\/shop\/cocina\/cuisinart-tostadora-de-2-rebanadas\/\",\"url\":\"https:\/\/www.erresse-shop.it\/es\/shop\/cocina\/cuisinart-tostadora-de-2-rebanadas\/\",\"name\":\"CUISINART Tostadora de 2 rebanadas - Erresse Shop\",\"isPartOf\":{\"@id\":\"https:\/\/www.erresse-shop.it\/es\/#website\"},\"datePublished\":\"2022-10-25T13:08:31+00:00\",\"dateModified\":\"2022-10-25T13:40:35+00:00\",\"description\":\"Esta elegante tostadora de 2 rebanadas de acero inoxidable, que forma parte de nuestra colecci\u00f3n Style, aportar\u00e1 un sutil toque de color a su cocina.\",\"breadcrumb\":{\"@id\":\"https:\/\/www.erresse-shop.it\/es\/shop\/cocina\/cuisinart-tostadora-de-2-rebanadas\/#breadcrumb\"},\"inLanguage\":\"es\",\"potentialAction\":[{\"@type\":\"ReadAction\",\"target\":[\"https:\/\/www.erresse-shop.it\/es\/shop\/cocina\/cuisinart-tostadora-de-2-rebanadas\/\"]}]},{\"@type\":\"BreadcrumbList\",\"@id\":\"https:\/\/www.erresse-shop.it\/es\/shop\/cocina\/cuisinart-tostadora-de-2-rebanadas\/#breadcrumb\",\"itemListElement\":[{\"@type\":\"ListItem\",\"position\":1,\"name\":\"Home\",\"item\":\"https:\/\/www.erresse-shop.it\/es\/\"},{\"@type\":\"ListItem\",\"position\":2,\"name\":\"Shop\",\"item\":\"https:\/\/www.erresse-shop.it\/es\/shop\/\"},{\"@type\":\"ListItem\",\"position\":3,\"name\":\"CUISINART Tostadora de 2 rebanadas\"}]},{\"@type\":\"WebSite\",\"@id\":\"https:\/\/www.erresse-shop.it\/es\/#website\",\"url\":\"https:\/\/www.erresse-shop.it\/es\/\",\"name\":\"Erresse Shop\",\"description\":\"Articoli di qualit\u00e0 per la casa\",\"potentialAction\":[{\"@type\":\"SearchAction\",\"target\":{\"@type\":\"EntryPoint\",\"urlTemplate\":\"https:\/\/www.erresse-shop.it\/es\/?s={search_term_string}\"},\"query-input\":\"required name=search_term_string\"}],\"inLanguage\":\"es\"}]}<\/script>\n<!-- \/ Yoast SEO Premium plugin. -->","yoast_head_json":{"title":"CUISINART Tostadora de 2 rebanadas - Erresse Shop","description":"Esta elegante tostadora de 2 rebanadas de acero inoxidable, que forma parte de nuestra colecci\u00f3n Style, aportar\u00e1 un sutil toque de color a su cocina.","robots":{"index":"index","follow":"follow","max-snippet":"max-snippet:-1","max-image-preview":"max-image-preview:large","max-video-preview":"max-video-preview:-1"},"canonical":"https:\/\/www.erresse-shop.it\/es\/shop\/cocina\/cuisinart-tostadora-de-2-rebanadas\/","og_locale":"es_ES","og_type":"article","og_title":"CUISINART Tostadora de 2 rebanadas","og_description":"Esta elegante tostadora de 2 rebanadas de acero inoxidable, que forma parte de nuestra colecci\u00f3n Style, aportar\u00e1 un sutil toque de color a su cocina.","og_url":"https:\/\/www.erresse-shop.it\/es\/shop\/cocina\/cuisinart-tostadora-de-2-rebanadas\/","og_site_name":"Erresse Shop","article_modified_time":"2022-10-25T13:40:35+00:00","og_image":[{"width":800,"height":800,"url":"https:\/\/www.erresse-shop.it\/wp-content\/uploads\/2022\/10\/CUISINART-Tostapane3.jpg","type":"image\/jpeg"}],"twitter_card":"summary_large_image","schema":{"@context":"https:\/\/schema.org","@graph":[{"@type":"WebPage","@id":"https:\/\/www.erresse-shop.it\/es\/shop\/cocina\/cuisinart-tostadora-de-2-rebanadas\/","url":"https:\/\/www.erresse-shop.it\/es\/shop\/cocina\/cuisinart-tostadora-de-2-rebanadas\/","name":"CUISINART Tostadora de 2 rebanadas - Erresse Shop","isPartOf":{"@id":"https:\/\/www.erresse-shop.it\/es\/#website"},"datePublished":"2022-10-25T13:08:31+00:00","dateModified":"2022-10-25T13:40:35+00:00","description":"Esta elegante tostadora de 2 rebanadas de acero inoxidable, que forma parte de nuestra colecci\u00f3n Style, aportar\u00e1 un sutil toque de color a su cocina.","breadcrumb":{"@id":"https:\/\/www.erresse-shop.it\/es\/shop\/cocina\/cuisinart-tostadora-de-2-rebanadas\/#breadcrumb"},"inLanguage":"es","potentialAction":[{"@type":"ReadAction","target":["https:\/\/www.erresse-shop.it\/es\/shop\/cocina\/cuisinart-tostadora-de-2-rebanadas\/"]}]},{"@type":"BreadcrumbList","@id":"https:\/\/www.erresse-shop.it\/es\/shop\/cocina\/cuisinart-tostadora-de-2-rebanadas\/#breadcrumb","itemListElement":[{"@type":"ListItem","position":1,"name":"Home","item":"https:\/\/www.erresse-shop.it\/es\/"},{"@type":"ListItem","position":2,"name":"Shop","item":"https:\/\/www.erresse-shop.it\/es\/shop\/"},{"@type":"ListItem","position":3,"name":"CUISINART Tostadora de 2 rebanadas"}]},{"@type":"WebSite","@id":"https:\/\/www.erresse-shop.it\/es\/#website","url":"https:\/\/www.erresse-shop.it\/es\/","name":"Erresse Shop","description":"Articoli di qualit\u00e0 per la casa","potentialAction":[{"@type":"SearchAction","target":{"@type":"EntryPoint","urlTemplate":"https:\/\/www.erresse-shop.it\/es\/?s={search_term_string}"},"query-input":"required name=search_term_string"}],"inLanguage":"es"}]}},"df_price":89.9,"df_sale_price":89.9,"df_regular_price":89.9,"df_image_link":"https:\/\/www.erresse-shop.it\/wp-content\/uploads\/2022\/10\/CUISINART-Tostapane3-300x300.jpg","_links":{"self":[{"href":"https:\/\/www.erresse-shop.it\/es\/wp-json\/wp\/v2\/product\/197485"}],"collection":[{"href":"https:\/\/www.erresse-shop.it\/es\/wp-json\/wp\/v2\/product"}],"about":[{"href":"https:\/\/www.erresse-shop.it\/es\/wp-json\/wp\/v2\/types\/product"}],"wp:featuredmedia":[{"embeddable":true,"href":"https:\/\/www.erresse-shop.it\/es\/wp-json\/wp\/v2\/media\/197508"}],"wp:attachment":[{"href":"https:\/\/www.erresse-shop.it\/es\/wp-json\/wp\/v2\/media?parent=197485"}],"wp:term":[{"taxonomy":"product_cat","embeddable":true,"href":"https:\/\/www.erresse-shop.it\/es\/wp-json\/wp\/v2\/product_cat?post=197485"},{"taxonomy":"product_tag","embeddable":true,"href":"https:\/\/www.erresse-shop.it\/es\/wp-json\/wp\/v2\/product_tag?post=197485"}],"curies":[{"name":"wp","href":"https:\/\/api.w.org\/{rel}","templated":true}]}}