{"id":195664,"date":"2022-10-21T07:09:51","date_gmt":"2022-10-21T07:09:58","guid":{"rendered":"https:\/\/www.erresse-shop.it\/?post_type=product&#038;p=195664"},"modified":"2022-10-25T10:03:55","modified_gmt":"2022-10-25T10:03:55","slug":"cuisinart-cocina-multifuncion-con-tapa-de-cristal","status":"publish","type":"product","link":"https:\/\/www.erresse-shop.it\/es\/shop\/cocina\/cuisinart-cocina-multifuncion-con-tapa-de-cristal\/","title":{"rendered":"CUISINART Cocina multifunci\u00f3n con tapa de cristal"},"content":{"rendered":"<p>Para recetas deliciosas y f\u00e1ciles de preparar. Cocinar, asar, cocinar al vapor, guisar, tambi\u00e9n es ideal para tiempos de cocci\u00f3n largos. Puedes preparar recetas caseras para toda la familia, de forma r\u00e1pida y sencilla. Tanto si se trata de un filete perfectamente asado con verduras al vapor como de una paella cl\u00e1sica, es lo suficientemente grande para preparar comidas familiares, pero tambi\u00e9n lo suficientemente compacto para preparar una comida para una sola persona.<\/p>\n<p>Forma parte de la colecci\u00f3n Style, quedar\u00e1 muy bien en su cocina y es lo suficientemente compacto y ligero como para guardarlo f\u00e1cilmente en un armario.<\/p>\n<p>COOKING se calienta en menos de 6 minutos, con un rango de temperatura de 90 \u030aC a 220 \u030aC, es perfecto para todo tipo de cocci\u00f3n, desde la cocina a alta temperatura hasta la larga cocci\u00f3n a fuego lento.<\/p>\n<p>Viene con tres accesorios diferentes: una plancha antiadherente, una cacerola antiadherente y una bandeja de acero para cocinar al vapor, que pueden apilarse junto con la tapa de cristal para un almacenamiento ordenado. Los accesorios y la tapa de cristal son aptos para el lavavajillas, lo que resulta ideal para facilitar la limpieza.<\/p>\n<p>Utilice la cacerola para saltear ingredientes, escaldar o cocinar deliciosas recetas como guisos y estofados.<\/p>\n<p>A\u00f1ade agua a la cazuela antes de introducir la bandeja de acero inoxidable para cocinar suavemente el pescado, las verduras y mucho m\u00e1s. O utilice la placa antiadherente de la parrilla para dorar la carne y asar el pescado, la carne y las verduras, en minutos, con el m\u00e1ximo sabor.<\/p>\n<p><strong>ACCESORIOS<\/strong>:<\/p>\n<ul>\n<li>Cazuela antiadherente<\/li>\n<li>Bandeja de cocci\u00f3n al vapor de acero inoxidable<\/li>\n<li>Parrilla antiadherente<\/li>\n<li>Tapa de cristal<\/li>\n<\/ul>\n<p><strong>CARACTER\u00cdSTICAS T\u00c9CNICAS:<\/strong><\/p>\n<ul>\n<li>Asar, dorar, cocinar al vapor, cocinar a fuego lento; todo en un producto multifuncional compacto y f\u00e1cil de limpiar<\/li>\n<li>Cocci\u00f3n controlada con precisi\u00f3n con diferentes ajustes de temperatura de 90\u02daC a 220\u02daC<\/li>\n<li>Tiempo de calentamiento r\u00e1pido: listo en menos de 6 minutos<\/li>\n<li>Cacerola con tapa de cristal, perfecta para saltear y cocinar recetas de larga duraci\u00f3n<\/li>\n<li>Bandeja de acero inoxidable para cocinar al vapor, para usar dentro de la cacerola para una cocci\u00f3n r\u00e1pida y f\u00e1cil<\/li>\n<li>Rejilla antiadherente para una cocci\u00f3n perfecta y baja en grasas<\/li>\n<li>Tapa de cristal para utilizar durante las diferentes preparaciones<\/li>\n<li>Cacerola y parrilla con revestimiento antiadherente de alta calidad<\/li>\n<li>Accesorios aptos para el lavavajillas<\/li>\n<\/ul>\n<p><span style=\"text-decoration: underline;\"><strong>3 a\u00f1os de garant\u00eda<\/strong><\/span><br \/>\n<span style=\"text-decoration: underline;\"><strong>No se vende fuera de Europa<\/strong><\/span><\/p>\n","protected":false},"excerpt":{"rendered":"<p>Para recetas deliciosas y f\u00e1ciles de preparar. Cocinar, asar, cocinar al vapor, guisar, tambi\u00e9n es ideal para tiempos de cocci\u00f3n<\/p>\n","protected":false},"featured_media":195701,"template":"","meta":{"_acf_changed":false,"inline_featured_image":false},"product_cat":[16040],"product_tag":[24367],"acf":[],"yoast_head":"<!-- This site is optimized with the Yoast SEO Premium plugin v18.6 (Yoast SEO v19.13) - https:\/\/yoast.com\/wordpress\/plugins\/seo\/ -->\n<title>CUISINART Cocina multifunci\u00f3n con tapa de cristal - Erresse Shop<\/title>\n<meta name=\"description\" content=\"Para recetas deliciosas y f\u00e1ciles de preparar. Cocinar, asar, cocinar al vapor, guisar, tambi\u00e9n es ideal para tiempos de cocci\u00f3n largos. Puedes preparar\" \/>\n<meta name=\"robots\" content=\"index, follow, max-snippet:-1, max-image-preview:large, max-video-preview:-1\" \/>\n<link rel=\"canonical\" href=\"https:\/\/www.erresse-shop.it\/es\/shop\/cocina\/cuisinart-cocina-multifuncion-con-tapa-de-cristal\/\" \/>\n<meta property=\"og:locale\" content=\"es_ES\" \/>\n<meta property=\"og:type\" content=\"article\" \/>\n<meta property=\"og:title\" content=\"CUISINART Cocina multifunci\u00f3n con tapa de cristal\" \/>\n<meta property=\"og:description\" content=\"Para recetas deliciosas y f\u00e1ciles de preparar. Cocinar, asar, cocinar al vapor, guisar, tambi\u00e9n es ideal para tiempos de cocci\u00f3n largos. Puedes preparar\" \/>\n<meta property=\"og:url\" content=\"https:\/\/www.erresse-shop.it\/es\/shop\/cocina\/cuisinart-cocina-multifuncion-con-tapa-de-cristal\/\" \/>\n<meta property=\"og:site_name\" content=\"Erresse Shop\" \/>\n<meta property=\"article:modified_time\" content=\"2022-10-25T10:03:55+00:00\" \/>\n<meta property=\"og:image\" content=\"https:\/\/www.erresse-shop.it\/wp-content\/uploads\/2022\/10\/CUISINART-cooking.jpg\" \/>\n\t<meta property=\"og:image:width\" content=\"800\" \/>\n\t<meta property=\"og:image:height\" content=\"800\" \/>\n\t<meta property=\"og:image:type\" content=\"image\/jpeg\" \/>\n<meta name=\"twitter:card\" content=\"summary_large_image\" \/>\n<script type=\"application\/ld+json\" class=\"yoast-schema-graph\">{\"@context\":\"https:\/\/schema.org\",\"@graph\":[{\"@type\":\"WebPage\",\"@id\":\"https:\/\/www.erresse-shop.it\/es\/shop\/cocina\/cuisinart-cocina-multifuncion-con-tapa-de-cristal\/\",\"url\":\"https:\/\/www.erresse-shop.it\/es\/shop\/cocina\/cuisinart-cocina-multifuncion-con-tapa-de-cristal\/\",\"name\":\"CUISINART Cocina multifunci\u00f3n con tapa de cristal - Erresse Shop\",\"isPartOf\":{\"@id\":\"https:\/\/www.erresse-shop.it\/es\/#website\"},\"datePublished\":\"2022-10-21T07:09:58+00:00\",\"dateModified\":\"2022-10-25T10:03:55+00:00\",\"description\":\"Para recetas deliciosas y f\u00e1ciles de preparar. Cocinar, asar, cocinar al vapor, guisar, tambi\u00e9n es ideal para tiempos de cocci\u00f3n largos. Puedes preparar\",\"breadcrumb\":{\"@id\":\"https:\/\/www.erresse-shop.it\/es\/shop\/cocina\/cuisinart-cocina-multifuncion-con-tapa-de-cristal\/#breadcrumb\"},\"inLanguage\":\"es\",\"potentialAction\":[{\"@type\":\"ReadAction\",\"target\":[\"https:\/\/www.erresse-shop.it\/es\/shop\/cocina\/cuisinart-cocina-multifuncion-con-tapa-de-cristal\/\"]}]},{\"@type\":\"BreadcrumbList\",\"@id\":\"https:\/\/www.erresse-shop.it\/es\/shop\/cocina\/cuisinart-cocina-multifuncion-con-tapa-de-cristal\/#breadcrumb\",\"itemListElement\":[{\"@type\":\"ListItem\",\"position\":1,\"name\":\"Home\",\"item\":\"https:\/\/www.erresse-shop.it\/es\/\"},{\"@type\":\"ListItem\",\"position\":2,\"name\":\"Shop\",\"item\":\"https:\/\/www.erresse-shop.it\/es\/shop\/\"},{\"@type\":\"ListItem\",\"position\":3,\"name\":\"CUISINART Cocina multifunci\u00f3n con tapa de cristal\"}]},{\"@type\":\"WebSite\",\"@id\":\"https:\/\/www.erresse-shop.it\/es\/#website\",\"url\":\"https:\/\/www.erresse-shop.it\/es\/\",\"name\":\"Erresse Shop\",\"description\":\"Articoli di qualit\u00e0 per la casa\",\"potentialAction\":[{\"@type\":\"SearchAction\",\"target\":{\"@type\":\"EntryPoint\",\"urlTemplate\":\"https:\/\/www.erresse-shop.it\/es\/?s={search_term_string}\"},\"query-input\":\"required name=search_term_string\"}],\"inLanguage\":\"es\"}]}<\/script>\n<!-- \/ Yoast SEO Premium plugin. -->","yoast_head_json":{"title":"CUISINART Cocina multifunci\u00f3n con tapa de cristal - Erresse Shop","description":"Para recetas deliciosas y f\u00e1ciles de preparar. Cocinar, asar, cocinar al vapor, guisar, tambi\u00e9n es ideal para tiempos de cocci\u00f3n largos. Puedes preparar","robots":{"index":"index","follow":"follow","max-snippet":"max-snippet:-1","max-image-preview":"max-image-preview:large","max-video-preview":"max-video-preview:-1"},"canonical":"https:\/\/www.erresse-shop.it\/es\/shop\/cocina\/cuisinart-cocina-multifuncion-con-tapa-de-cristal\/","og_locale":"es_ES","og_type":"article","og_title":"CUISINART Cocina multifunci\u00f3n con tapa de cristal","og_description":"Para recetas deliciosas y f\u00e1ciles de preparar. Cocinar, asar, cocinar al vapor, guisar, tambi\u00e9n es ideal para tiempos de cocci\u00f3n largos. Puedes preparar","og_url":"https:\/\/www.erresse-shop.it\/es\/shop\/cocina\/cuisinart-cocina-multifuncion-con-tapa-de-cristal\/","og_site_name":"Erresse Shop","article_modified_time":"2022-10-25T10:03:55+00:00","og_image":[{"width":800,"height":800,"url":"https:\/\/www.erresse-shop.it\/wp-content\/uploads\/2022\/10\/CUISINART-cooking.jpg","type":"image\/jpeg"}],"twitter_card":"summary_large_image","schema":{"@context":"https:\/\/schema.org","@graph":[{"@type":"WebPage","@id":"https:\/\/www.erresse-shop.it\/es\/shop\/cocina\/cuisinart-cocina-multifuncion-con-tapa-de-cristal\/","url":"https:\/\/www.erresse-shop.it\/es\/shop\/cocina\/cuisinart-cocina-multifuncion-con-tapa-de-cristal\/","name":"CUISINART Cocina multifunci\u00f3n con tapa de cristal - Erresse Shop","isPartOf":{"@id":"https:\/\/www.erresse-shop.it\/es\/#website"},"datePublished":"2022-10-21T07:09:58+00:00","dateModified":"2022-10-25T10:03:55+00:00","description":"Para recetas deliciosas y f\u00e1ciles de preparar. Cocinar, asar, cocinar al vapor, guisar, tambi\u00e9n es ideal para tiempos de cocci\u00f3n largos. Puedes preparar","breadcrumb":{"@id":"https:\/\/www.erresse-shop.it\/es\/shop\/cocina\/cuisinart-cocina-multifuncion-con-tapa-de-cristal\/#breadcrumb"},"inLanguage":"es","potentialAction":[{"@type":"ReadAction","target":["https:\/\/www.erresse-shop.it\/es\/shop\/cocina\/cuisinart-cocina-multifuncion-con-tapa-de-cristal\/"]}]},{"@type":"BreadcrumbList","@id":"https:\/\/www.erresse-shop.it\/es\/shop\/cocina\/cuisinart-cocina-multifuncion-con-tapa-de-cristal\/#breadcrumb","itemListElement":[{"@type":"ListItem","position":1,"name":"Home","item":"https:\/\/www.erresse-shop.it\/es\/"},{"@type":"ListItem","position":2,"name":"Shop","item":"https:\/\/www.erresse-shop.it\/es\/shop\/"},{"@type":"ListItem","position":3,"name":"CUISINART Cocina multifunci\u00f3n con tapa de cristal"}]},{"@type":"WebSite","@id":"https:\/\/www.erresse-shop.it\/es\/#website","url":"https:\/\/www.erresse-shop.it\/es\/","name":"Erresse Shop","description":"Articoli di qualit\u00e0 per la casa","potentialAction":[{"@type":"SearchAction","target":{"@type":"EntryPoint","urlTemplate":"https:\/\/www.erresse-shop.it\/es\/?s={search_term_string}"},"query-input":"required name=search_term_string"}],"inLanguage":"es"}]}},"df_price":199.9,"df_sale_price":199.9,"df_regular_price":199.9,"df_image_link":"https:\/\/www.erresse-shop.it\/wp-content\/uploads\/2022\/10\/CUISINART-cooking-300x300.jpg","_links":{"self":[{"href":"https:\/\/www.erresse-shop.it\/es\/wp-json\/wp\/v2\/product\/195664"}],"collection":[{"href":"https:\/\/www.erresse-shop.it\/es\/wp-json\/wp\/v2\/product"}],"about":[{"href":"https:\/\/www.erresse-shop.it\/es\/wp-json\/wp\/v2\/types\/product"}],"wp:featuredmedia":[{"embeddable":true,"href":"https:\/\/www.erresse-shop.it\/es\/wp-json\/wp\/v2\/media\/195701"}],"wp:attachment":[{"href":"https:\/\/www.erresse-shop.it\/es\/wp-json\/wp\/v2\/media?parent=195664"}],"wp:term":[{"taxonomy":"product_cat","embeddable":true,"href":"https:\/\/www.erresse-shop.it\/es\/wp-json\/wp\/v2\/product_cat?post=195664"},{"taxonomy":"product_tag","embeddable":true,"href":"https:\/\/www.erresse-shop.it\/es\/wp-json\/wp\/v2\/product_tag?post=195664"}],"curies":[{"name":"wp","href":"https:\/\/api.w.org\/{rel}","templated":true}]}}