{"id":195590,"date":"2022-10-21T06:16:20","date_gmt":"2022-10-21T06:16:26","guid":{"rendered":"https:\/\/www.erresse-shop.it\/?post_type=product&#038;p=195590"},"modified":"2022-10-21T07:01:41","modified_gmt":"2022-10-21T07:01:41","slug":"cuisinart-mini-horno-y-freidora-de-aire","status":"publish","type":"product","link":"https:\/\/www.erresse-shop.it\/es\/shop\/cocina\/cuisinart-mini-horno-y-freidora-de-aire\/","title":{"rendered":"CUISINART Mini Horno y Freidora de Aire"},"content":{"rendered":"<p>El mini horno con freidora de aire de Cuisinart es r\u00e1pido y f\u00e1cil de usar para crear recetas horneadas o fritas al aire con poco o ning\u00fan aceite a\u00f1adido, para una alternativa m\u00e1s saludable a la fritura normal.<\/p>\n<p>Con 7 funciones de cocci\u00f3n diferentes a elegir, es mucho m\u00e1s que una simple freidora de aire. Tambi\u00e9n se puede utilizar para cocinar delicias al horno, deliciosos asados, sabrosas pizzas crujientes, carnes y pescados a la parrilla y s\u00e1ndwiches dorados exactamente seg\u00fan sus preferencias.<\/p>\n<p>Con un tiempo de calentamiento superr\u00e1pido de 90 segundos, este producto est\u00e1 listo para su uso casi al instante. Su potente tecnolog\u00eda con control de aire cocina un 30% m\u00e1s r\u00e1pido que un horno convencional, por lo que podr\u00e1 tener platos perfectamente cocinados en cuesti\u00f3n de minutos.<\/p>\n<p>El mini-horno de fre\u00edr al aire de Cuisinart es realmente f\u00e1cil de usar. Con 4 sencillos mandos de control, puede seleccionar la temperatura, la funci\u00f3n de cocci\u00f3n, la intensidad de tostado y el tiempo de cocci\u00f3n, lo que le proporciona un control total.<\/p>\n<p>Es de tama\u00f1o compacto, pero tiene una gran capacidad de 17 litros, lo que significa que es lo suficientemente grande para preparar recetas para una familia de 4 personas. Puede cocinar en 2 niveles, hornear una pizza o asar un pollo entero de 1,8 kg.<\/p>\n<p>Dispone de 6 ajustes de temperatura que van desde los 90\u00b0C en el mantenimiento del calor hasta los 230\u00b0C para la fritura al aire con un temporizador incorporado que sonar\u00e1 una vez cuando termine la cocci\u00f3n, apagando autom\u00e1ticamente el horno para evitar la sobrecocci\u00f3n.<\/p>\n<p>Crea deliciosos pasteles y quiches o descongela alimentos congelados con la funci\u00f3n de horneado.<\/p>\n<p>O utilice la funci\u00f3n de grill para asar carne, pescado y verduras muy r\u00e1pidamente.<\/p>\n<p>La funci\u00f3n de tostado le permite crear almuerzos r\u00e1pidos y f\u00e1ciles, como sabrosas tostadas rellenas doradas.<\/p>\n<p>Puedes tostar pan, bollos y rosquillas de forma r\u00e1pida y sencilla con la funci\u00f3n de tostado. El control de dorado variable le permite tostar seg\u00fan su gusto.<\/p>\n<p>El horno tambi\u00e9n se puede utilizar para mantener calientes tus preparaciones o para recalentar las sobras de la noche anterior.<br \/>\nAdem\u00e1s, el mini horno de la freidora Cuisinart tiene un interior antiadherente y accesorios f\u00e1ciles de limpiar.<\/p>\n<p><strong>CARACTER\u00cdSTICAS T\u00c9CNICAS:<\/strong><\/p>\n<ul>\n<li>Mini horno vers\u00e1til con freidora de aire<\/li>\n<li>7 funciones: fre\u00edr al aire, asar, hornear, gratinar, tostar, conservar el calor<\/li>\n<li>La tecnolog\u00eda de flujo de aire superpotente y controlado proporciona un calentamiento ultrarr\u00e1pido. Producto listo para usar en s\u00f3lo 90 segundos<\/li>\n<li>Los alimentos se cocinan r\u00e1pida y uniformemente, un 30% m\u00e1s r\u00e1pido que un horno convencional<\/li>\n<li>6 ajustes de temperatura, que van desde los 90\u02daC en mantenimiento de calor hasta los 230\u02daC para fre\u00edr al aire<\/li>\n<li>Tama\u00f1o compacto, pero con gran capacidad de cocci\u00f3n<\/li>\n<li>Cesta para fre\u00edr al aire de 25 cm x 29 cm<\/li>\n<li>2 estantes para una cocci\u00f3n uniforme en 2 niveles<\/li>\n<li>Interior antiadherente f\u00e1cil de limpiar<\/li>\n<li>La luz interior ofrece la m\u00e1xima visibilidad para un mayor control de los resultados de la cocci\u00f3n<\/li>\n<li>Temporizador de 60 minutos con desconexi\u00f3n autom\u00e1tica<\/li>\n<li>Accesorios incluidos: 1 cesta para fre\u00edr al aire, 1 parrilla y 1 bandeja para hornear<\/li>\n<\/ul>\n<p><span style=\"text-decoration: underline;\"><strong>3 a\u00f1os de garant\u00eda<\/strong><\/span><br \/>\n<span style=\"text-decoration: underline;\"><strong>No se vende fuera de Europa<\/strong><\/span><\/p>\n","protected":false},"excerpt":{"rendered":"<p>El mini horno con freidora de aire de Cuisinart es r\u00e1pido y f\u00e1cil de usar para crear recetas horneadas o<\/p>\n","protected":false},"featured_media":195650,"template":"","meta":{"_acf_changed":false,"inline_featured_image":false},"product_cat":[16040],"product_tag":[24367],"acf":[],"yoast_head":"<!-- This site is optimized with the Yoast SEO Premium plugin v18.6 (Yoast SEO v19.13) - https:\/\/yoast.com\/wordpress\/plugins\/seo\/ -->\n<title>CUISINART Mini Horno y Freidora de Aire - Erresse Shop<\/title>\n<meta name=\"description\" content=\"El mini horno con freidora de aire de Cuisinart es r\u00e1pido y f\u00e1cil de usar para crear recetas horneadas o fritas al aire con poco o ning\u00fan aceite a\u00f1adido,\" \/>\n<meta name=\"robots\" content=\"index, follow, max-snippet:-1, max-image-preview:large, max-video-preview:-1\" \/>\n<link rel=\"canonical\" href=\"https:\/\/www.erresse-shop.it\/es\/shop\/cocina\/cuisinart-mini-horno-y-freidora-de-aire\/\" \/>\n<meta property=\"og:locale\" content=\"es_ES\" \/>\n<meta property=\"og:type\" content=\"article\" \/>\n<meta property=\"og:title\" content=\"CUISINART Mini Horno y Freidora de Aire\" \/>\n<meta property=\"og:description\" content=\"El mini horno con freidora de aire de Cuisinart es r\u00e1pido y f\u00e1cil de usar para crear recetas horneadas o fritas al aire con poco o ning\u00fan aceite a\u00f1adido,\" \/>\n<meta property=\"og:url\" content=\"https:\/\/www.erresse-shop.it\/es\/shop\/cocina\/cuisinart-mini-horno-y-freidora-de-aire\/\" \/>\n<meta property=\"og:site_name\" content=\"Erresse Shop\" \/>\n<meta property=\"article:modified_time\" content=\"2022-10-21T07:01:41+00:00\" \/>\n<meta property=\"og:image\" content=\"https:\/\/www.erresse-shop.it\/wp-content\/uploads\/2022\/10\/CUISINART-Air-fryer.jpg\" \/>\n\t<meta property=\"og:image:width\" content=\"800\" \/>\n\t<meta property=\"og:image:height\" content=\"800\" \/>\n\t<meta property=\"og:image:type\" content=\"image\/jpeg\" \/>\n<meta name=\"twitter:card\" content=\"summary_large_image\" \/>\n<script type=\"application\/ld+json\" class=\"yoast-schema-graph\">{\"@context\":\"https:\/\/schema.org\",\"@graph\":[{\"@type\":\"WebPage\",\"@id\":\"https:\/\/www.erresse-shop.it\/es\/shop\/cocina\/cuisinart-mini-horno-y-freidora-de-aire\/\",\"url\":\"https:\/\/www.erresse-shop.it\/es\/shop\/cocina\/cuisinart-mini-horno-y-freidora-de-aire\/\",\"name\":\"CUISINART Mini Horno y Freidora de Aire - Erresse Shop\",\"isPartOf\":{\"@id\":\"https:\/\/www.erresse-shop.it\/es\/#website\"},\"datePublished\":\"2022-10-21T06:16:26+00:00\",\"dateModified\":\"2022-10-21T07:01:41+00:00\",\"description\":\"El mini horno con freidora de aire de Cuisinart es r\u00e1pido y f\u00e1cil de usar para crear recetas horneadas o fritas al aire con poco o ning\u00fan aceite a\u00f1adido,\",\"breadcrumb\":{\"@id\":\"https:\/\/www.erresse-shop.it\/es\/shop\/cocina\/cuisinart-mini-horno-y-freidora-de-aire\/#breadcrumb\"},\"inLanguage\":\"es\",\"potentialAction\":[{\"@type\":\"ReadAction\",\"target\":[\"https:\/\/www.erresse-shop.it\/es\/shop\/cocina\/cuisinart-mini-horno-y-freidora-de-aire\/\"]}]},{\"@type\":\"BreadcrumbList\",\"@id\":\"https:\/\/www.erresse-shop.it\/es\/shop\/cocina\/cuisinart-mini-horno-y-freidora-de-aire\/#breadcrumb\",\"itemListElement\":[{\"@type\":\"ListItem\",\"position\":1,\"name\":\"Home\",\"item\":\"https:\/\/www.erresse-shop.it\/es\/\"},{\"@type\":\"ListItem\",\"position\":2,\"name\":\"Shop\",\"item\":\"https:\/\/www.erresse-shop.it\/es\/shop\/\"},{\"@type\":\"ListItem\",\"position\":3,\"name\":\"CUISINART Mini Horno y Freidora de Aire\"}]},{\"@type\":\"WebSite\",\"@id\":\"https:\/\/www.erresse-shop.it\/es\/#website\",\"url\":\"https:\/\/www.erresse-shop.it\/es\/\",\"name\":\"Erresse Shop\",\"description\":\"Articoli di qualit\u00e0 per la casa\",\"potentialAction\":[{\"@type\":\"SearchAction\",\"target\":{\"@type\":\"EntryPoint\",\"urlTemplate\":\"https:\/\/www.erresse-shop.it\/es\/?s={search_term_string}\"},\"query-input\":\"required name=search_term_string\"}],\"inLanguage\":\"es\"}]}<\/script>\n<!-- \/ Yoast SEO Premium plugin. -->","yoast_head_json":{"title":"CUISINART Mini Horno y Freidora de Aire - Erresse Shop","description":"El mini horno con freidora de aire de Cuisinart es r\u00e1pido y f\u00e1cil de usar para crear recetas horneadas o fritas al aire con poco o ning\u00fan aceite a\u00f1adido,","robots":{"index":"index","follow":"follow","max-snippet":"max-snippet:-1","max-image-preview":"max-image-preview:large","max-video-preview":"max-video-preview:-1"},"canonical":"https:\/\/www.erresse-shop.it\/es\/shop\/cocina\/cuisinart-mini-horno-y-freidora-de-aire\/","og_locale":"es_ES","og_type":"article","og_title":"CUISINART Mini Horno y Freidora de Aire","og_description":"El mini horno con freidora de aire de Cuisinart es r\u00e1pido y f\u00e1cil de usar para crear recetas horneadas o fritas al aire con poco o ning\u00fan aceite a\u00f1adido,","og_url":"https:\/\/www.erresse-shop.it\/es\/shop\/cocina\/cuisinart-mini-horno-y-freidora-de-aire\/","og_site_name":"Erresse Shop","article_modified_time":"2022-10-21T07:01:41+00:00","og_image":[{"width":800,"height":800,"url":"https:\/\/www.erresse-shop.it\/wp-content\/uploads\/2022\/10\/CUISINART-Air-fryer.jpg","type":"image\/jpeg"}],"twitter_card":"summary_large_image","schema":{"@context":"https:\/\/schema.org","@graph":[{"@type":"WebPage","@id":"https:\/\/www.erresse-shop.it\/es\/shop\/cocina\/cuisinart-mini-horno-y-freidora-de-aire\/","url":"https:\/\/www.erresse-shop.it\/es\/shop\/cocina\/cuisinart-mini-horno-y-freidora-de-aire\/","name":"CUISINART Mini Horno y Freidora de Aire - Erresse Shop","isPartOf":{"@id":"https:\/\/www.erresse-shop.it\/es\/#website"},"datePublished":"2022-10-21T06:16:26+00:00","dateModified":"2022-10-21T07:01:41+00:00","description":"El mini horno con freidora de aire de Cuisinart es r\u00e1pido y f\u00e1cil de usar para crear recetas horneadas o fritas al aire con poco o ning\u00fan aceite a\u00f1adido,","breadcrumb":{"@id":"https:\/\/www.erresse-shop.it\/es\/shop\/cocina\/cuisinart-mini-horno-y-freidora-de-aire\/#breadcrumb"},"inLanguage":"es","potentialAction":[{"@type":"ReadAction","target":["https:\/\/www.erresse-shop.it\/es\/shop\/cocina\/cuisinart-mini-horno-y-freidora-de-aire\/"]}]},{"@type":"BreadcrumbList","@id":"https:\/\/www.erresse-shop.it\/es\/shop\/cocina\/cuisinart-mini-horno-y-freidora-de-aire\/#breadcrumb","itemListElement":[{"@type":"ListItem","position":1,"name":"Home","item":"https:\/\/www.erresse-shop.it\/es\/"},{"@type":"ListItem","position":2,"name":"Shop","item":"https:\/\/www.erresse-shop.it\/es\/shop\/"},{"@type":"ListItem","position":3,"name":"CUISINART Mini Horno y Freidora de Aire"}]},{"@type":"WebSite","@id":"https:\/\/www.erresse-shop.it\/es\/#website","url":"https:\/\/www.erresse-shop.it\/es\/","name":"Erresse Shop","description":"Articoli di qualit\u00e0 per la casa","potentialAction":[{"@type":"SearchAction","target":{"@type":"EntryPoint","urlTemplate":"https:\/\/www.erresse-shop.it\/es\/?s={search_term_string}"},"query-input":"required name=search_term_string"}],"inLanguage":"es"}]}},"df_price":299.9,"df_sale_price":299.9,"df_regular_price":299.9,"df_image_link":"https:\/\/www.erresse-shop.it\/wp-content\/uploads\/2022\/10\/CUISINART-Air-fryer-300x300.jpg","_links":{"self":[{"href":"https:\/\/www.erresse-shop.it\/es\/wp-json\/wp\/v2\/product\/195590"}],"collection":[{"href":"https:\/\/www.erresse-shop.it\/es\/wp-json\/wp\/v2\/product"}],"about":[{"href":"https:\/\/www.erresse-shop.it\/es\/wp-json\/wp\/v2\/types\/product"}],"wp:featuredmedia":[{"embeddable":true,"href":"https:\/\/www.erresse-shop.it\/es\/wp-json\/wp\/v2\/media\/195650"}],"wp:attachment":[{"href":"https:\/\/www.erresse-shop.it\/es\/wp-json\/wp\/v2\/media?parent=195590"}],"wp:term":[{"taxonomy":"product_cat","embeddable":true,"href":"https:\/\/www.erresse-shop.it\/es\/wp-json\/wp\/v2\/product_cat?post=195590"},{"taxonomy":"product_tag","embeddable":true,"href":"https:\/\/www.erresse-shop.it\/es\/wp-json\/wp\/v2\/product_tag?post=195590"}],"curies":[{"name":"wp","href":"https:\/\/api.w.org\/{rel}","templated":true}]}}