{"id":195427,"date":"2022-10-20T13:03:39","date_gmt":"2022-10-20T13:03:45","guid":{"rendered":"https:\/\/www.erresse-shop.it\/?post_type=product&#038;p=195427"},"modified":"2023-08-07T00:01:06","modified_gmt":"2023-08-07T00:01:06","slug":"cuisinart-maquina-de-amasar","status":"publish","type":"product","link":"https:\/\/www.erresse-shop.it\/es\/shop\/pequenos-electrodomesticos\/amasadores\/cuisinart-maquina-de-amasar\/","title":{"rendered":"CUISINART M\u00e1quina de amasar"},"content":{"rendered":"<p>Aprovecha tu creatividad en la cocina con la batidora planetaria de Cuisinart. Combinando facilidad de uso, rendimiento y estilo, esta batidora de pie le permite amasar f\u00e1cilmente la masa de pan, batir las claras de huevo o hacer mezclas, batidos y salsas.<br \/>\nDoce ajustes de velocidad diferentes permiten un control preciso durante el uso. Seleccione los ajustes de baja velocidad para combinar los alimentos suavemente, o cambie a los ajustes de mayor velocidad para mezclar los ingredientes en segundos.<\/p>\n<p>El recipiente de acero inoxidable de 5,2 litros puede manejar c\u00f3modamente incluso grandes cantidades de ingredientes, mientras que la tapa transparente anti-salpicaduras elimina cualquier derrame y le permite controlar f\u00e1cilmente las preparaciones en curso.<\/p>\n<p>Con un bonito acabado y un dise\u00f1o elegante, la batidora planetaria de Cuisinart es el accesorio perfecto en cualquier cocina.<\/p>\n<p><strong>CARACTER\u00cdSTICAS T\u00c9CNICAS:<\/strong><\/p>\n<ul>\n<li>Motor de alto rendimiento de 500 W: potente y fiable para una preparaci\u00f3n de alta intensidad en segundos<\/li>\n<li>12 velocidades para una amplia gama de recetas: el control preciso de los ajustes permite pasar de una mezcla ultrasuave a un potente batido en segundos<\/li>\n<li>Recipiente de gran capacidad de 5,2 litros, apto para el lavavajillas<\/li>\n<li>Batidora profesional para batir &#8211; fabricada en acero inoxidable con cabezal de aluminio, es perfecta para incorporar suavemente aire a las claras de huevo, batir nata para hacerla firme, ligera y esponjosa o para mezclar ingredientes a la perfecci\u00f3n<\/li>\n<li>Paleta mezcladora plana: perfecta para mezclar galletas, pasteles y batidos<\/li>\n<li>Gancho para amasar &#8211; perfecto para pan, pizza y pasta<\/li>\n<li>Tapa antisalpicaduras con pico vertedor: evita las salpicaduras al trabajar y es perfecta para a\u00f1adir ingredientes sobre la marcha, sin perder de vista las preparaciones en curso<\/li>\n<li>La palanca de elevaci\u00f3n bloquea la batidora planetaria firmemente en la posici\u00f3n elevada, facilitando la adici\u00f3n de ingredientes y la extracci\u00f3n del bol<\/li>\n<li>Taz\u00f3n de acero inoxidable con mango ergon\u00f3mico<\/li>\n<li>Robusta estructura y base de metal fundido a presi\u00f3n<\/li>\n<\/ul>\n<p><span style=\"text-decoration: underline;\"><strong>3 a\u00f1os de garant\u00eda<\/strong><\/span><br \/>\n<span style=\"text-decoration: underline;\"><strong>No se vende fuera de Europa<\/strong><\/span><\/p>\n","protected":false},"excerpt":{"rendered":"<p>Aprovecha tu creatividad en la cocina con la batidora planetaria de Cuisinart. Combinando facilidad de uso, rendimiento y estilo, esta<\/p>\n","protected":false},"featured_media":477271,"template":"","meta":{"_acf_changed":false,"inline_featured_image":false},"product_cat":[16082,16073],"product_tag":[23912,23692],"acf":[],"yoast_head":"<!-- This site is optimized with the Yoast SEO Premium plugin v18.6 (Yoast SEO v19.13) - https:\/\/yoast.com\/wordpress\/plugins\/seo\/ -->\n<title>CUISINART M\u00e1quina de amasar - Erresse Shop<\/title>\n<meta name=\"description\" content=\"Aprovecha tu creatividad en la cocina con la batidora planetaria de Cuisinart. Combinando facilidad de uso, rendimiento y estilo, esta batidora de pie le\" \/>\n<meta name=\"robots\" content=\"index, follow, max-snippet:-1, max-image-preview:large, max-video-preview:-1\" \/>\n<link rel=\"canonical\" href=\"https:\/\/www.erresse-shop.it\/es\/shop\/pequenos-electrodomesticos\/amasadores\/cuisinart-maquina-de-amasar\/\" \/>\n<meta property=\"og:locale\" content=\"es_ES\" \/>\n<meta property=\"og:type\" content=\"article\" \/>\n<meta property=\"og:title\" content=\"CUISINART M\u00e1quina de amasar\" \/>\n<meta property=\"og:description\" content=\"Aprovecha tu creatividad en la cocina con la batidora planetaria de Cuisinart. Combinando facilidad de uso, rendimiento y estilo, esta batidora de pie le\" \/>\n<meta property=\"og:url\" content=\"https:\/\/www.erresse-shop.it\/es\/shop\/pequenos-electrodomesticos\/amasadores\/cuisinart-maquina-de-amasar\/\" \/>\n<meta property=\"og:site_name\" content=\"Erresse Shop\" \/>\n<meta property=\"article:modified_time\" content=\"2023-08-07T00:01:06+00:00\" \/>\n<meta property=\"og:image\" content=\"https:\/\/www.erresse-shop.it\/wp-content\/uploads\/2022\/10\/CUISINART-impastatrice3.jpg\" \/>\n\t<meta property=\"og:image:width\" content=\"800\" \/>\n\t<meta property=\"og:image:height\" content=\"800\" \/>\n\t<meta property=\"og:image:type\" content=\"image\/jpeg\" \/>\n<meta name=\"twitter:card\" content=\"summary_large_image\" \/>\n<script type=\"application\/ld+json\" class=\"yoast-schema-graph\">{\"@context\":\"https:\/\/schema.org\",\"@graph\":[{\"@type\":\"WebPage\",\"@id\":\"https:\/\/www.erresse-shop.it\/es\/shop\/pequenos-electrodomesticos\/amasadores\/cuisinart-maquina-de-amasar\/\",\"url\":\"https:\/\/www.erresse-shop.it\/es\/shop\/pequenos-electrodomesticos\/amasadores\/cuisinart-maquina-de-amasar\/\",\"name\":\"CUISINART M\u00e1quina de amasar - Erresse Shop\",\"isPartOf\":{\"@id\":\"https:\/\/www.erresse-shop.it\/es\/#website\"},\"datePublished\":\"2022-10-20T13:03:45+00:00\",\"dateModified\":\"2023-08-07T00:01:06+00:00\",\"description\":\"Aprovecha tu creatividad en la cocina con la batidora planetaria de Cuisinart. Combinando facilidad de uso, rendimiento y estilo, esta batidora de pie le\",\"breadcrumb\":{\"@id\":\"https:\/\/www.erresse-shop.it\/es\/shop\/pequenos-electrodomesticos\/amasadores\/cuisinart-maquina-de-amasar\/#breadcrumb\"},\"inLanguage\":\"es\",\"potentialAction\":[{\"@type\":\"ReadAction\",\"target\":[\"https:\/\/www.erresse-shop.it\/es\/shop\/pequenos-electrodomesticos\/amasadores\/cuisinart-maquina-de-amasar\/\"]}]},{\"@type\":\"BreadcrumbList\",\"@id\":\"https:\/\/www.erresse-shop.it\/es\/shop\/pequenos-electrodomesticos\/amasadores\/cuisinart-maquina-de-amasar\/#breadcrumb\",\"itemListElement\":[{\"@type\":\"ListItem\",\"position\":1,\"name\":\"Home\",\"item\":\"https:\/\/www.erresse-shop.it\/es\/\"},{\"@type\":\"ListItem\",\"position\":2,\"name\":\"Shop\",\"item\":\"https:\/\/www.erresse-shop.it\/es\/shop\/\"},{\"@type\":\"ListItem\",\"position\":3,\"name\":\"CUISINART M\u00e1quina de amasar\"}]},{\"@type\":\"WebSite\",\"@id\":\"https:\/\/www.erresse-shop.it\/es\/#website\",\"url\":\"https:\/\/www.erresse-shop.it\/es\/\",\"name\":\"Erresse Shop\",\"description\":\"Articoli di qualit\u00e0 per la casa\",\"potentialAction\":[{\"@type\":\"SearchAction\",\"target\":{\"@type\":\"EntryPoint\",\"urlTemplate\":\"https:\/\/www.erresse-shop.it\/es\/?s={search_term_string}\"},\"query-input\":\"required name=search_term_string\"}],\"inLanguage\":\"es\"}]}<\/script>\n<!-- \/ Yoast SEO Premium plugin. -->","yoast_head_json":{"title":"CUISINART M\u00e1quina de amasar - Erresse Shop","description":"Aprovecha tu creatividad en la cocina con la batidora planetaria de Cuisinart. Combinando facilidad de uso, rendimiento y estilo, esta batidora de pie le","robots":{"index":"index","follow":"follow","max-snippet":"max-snippet:-1","max-image-preview":"max-image-preview:large","max-video-preview":"max-video-preview:-1"},"canonical":"https:\/\/www.erresse-shop.it\/es\/shop\/pequenos-electrodomesticos\/amasadores\/cuisinart-maquina-de-amasar\/","og_locale":"es_ES","og_type":"article","og_title":"CUISINART M\u00e1quina de amasar","og_description":"Aprovecha tu creatividad en la cocina con la batidora planetaria de Cuisinart. Combinando facilidad de uso, rendimiento y estilo, esta batidora de pie le","og_url":"https:\/\/www.erresse-shop.it\/es\/shop\/pequenos-electrodomesticos\/amasadores\/cuisinart-maquina-de-amasar\/","og_site_name":"Erresse Shop","article_modified_time":"2023-08-07T00:01:06+00:00","og_image":[{"width":800,"height":800,"url":"https:\/\/www.erresse-shop.it\/wp-content\/uploads\/2022\/10\/CUISINART-impastatrice3.jpg","type":"image\/jpeg"}],"twitter_card":"summary_large_image","schema":{"@context":"https:\/\/schema.org","@graph":[{"@type":"WebPage","@id":"https:\/\/www.erresse-shop.it\/es\/shop\/pequenos-electrodomesticos\/amasadores\/cuisinart-maquina-de-amasar\/","url":"https:\/\/www.erresse-shop.it\/es\/shop\/pequenos-electrodomesticos\/amasadores\/cuisinart-maquina-de-amasar\/","name":"CUISINART M\u00e1quina de amasar - Erresse Shop","isPartOf":{"@id":"https:\/\/www.erresse-shop.it\/es\/#website"},"datePublished":"2022-10-20T13:03:45+00:00","dateModified":"2023-08-07T00:01:06+00:00","description":"Aprovecha tu creatividad en la cocina con la batidora planetaria de Cuisinart. Combinando facilidad de uso, rendimiento y estilo, esta batidora de pie le","breadcrumb":{"@id":"https:\/\/www.erresse-shop.it\/es\/shop\/pequenos-electrodomesticos\/amasadores\/cuisinart-maquina-de-amasar\/#breadcrumb"},"inLanguage":"es","potentialAction":[{"@type":"ReadAction","target":["https:\/\/www.erresse-shop.it\/es\/shop\/pequenos-electrodomesticos\/amasadores\/cuisinart-maquina-de-amasar\/"]}]},{"@type":"BreadcrumbList","@id":"https:\/\/www.erresse-shop.it\/es\/shop\/pequenos-electrodomesticos\/amasadores\/cuisinart-maquina-de-amasar\/#breadcrumb","itemListElement":[{"@type":"ListItem","position":1,"name":"Home","item":"https:\/\/www.erresse-shop.it\/es\/"},{"@type":"ListItem","position":2,"name":"Shop","item":"https:\/\/www.erresse-shop.it\/es\/shop\/"},{"@type":"ListItem","position":3,"name":"CUISINART M\u00e1quina de amasar"}]},{"@type":"WebSite","@id":"https:\/\/www.erresse-shop.it\/es\/#website","url":"https:\/\/www.erresse-shop.it\/es\/","name":"Erresse Shop","description":"Articoli di qualit\u00e0 per la casa","potentialAction":[{"@type":"SearchAction","target":{"@type":"EntryPoint","urlTemplate":"https:\/\/www.erresse-shop.it\/es\/?s={search_term_string}"},"query-input":"required name=search_term_string"}],"inLanguage":"es"}]}},"df_price":449.9,"df_sale_price":449.9,"df_regular_price":449.9,"df_image_link":"https:\/\/www.erresse-shop.it\/wp-content\/uploads\/2022\/10\/CUISINART-Impastatrice-3-300x300.jpg","_links":{"self":[{"href":"https:\/\/www.erresse-shop.it\/es\/wp-json\/wp\/v2\/product\/195427"}],"collection":[{"href":"https:\/\/www.erresse-shop.it\/es\/wp-json\/wp\/v2\/product"}],"about":[{"href":"https:\/\/www.erresse-shop.it\/es\/wp-json\/wp\/v2\/types\/product"}],"wp:featuredmedia":[{"embeddable":true,"href":"https:\/\/www.erresse-shop.it\/es\/wp-json\/wp\/v2\/media\/477271"}],"wp:attachment":[{"href":"https:\/\/www.erresse-shop.it\/es\/wp-json\/wp\/v2\/media?parent=195427"}],"wp:term":[{"taxonomy":"product_cat","embeddable":true,"href":"https:\/\/www.erresse-shop.it\/es\/wp-json\/wp\/v2\/product_cat?post=195427"},{"taxonomy":"product_tag","embeddable":true,"href":"https:\/\/www.erresse-shop.it\/es\/wp-json\/wp\/v2\/product_tag?post=195427"}],"curies":[{"name":"wp","href":"https:\/\/api.w.org\/{rel}","templated":true}]}}