{"id":195016,"date":"2022-10-20T07:49:17","date_gmt":"2022-10-20T07:49:24","guid":{"rendered":"https:\/\/www.erresse-shop.it\/?post_type=product&#038;p=195016"},"modified":"2022-10-20T09:22:31","modified_gmt":"2022-10-20T09:22:31","slug":"cuisinart-batidora-electrica-sin-cable","status":"publish","type":"product","link":"https:\/\/www.erresse-shop.it\/es\/shop\/cocina\/cuisinart-batidora-electrica-sin-cable\/","title":{"rendered":"CUISINART Batidora el\u00e9ctrica sin cable"},"content":{"rendered":"<p><strong>COLECCI\u00d3N SIN CABLES<\/strong><\/p>\n<p>Esta batidora el\u00e9ctrica con varillas de acero inoxidable sin cable, que forma parte de nuestra colecci\u00f3n sin cables, mezcla sin esfuerzo masas y glaseados y monta merengues y nata en segundos. Tambi\u00e9n es ideal para hacer pur\u00e9 de patatas.<\/p>\n<p>Como es inal\u00e1mbrico, no tiene que preocuparse de tener una toma de corriente libre cerca: puede preparar su receta en cualquier lugar de la cocina, desde la isla hasta la placa o la encimera, sin que los cables se interpongan.<\/p>\n<p>Esta batidora el\u00e9ctrica sin cable de Cuisinart es s\u00faper potente, con 5 ajustes de velocidad para ofrecerte un control total en cada tipo de preparaci\u00f3n. Empiece lentamente y aumente la velocidad para evitar que los ingredientes salpiquen. Los ajustes se pueden regular f\u00e1cilmente con una mano durante el uso: utilice una velocidad suave para montar nata y una velocidad m\u00e1s alta para la crema de mantequilla o las masas m\u00e1s gruesas.<\/p>\n<p>El pr\u00e1ctico dise\u00f1o autoportante permite que los l\u00e1tigos permanezcan elevados mientras descansan sobre la encimera, y pueden guardarse f\u00e1cilmente despu\u00e9s de su uso. Los l\u00e1tigos de acero inoxidable de alta calidad est\u00e1n dise\u00f1ados para obtener el m\u00e1ximo rendimiento, sin el eje central, lo que facilita su limpieza. Este producto es compacto y bien equilibrado, por lo que es c\u00f3modo y f\u00e1cil de sostener.<\/p>\n<p>Alimentados por bater\u00edas de iones de litio y cargadores USB, estos potentes l\u00e1tigos el\u00e9ctricos le proporcionar\u00e1n un rendimiento inigualable incluso cuando el nivel de la bater\u00eda sea bajo. Una carga completa de 130 minutos le da suficiente energ\u00eda para unos 30 minutos de uso continuo.<\/p>\n<p>La luz indicadora del nivel de la bater\u00eda te permite saber cu\u00e1ndo se est\u00e1 agotando la carga.<\/p>\n<p>Todos los accesorios se pueden lavar en el lavavajillas para facilitar la limpieza.<\/p>\n<p><strong>CARACTER\u00cdSTICAS T\u00c9CNICAS:<\/strong><\/p>\n<ul>\n<li>Sin cables para una m\u00e1xima flexibilidad y facilidad de uso<\/li>\n<li>Tama\u00f1o compacto<\/li>\n<li>Dise\u00f1o de pie<\/li>\n<li>L\u00e1tigos de acero inoxidable<\/li>\n<li>5 velocidades<\/li>\n<li>Una carga completa de 130 minutos garantiza un uso continuo de aproximadamente 30 minutos<\/li>\n<li>Bater\u00eda de iones de litio para un rendimiento constante y de alta potencia<\/li>\n<li>Los indicadores luminosos de la bater\u00eda muestran el nivel de carga<\/li>\n<li>Cable USB y adaptador incluidos<\/li>\n<li>Accesorios aptos para el lavavajillas<\/li>\n<\/ul>\n<p><span style=\"text-decoration: underline;\"><strong>2 a\u00f1os de garant\u00eda<\/strong><\/span><br \/>\n<span style=\"text-decoration: underline;\"><strong>No se vende fuera de Europa<\/strong><\/span><\/p>\n","protected":false},"excerpt":{"rendered":"<p>COLECCI\u00d3N SIN CABLES Esta batidora el\u00e9ctrica con varillas de acero inoxidable sin cable, que forma parte de nuestra colecci\u00f3n sin<\/p>\n","protected":false},"featured_media":195054,"template":"","meta":{"_acf_changed":false,"inline_featured_image":false},"product_cat":[16040],"product_tag":[24367],"acf":[],"yoast_head":"<!-- This site is optimized with the Yoast SEO Premium plugin v18.6 (Yoast SEO v19.13) - https:\/\/yoast.com\/wordpress\/plugins\/seo\/ -->\n<title>CUISINART Batidora el\u00e9ctrica sin cable - Erresse Shop<\/title>\n<meta name=\"description\" content=\"COLECCI\u00d3N SIN CABLES Esta batidora el\u00e9ctrica con varillas de acero inoxidable sin cable, que forma parte de nuestra colecci\u00f3n sin cables, mezcla sin\" \/>\n<meta name=\"robots\" content=\"index, follow, max-snippet:-1, max-image-preview:large, max-video-preview:-1\" \/>\n<link rel=\"canonical\" href=\"https:\/\/www.erresse-shop.it\/es\/shop\/cocina\/cuisinart-batidora-electrica-sin-cable\/\" \/>\n<meta property=\"og:locale\" content=\"es_ES\" \/>\n<meta property=\"og:type\" content=\"article\" \/>\n<meta property=\"og:title\" content=\"CUISINART Batidora el\u00e9ctrica sin cable\" \/>\n<meta property=\"og:description\" content=\"COLECCI\u00d3N SIN CABLES Esta batidora el\u00e9ctrica con varillas de acero inoxidable sin cable, que forma parte de nuestra colecci\u00f3n sin cables, mezcla sin\" \/>\n<meta property=\"og:url\" content=\"https:\/\/www.erresse-shop.it\/es\/shop\/cocina\/cuisinart-batidora-electrica-sin-cable\/\" \/>\n<meta property=\"og:site_name\" content=\"Erresse Shop\" \/>\n<meta property=\"article:modified_time\" content=\"2022-10-20T09:22:31+00:00\" \/>\n<meta property=\"og:image\" content=\"https:\/\/www.erresse-shop.it\/wp-content\/uploads\/2022\/10\/Sbattitore.jpg\" \/>\n\t<meta property=\"og:image:width\" content=\"800\" \/>\n\t<meta property=\"og:image:height\" content=\"714\" \/>\n\t<meta property=\"og:image:type\" content=\"image\/jpeg\" \/>\n<meta name=\"twitter:card\" content=\"summary_large_image\" \/>\n<script type=\"application\/ld+json\" class=\"yoast-schema-graph\">{\"@context\":\"https:\/\/schema.org\",\"@graph\":[{\"@type\":\"WebPage\",\"@id\":\"https:\/\/www.erresse-shop.it\/es\/shop\/cocina\/cuisinart-batidora-electrica-sin-cable\/\",\"url\":\"https:\/\/www.erresse-shop.it\/es\/shop\/cocina\/cuisinart-batidora-electrica-sin-cable\/\",\"name\":\"CUISINART Batidora el\u00e9ctrica sin cable - Erresse Shop\",\"isPartOf\":{\"@id\":\"https:\/\/www.erresse-shop.it\/es\/#website\"},\"datePublished\":\"2022-10-20T07:49:24+00:00\",\"dateModified\":\"2022-10-20T09:22:31+00:00\",\"description\":\"COLECCI\u00d3N SIN CABLES Esta batidora el\u00e9ctrica con varillas de acero inoxidable sin cable, que forma parte de nuestra colecci\u00f3n sin cables, mezcla sin\",\"breadcrumb\":{\"@id\":\"https:\/\/www.erresse-shop.it\/es\/shop\/cocina\/cuisinart-batidora-electrica-sin-cable\/#breadcrumb\"},\"inLanguage\":\"es\",\"potentialAction\":[{\"@type\":\"ReadAction\",\"target\":[\"https:\/\/www.erresse-shop.it\/es\/shop\/cocina\/cuisinart-batidora-electrica-sin-cable\/\"]}]},{\"@type\":\"BreadcrumbList\",\"@id\":\"https:\/\/www.erresse-shop.it\/es\/shop\/cocina\/cuisinart-batidora-electrica-sin-cable\/#breadcrumb\",\"itemListElement\":[{\"@type\":\"ListItem\",\"position\":1,\"name\":\"Home\",\"item\":\"https:\/\/www.erresse-shop.it\/es\/\"},{\"@type\":\"ListItem\",\"position\":2,\"name\":\"Shop\",\"item\":\"https:\/\/www.erresse-shop.it\/es\/shop\/\"},{\"@type\":\"ListItem\",\"position\":3,\"name\":\"CUISINART Batidora el\u00e9ctrica sin cable\"}]},{\"@type\":\"WebSite\",\"@id\":\"https:\/\/www.erresse-shop.it\/es\/#website\",\"url\":\"https:\/\/www.erresse-shop.it\/es\/\",\"name\":\"Erresse Shop\",\"description\":\"Articoli di qualit\u00e0 per la casa\",\"potentialAction\":[{\"@type\":\"SearchAction\",\"target\":{\"@type\":\"EntryPoint\",\"urlTemplate\":\"https:\/\/www.erresse-shop.it\/es\/?s={search_term_string}\"},\"query-input\":\"required name=search_term_string\"}],\"inLanguage\":\"es\"}]}<\/script>\n<!-- \/ Yoast SEO Premium plugin. -->","yoast_head_json":{"title":"CUISINART Batidora el\u00e9ctrica sin cable - Erresse Shop","description":"COLECCI\u00d3N SIN CABLES Esta batidora el\u00e9ctrica con varillas de acero inoxidable sin cable, que forma parte de nuestra colecci\u00f3n sin cables, mezcla sin","robots":{"index":"index","follow":"follow","max-snippet":"max-snippet:-1","max-image-preview":"max-image-preview:large","max-video-preview":"max-video-preview:-1"},"canonical":"https:\/\/www.erresse-shop.it\/es\/shop\/cocina\/cuisinart-batidora-electrica-sin-cable\/","og_locale":"es_ES","og_type":"article","og_title":"CUISINART Batidora el\u00e9ctrica sin cable","og_description":"COLECCI\u00d3N SIN CABLES Esta batidora el\u00e9ctrica con varillas de acero inoxidable sin cable, que forma parte de nuestra colecci\u00f3n sin cables, mezcla sin","og_url":"https:\/\/www.erresse-shop.it\/es\/shop\/cocina\/cuisinart-batidora-electrica-sin-cable\/","og_site_name":"Erresse Shop","article_modified_time":"2022-10-20T09:22:31+00:00","og_image":[{"width":800,"height":714,"url":"https:\/\/www.erresse-shop.it\/wp-content\/uploads\/2022\/10\/Sbattitore.jpg","type":"image\/jpeg"}],"twitter_card":"summary_large_image","schema":{"@context":"https:\/\/schema.org","@graph":[{"@type":"WebPage","@id":"https:\/\/www.erresse-shop.it\/es\/shop\/cocina\/cuisinart-batidora-electrica-sin-cable\/","url":"https:\/\/www.erresse-shop.it\/es\/shop\/cocina\/cuisinart-batidora-electrica-sin-cable\/","name":"CUISINART Batidora el\u00e9ctrica sin cable - Erresse Shop","isPartOf":{"@id":"https:\/\/www.erresse-shop.it\/es\/#website"},"datePublished":"2022-10-20T07:49:24+00:00","dateModified":"2022-10-20T09:22:31+00:00","description":"COLECCI\u00d3N SIN CABLES Esta batidora el\u00e9ctrica con varillas de acero inoxidable sin cable, que forma parte de nuestra colecci\u00f3n sin cables, mezcla sin","breadcrumb":{"@id":"https:\/\/www.erresse-shop.it\/es\/shop\/cocina\/cuisinart-batidora-electrica-sin-cable\/#breadcrumb"},"inLanguage":"es","potentialAction":[{"@type":"ReadAction","target":["https:\/\/www.erresse-shop.it\/es\/shop\/cocina\/cuisinart-batidora-electrica-sin-cable\/"]}]},{"@type":"BreadcrumbList","@id":"https:\/\/www.erresse-shop.it\/es\/shop\/cocina\/cuisinart-batidora-electrica-sin-cable\/#breadcrumb","itemListElement":[{"@type":"ListItem","position":1,"name":"Home","item":"https:\/\/www.erresse-shop.it\/es\/"},{"@type":"ListItem","position":2,"name":"Shop","item":"https:\/\/www.erresse-shop.it\/es\/shop\/"},{"@type":"ListItem","position":3,"name":"CUISINART Batidora el\u00e9ctrica sin cable"}]},{"@type":"WebSite","@id":"https:\/\/www.erresse-shop.it\/es\/#website","url":"https:\/\/www.erresse-shop.it\/es\/","name":"Erresse Shop","description":"Articoli di qualit\u00e0 per la casa","potentialAction":[{"@type":"SearchAction","target":{"@type":"EntryPoint","urlTemplate":"https:\/\/www.erresse-shop.it\/es\/?s={search_term_string}"},"query-input":"required name=search_term_string"}],"inLanguage":"es"}]}},"df_price":99.9,"df_sale_price":99.9,"df_regular_price":99.9,"df_image_link":"https:\/\/www.erresse-shop.it\/wp-content\/uploads\/2022\/10\/Sbattitore-300x268.jpg","_links":{"self":[{"href":"https:\/\/www.erresse-shop.it\/es\/wp-json\/wp\/v2\/product\/195016"}],"collection":[{"href":"https:\/\/www.erresse-shop.it\/es\/wp-json\/wp\/v2\/product"}],"about":[{"href":"https:\/\/www.erresse-shop.it\/es\/wp-json\/wp\/v2\/types\/product"}],"wp:featuredmedia":[{"embeddable":true,"href":"https:\/\/www.erresse-shop.it\/es\/wp-json\/wp\/v2\/media\/195054"}],"wp:attachment":[{"href":"https:\/\/www.erresse-shop.it\/es\/wp-json\/wp\/v2\/media?parent=195016"}],"wp:term":[{"taxonomy":"product_cat","embeddable":true,"href":"https:\/\/www.erresse-shop.it\/es\/wp-json\/wp\/v2\/product_cat?post=195016"},{"taxonomy":"product_tag","embeddable":true,"href":"https:\/\/www.erresse-shop.it\/es\/wp-json\/wp\/v2\/product_tag?post=195016"}],"curies":[{"name":"wp","href":"https:\/\/api.w.org\/{rel}","templated":true}]}}