{"id":193872,"date":"2022-10-17T13:44:13","date_gmt":"2022-10-17T13:44:17","guid":{"rendered":"https:\/\/www.erresse-shop.it\/?post_type=product&#038;p=193872"},"modified":"2025-06-05T06:39:45","modified_gmt":"2025-06-05T06:39:45","slug":"jura-maquina-de-cafe-ena-4-full-metropolitan-negra-incluyendo-3-kg-de-cafe","status":"publish","type":"product","link":"https:\/\/www.erresse-shop.it\/es\/shop\/pequenos-electrodomesticos\/maquinas-de-cafe\/automatico\/jura-maquina-de-cafe-ena-4-full-metropolitan-negra-incluyendo-3-kg-de-cafe\/","title":{"rendered":"JURA M\u00e1quina de caf\u00e9 ENA 4 Full Metropolitan Negra"},"content":{"rendered":"<p><strong>SIMPLEMENTE UN GRAN CAF\u00c9<\/strong><br \/>\n\u00bfCu\u00e1l es la herramienta m\u00e1s sencilla para preparar una taza de caf\u00e9 extraordinaria? La ENA 4, la nueva m\u00e1quina autom\u00e1tica de una taza, peque\u00f1a y compacta, que encarna la experiencia y la pasi\u00f3n de JURA por los productos inteligentes, \u00a1para disfrutarla!<\/p>\n<p>Pulsar un bot\u00f3n y disfrutar: as\u00ed de f\u00e1cil es utilizar la ENA 4. Se pueden preseleccionar tres grados de aroma y de caf\u00e9 molido. Siguiendo el lema de JURA &#8220;reci\u00e9n molido, no en c\u00e1psulas&#8221;, el molinillo de caf\u00e9 AromaG3 garantiza una molienda especialmente r\u00e1pida, que conserva todo el aroma del caf\u00e9.<\/p>\n<p>El proceso inteligente de extracci\u00f3n pulsada (P.E.P.\u00ae) optimiza el tiempo de extracci\u00f3n para las especialidades cortas, abriendo nuevas dimensiones de aroma. Tambi\u00e9n permite la m\u00e1xima flexibilidad en la programaci\u00f3n del volumen de la taza.<\/p>\n<p><strong>RECI\u00c9N MOLIDO, NO EN FORMA DE C\u00c1PSULA:<\/strong><br \/>\nM\u00e1xima calidad de caf\u00e9 con el nuevo sistema inteligente P.E.P.\u00ae para una mayor libertad en la programaci\u00f3n del volumen de la taza.<br \/>\n<strong>R\u00c1PIDO<\/strong>:<br \/>\nEl molinillo de caf\u00e9 AromaG3 es el doble de r\u00e1pido, para una molienda que conserva todo el aroma del caf\u00e9.<br \/>\n<strong>SIMPLE<\/strong>:<br \/>\nDisfrute del caf\u00e9 con s\u00f3lo pulsar un bot\u00f3n, gracias a su sencillo manejo y a las funciones de preselecci\u00f3n.<br \/>\n<strong>TAMA\u00d1O PEQUE\u00d1O:<\/strong><br \/>\nCon s\u00f3lo 27,1 cm de ancho, 32,3 cm de alto y 44,5 cm de profundidad, la peque\u00f1a ENA 4 cabe f\u00e1cilmente en cualquier sitio. Tambi\u00e9n impresiona en t\u00e9rminos de apariencia: las variantes Full Metropolitan Black y Full Nordic White se distinguen por su sobriedad y elegancia, mientras que el dep\u00f3sito de agua cil\u00edndrico con est\u00e9tica Diamond le da un toque de clase.<\/p>\n<p><strong>CARACTER\u00cdSTICAS\/ESPECIALIDADES<\/strong><br \/>\nN\u00famero de especialidades de caf\u00e9 4<br \/>\nEst\u00e1ndar para las m\u00e1quinas de caf\u00e9 especiales de JURA<br \/>\nProceso de extracci\u00f3n pulsada (P.E.P.\u00ae)<br \/>\nGrupo de elaboraci\u00f3n de cerveza de capacidad variable: 6 &#8211; 10 g<br \/>\nMolinillo de caf\u00e9: Molinillo multigrado Aroma G3<br \/>\nBomba de alto rendimiento, 15 bar: 1<br \/>\nSistema de calefacci\u00f3n Thermoblock: 1<br \/>\nSistema de fluidos: 1<br \/>\nCompartimento para el caf\u00e9 molido<br \/>\nTapa de protecci\u00f3n de aromas<br \/>\nControl y programaci\u00f3n est\u00e1ndar<br \/>\nCompatible con J.O.E.<br \/>\nPantalla: Pantalla de s\u00edmbolos<br \/>\nCantidad de agua programable y personalizable para el caf\u00e9: s\u00ed<br \/>\nIntensidad del caf\u00e9 programable y personalizable: 3 niveles<\/p>\n<p><strong>CARACTER\u00cdSTICAS T\u00c9CNICAS<\/strong><br \/>\nDispensador de caf\u00e9 ajustable en altura\/anchura: 75 &#8211; 105 mm \/ &#8211;<br \/>\nCapacidad del dep\u00f3sito de agua: 1,1 l<br \/>\nCapacidad del recipiente de caf\u00e9 en grano: 125 g<br \/>\nContenedor de posos de caf\u00e9 (porciones): 10<br \/>\nLongitud del cable: 1,1 m<br \/>\nTensi\u00f3n \/ consumo: 230 V ~ \/ 1450 W<br \/>\nIntensidad de corriente: 10 A<br \/>\nClase de eficiencia energ\u00e9tica \/ consumo de energ\u00eda: A \/ 59,3 kWh\/a\u00f1o<br \/>\nConsumo en espera: 0 W<br \/>\nPeso: 8,4 kg<br \/>\nDimensiones (ancho \u00d7 alto \u00d7 fondo): 27,1 \u00d7 32,3 \u00d7 44,5 cm<\/p>\n<p><strong>Pa\u00eds de fabricaci\u00f3n: Made in Portugal<\/strong><\/p>\n","protected":false},"excerpt":{"rendered":"<p>SIMPLEMENTE UN GRAN CAF\u00c9 \u00bfCu\u00e1l es la herramienta m\u00e1s sencilla para preparar una taza de caf\u00e9 extraordinaria? La ENA 4,<\/p>\n","protected":false},"featured_media":193898,"template":"","meta":{"_acf_changed":false,"inline_featured_image":false},"product_cat":[25362,16076,16073],"product_tag":[23574,20769,23570,16395,21823],"acf":[],"yoast_head":"<!-- This site is optimized with the Yoast SEO Premium plugin v18.6 (Yoast SEO v19.13) - https:\/\/yoast.com\/wordpress\/plugins\/seo\/ -->\n<title>JURA M\u00e1quina de caf\u00e9 ENA 4 Full Metropolitan Negra - Erresse Shop<\/title>\n<meta name=\"description\" content=\"SIMPLEMENTE UN GRAN CAF\u00c9 \u00bfCu\u00e1l es la herramienta m\u00e1s sencilla para preparar una taza de caf\u00e9 extraordinaria? La ENA 4, la nueva m\u00e1quina autom\u00e1tica de una\" \/>\n<meta name=\"robots\" content=\"index, follow, max-snippet:-1, max-image-preview:large, max-video-preview:-1\" \/>\n<link rel=\"canonical\" href=\"https:\/\/www.erresse-shop.it\/es\/shop\/pequenos-electrodomesticos\/maquinas-de-cafe\/automatico\/jura-maquina-de-cafe-ena-4-full-metropolitan-negra-incluyendo-3-kg-de-cafe\/\" \/>\n<meta property=\"og:locale\" content=\"es_ES\" \/>\n<meta property=\"og:type\" content=\"article\" \/>\n<meta property=\"og:title\" content=\"JURA M\u00e1quina de caf\u00e9 ENA 4 Full Metropolitan Negra\" \/>\n<meta property=\"og:description\" content=\"SIMPLEMENTE UN GRAN CAF\u00c9 \u00bfCu\u00e1l es la herramienta m\u00e1s sencilla para preparar una taza de caf\u00e9 extraordinaria? La ENA 4, la nueva m\u00e1quina autom\u00e1tica de una\" \/>\n<meta property=\"og:url\" content=\"https:\/\/www.erresse-shop.it\/es\/shop\/pequenos-electrodomesticos\/maquinas-de-cafe\/automatico\/jura-maquina-de-cafe-ena-4-full-metropolitan-negra-incluyendo-3-kg-de-cafe\/\" \/>\n<meta property=\"og:site_name\" content=\"Erresse Shop\" \/>\n<meta property=\"article:modified_time\" content=\"2025-06-05T06:39:45+00:00\" \/>\n<meta property=\"og:image\" content=\"https:\/\/www.erresse-shop.it\/wp-content\/uploads\/2022\/10\/JURA-ENA-4-full-metropolitan-black4.jpg\" \/>\n\t<meta property=\"og:image:width\" content=\"800\" \/>\n\t<meta property=\"og:image:height\" content=\"800\" \/>\n\t<meta property=\"og:image:type\" content=\"image\/jpeg\" \/>\n<meta name=\"twitter:card\" content=\"summary_large_image\" \/>\n<script type=\"application\/ld+json\" class=\"yoast-schema-graph\">{\"@context\":\"https:\/\/schema.org\",\"@graph\":[{\"@type\":\"WebPage\",\"@id\":\"https:\/\/www.erresse-shop.it\/es\/shop\/pequenos-electrodomesticos\/maquinas-de-cafe\/automatico\/jura-maquina-de-cafe-ena-4-full-metropolitan-negra-incluyendo-3-kg-de-cafe\/\",\"url\":\"https:\/\/www.erresse-shop.it\/es\/shop\/pequenos-electrodomesticos\/maquinas-de-cafe\/automatico\/jura-maquina-de-cafe-ena-4-full-metropolitan-negra-incluyendo-3-kg-de-cafe\/\",\"name\":\"JURA M\u00e1quina de caf\u00e9 ENA 4 Full Metropolitan Negra - Erresse Shop\",\"isPartOf\":{\"@id\":\"https:\/\/www.erresse-shop.it\/es\/#website\"},\"datePublished\":\"2022-10-17T13:44:17+00:00\",\"dateModified\":\"2025-06-05T06:39:45+00:00\",\"description\":\"SIMPLEMENTE UN GRAN CAF\u00c9 \u00bfCu\u00e1l es la herramienta m\u00e1s sencilla para preparar una taza de caf\u00e9 extraordinaria? La ENA 4, la nueva m\u00e1quina autom\u00e1tica de una\",\"breadcrumb\":{\"@id\":\"https:\/\/www.erresse-shop.it\/es\/shop\/pequenos-electrodomesticos\/maquinas-de-cafe\/automatico\/jura-maquina-de-cafe-ena-4-full-metropolitan-negra-incluyendo-3-kg-de-cafe\/#breadcrumb\"},\"inLanguage\":\"es\",\"potentialAction\":[{\"@type\":\"ReadAction\",\"target\":[\"https:\/\/www.erresse-shop.it\/es\/shop\/pequenos-electrodomesticos\/maquinas-de-cafe\/automatico\/jura-maquina-de-cafe-ena-4-full-metropolitan-negra-incluyendo-3-kg-de-cafe\/\"]}]},{\"@type\":\"BreadcrumbList\",\"@id\":\"https:\/\/www.erresse-shop.it\/es\/shop\/pequenos-electrodomesticos\/maquinas-de-cafe\/automatico\/jura-maquina-de-cafe-ena-4-full-metropolitan-negra-incluyendo-3-kg-de-cafe\/#breadcrumb\",\"itemListElement\":[{\"@type\":\"ListItem\",\"position\":1,\"name\":\"Home\",\"item\":\"https:\/\/www.erresse-shop.it\/es\/\"},{\"@type\":\"ListItem\",\"position\":2,\"name\":\"Shop\",\"item\":\"https:\/\/www.erresse-shop.it\/es\/shop\/\"},{\"@type\":\"ListItem\",\"position\":3,\"name\":\"JURA M\u00e1quina de caf\u00e9 ENA 4 Full Metropolitan Negra\"}]},{\"@type\":\"WebSite\",\"@id\":\"https:\/\/www.erresse-shop.it\/es\/#website\",\"url\":\"https:\/\/www.erresse-shop.it\/es\/\",\"name\":\"Erresse Shop\",\"description\":\"Articoli di qualit\u00e0 per la casa\",\"potentialAction\":[{\"@type\":\"SearchAction\",\"target\":{\"@type\":\"EntryPoint\",\"urlTemplate\":\"https:\/\/www.erresse-shop.it\/es\/?s={search_term_string}\"},\"query-input\":\"required name=search_term_string\"}],\"inLanguage\":\"es\"}]}<\/script>\n<!-- \/ Yoast SEO Premium plugin. -->","yoast_head_json":{"title":"JURA M\u00e1quina de caf\u00e9 ENA 4 Full Metropolitan Negra - Erresse Shop","description":"SIMPLEMENTE UN GRAN CAF\u00c9 \u00bfCu\u00e1l es la herramienta m\u00e1s sencilla para preparar una taza de caf\u00e9 extraordinaria? La ENA 4, la nueva m\u00e1quina autom\u00e1tica de una","robots":{"index":"index","follow":"follow","max-snippet":"max-snippet:-1","max-image-preview":"max-image-preview:large","max-video-preview":"max-video-preview:-1"},"canonical":"https:\/\/www.erresse-shop.it\/es\/shop\/pequenos-electrodomesticos\/maquinas-de-cafe\/automatico\/jura-maquina-de-cafe-ena-4-full-metropolitan-negra-incluyendo-3-kg-de-cafe\/","og_locale":"es_ES","og_type":"article","og_title":"JURA M\u00e1quina de caf\u00e9 ENA 4 Full Metropolitan Negra","og_description":"SIMPLEMENTE UN GRAN CAF\u00c9 \u00bfCu\u00e1l es la herramienta m\u00e1s sencilla para preparar una taza de caf\u00e9 extraordinaria? La ENA 4, la nueva m\u00e1quina autom\u00e1tica de una","og_url":"https:\/\/www.erresse-shop.it\/es\/shop\/pequenos-electrodomesticos\/maquinas-de-cafe\/automatico\/jura-maquina-de-cafe-ena-4-full-metropolitan-negra-incluyendo-3-kg-de-cafe\/","og_site_name":"Erresse Shop","article_modified_time":"2025-06-05T06:39:45+00:00","og_image":[{"width":800,"height":800,"url":"https:\/\/www.erresse-shop.it\/wp-content\/uploads\/2022\/10\/JURA-ENA-4-full-metropolitan-black4.jpg","type":"image\/jpeg"}],"twitter_card":"summary_large_image","schema":{"@context":"https:\/\/schema.org","@graph":[{"@type":"WebPage","@id":"https:\/\/www.erresse-shop.it\/es\/shop\/pequenos-electrodomesticos\/maquinas-de-cafe\/automatico\/jura-maquina-de-cafe-ena-4-full-metropolitan-negra-incluyendo-3-kg-de-cafe\/","url":"https:\/\/www.erresse-shop.it\/es\/shop\/pequenos-electrodomesticos\/maquinas-de-cafe\/automatico\/jura-maquina-de-cafe-ena-4-full-metropolitan-negra-incluyendo-3-kg-de-cafe\/","name":"JURA M\u00e1quina de caf\u00e9 ENA 4 Full Metropolitan Negra - Erresse Shop","isPartOf":{"@id":"https:\/\/www.erresse-shop.it\/es\/#website"},"datePublished":"2022-10-17T13:44:17+00:00","dateModified":"2025-06-05T06:39:45+00:00","description":"SIMPLEMENTE UN GRAN CAF\u00c9 \u00bfCu\u00e1l es la herramienta m\u00e1s sencilla para preparar una taza de caf\u00e9 extraordinaria? La ENA 4, la nueva m\u00e1quina autom\u00e1tica de una","breadcrumb":{"@id":"https:\/\/www.erresse-shop.it\/es\/shop\/pequenos-electrodomesticos\/maquinas-de-cafe\/automatico\/jura-maquina-de-cafe-ena-4-full-metropolitan-negra-incluyendo-3-kg-de-cafe\/#breadcrumb"},"inLanguage":"es","potentialAction":[{"@type":"ReadAction","target":["https:\/\/www.erresse-shop.it\/es\/shop\/pequenos-electrodomesticos\/maquinas-de-cafe\/automatico\/jura-maquina-de-cafe-ena-4-full-metropolitan-negra-incluyendo-3-kg-de-cafe\/"]}]},{"@type":"BreadcrumbList","@id":"https:\/\/www.erresse-shop.it\/es\/shop\/pequenos-electrodomesticos\/maquinas-de-cafe\/automatico\/jura-maquina-de-cafe-ena-4-full-metropolitan-negra-incluyendo-3-kg-de-cafe\/#breadcrumb","itemListElement":[{"@type":"ListItem","position":1,"name":"Home","item":"https:\/\/www.erresse-shop.it\/es\/"},{"@type":"ListItem","position":2,"name":"Shop","item":"https:\/\/www.erresse-shop.it\/es\/shop\/"},{"@type":"ListItem","position":3,"name":"JURA M\u00e1quina de caf\u00e9 ENA 4 Full Metropolitan Negra"}]},{"@type":"WebSite","@id":"https:\/\/www.erresse-shop.it\/es\/#website","url":"https:\/\/www.erresse-shop.it\/es\/","name":"Erresse Shop","description":"Articoli di qualit\u00e0 per la casa","potentialAction":[{"@type":"SearchAction","target":{"@type":"EntryPoint","urlTemplate":"https:\/\/www.erresse-shop.it\/es\/?s={search_term_string}"},"query-input":"required name=search_term_string"}],"inLanguage":"es"}]}},"df_price":729,"df_sale_price":729,"df_regular_price":779,"df_image_link":"https:\/\/www.erresse-shop.it\/wp-content\/uploads\/2022\/10\/JURA-ENA-4-full-metropolitan-black4-300x300.jpg","_links":{"self":[{"href":"https:\/\/www.erresse-shop.it\/es\/wp-json\/wp\/v2\/product\/193872"}],"collection":[{"href":"https:\/\/www.erresse-shop.it\/es\/wp-json\/wp\/v2\/product"}],"about":[{"href":"https:\/\/www.erresse-shop.it\/es\/wp-json\/wp\/v2\/types\/product"}],"wp:featuredmedia":[{"embeddable":true,"href":"https:\/\/www.erresse-shop.it\/es\/wp-json\/wp\/v2\/media\/193898"}],"wp:attachment":[{"href":"https:\/\/www.erresse-shop.it\/es\/wp-json\/wp\/v2\/media?parent=193872"}],"wp:term":[{"taxonomy":"product_cat","embeddable":true,"href":"https:\/\/www.erresse-shop.it\/es\/wp-json\/wp\/v2\/product_cat?post=193872"},{"taxonomy":"product_tag","embeddable":true,"href":"https:\/\/www.erresse-shop.it\/es\/wp-json\/wp\/v2\/product_tag?post=193872"}],"curies":[{"name":"wp","href":"https:\/\/api.w.org\/{rel}","templated":true}]}}