{"id":193690,"date":"2022-10-17T10:09:28","date_gmt":"2022-10-17T10:09:32","guid":{"rendered":"https:\/\/www.erresse-shop.it\/?post_type=product&#038;p=193690"},"modified":"2023-08-08T00:00:20","modified_gmt":"2023-08-08T00:00:20","slug":"jura-cappuccinador-caliente-y-frio","status":"publish","type":"product","link":"https:\/\/www.erresse-shop.it\/es\/shop\/pequenos-electrodomesticos\/espumadores-de-leche\/jura-cappuccinador-caliente-y-frio\/","title":{"rendered":"JURA Cappuccinador caliente y fr\u00edo"},"content":{"rendered":"<p><strong>ESPUMA DE LECHE M\u00c1GICA<\/strong><br \/>\nSuave y vers\u00e1til. Con la espuma de leche fresca y cremosa que se prepara con la m\u00e1quina para hacer cappuccino de JURA, por fin es posible preparar especialidades como el flat white, la bebida del momento, incluso en versi\u00f3n fr\u00eda.<\/p>\n<p>El dise\u00f1o claro y minimalista, la h\u00e1ptica detallada y los materiales seleccionados hacen que el espumador sea especialmente f\u00e1cil de manejar, en condiciones de m\u00e1xima higiene. Equipada con dos accesorios, prepara leche fr\u00eda, caliente o hirviendo y espuma de leche con s\u00f3lo pulsar un bot\u00f3n.<\/p>\n<p>Ya sea como complemento de cualquier m\u00e1quina autom\u00e1tica de especialidades de caf\u00e9 o como accesorio indispensable para todos los amantes de las especialidades de leche, la m\u00e1quina de cappuccino de JURA ayuda a aumentar la variedad de recetas y a perfeccionar el arte de la preparaci\u00f3n.<\/p>\n<p><strong>VARIEDAD<\/strong><br \/>\nYa sea como guarnici\u00f3n o como ingrediente b\u00e1sico, la suave y cremosa espuma de leche aporta a las especialidades de moda la frescura y ligereza necesarias. Fr\u00eda, caliente o hirviendo: la m\u00e1quina para hacer capuchinos permite preparar delicias para cada estaci\u00f3n. Un chocolate caliente en invierno, un Cold Romanoff afrutado en primavera, un Iced Flat White en verano o un Iced Chai Latte en oto\u00f1o: \u00a1no hay l\u00edmites para la imaginaci\u00f3n! El recetario adjunto ofrece algunas ideas para la preparaci\u00f3n de bebidas de tendencia exclusiva.<\/p>\n<p><strong>ESPUMA DE LECHE FR\u00cdA CON S\u00d3LO PULSAR UN BOT\u00d3N<\/strong><br \/>\nPara espumar leche fr\u00eda, caliente o hirviendo en el recipiente de leche, basta con pulsar el bot\u00f3n de control ergon\u00f3mico una, dos o tres veces. Los pictogramas intuitivos en color confirman el modo elegido.<\/p>\n<p><strong>DISE\u00d1O INGENIOSO<\/strong><br \/>\nLa h\u00e1ptica y la est\u00e9tica de la capuchinera se inspiran en el dise\u00f1o cl\u00e1sico de JURA y garantizan un f\u00e1cil manejo y una higiene \u00f3ptima. El contenedor de leche presenta una agradable superficie de agarre suave al tacto y elegantes detalles cromados. Los materiales de f\u00e1cil cuidado, como el acero inoxidable, y las formas redondeadas hacen que la limpieza del recipiente sea especialmente sencilla.<\/p>\n<p><strong>PEQUE\u00d1A HUELLA<\/strong><br \/>\nLa sonda de alimentaci\u00f3n y los accesorios pueden guardarse c\u00f3modamente en la base. Gracias a sus dimensiones de 13 x 21 cm, el capuchinador cabe en cualquier armario de cocina.<\/p>\n<p><strong>CARACTER\u00cdSTICAS T\u00c9CNICAS<\/strong><\/p>\n<p>Longitud del cable 0,8 m<br \/>\nTensi\u00f3n 120 &#8211; 240 V ~<br \/>\nFrecuencia 50 &#8211; 60 Hz<br \/>\nPeso 1 kg<br \/>\nAncho 12,5 cm<br \/>\nAltura 20,9 cm<\/p>\n","protected":false},"excerpt":{"rendered":"<p>ESPUMA DE LECHE M\u00c1GICA Suave y vers\u00e1til. Con la espuma de leche fresca y cremosa que se prepara con la<\/p>\n","protected":false},"featured_media":193727,"template":"","meta":{"_acf_changed":false,"inline_featured_image":false},"product_cat":[20621,16073],"product_tag":[16390,16392,20769,23625],"acf":[],"yoast_head":"<!-- This site is optimized with the Yoast SEO Premium plugin v18.6 (Yoast SEO v19.13) - https:\/\/yoast.com\/wordpress\/plugins\/seo\/ -->\n<title>JURA Cappuccinador caliente y fr\u00edo - Erresse Shop<\/title>\n<meta name=\"description\" content=\"ESPUMA DE LECHE M\u00c1GICA Suave y vers\u00e1til. Con la espuma de leche fresca y cremosa que se prepara con la m\u00e1quina para hacer cappuccino de JURA, por fin es\" \/>\n<meta name=\"robots\" content=\"index, follow, max-snippet:-1, max-image-preview:large, max-video-preview:-1\" \/>\n<link rel=\"canonical\" href=\"https:\/\/www.erresse-shop.it\/es\/shop\/pequenos-electrodomesticos\/espumadores-de-leche\/jura-cappuccinador-caliente-y-frio\/\" \/>\n<meta property=\"og:locale\" content=\"es_ES\" \/>\n<meta property=\"og:type\" content=\"article\" \/>\n<meta property=\"og:title\" content=\"JURA Cappuccinador caliente y fr\u00edo\" \/>\n<meta property=\"og:description\" content=\"ESPUMA DE LECHE M\u00c1GICA Suave y vers\u00e1til. Con la espuma de leche fresca y cremosa que se prepara con la m\u00e1quina para hacer cappuccino de JURA, por fin es\" \/>\n<meta property=\"og:url\" content=\"https:\/\/www.erresse-shop.it\/es\/shop\/pequenos-electrodomesticos\/espumadores-de-leche\/jura-cappuccinador-caliente-y-frio\/\" \/>\n<meta property=\"og:site_name\" content=\"Erresse Shop\" \/>\n<meta property=\"article:modified_time\" content=\"2023-08-08T00:00:20+00:00\" \/>\n<meta property=\"og:image\" content=\"https:\/\/www.erresse-shop.it\/wp-content\/uploads\/2022\/10\/JURA-cappuccinatore4.jpg\" \/>\n\t<meta property=\"og:image:width\" content=\"800\" \/>\n\t<meta property=\"og:image:height\" content=\"800\" \/>\n\t<meta property=\"og:image:type\" content=\"image\/jpeg\" \/>\n<meta name=\"twitter:card\" content=\"summary_large_image\" \/>\n<script type=\"application\/ld+json\" class=\"yoast-schema-graph\">{\"@context\":\"https:\/\/schema.org\",\"@graph\":[{\"@type\":\"WebPage\",\"@id\":\"https:\/\/www.erresse-shop.it\/es\/shop\/pequenos-electrodomesticos\/espumadores-de-leche\/jura-cappuccinador-caliente-y-frio\/\",\"url\":\"https:\/\/www.erresse-shop.it\/es\/shop\/pequenos-electrodomesticos\/espumadores-de-leche\/jura-cappuccinador-caliente-y-frio\/\",\"name\":\"JURA Cappuccinador caliente y fr\u00edo - Erresse Shop\",\"isPartOf\":{\"@id\":\"https:\/\/www.erresse-shop.it\/es\/#website\"},\"datePublished\":\"2022-10-17T10:09:32+00:00\",\"dateModified\":\"2023-08-08T00:00:20+00:00\",\"description\":\"ESPUMA DE LECHE M\u00c1GICA Suave y vers\u00e1til. Con la espuma de leche fresca y cremosa que se prepara con la m\u00e1quina para hacer cappuccino de JURA, por fin es\",\"breadcrumb\":{\"@id\":\"https:\/\/www.erresse-shop.it\/es\/shop\/pequenos-electrodomesticos\/espumadores-de-leche\/jura-cappuccinador-caliente-y-frio\/#breadcrumb\"},\"inLanguage\":\"es\",\"potentialAction\":[{\"@type\":\"ReadAction\",\"target\":[\"https:\/\/www.erresse-shop.it\/es\/shop\/pequenos-electrodomesticos\/espumadores-de-leche\/jura-cappuccinador-caliente-y-frio\/\"]}]},{\"@type\":\"BreadcrumbList\",\"@id\":\"https:\/\/www.erresse-shop.it\/es\/shop\/pequenos-electrodomesticos\/espumadores-de-leche\/jura-cappuccinador-caliente-y-frio\/#breadcrumb\",\"itemListElement\":[{\"@type\":\"ListItem\",\"position\":1,\"name\":\"Home\",\"item\":\"https:\/\/www.erresse-shop.it\/es\/\"},{\"@type\":\"ListItem\",\"position\":2,\"name\":\"Shop\",\"item\":\"https:\/\/www.erresse-shop.it\/es\/shop\/\"},{\"@type\":\"ListItem\",\"position\":3,\"name\":\"JURA Cappuccinador caliente y fr\u00edo\"}]},{\"@type\":\"WebSite\",\"@id\":\"https:\/\/www.erresse-shop.it\/es\/#website\",\"url\":\"https:\/\/www.erresse-shop.it\/es\/\",\"name\":\"Erresse Shop\",\"description\":\"Articoli di qualit\u00e0 per la casa\",\"potentialAction\":[{\"@type\":\"SearchAction\",\"target\":{\"@type\":\"EntryPoint\",\"urlTemplate\":\"https:\/\/www.erresse-shop.it\/es\/?s={search_term_string}\"},\"query-input\":\"required name=search_term_string\"}],\"inLanguage\":\"es\"}]}<\/script>\n<!-- \/ Yoast SEO Premium plugin. -->","yoast_head_json":{"title":"JURA Cappuccinador caliente y fr\u00edo - Erresse Shop","description":"ESPUMA DE LECHE M\u00c1GICA Suave y vers\u00e1til. Con la espuma de leche fresca y cremosa que se prepara con la m\u00e1quina para hacer cappuccino de JURA, por fin es","robots":{"index":"index","follow":"follow","max-snippet":"max-snippet:-1","max-image-preview":"max-image-preview:large","max-video-preview":"max-video-preview:-1"},"canonical":"https:\/\/www.erresse-shop.it\/es\/shop\/pequenos-electrodomesticos\/espumadores-de-leche\/jura-cappuccinador-caliente-y-frio\/","og_locale":"es_ES","og_type":"article","og_title":"JURA Cappuccinador caliente y fr\u00edo","og_description":"ESPUMA DE LECHE M\u00c1GICA Suave y vers\u00e1til. Con la espuma de leche fresca y cremosa que se prepara con la m\u00e1quina para hacer cappuccino de JURA, por fin es","og_url":"https:\/\/www.erresse-shop.it\/es\/shop\/pequenos-electrodomesticos\/espumadores-de-leche\/jura-cappuccinador-caliente-y-frio\/","og_site_name":"Erresse Shop","article_modified_time":"2023-08-08T00:00:20+00:00","og_image":[{"width":800,"height":800,"url":"https:\/\/www.erresse-shop.it\/wp-content\/uploads\/2022\/10\/JURA-cappuccinatore4.jpg","type":"image\/jpeg"}],"twitter_card":"summary_large_image","schema":{"@context":"https:\/\/schema.org","@graph":[{"@type":"WebPage","@id":"https:\/\/www.erresse-shop.it\/es\/shop\/pequenos-electrodomesticos\/espumadores-de-leche\/jura-cappuccinador-caliente-y-frio\/","url":"https:\/\/www.erresse-shop.it\/es\/shop\/pequenos-electrodomesticos\/espumadores-de-leche\/jura-cappuccinador-caliente-y-frio\/","name":"JURA Cappuccinador caliente y fr\u00edo - Erresse Shop","isPartOf":{"@id":"https:\/\/www.erresse-shop.it\/es\/#website"},"datePublished":"2022-10-17T10:09:32+00:00","dateModified":"2023-08-08T00:00:20+00:00","description":"ESPUMA DE LECHE M\u00c1GICA Suave y vers\u00e1til. Con la espuma de leche fresca y cremosa que se prepara con la m\u00e1quina para hacer cappuccino de JURA, por fin es","breadcrumb":{"@id":"https:\/\/www.erresse-shop.it\/es\/shop\/pequenos-electrodomesticos\/espumadores-de-leche\/jura-cappuccinador-caliente-y-frio\/#breadcrumb"},"inLanguage":"es","potentialAction":[{"@type":"ReadAction","target":["https:\/\/www.erresse-shop.it\/es\/shop\/pequenos-electrodomesticos\/espumadores-de-leche\/jura-cappuccinador-caliente-y-frio\/"]}]},{"@type":"BreadcrumbList","@id":"https:\/\/www.erresse-shop.it\/es\/shop\/pequenos-electrodomesticos\/espumadores-de-leche\/jura-cappuccinador-caliente-y-frio\/#breadcrumb","itemListElement":[{"@type":"ListItem","position":1,"name":"Home","item":"https:\/\/www.erresse-shop.it\/es\/"},{"@type":"ListItem","position":2,"name":"Shop","item":"https:\/\/www.erresse-shop.it\/es\/shop\/"},{"@type":"ListItem","position":3,"name":"JURA Cappuccinador caliente y fr\u00edo"}]},{"@type":"WebSite","@id":"https:\/\/www.erresse-shop.it\/es\/#website","url":"https:\/\/www.erresse-shop.it\/es\/","name":"Erresse Shop","description":"Articoli di qualit\u00e0 per la casa","potentialAction":[{"@type":"SearchAction","target":{"@type":"EntryPoint","urlTemplate":"https:\/\/www.erresse-shop.it\/es\/?s={search_term_string}"},"query-input":"required name=search_term_string"}],"inLanguage":"es"}]}},"df_price":107.91000000000001,"df_sale_price":107.91000000000001,"df_regular_price":119.9,"df_image_link":"https:\/\/www.erresse-shop.it\/wp-content\/uploads\/2022\/10\/JURA-cappuccinatore4-300x300.jpg","_links":{"self":[{"href":"https:\/\/www.erresse-shop.it\/es\/wp-json\/wp\/v2\/product\/193690"}],"collection":[{"href":"https:\/\/www.erresse-shop.it\/es\/wp-json\/wp\/v2\/product"}],"about":[{"href":"https:\/\/www.erresse-shop.it\/es\/wp-json\/wp\/v2\/types\/product"}],"wp:featuredmedia":[{"embeddable":true,"href":"https:\/\/www.erresse-shop.it\/es\/wp-json\/wp\/v2\/media\/193727"}],"wp:attachment":[{"href":"https:\/\/www.erresse-shop.it\/es\/wp-json\/wp\/v2\/media?parent=193690"}],"wp:term":[{"taxonomy":"product_cat","embeddable":true,"href":"https:\/\/www.erresse-shop.it\/es\/wp-json\/wp\/v2\/product_cat?post=193690"},{"taxonomy":"product_tag","embeddable":true,"href":"https:\/\/www.erresse-shop.it\/es\/wp-json\/wp\/v2\/product_tag?post=193690"}],"curies":[{"name":"wp","href":"https:\/\/api.w.org\/{rel}","templated":true}]}}