{"id":191516,"date":"2022-10-07T08:09:35","date_gmt":"2022-10-07T08:09:39","guid":{"rendered":"https:\/\/www.erresse-shop.it\/?post_type=product&#038;p=191516"},"modified":"2023-12-20T18:54:25","modified_gmt":"2023-12-20T18:54:25","slug":"villeroy-boch-toys-delight-la-boule","status":"publish","type":"product","link":"https:\/\/www.erresse-shop.it\/es\/shop\/tabla\/platos\/villeroy-boch-toys-delight-la-boule\/","title":{"rendered":"VILLEROY &#038; BOCH Toy&#8217;s Delight La Boule"},"content":{"rendered":"<p><strong>La magia de Toy&#8217;s Delight: La colecci\u00f3n Toy&#8217;s Delight da a cada momento un toque de encanto.<\/strong><\/p>\n<p><span style=\"text-decoration: underline;\">Icono de dise\u00f1o en estilo navide\u00f1o<\/span><br \/>\nCon la colecci\u00f3n Toy&#8217;s Delight traer\u00e1s a tu casa un ambiente navide\u00f1o nost\u00e1lgico. La vajilla y los accesorios decorativos a juego est\u00e1n adornados con bonitos motivos que evocan hermosos recuerdos de la infancia. Ideal para combinar, coleccionar y regalar. La funcionalidad y un dise\u00f1o ic\u00f3nico hacen que esta La Boule de Navidad no s\u00f3lo sea un elemento que atraiga la atenci\u00f3n en cualquier mesa, sino tambi\u00e9n un objeto de interior muy especial. La Boule se compone de dos ensaladeras, dos cuencos planos y dos platos universales, as\u00ed como de una fuente de servir. Lleva el ambiente festivo de la Navidad a la mesa.<\/p>\n<p><span style=\"text-decoration: underline;\">El conjunto se compone de:<\/span><\/p>\n<p>2x Taz\u00f3n, 620ml<br \/>\n2x Taz\u00f3n, 500ml<br \/>\n2x Plato universal, 24cm<br \/>\n1x Plato para servir, 23,9cm<\/p>\n<p><strong>CARACTER\u00cdSTICAS<\/strong><\/p>\n<p><strong>Material:<\/strong> porcelana de primera calidad<br \/>\n<strong>Apto para microondas<\/strong>: NO<br \/>\n<strong>Color:<\/strong> blanco colorido<\/p>\n<p><strong>APTO PARA EL LAVAVAJILLAS S\u00cd<\/strong><\/p>\n","protected":false},"excerpt":{"rendered":"<p>La magia de Toy&#8217;s Delight: La colecci\u00f3n Toy&#8217;s Delight da a cada momento un toque de encanto. Icono de dise\u00f1o<\/p>\n","protected":false},"featured_media":191540,"template":"","meta":{"_acf_changed":false,"inline_featured_image":false},"product_cat":[16031,16027],"product_tag":[23912,20505,20507,20506],"acf":[],"yoast_head":"<!-- This site is optimized with the Yoast SEO Premium plugin v18.6 (Yoast SEO v19.13) - https:\/\/yoast.com\/wordpress\/plugins\/seo\/ -->\n<title>VILLEROY &amp; BOCH Toy&#039;s Delight La Boule - Erresse Shop<\/title>\n<meta name=\"description\" content=\"La magia de Toy&#039;s Delight: La colecci\u00f3n Toy&#039;s Delight da a cada momento un toque de encanto. Icono de dise\u00f1o en estilo navide\u00f1o Con la colecci\u00f3n Toy&#039;s\" \/>\n<meta name=\"robots\" content=\"index, follow, max-snippet:-1, max-image-preview:large, max-video-preview:-1\" \/>\n<link rel=\"canonical\" href=\"https:\/\/www.erresse-shop.it\/es\/shop\/tabla\/platos\/villeroy-boch-toys-delight-la-boule\/\" \/>\n<meta property=\"og:locale\" content=\"es_ES\" \/>\n<meta property=\"og:type\" content=\"article\" \/>\n<meta property=\"og:title\" content=\"VILLEROY &amp; BOCH Toy&#039;s Delight La Boule\" \/>\n<meta property=\"og:description\" content=\"La magia de Toy&#039;s Delight: La colecci\u00f3n Toy&#039;s Delight da a cada momento un toque de encanto. Icono de dise\u00f1o en estilo navide\u00f1o Con la colecci\u00f3n Toy&#039;s\" \/>\n<meta property=\"og:url\" content=\"https:\/\/www.erresse-shop.it\/es\/shop\/tabla\/platos\/villeroy-boch-toys-delight-la-boule\/\" \/>\n<meta property=\"og:site_name\" content=\"Erresse Shop\" \/>\n<meta property=\"article:modified_time\" content=\"2023-12-20T18:54:25+00:00\" \/>\n<meta property=\"og:image\" content=\"https:\/\/www.erresse-shop.it\/wp-content\/uploads\/2022\/10\/VILLEROY-BOCH-La-boule-natale.jpg\" \/>\n\t<meta property=\"og:image:width\" content=\"800\" \/>\n\t<meta property=\"og:image:height\" content=\"800\" \/>\n\t<meta property=\"og:image:type\" content=\"image\/jpeg\" \/>\n<meta name=\"twitter:card\" content=\"summary_large_image\" \/>\n<script type=\"application\/ld+json\" class=\"yoast-schema-graph\">{\"@context\":\"https:\/\/schema.org\",\"@graph\":[{\"@type\":\"WebPage\",\"@id\":\"https:\/\/www.erresse-shop.it\/es\/shop\/tabla\/platos\/villeroy-boch-toys-delight-la-boule\/\",\"url\":\"https:\/\/www.erresse-shop.it\/es\/shop\/tabla\/platos\/villeroy-boch-toys-delight-la-boule\/\",\"name\":\"VILLEROY & BOCH Toy's Delight La Boule - Erresse Shop\",\"isPartOf\":{\"@id\":\"https:\/\/www.erresse-shop.it\/es\/#website\"},\"datePublished\":\"2022-10-07T08:09:39+00:00\",\"dateModified\":\"2023-12-20T18:54:25+00:00\",\"description\":\"La magia de Toy's Delight: La colecci\u00f3n Toy's Delight da a cada momento un toque de encanto. Icono de dise\u00f1o en estilo navide\u00f1o Con la colecci\u00f3n Toy's\",\"breadcrumb\":{\"@id\":\"https:\/\/www.erresse-shop.it\/es\/shop\/tabla\/platos\/villeroy-boch-toys-delight-la-boule\/#breadcrumb\"},\"inLanguage\":\"es\",\"potentialAction\":[{\"@type\":\"ReadAction\",\"target\":[\"https:\/\/www.erresse-shop.it\/es\/shop\/tabla\/platos\/villeroy-boch-toys-delight-la-boule\/\"]}]},{\"@type\":\"BreadcrumbList\",\"@id\":\"https:\/\/www.erresse-shop.it\/es\/shop\/tabla\/platos\/villeroy-boch-toys-delight-la-boule\/#breadcrumb\",\"itemListElement\":[{\"@type\":\"ListItem\",\"position\":1,\"name\":\"Home\",\"item\":\"https:\/\/www.erresse-shop.it\/es\/\"},{\"@type\":\"ListItem\",\"position\":2,\"name\":\"Shop\",\"item\":\"https:\/\/www.erresse-shop.it\/es\/shop\/\"},{\"@type\":\"ListItem\",\"position\":3,\"name\":\"VILLEROY &#038; BOCH Toy&#8217;s Delight La Boule\"}]},{\"@type\":\"WebSite\",\"@id\":\"https:\/\/www.erresse-shop.it\/es\/#website\",\"url\":\"https:\/\/www.erresse-shop.it\/es\/\",\"name\":\"Erresse Shop\",\"description\":\"Articoli di qualit\u00e0 per la casa\",\"potentialAction\":[{\"@type\":\"SearchAction\",\"target\":{\"@type\":\"EntryPoint\",\"urlTemplate\":\"https:\/\/www.erresse-shop.it\/es\/?s={search_term_string}\"},\"query-input\":\"required name=search_term_string\"}],\"inLanguage\":\"es\"}]}<\/script>\n<!-- \/ Yoast SEO Premium plugin. -->","yoast_head_json":{"title":"VILLEROY & BOCH Toy's Delight La Boule - Erresse Shop","description":"La magia de Toy's Delight: La colecci\u00f3n Toy's Delight da a cada momento un toque de encanto. Icono de dise\u00f1o en estilo navide\u00f1o Con la colecci\u00f3n Toy's","robots":{"index":"index","follow":"follow","max-snippet":"max-snippet:-1","max-image-preview":"max-image-preview:large","max-video-preview":"max-video-preview:-1"},"canonical":"https:\/\/www.erresse-shop.it\/es\/shop\/tabla\/platos\/villeroy-boch-toys-delight-la-boule\/","og_locale":"es_ES","og_type":"article","og_title":"VILLEROY & BOCH Toy's Delight La Boule","og_description":"La magia de Toy's Delight: La colecci\u00f3n Toy's Delight da a cada momento un toque de encanto. Icono de dise\u00f1o en estilo navide\u00f1o Con la colecci\u00f3n Toy's","og_url":"https:\/\/www.erresse-shop.it\/es\/shop\/tabla\/platos\/villeroy-boch-toys-delight-la-boule\/","og_site_name":"Erresse Shop","article_modified_time":"2023-12-20T18:54:25+00:00","og_image":[{"width":800,"height":800,"url":"https:\/\/www.erresse-shop.it\/wp-content\/uploads\/2022\/10\/VILLEROY-BOCH-La-boule-natale.jpg","type":"image\/jpeg"}],"twitter_card":"summary_large_image","schema":{"@context":"https:\/\/schema.org","@graph":[{"@type":"WebPage","@id":"https:\/\/www.erresse-shop.it\/es\/shop\/tabla\/platos\/villeroy-boch-toys-delight-la-boule\/","url":"https:\/\/www.erresse-shop.it\/es\/shop\/tabla\/platos\/villeroy-boch-toys-delight-la-boule\/","name":"VILLEROY & BOCH Toy's Delight La Boule - Erresse Shop","isPartOf":{"@id":"https:\/\/www.erresse-shop.it\/es\/#website"},"datePublished":"2022-10-07T08:09:39+00:00","dateModified":"2023-12-20T18:54:25+00:00","description":"La magia de Toy's Delight: La colecci\u00f3n Toy's Delight da a cada momento un toque de encanto. Icono de dise\u00f1o en estilo navide\u00f1o Con la colecci\u00f3n Toy's","breadcrumb":{"@id":"https:\/\/www.erresse-shop.it\/es\/shop\/tabla\/platos\/villeroy-boch-toys-delight-la-boule\/#breadcrumb"},"inLanguage":"es","potentialAction":[{"@type":"ReadAction","target":["https:\/\/www.erresse-shop.it\/es\/shop\/tabla\/platos\/villeroy-boch-toys-delight-la-boule\/"]}]},{"@type":"BreadcrumbList","@id":"https:\/\/www.erresse-shop.it\/es\/shop\/tabla\/platos\/villeroy-boch-toys-delight-la-boule\/#breadcrumb","itemListElement":[{"@type":"ListItem","position":1,"name":"Home","item":"https:\/\/www.erresse-shop.it\/es\/"},{"@type":"ListItem","position":2,"name":"Shop","item":"https:\/\/www.erresse-shop.it\/es\/shop\/"},{"@type":"ListItem","position":3,"name":"VILLEROY &#038; BOCH Toy&#8217;s Delight La Boule"}]},{"@type":"WebSite","@id":"https:\/\/www.erresse-shop.it\/es\/#website","url":"https:\/\/www.erresse-shop.it\/es\/","name":"Erresse Shop","description":"Articoli di qualit\u00e0 per la casa","potentialAction":[{"@type":"SearchAction","target":{"@type":"EntryPoint","urlTemplate":"https:\/\/www.erresse-shop.it\/es\/?s={search_term_string}"},"query-input":"required name=search_term_string"}],"inLanguage":"es"}]}},"df_price":339.95,"df_sale_price":339.95,"df_regular_price":399,"df_image_link":"https:\/\/www.erresse-shop.it\/wp-content\/uploads\/2022\/10\/VILLEROY-BOCH-La-boule-natale-300x300.jpg","_links":{"self":[{"href":"https:\/\/www.erresse-shop.it\/es\/wp-json\/wp\/v2\/product\/191516"}],"collection":[{"href":"https:\/\/www.erresse-shop.it\/es\/wp-json\/wp\/v2\/product"}],"about":[{"href":"https:\/\/www.erresse-shop.it\/es\/wp-json\/wp\/v2\/types\/product"}],"wp:featuredmedia":[{"embeddable":true,"href":"https:\/\/www.erresse-shop.it\/es\/wp-json\/wp\/v2\/media\/191540"}],"wp:attachment":[{"href":"https:\/\/www.erresse-shop.it\/es\/wp-json\/wp\/v2\/media?parent=191516"}],"wp:term":[{"taxonomy":"product_cat","embeddable":true,"href":"https:\/\/www.erresse-shop.it\/es\/wp-json\/wp\/v2\/product_cat?post=191516"},{"taxonomy":"product_tag","embeddable":true,"href":"https:\/\/www.erresse-shop.it\/es\/wp-json\/wp\/v2\/product_tag?post=191516"}],"curies":[{"name":"wp","href":"https:\/\/api.w.org\/{rel}","templated":true}]}}