{"id":191495,"date":"2022-10-07T07:38:33","date_gmt":"2022-10-07T07:38:37","guid":{"rendered":"https:\/\/www.erresse-shop.it\/?post_type=product&#038;p=191495"},"modified":"2022-10-07T07:56:12","modified_gmt":"2022-10-07T07:56:12","slug":"versace-home-jarron-18cm-escala-palacio-verde","status":"publish","type":"product","link":"https:\/\/www.erresse-shop.it\/es\/shop\/mobiliario\/jarrones\/versace-home-jarron-18cm-escala-palacio-verde\/","title":{"rendered":"VERSACE HOME Jarr\u00f3n 18cm Escala Palacio Verde"},"content":{"rendered":"<p>Florero hecho de la m\u00e1s fina porcelana. Este accesorio de decoraci\u00f3n se inspira en el palacio milan\u00e9s de Versace en Via Ges\u00f9 y, en particular, en la espectacular escalera de m\u00e1rmol que conduce a los pisos privados.<br \/>\nEvocando una intimidad oculta tras las puertas cerradas, la colecci\u00f3n presenta una elegante combinaci\u00f3n de estilo arquitect\u00f3nico y una delicada paleta verde.<\/p>\n<p>Material: porcelana.<br \/>\nDimensiones: H 18 cm.<br \/>\nColecci\u00f3n: Scala Palazzo.<\/p>\n","protected":false},"excerpt":{"rendered":"<p>Florero hecho de la m\u00e1s fina porcelana. Este accesorio de decoraci\u00f3n se inspira en el palacio milan\u00e9s de Versace en<\/p>\n","protected":false},"featured_media":491165,"template":"","meta":{"_acf_changed":false,"inline_featured_image":false},"product_cat":[16024,16016],"product_tag":[23692,16122,24682],"acf":[],"yoast_head":"<!-- This site is optimized with the Yoast SEO Premium plugin v18.6 (Yoast SEO v19.13) - https:\/\/yoast.com\/wordpress\/plugins\/seo\/ -->\n<title>VERSACE HOME Jarr\u00f3n 18cm Escala Palacio Verde - Erresse Shop<\/title>\n<meta name=\"description\" content=\"Florero hecho de la m\u00e1s fina porcelana. Este accesorio de decoraci\u00f3n se inspira en el palacio milan\u00e9s de Versace en Via Ges\u00f9 y, en particular, en la\" \/>\n<meta name=\"robots\" content=\"index, follow, max-snippet:-1, max-image-preview:large, max-video-preview:-1\" \/>\n<link rel=\"canonical\" href=\"https:\/\/www.erresse-shop.it\/es\/shop\/mobiliario\/jarrones\/versace-home-jarron-18cm-escala-palacio-verde\/\" \/>\n<meta property=\"og:locale\" content=\"es_ES\" \/>\n<meta property=\"og:type\" content=\"article\" \/>\n<meta property=\"og:title\" content=\"VERSACE HOME Jarr\u00f3n 18cm Escala Palacio Verde\" \/>\n<meta property=\"og:description\" content=\"Florero hecho de la m\u00e1s fina porcelana. Este accesorio de decoraci\u00f3n se inspira en el palacio milan\u00e9s de Versace en Via Ges\u00f9 y, en particular, en la\" \/>\n<meta property=\"og:url\" content=\"https:\/\/www.erresse-shop.it\/es\/shop\/mobiliario\/jarrones\/versace-home-jarron-18cm-escala-palacio-verde\/\" \/>\n<meta property=\"og:site_name\" content=\"Erresse Shop\" \/>\n<meta property=\"article:modified_time\" content=\"2022-10-07T07:56:12+00:00\" \/>\n<meta property=\"og:image\" content=\"https:\/\/www.erresse-shop.it\/wp-content\/uploads\/2022\/10\/VERSACE-scala-palazzo-verde-Vaso-18cm.jpg\" \/>\n\t<meta property=\"og:image:width\" content=\"800\" \/>\n\t<meta property=\"og:image:height\" content=\"800\" \/>\n\t<meta property=\"og:image:type\" content=\"image\/jpeg\" \/>\n<meta name=\"twitter:card\" content=\"summary_large_image\" \/>\n<script type=\"application\/ld+json\" class=\"yoast-schema-graph\">{\"@context\":\"https:\/\/schema.org\",\"@graph\":[{\"@type\":\"WebPage\",\"@id\":\"https:\/\/www.erresse-shop.it\/es\/shop\/mobiliario\/jarrones\/versace-home-jarron-18cm-escala-palacio-verde\/\",\"url\":\"https:\/\/www.erresse-shop.it\/es\/shop\/mobiliario\/jarrones\/versace-home-jarron-18cm-escala-palacio-verde\/\",\"name\":\"VERSACE HOME Jarr\u00f3n 18cm Escala Palacio Verde - Erresse Shop\",\"isPartOf\":{\"@id\":\"https:\/\/www.erresse-shop.it\/es\/#website\"},\"datePublished\":\"2022-10-07T07:38:37+00:00\",\"dateModified\":\"2022-10-07T07:56:12+00:00\",\"description\":\"Florero hecho de la m\u00e1s fina porcelana. Este accesorio de decoraci\u00f3n se inspira en el palacio milan\u00e9s de Versace en Via Ges\u00f9 y, en particular, en la\",\"breadcrumb\":{\"@id\":\"https:\/\/www.erresse-shop.it\/es\/shop\/mobiliario\/jarrones\/versace-home-jarron-18cm-escala-palacio-verde\/#breadcrumb\"},\"inLanguage\":\"es\",\"potentialAction\":[{\"@type\":\"ReadAction\",\"target\":[\"https:\/\/www.erresse-shop.it\/es\/shop\/mobiliario\/jarrones\/versace-home-jarron-18cm-escala-palacio-verde\/\"]}]},{\"@type\":\"BreadcrumbList\",\"@id\":\"https:\/\/www.erresse-shop.it\/es\/shop\/mobiliario\/jarrones\/versace-home-jarron-18cm-escala-palacio-verde\/#breadcrumb\",\"itemListElement\":[{\"@type\":\"ListItem\",\"position\":1,\"name\":\"Home\",\"item\":\"https:\/\/www.erresse-shop.it\/es\/\"},{\"@type\":\"ListItem\",\"position\":2,\"name\":\"Shop\",\"item\":\"https:\/\/www.erresse-shop.it\/es\/shop\/\"},{\"@type\":\"ListItem\",\"position\":3,\"name\":\"VERSACE HOME Jarr\u00f3n 18cm Escala Palacio Verde\"}]},{\"@type\":\"WebSite\",\"@id\":\"https:\/\/www.erresse-shop.it\/es\/#website\",\"url\":\"https:\/\/www.erresse-shop.it\/es\/\",\"name\":\"Erresse Shop\",\"description\":\"Articoli di qualit\u00e0 per la casa\",\"potentialAction\":[{\"@type\":\"SearchAction\",\"target\":{\"@type\":\"EntryPoint\",\"urlTemplate\":\"https:\/\/www.erresse-shop.it\/es\/?s={search_term_string}\"},\"query-input\":\"required name=search_term_string\"}],\"inLanguage\":\"es\"}]}<\/script>\n<!-- \/ Yoast SEO Premium plugin. -->","yoast_head_json":{"title":"VERSACE HOME Jarr\u00f3n 18cm Escala Palacio Verde - Erresse Shop","description":"Florero hecho de la m\u00e1s fina porcelana. Este accesorio de decoraci\u00f3n se inspira en el palacio milan\u00e9s de Versace en Via Ges\u00f9 y, en particular, en la","robots":{"index":"index","follow":"follow","max-snippet":"max-snippet:-1","max-image-preview":"max-image-preview:large","max-video-preview":"max-video-preview:-1"},"canonical":"https:\/\/www.erresse-shop.it\/es\/shop\/mobiliario\/jarrones\/versace-home-jarron-18cm-escala-palacio-verde\/","og_locale":"es_ES","og_type":"article","og_title":"VERSACE HOME Jarr\u00f3n 18cm Escala Palacio Verde","og_description":"Florero hecho de la m\u00e1s fina porcelana. Este accesorio de decoraci\u00f3n se inspira en el palacio milan\u00e9s de Versace en Via Ges\u00f9 y, en particular, en la","og_url":"https:\/\/www.erresse-shop.it\/es\/shop\/mobiliario\/jarrones\/versace-home-jarron-18cm-escala-palacio-verde\/","og_site_name":"Erresse Shop","article_modified_time":"2022-10-07T07:56:12+00:00","og_image":[{"width":800,"height":800,"url":"https:\/\/www.erresse-shop.it\/wp-content\/uploads\/2022\/10\/VERSACE-scala-palazzo-verde-Vaso-18cm.jpg","type":"image\/jpeg"}],"twitter_card":"summary_large_image","schema":{"@context":"https:\/\/schema.org","@graph":[{"@type":"WebPage","@id":"https:\/\/www.erresse-shop.it\/es\/shop\/mobiliario\/jarrones\/versace-home-jarron-18cm-escala-palacio-verde\/","url":"https:\/\/www.erresse-shop.it\/es\/shop\/mobiliario\/jarrones\/versace-home-jarron-18cm-escala-palacio-verde\/","name":"VERSACE HOME Jarr\u00f3n 18cm Escala Palacio Verde - Erresse Shop","isPartOf":{"@id":"https:\/\/www.erresse-shop.it\/es\/#website"},"datePublished":"2022-10-07T07:38:37+00:00","dateModified":"2022-10-07T07:56:12+00:00","description":"Florero hecho de la m\u00e1s fina porcelana. Este accesorio de decoraci\u00f3n se inspira en el palacio milan\u00e9s de Versace en Via Ges\u00f9 y, en particular, en la","breadcrumb":{"@id":"https:\/\/www.erresse-shop.it\/es\/shop\/mobiliario\/jarrones\/versace-home-jarron-18cm-escala-palacio-verde\/#breadcrumb"},"inLanguage":"es","potentialAction":[{"@type":"ReadAction","target":["https:\/\/www.erresse-shop.it\/es\/shop\/mobiliario\/jarrones\/versace-home-jarron-18cm-escala-palacio-verde\/"]}]},{"@type":"BreadcrumbList","@id":"https:\/\/www.erresse-shop.it\/es\/shop\/mobiliario\/jarrones\/versace-home-jarron-18cm-escala-palacio-verde\/#breadcrumb","itemListElement":[{"@type":"ListItem","position":1,"name":"Home","item":"https:\/\/www.erresse-shop.it\/es\/"},{"@type":"ListItem","position":2,"name":"Shop","item":"https:\/\/www.erresse-shop.it\/es\/shop\/"},{"@type":"ListItem","position":3,"name":"VERSACE HOME Jarr\u00f3n 18cm Escala Palacio Verde"}]},{"@type":"WebSite","@id":"https:\/\/www.erresse-shop.it\/es\/#website","url":"https:\/\/www.erresse-shop.it\/es\/","name":"Erresse Shop","description":"Articoli di qualit\u00e0 per la casa","potentialAction":[{"@type":"SearchAction","target":{"@type":"EntryPoint","urlTemplate":"https:\/\/www.erresse-shop.it\/es\/?s={search_term_string}"},"query-input":"required name=search_term_string"}],"inLanguage":"es"}]}},"df_price":202.5,"df_sale_price":202.5,"df_regular_price":405,"df_image_link":"https:\/\/www.erresse-shop.it\/wp-content\/uploads\/2022\/10\/VERSACE-HOME-Vaso-18cm-Scala-Palazzo-Verde-300x300.jpg","_links":{"self":[{"href":"https:\/\/www.erresse-shop.it\/es\/wp-json\/wp\/v2\/product\/191495"}],"collection":[{"href":"https:\/\/www.erresse-shop.it\/es\/wp-json\/wp\/v2\/product"}],"about":[{"href":"https:\/\/www.erresse-shop.it\/es\/wp-json\/wp\/v2\/types\/product"}],"wp:featuredmedia":[{"embeddable":true,"href":"https:\/\/www.erresse-shop.it\/es\/wp-json\/wp\/v2\/media\/491165"}],"wp:attachment":[{"href":"https:\/\/www.erresse-shop.it\/es\/wp-json\/wp\/v2\/media?parent=191495"}],"wp:term":[{"taxonomy":"product_cat","embeddable":true,"href":"https:\/\/www.erresse-shop.it\/es\/wp-json\/wp\/v2\/product_cat?post=191495"},{"taxonomy":"product_tag","embeddable":true,"href":"https:\/\/www.erresse-shop.it\/es\/wp-json\/wp\/v2\/product_tag?post=191495"}],"curies":[{"name":"wp","href":"https:\/\/api.w.org\/{rel}","templated":true}]}}