{"id":186159,"date":"2019-01-18T17:21:37","date_gmt":"2019-01-18T17:21:37","guid":{"rendered":"https:\/\/www.erresse-shop.it\/shop\/sin categor\u00eda\/seletti-memorabilia-mvsevm-pie-hombre\/"},"modified":"2023-06-21T08:13:06","modified_gmt":"2023-06-21T08:13:06","slug":"seletti-memorabilia-mvsevm-pie-hombre","status":"publish","type":"product","link":"https:\/\/www.erresse-shop.it\/es\/shop\/mobiliario\/articulos-de-decoracion\/seletti-memorabilia-mvsevm-pie-hombre\/","title":{"rendered":"SELETTI Memorabilia Mvsevm Pie Hombre"},"content":{"rendered":"<p>Seletti, una historia empresarial de visi\u00f3n y evoluci\u00f3n. Una historia que comenz\u00f3 en 1964 en Cicognara (Mantua). Hoy Seletti colabora con j\u00f3venes dise\u00f1adores italianos e internacionales, j\u00f3venes que se est\u00e1n haciendo un nombre r\u00e1pidamente, el deseo es crear un grupo para crecer y evolucionar juntos, un reto que est\u00e1 dando grandes resultados: &#8220;Tambi\u00e9n estoy colaborando con personas y personalidades ajenas al mundo del dise\u00f1o en sentido estricto: artistas, visionarios, con los que me gustar\u00eda cruzar algunas &#8220;barreras&#8221;. Mi inusual formaci\u00f3n no acad\u00e9mica me lleva naturalmente a ser &#8220;transversal&#8221;, un viaje a la idea de &#8220;una nueva belleza&#8221;. Esto es para nosotros la (r)evoluci\u00f3n&#8221;.<\/p>\n<p>Nueve partes del cuerpo humano inspiradas en la obra de los mejores escultores cl\u00e1sicos italianos<br \/>\nDise\u00f1o: Marcantonio<br \/>\nMaterial: porcelana fina<br \/>\nTama\u00f1o: cm 37 x 14 h. 20<\/p>\n","protected":false},"excerpt":{"rendered":"<p>Seletti, una historia empresarial de visi\u00f3n y evoluci\u00f3n. Una historia que comenz\u00f3 en 1964 en Cicognara (Mantua). Hoy Seletti colabora<\/p>\n","protected":false},"featured_media":186160,"template":"","meta":{"_acf_changed":false,"inline_featured_image":false},"product_cat":[16026,16016],"product_tag":[17942,16827,20680,20681,17943,25023],"acf":[],"yoast_head":"<!-- This site is optimized with the Yoast SEO Premium plugin v18.6 (Yoast SEO v19.13) - https:\/\/yoast.com\/wordpress\/plugins\/seo\/ -->\n<title>SELETTI Memorabilia Mvsevm Pie Hombre - Erresse Shop<\/title>\n<meta name=\"description\" content=\"Seletti, una historia empresarial de visi\u00f3n y evoluci\u00f3n. Una historia que comenz\u00f3 en 1964 en Cicognara (Mantua). Hoy Seletti colabora con j\u00f3venes\" \/>\n<meta name=\"robots\" content=\"index, follow, max-snippet:-1, max-image-preview:large, max-video-preview:-1\" \/>\n<link rel=\"canonical\" href=\"https:\/\/www.erresse-shop.it\/es\/shop\/mobiliario\/articulos-de-decoracion\/seletti-memorabilia-mvsevm-pie-hombre\/\" \/>\n<meta property=\"og:locale\" content=\"es_ES\" \/>\n<meta property=\"og:type\" content=\"article\" \/>\n<meta property=\"og:title\" content=\"SELETTI Memorabilia Mvsevm Pie Hombre\" \/>\n<meta property=\"og:description\" content=\"Seletti, una historia empresarial de visi\u00f3n y evoluci\u00f3n. Una historia que comenz\u00f3 en 1964 en Cicognara (Mantua). Hoy Seletti colabora con j\u00f3venes\" \/>\n<meta property=\"og:url\" content=\"https:\/\/www.erresse-shop.it\/es\/shop\/mobiliario\/articulos-de-decoracion\/seletti-memorabilia-mvsevm-pie-hombre\/\" \/>\n<meta property=\"og:site_name\" content=\"Erresse Shop\" \/>\n<meta property=\"article:modified_time\" content=\"2023-06-21T08:13:06+00:00\" \/>\n<meta property=\"og:image\" content=\"https:\/\/www.erresse-shop.it\/wp-content\/uploads\/2019\/01\/products-10071.jpg\" \/>\n\t<meta property=\"og:image:width\" content=\"1200\" \/>\n\t<meta property=\"og:image:height\" content=\"1200\" \/>\n\t<meta property=\"og:image:type\" content=\"image\/jpeg\" \/>\n<meta name=\"twitter:card\" content=\"summary_large_image\" \/>\n<script type=\"application\/ld+json\" class=\"yoast-schema-graph\">{\"@context\":\"https:\/\/schema.org\",\"@graph\":[{\"@type\":\"WebPage\",\"@id\":\"https:\/\/www.erresse-shop.it\/es\/shop\/mobiliario\/articulos-de-decoracion\/seletti-memorabilia-mvsevm-pie-hombre\/\",\"url\":\"https:\/\/www.erresse-shop.it\/es\/shop\/mobiliario\/articulos-de-decoracion\/seletti-memorabilia-mvsevm-pie-hombre\/\",\"name\":\"SELETTI Memorabilia Mvsevm Pie Hombre - Erresse Shop\",\"isPartOf\":{\"@id\":\"https:\/\/www.erresse-shop.it\/es\/#website\"},\"datePublished\":\"2019-01-18T17:21:37+00:00\",\"dateModified\":\"2023-06-21T08:13:06+00:00\",\"description\":\"Seletti, una historia empresarial de visi\u00f3n y evoluci\u00f3n. Una historia que comenz\u00f3 en 1964 en Cicognara (Mantua). Hoy Seletti colabora con j\u00f3venes\",\"breadcrumb\":{\"@id\":\"https:\/\/www.erresse-shop.it\/es\/shop\/mobiliario\/articulos-de-decoracion\/seletti-memorabilia-mvsevm-pie-hombre\/#breadcrumb\"},\"inLanguage\":\"es\",\"potentialAction\":[{\"@type\":\"ReadAction\",\"target\":[\"https:\/\/www.erresse-shop.it\/es\/shop\/mobiliario\/articulos-de-decoracion\/seletti-memorabilia-mvsevm-pie-hombre\/\"]}]},{\"@type\":\"BreadcrumbList\",\"@id\":\"https:\/\/www.erresse-shop.it\/es\/shop\/mobiliario\/articulos-de-decoracion\/seletti-memorabilia-mvsevm-pie-hombre\/#breadcrumb\",\"itemListElement\":[{\"@type\":\"ListItem\",\"position\":1,\"name\":\"Home\",\"item\":\"https:\/\/www.erresse-shop.it\/es\/\"},{\"@type\":\"ListItem\",\"position\":2,\"name\":\"Shop\",\"item\":\"https:\/\/www.erresse-shop.it\/es\/shop\/\"},{\"@type\":\"ListItem\",\"position\":3,\"name\":\"SELETTI Memorabilia Mvsevm Pie Hombre\"}]},{\"@type\":\"WebSite\",\"@id\":\"https:\/\/www.erresse-shop.it\/es\/#website\",\"url\":\"https:\/\/www.erresse-shop.it\/es\/\",\"name\":\"Erresse Shop\",\"description\":\"Articoli di qualit\u00e0 per la casa\",\"potentialAction\":[{\"@type\":\"SearchAction\",\"target\":{\"@type\":\"EntryPoint\",\"urlTemplate\":\"https:\/\/www.erresse-shop.it\/es\/?s={search_term_string}\"},\"query-input\":\"required name=search_term_string\"}],\"inLanguage\":\"es\"}]}<\/script>\n<!-- \/ Yoast SEO Premium plugin. -->","yoast_head_json":{"title":"SELETTI Memorabilia Mvsevm Pie Hombre - Erresse Shop","description":"Seletti, una historia empresarial de visi\u00f3n y evoluci\u00f3n. Una historia que comenz\u00f3 en 1964 en Cicognara (Mantua). Hoy Seletti colabora con j\u00f3venes","robots":{"index":"index","follow":"follow","max-snippet":"max-snippet:-1","max-image-preview":"max-image-preview:large","max-video-preview":"max-video-preview:-1"},"canonical":"https:\/\/www.erresse-shop.it\/es\/shop\/mobiliario\/articulos-de-decoracion\/seletti-memorabilia-mvsevm-pie-hombre\/","og_locale":"es_ES","og_type":"article","og_title":"SELETTI Memorabilia Mvsevm Pie Hombre","og_description":"Seletti, una historia empresarial de visi\u00f3n y evoluci\u00f3n. Una historia que comenz\u00f3 en 1964 en Cicognara (Mantua). Hoy Seletti colabora con j\u00f3venes","og_url":"https:\/\/www.erresse-shop.it\/es\/shop\/mobiliario\/articulos-de-decoracion\/seletti-memorabilia-mvsevm-pie-hombre\/","og_site_name":"Erresse Shop","article_modified_time":"2023-06-21T08:13:06+00:00","og_image":[{"width":1200,"height":1200,"url":"https:\/\/www.erresse-shop.it\/wp-content\/uploads\/2019\/01\/products-10071.jpg","type":"image\/jpeg"}],"twitter_card":"summary_large_image","schema":{"@context":"https:\/\/schema.org","@graph":[{"@type":"WebPage","@id":"https:\/\/www.erresse-shop.it\/es\/shop\/mobiliario\/articulos-de-decoracion\/seletti-memorabilia-mvsevm-pie-hombre\/","url":"https:\/\/www.erresse-shop.it\/es\/shop\/mobiliario\/articulos-de-decoracion\/seletti-memorabilia-mvsevm-pie-hombre\/","name":"SELETTI Memorabilia Mvsevm Pie Hombre - Erresse Shop","isPartOf":{"@id":"https:\/\/www.erresse-shop.it\/es\/#website"},"datePublished":"2019-01-18T17:21:37+00:00","dateModified":"2023-06-21T08:13:06+00:00","description":"Seletti, una historia empresarial de visi\u00f3n y evoluci\u00f3n. Una historia que comenz\u00f3 en 1964 en Cicognara (Mantua). Hoy Seletti colabora con j\u00f3venes","breadcrumb":{"@id":"https:\/\/www.erresse-shop.it\/es\/shop\/mobiliario\/articulos-de-decoracion\/seletti-memorabilia-mvsevm-pie-hombre\/#breadcrumb"},"inLanguage":"es","potentialAction":[{"@type":"ReadAction","target":["https:\/\/www.erresse-shop.it\/es\/shop\/mobiliario\/articulos-de-decoracion\/seletti-memorabilia-mvsevm-pie-hombre\/"]}]},{"@type":"BreadcrumbList","@id":"https:\/\/www.erresse-shop.it\/es\/shop\/mobiliario\/articulos-de-decoracion\/seletti-memorabilia-mvsevm-pie-hombre\/#breadcrumb","itemListElement":[{"@type":"ListItem","position":1,"name":"Home","item":"https:\/\/www.erresse-shop.it\/es\/"},{"@type":"ListItem","position":2,"name":"Shop","item":"https:\/\/www.erresse-shop.it\/es\/shop\/"},{"@type":"ListItem","position":3,"name":"SELETTI Memorabilia Mvsevm Pie Hombre"}]},{"@type":"WebSite","@id":"https:\/\/www.erresse-shop.it\/es\/#website","url":"https:\/\/www.erresse-shop.it\/es\/","name":"Erresse Shop","description":"Articoli di qualit\u00e0 per la casa","potentialAction":[{"@type":"SearchAction","target":{"@type":"EntryPoint","urlTemplate":"https:\/\/www.erresse-shop.it\/es\/?s={search_term_string}"},"query-input":"required name=search_term_string"}],"inLanguage":"es"}]}},"df_price":72.9,"df_sale_price":72.9,"df_regular_price":162,"df_image_link":"https:\/\/www.erresse-shop.it\/wp-content\/uploads\/2019\/01\/products-10071-300x300.jpg","_links":{"self":[{"href":"https:\/\/www.erresse-shop.it\/es\/wp-json\/wp\/v2\/product\/186159"}],"collection":[{"href":"https:\/\/www.erresse-shop.it\/es\/wp-json\/wp\/v2\/product"}],"about":[{"href":"https:\/\/www.erresse-shop.it\/es\/wp-json\/wp\/v2\/types\/product"}],"wp:featuredmedia":[{"embeddable":true,"href":"https:\/\/www.erresse-shop.it\/es\/wp-json\/wp\/v2\/media\/186160"}],"wp:attachment":[{"href":"https:\/\/www.erresse-shop.it\/es\/wp-json\/wp\/v2\/media?parent=186159"}],"wp:term":[{"taxonomy":"product_cat","embeddable":true,"href":"https:\/\/www.erresse-shop.it\/es\/wp-json\/wp\/v2\/product_cat?post=186159"},{"taxonomy":"product_tag","embeddable":true,"href":"https:\/\/www.erresse-shop.it\/es\/wp-json\/wp\/v2\/product_tag?post=186159"}],"curies":[{"name":"wp","href":"https:\/\/api.w.org\/{rel}","templated":true}]}}