{"id":185968,"date":"2018-06-28T12:18:17","date_gmt":"2018-06-28T12:18:17","guid":{"rendered":"https:\/\/www.erresse-shop.it\/shop\/sin categor\u00eda\/seletti-jobby-the-cat-white\/"},"modified":"2023-07-31T00:08:27","modified_gmt":"2023-07-31T00:08:27","slug":"seletti-jobby-the-cat-white","status":"publish","type":"product","link":"https:\/\/www.erresse-shop.it\/es\/shop\/mobiliario\/lamparas\/seletti-jobby-the-cat-white\/","title":{"rendered":"SELETTI Jobby the Cat White"},"content":{"rendered":"<p>&#8230;puede viajar de una habitaci\u00f3n a otra como un t\u00edpico felino. Es recargable y sus ojos se iluminan al pulsar su m\u00e1gico bot\u00f3n dorado.<\/p>\n<p>Dise\u00f1o: Trabajo de estudio<br \/>\nMaterial: resina<br \/>\nDimensiones: 46 x 12 h 20,7 cm<br \/>\nTecnolog\u00eda de iluminaci\u00f3n LED &#8211; 0,06W X2 &#8211; 3300K<br \/>\nLuz caliente USB recargable ( tiempo de carga 3h )<br \/>\nDuraci\u00f3n de la bater\u00eda: 30 horas<br \/>\nEntrada 110 &#8211; 230 V 50\/60 Hz<br \/>\nSalida 3.7 DC<br \/>\nCargador incluido: cable de 1,5 m<\/p>\n","protected":false},"excerpt":{"rendered":"<p>&#8230;puede viajar de una habitaci\u00f3n a otra como un t\u00edpico felino. Es recargable y sus ojos se iluminan al pulsar<\/p>\n","protected":false},"featured_media":185969,"template":"","meta":{"_acf_changed":false,"inline_featured_image":false},"product_cat":[16017,16016],"product_tag":[17054,20825,20709,16236,17511,16327,20684,25403,20674,25023],"acf":[],"yoast_head":"<!-- This site is optimized with the Yoast SEO Premium plugin v18.6 (Yoast SEO v19.13) - https:\/\/yoast.com\/wordpress\/plugins\/seo\/ -->\n<title>SELETTI Jobby the Cat White - Erresse Shop<\/title>\n<meta name=\"description\" content=\"...puede viajar de una habitaci\u00f3n a otra como un t\u00edpico felino. Es recargable y sus ojos se iluminan al pulsar su m\u00e1gico bot\u00f3n dorado. Dise\u00f1o: Trabajo de\" \/>\n<meta name=\"robots\" content=\"index, follow, max-snippet:-1, max-image-preview:large, max-video-preview:-1\" \/>\n<link rel=\"canonical\" href=\"https:\/\/www.erresse-shop.it\/es\/shop\/mobiliario\/lamparas\/seletti-jobby-the-cat-white\/\" \/>\n<meta property=\"og:locale\" content=\"es_ES\" \/>\n<meta property=\"og:type\" content=\"article\" \/>\n<meta property=\"og:title\" content=\"SELETTI Jobby the Cat White\" \/>\n<meta property=\"og:description\" content=\"...puede viajar de una habitaci\u00f3n a otra como un t\u00edpico felino. Es recargable y sus ojos se iluminan al pulsar su m\u00e1gico bot\u00f3n dorado. Dise\u00f1o: Trabajo de\" \/>\n<meta property=\"og:url\" content=\"https:\/\/www.erresse-shop.it\/es\/shop\/mobiliario\/lamparas\/seletti-jobby-the-cat-white\/\" \/>\n<meta property=\"og:site_name\" content=\"Erresse Shop\" \/>\n<meta property=\"article:modified_time\" content=\"2023-07-31T00:08:27+00:00\" \/>\n<meta property=\"og:image\" content=\"https:\/\/www.erresse-shop.it\/wp-content\/uploads\/2018\/06\/products-15040.jpg\" \/>\n\t<meta property=\"og:image:width\" content=\"1000\" \/>\n\t<meta property=\"og:image:height\" content=\"1000\" \/>\n\t<meta property=\"og:image:type\" content=\"image\/jpeg\" \/>\n<meta name=\"twitter:card\" content=\"summary_large_image\" \/>\n<script type=\"application\/ld+json\" class=\"yoast-schema-graph\">{\"@context\":\"https:\/\/schema.org\",\"@graph\":[{\"@type\":\"WebPage\",\"@id\":\"https:\/\/www.erresse-shop.it\/es\/shop\/mobiliario\/lamparas\/seletti-jobby-the-cat-white\/\",\"url\":\"https:\/\/www.erresse-shop.it\/es\/shop\/mobiliario\/lamparas\/seletti-jobby-the-cat-white\/\",\"name\":\"SELETTI Jobby the Cat White - Erresse Shop\",\"isPartOf\":{\"@id\":\"https:\/\/www.erresse-shop.it\/es\/#website\"},\"datePublished\":\"2018-06-28T12:18:17+00:00\",\"dateModified\":\"2023-07-31T00:08:27+00:00\",\"description\":\"...puede viajar de una habitaci\u00f3n a otra como un t\u00edpico felino. Es recargable y sus ojos se iluminan al pulsar su m\u00e1gico bot\u00f3n dorado. Dise\u00f1o: Trabajo de\",\"breadcrumb\":{\"@id\":\"https:\/\/www.erresse-shop.it\/es\/shop\/mobiliario\/lamparas\/seletti-jobby-the-cat-white\/#breadcrumb\"},\"inLanguage\":\"es\",\"potentialAction\":[{\"@type\":\"ReadAction\",\"target\":[\"https:\/\/www.erresse-shop.it\/es\/shop\/mobiliario\/lamparas\/seletti-jobby-the-cat-white\/\"]}]},{\"@type\":\"BreadcrumbList\",\"@id\":\"https:\/\/www.erresse-shop.it\/es\/shop\/mobiliario\/lamparas\/seletti-jobby-the-cat-white\/#breadcrumb\",\"itemListElement\":[{\"@type\":\"ListItem\",\"position\":1,\"name\":\"Home\",\"item\":\"https:\/\/www.erresse-shop.it\/es\/\"},{\"@type\":\"ListItem\",\"position\":2,\"name\":\"Shop\",\"item\":\"https:\/\/www.erresse-shop.it\/es\/shop\/\"},{\"@type\":\"ListItem\",\"position\":3,\"name\":\"SELETTI Jobby the Cat White\"}]},{\"@type\":\"WebSite\",\"@id\":\"https:\/\/www.erresse-shop.it\/es\/#website\",\"url\":\"https:\/\/www.erresse-shop.it\/es\/\",\"name\":\"Erresse Shop\",\"description\":\"Articoli di qualit\u00e0 per la casa\",\"potentialAction\":[{\"@type\":\"SearchAction\",\"target\":{\"@type\":\"EntryPoint\",\"urlTemplate\":\"https:\/\/www.erresse-shop.it\/es\/?s={search_term_string}\"},\"query-input\":\"required name=search_term_string\"}],\"inLanguage\":\"es\"}]}<\/script>\n<!-- \/ Yoast SEO Premium plugin. -->","yoast_head_json":{"title":"SELETTI Jobby the Cat White - Erresse Shop","description":"...puede viajar de una habitaci\u00f3n a otra como un t\u00edpico felino. Es recargable y sus ojos se iluminan al pulsar su m\u00e1gico bot\u00f3n dorado. Dise\u00f1o: Trabajo de","robots":{"index":"index","follow":"follow","max-snippet":"max-snippet:-1","max-image-preview":"max-image-preview:large","max-video-preview":"max-video-preview:-1"},"canonical":"https:\/\/www.erresse-shop.it\/es\/shop\/mobiliario\/lamparas\/seletti-jobby-the-cat-white\/","og_locale":"es_ES","og_type":"article","og_title":"SELETTI Jobby the Cat White","og_description":"...puede viajar de una habitaci\u00f3n a otra como un t\u00edpico felino. Es recargable y sus ojos se iluminan al pulsar su m\u00e1gico bot\u00f3n dorado. Dise\u00f1o: Trabajo de","og_url":"https:\/\/www.erresse-shop.it\/es\/shop\/mobiliario\/lamparas\/seletti-jobby-the-cat-white\/","og_site_name":"Erresse Shop","article_modified_time":"2023-07-31T00:08:27+00:00","og_image":[{"width":1000,"height":1000,"url":"https:\/\/www.erresse-shop.it\/wp-content\/uploads\/2018\/06\/products-15040.jpg","type":"image\/jpeg"}],"twitter_card":"summary_large_image","schema":{"@context":"https:\/\/schema.org","@graph":[{"@type":"WebPage","@id":"https:\/\/www.erresse-shop.it\/es\/shop\/mobiliario\/lamparas\/seletti-jobby-the-cat-white\/","url":"https:\/\/www.erresse-shop.it\/es\/shop\/mobiliario\/lamparas\/seletti-jobby-the-cat-white\/","name":"SELETTI Jobby the Cat White - Erresse Shop","isPartOf":{"@id":"https:\/\/www.erresse-shop.it\/es\/#website"},"datePublished":"2018-06-28T12:18:17+00:00","dateModified":"2023-07-31T00:08:27+00:00","description":"...puede viajar de una habitaci\u00f3n a otra como un t\u00edpico felino. Es recargable y sus ojos se iluminan al pulsar su m\u00e1gico bot\u00f3n dorado. Dise\u00f1o: Trabajo de","breadcrumb":{"@id":"https:\/\/www.erresse-shop.it\/es\/shop\/mobiliario\/lamparas\/seletti-jobby-the-cat-white\/#breadcrumb"},"inLanguage":"es","potentialAction":[{"@type":"ReadAction","target":["https:\/\/www.erresse-shop.it\/es\/shop\/mobiliario\/lamparas\/seletti-jobby-the-cat-white\/"]}]},{"@type":"BreadcrumbList","@id":"https:\/\/www.erresse-shop.it\/es\/shop\/mobiliario\/lamparas\/seletti-jobby-the-cat-white\/#breadcrumb","itemListElement":[{"@type":"ListItem","position":1,"name":"Home","item":"https:\/\/www.erresse-shop.it\/es\/"},{"@type":"ListItem","position":2,"name":"Shop","item":"https:\/\/www.erresse-shop.it\/es\/shop\/"},{"@type":"ListItem","position":3,"name":"SELETTI Jobby the Cat White"}]},{"@type":"WebSite","@id":"https:\/\/www.erresse-shop.it\/es\/#website","url":"https:\/\/www.erresse-shop.it\/es\/","name":"Erresse Shop","description":"Articoli di qualit\u00e0 per la casa","potentialAction":[{"@type":"SearchAction","target":{"@type":"EntryPoint","urlTemplate":"https:\/\/www.erresse-shop.it\/es\/?s={search_term_string}"},"query-input":"required name=search_term_string"}],"inLanguage":"es"}]}},"df_price":121.5,"df_sale_price":121.5,"df_regular_price":270,"df_image_link":"https:\/\/www.erresse-shop.it\/wp-content\/uploads\/2018\/06\/products-15040-300x300.jpg","_links":{"self":[{"href":"https:\/\/www.erresse-shop.it\/es\/wp-json\/wp\/v2\/product\/185968"}],"collection":[{"href":"https:\/\/www.erresse-shop.it\/es\/wp-json\/wp\/v2\/product"}],"about":[{"href":"https:\/\/www.erresse-shop.it\/es\/wp-json\/wp\/v2\/types\/product"}],"wp:featuredmedia":[{"embeddable":true,"href":"https:\/\/www.erresse-shop.it\/es\/wp-json\/wp\/v2\/media\/185969"}],"wp:attachment":[{"href":"https:\/\/www.erresse-shop.it\/es\/wp-json\/wp\/v2\/media?parent=185968"}],"wp:term":[{"taxonomy":"product_cat","embeddable":true,"href":"https:\/\/www.erresse-shop.it\/es\/wp-json\/wp\/v2\/product_cat?post=185968"},{"taxonomy":"product_tag","embeddable":true,"href":"https:\/\/www.erresse-shop.it\/es\/wp-json\/wp\/v2\/product_tag?post=185968"}],"curies":[{"name":"wp","href":"https:\/\/api.w.org\/{rel}","templated":true}]}}