{"id":185944,"date":"2018-02-21T17:31:10","date_gmt":"2018-02-21T17:31:10","guid":{"rendered":"https:\/\/www.erresse-shop.it\/shop\/sin categor\u00eda\/seletti-jarron-de-porcelana-love-in-bloom\/"},"modified":"2024-02-15T00:00:15","modified_gmt":"2024-02-15T00:00:15","slug":"seletti-jarron-de-porcelana-love-in-bloom","status":"publish","type":"product","link":"https:\/\/www.erresse-shop.it\/es\/shop\/mobiliario\/jarrones\/seletti-jarron-de-porcelana-love-in-bloom\/","title":{"rendered":"SELETTI Jarr\u00f3n de Porcelana Love in Bloom"},"content":{"rendered":"<p>LOVE IN BLOOM es un jarr\u00f3n con forma de coraz\u00f3n que parece sacado de un ensayo de anatom\u00eda humana. Un amor moderno traducido en un regalo rom\u00e1ntico pero imprevisible.No es un sue\u00f1o, es AMOR EN FLOR.No es primavera, es AMOR EN FLOR.<\/p>\n<p>Dise\u00f1o: Marcantonio<br \/>\nMaterial: porcelana fina<br \/>\nDimensiones: cm 16,5 x 9 h.25<\/p>\n","protected":false},"excerpt":{"rendered":"<p>LOVE IN BLOOM es un jarr\u00f3n con forma de coraz\u00f3n que parece sacado de un ensayo de anatom\u00eda humana. Un<\/p>\n","protected":false},"featured_media":150463,"template":"","meta":{"_acf_changed":false,"inline_featured_image":false},"product_cat":[16024,16016],"product_tag":[16255,16122,15921,17941,17942,17943,24302,25023],"acf":[],"yoast_head":"<!-- This site is optimized with the Yoast SEO Premium plugin v18.6 (Yoast SEO v19.13) - https:\/\/yoast.com\/wordpress\/plugins\/seo\/ -->\n<title>SELETTI Jarr\u00f3n de Porcelana Love in Bloom - Erresse Shop<\/title>\n<meta name=\"description\" content=\"LOVE IN BLOOM es un jarr\u00f3n con forma de coraz\u00f3n que parece sacado de un ensayo de anatom\u00eda humana. Un amor moderno traducido en un regalo rom\u00e1ntico pero\" \/>\n<meta name=\"robots\" content=\"index, follow, max-snippet:-1, max-image-preview:large, max-video-preview:-1\" \/>\n<link rel=\"canonical\" href=\"https:\/\/www.erresse-shop.it\/es\/shop\/mobiliario\/jarrones\/seletti-jarron-de-porcelana-love-in-bloom\/\" \/>\n<meta property=\"og:locale\" content=\"es_ES\" \/>\n<meta property=\"og:type\" content=\"article\" \/>\n<meta property=\"og:title\" content=\"SELETTI Jarr\u00f3n de Porcelana Love in Bloom\" \/>\n<meta property=\"og:description\" content=\"LOVE IN BLOOM es un jarr\u00f3n con forma de coraz\u00f3n que parece sacado de un ensayo de anatom\u00eda humana. Un amor moderno traducido en un regalo rom\u00e1ntico pero\" \/>\n<meta property=\"og:url\" content=\"https:\/\/www.erresse-shop.it\/es\/shop\/mobiliario\/jarrones\/seletti-jarron-de-porcelana-love-in-bloom\/\" \/>\n<meta property=\"og:site_name\" content=\"Erresse Shop\" \/>\n<meta property=\"article:modified_time\" content=\"2024-02-15T00:00:15+00:00\" \/>\n<meta property=\"og:image\" content=\"https:\/\/www.erresse-shop.it\/wp-content\/uploads\/2018\/02\/products-09920-3.jpg\" \/>\n\t<meta property=\"og:image:width\" content=\"1200\" \/>\n\t<meta property=\"og:image:height\" content=\"1200\" \/>\n\t<meta property=\"og:image:type\" content=\"image\/jpeg\" \/>\n<meta name=\"twitter:card\" content=\"summary_large_image\" \/>\n<script type=\"application\/ld+json\" class=\"yoast-schema-graph\">{\"@context\":\"https:\/\/schema.org\",\"@graph\":[{\"@type\":\"WebPage\",\"@id\":\"https:\/\/www.erresse-shop.it\/es\/shop\/mobiliario\/jarrones\/seletti-jarron-de-porcelana-love-in-bloom\/\",\"url\":\"https:\/\/www.erresse-shop.it\/es\/shop\/mobiliario\/jarrones\/seletti-jarron-de-porcelana-love-in-bloom\/\",\"name\":\"SELETTI Jarr\u00f3n de Porcelana Love in Bloom - Erresse Shop\",\"isPartOf\":{\"@id\":\"https:\/\/www.erresse-shop.it\/es\/#website\"},\"datePublished\":\"2018-02-21T17:31:10+00:00\",\"dateModified\":\"2024-02-15T00:00:15+00:00\",\"description\":\"LOVE IN BLOOM es un jarr\u00f3n con forma de coraz\u00f3n que parece sacado de un ensayo de anatom\u00eda humana. Un amor moderno traducido en un regalo rom\u00e1ntico pero\",\"breadcrumb\":{\"@id\":\"https:\/\/www.erresse-shop.it\/es\/shop\/mobiliario\/jarrones\/seletti-jarron-de-porcelana-love-in-bloom\/#breadcrumb\"},\"inLanguage\":\"es\",\"potentialAction\":[{\"@type\":\"ReadAction\",\"target\":[\"https:\/\/www.erresse-shop.it\/es\/shop\/mobiliario\/jarrones\/seletti-jarron-de-porcelana-love-in-bloom\/\"]}]},{\"@type\":\"BreadcrumbList\",\"@id\":\"https:\/\/www.erresse-shop.it\/es\/shop\/mobiliario\/jarrones\/seletti-jarron-de-porcelana-love-in-bloom\/#breadcrumb\",\"itemListElement\":[{\"@type\":\"ListItem\",\"position\":1,\"name\":\"Home\",\"item\":\"https:\/\/www.erresse-shop.it\/es\/\"},{\"@type\":\"ListItem\",\"position\":2,\"name\":\"Shop\",\"item\":\"https:\/\/www.erresse-shop.it\/es\/shop\/\"},{\"@type\":\"ListItem\",\"position\":3,\"name\":\"SELETTI Jarr\u00f3n de Porcelana Love in Bloom\"}]},{\"@type\":\"WebSite\",\"@id\":\"https:\/\/www.erresse-shop.it\/es\/#website\",\"url\":\"https:\/\/www.erresse-shop.it\/es\/\",\"name\":\"Erresse Shop\",\"description\":\"Articoli di qualit\u00e0 per la casa\",\"potentialAction\":[{\"@type\":\"SearchAction\",\"target\":{\"@type\":\"EntryPoint\",\"urlTemplate\":\"https:\/\/www.erresse-shop.it\/es\/?s={search_term_string}\"},\"query-input\":\"required name=search_term_string\"}],\"inLanguage\":\"es\"}]}<\/script>\n<!-- \/ Yoast SEO Premium plugin. -->","yoast_head_json":{"title":"SELETTI Jarr\u00f3n de Porcelana Love in Bloom - Erresse Shop","description":"LOVE IN BLOOM es un jarr\u00f3n con forma de coraz\u00f3n que parece sacado de un ensayo de anatom\u00eda humana. Un amor moderno traducido en un regalo rom\u00e1ntico pero","robots":{"index":"index","follow":"follow","max-snippet":"max-snippet:-1","max-image-preview":"max-image-preview:large","max-video-preview":"max-video-preview:-1"},"canonical":"https:\/\/www.erresse-shop.it\/es\/shop\/mobiliario\/jarrones\/seletti-jarron-de-porcelana-love-in-bloom\/","og_locale":"es_ES","og_type":"article","og_title":"SELETTI Jarr\u00f3n de Porcelana Love in Bloom","og_description":"LOVE IN BLOOM es un jarr\u00f3n con forma de coraz\u00f3n que parece sacado de un ensayo de anatom\u00eda humana. Un amor moderno traducido en un regalo rom\u00e1ntico pero","og_url":"https:\/\/www.erresse-shop.it\/es\/shop\/mobiliario\/jarrones\/seletti-jarron-de-porcelana-love-in-bloom\/","og_site_name":"Erresse Shop","article_modified_time":"2024-02-15T00:00:15+00:00","og_image":[{"width":"1200","height":"1200","url":"https:\/\/www.erresse-shop.it\/wp-content\/uploads\/2018\/02\/products-09920-3.jpg","type":"image\/jpeg"}],"twitter_card":"summary_large_image","schema":{"@context":"https:\/\/schema.org","@graph":[{"@type":"WebPage","@id":"https:\/\/www.erresse-shop.it\/es\/shop\/mobiliario\/jarrones\/seletti-jarron-de-porcelana-love-in-bloom\/","url":"https:\/\/www.erresse-shop.it\/es\/shop\/mobiliario\/jarrones\/seletti-jarron-de-porcelana-love-in-bloom\/","name":"SELETTI Jarr\u00f3n de Porcelana Love in Bloom - Erresse Shop","isPartOf":{"@id":"https:\/\/www.erresse-shop.it\/es\/#website"},"datePublished":"2018-02-21T17:31:10+00:00","dateModified":"2024-02-15T00:00:15+00:00","description":"LOVE IN BLOOM es un jarr\u00f3n con forma de coraz\u00f3n que parece sacado de un ensayo de anatom\u00eda humana. Un amor moderno traducido en un regalo rom\u00e1ntico pero","breadcrumb":{"@id":"https:\/\/www.erresse-shop.it\/es\/shop\/mobiliario\/jarrones\/seletti-jarron-de-porcelana-love-in-bloom\/#breadcrumb"},"inLanguage":"es","potentialAction":[{"@type":"ReadAction","target":["https:\/\/www.erresse-shop.it\/es\/shop\/mobiliario\/jarrones\/seletti-jarron-de-porcelana-love-in-bloom\/"]}]},{"@type":"BreadcrumbList","@id":"https:\/\/www.erresse-shop.it\/es\/shop\/mobiliario\/jarrones\/seletti-jarron-de-porcelana-love-in-bloom\/#breadcrumb","itemListElement":[{"@type":"ListItem","position":1,"name":"Home","item":"https:\/\/www.erresse-shop.it\/es\/"},{"@type":"ListItem","position":2,"name":"Shop","item":"https:\/\/www.erresse-shop.it\/es\/shop\/"},{"@type":"ListItem","position":3,"name":"SELETTI Jarr\u00f3n de Porcelana Love in Bloom"}]},{"@type":"WebSite","@id":"https:\/\/www.erresse-shop.it\/es\/#website","url":"https:\/\/www.erresse-shop.it\/es\/","name":"Erresse Shop","description":"Articoli di qualit\u00e0 per la casa","potentialAction":[{"@type":"SearchAction","target":{"@type":"EntryPoint","urlTemplate":"https:\/\/www.erresse-shop.it\/es\/?s={search_term_string}"},"query-input":"required name=search_term_string"}],"inLanguage":"es"}]}},"df_price":40.050000000000004,"df_sale_price":40.050000000000004,"df_regular_price":89,"df_image_link":"https:\/\/www.erresse-shop.it\/wp-content\/uploads\/2018\/02\/products-09920-3.jpg","_links":{"self":[{"href":"https:\/\/www.erresse-shop.it\/es\/wp-json\/wp\/v2\/product\/185944"}],"collection":[{"href":"https:\/\/www.erresse-shop.it\/es\/wp-json\/wp\/v2\/product"}],"about":[{"href":"https:\/\/www.erresse-shop.it\/es\/wp-json\/wp\/v2\/types\/product"}],"wp:featuredmedia":[{"embeddable":true,"href":"https:\/\/www.erresse-shop.it\/es\/wp-json\/wp\/v2\/media\/150463"}],"wp:attachment":[{"href":"https:\/\/www.erresse-shop.it\/es\/wp-json\/wp\/v2\/media?parent=185944"}],"wp:term":[{"taxonomy":"product_cat","embeddable":true,"href":"https:\/\/www.erresse-shop.it\/es\/wp-json\/wp\/v2\/product_cat?post=185944"},{"taxonomy":"product_tag","embeddable":true,"href":"https:\/\/www.erresse-shop.it\/es\/wp-json\/wp\/v2\/product_tag?post=185944"}],"curies":[{"name":"wp","href":"https:\/\/api.w.org\/{rel}","templated":true}]}}