{"id":185929,"date":"2017-04-13T12:41:17","date_gmt":"2017-04-13T12:41:17","guid":{"rendered":"https:\/\/www.erresse-shop.it\/shop\/sin categor\u00eda\/seletti-maman-arana-14-luces-led-con-bombillas-transparentes-satinates\/"},"modified":"2024-06-03T00:04:40","modified_gmt":"2024-06-03T00:04:40","slug":"seletti-maman-arana-14-luces-led-con-bombillas-transparentes-satinates","status":"publish","type":"product","link":"https:\/\/www.erresse-shop.it\/es\/shop\/mobiliario\/lamparas\/seletti-maman-arana-14-luces-led-con-bombillas-transparentes-satinates\/","title":{"rendered":"SELETTI Maman Ara\u00f1a 14 Luces Led con Bombillas Transparentes Satinates"},"content":{"rendered":"<p>MAMAN de Seletti es una l\u00e1mpara de ara\u00f1a compuesta por un roset\u00f3n y 14 cables de silicona con otras tantas l\u00e1mparas en cada extremo.<\/p>\n<p>Producto: L\u00e1mpara de techo<br \/>\nDise\u00f1ador: Selab design<br \/>\nMaterial: Silicona &#8211; Pl\u00e1stico &#8211; Metal<br \/>\nCaracter\u00edsticas: Bombillas transparentes &#8211; Kit de montaje incluido &#8211; Regulable &#8211; Uso en interiores<\/p>\n<p>Dimensiones: cables de 14 mt. &#8211; Bombilla: 14 x LED E27 &#8211; bombilla individual de 2 W &#8211; 2912 l\u00famenes totales &#8211; luz c\u00e1lida &#8211; 230V &#8211; 50HZ<\/p>\n","protected":false},"excerpt":{"rendered":"<p>MAMAN de Seletti es una l\u00e1mpara de ara\u00f1a compuesta por un roset\u00f3n y 14 cables de silicona con otras tantas<\/p>\n","protected":false},"featured_media":185930,"template":"","meta":{"_acf_changed":false,"inline_featured_image":false},"product_cat":[16017,16016],"product_tag":[20708,16828,25023],"acf":[],"yoast_head":"<!-- This site is optimized with the Yoast SEO Premium plugin v18.6 (Yoast SEO v19.13) - https:\/\/yoast.com\/wordpress\/plugins\/seo\/ -->\n<title>SELETTI Maman Ara\u00f1a 14 Luces Led con Bombillas Transparentes Satinates - Erresse Shop<\/title>\n<meta name=\"description\" content=\"MAMAN de Seletti es una l\u00e1mpara de ara\u00f1a compuesta por un roset\u00f3n y 14 cables de silicona con otras tantas l\u00e1mparas en cada extremo. Producto: L\u00e1mpara de\" \/>\n<meta name=\"robots\" content=\"index, follow, max-snippet:-1, max-image-preview:large, max-video-preview:-1\" \/>\n<link rel=\"canonical\" href=\"https:\/\/www.erresse-shop.it\/es\/shop\/mobiliario\/lamparas\/seletti-maman-arana-14-luces-led-con-bombillas-transparentes-satinates\/\" \/>\n<meta property=\"og:locale\" content=\"es_ES\" \/>\n<meta property=\"og:type\" content=\"article\" \/>\n<meta property=\"og:title\" content=\"SELETTI Maman Ara\u00f1a 14 Luces Led con Bombillas Transparentes Satinates\" \/>\n<meta property=\"og:description\" content=\"MAMAN de Seletti es una l\u00e1mpara de ara\u00f1a compuesta por un roset\u00f3n y 14 cables de silicona con otras tantas l\u00e1mparas en cada extremo. Producto: L\u00e1mpara de\" \/>\n<meta property=\"og:url\" content=\"https:\/\/www.erresse-shop.it\/es\/shop\/mobiliario\/lamparas\/seletti-maman-arana-14-luces-led-con-bombillas-transparentes-satinates\/\" \/>\n<meta property=\"og:site_name\" content=\"Erresse Shop\" \/>\n<meta property=\"article:modified_time\" content=\"2024-06-03T00:04:40+00:00\" \/>\n<meta property=\"og:image\" content=\"https:\/\/www.erresse-shop.it\/wp-content\/uploads\/2018\/03\/products-maman-trasp-dimmer3.jpg\" \/>\n\t<meta property=\"og:image:width\" content=\"944\" \/>\n\t<meta property=\"og:image:height\" content=\"787\" \/>\n\t<meta property=\"og:image:type\" content=\"image\/jpeg\" \/>\n<meta name=\"twitter:card\" content=\"summary_large_image\" \/>\n<script type=\"application\/ld+json\" class=\"yoast-schema-graph\">{\"@context\":\"https:\/\/schema.org\",\"@graph\":[{\"@type\":\"WebPage\",\"@id\":\"https:\/\/www.erresse-shop.it\/es\/shop\/mobiliario\/lamparas\/seletti-maman-arana-14-luces-led-con-bombillas-transparentes-satinates\/\",\"url\":\"https:\/\/www.erresse-shop.it\/es\/shop\/mobiliario\/lamparas\/seletti-maman-arana-14-luces-led-con-bombillas-transparentes-satinates\/\",\"name\":\"SELETTI Maman Ara\u00f1a 14 Luces Led con Bombillas Transparentes Satinates - Erresse Shop\",\"isPartOf\":{\"@id\":\"https:\/\/www.erresse-shop.it\/es\/#website\"},\"datePublished\":\"2017-04-13T12:41:17+00:00\",\"dateModified\":\"2024-06-03T00:04:40+00:00\",\"description\":\"MAMAN de Seletti es una l\u00e1mpara de ara\u00f1a compuesta por un roset\u00f3n y 14 cables de silicona con otras tantas l\u00e1mparas en cada extremo. Producto: L\u00e1mpara de\",\"breadcrumb\":{\"@id\":\"https:\/\/www.erresse-shop.it\/es\/shop\/mobiliario\/lamparas\/seletti-maman-arana-14-luces-led-con-bombillas-transparentes-satinates\/#breadcrumb\"},\"inLanguage\":\"es\",\"potentialAction\":[{\"@type\":\"ReadAction\",\"target\":[\"https:\/\/www.erresse-shop.it\/es\/shop\/mobiliario\/lamparas\/seletti-maman-arana-14-luces-led-con-bombillas-transparentes-satinates\/\"]}]},{\"@type\":\"BreadcrumbList\",\"@id\":\"https:\/\/www.erresse-shop.it\/es\/shop\/mobiliario\/lamparas\/seletti-maman-arana-14-luces-led-con-bombillas-transparentes-satinates\/#breadcrumb\",\"itemListElement\":[{\"@type\":\"ListItem\",\"position\":1,\"name\":\"Home\",\"item\":\"https:\/\/www.erresse-shop.it\/es\/\"},{\"@type\":\"ListItem\",\"position\":2,\"name\":\"Shop\",\"item\":\"https:\/\/www.erresse-shop.it\/es\/shop\/\"},{\"@type\":\"ListItem\",\"position\":3,\"name\":\"SELETTI Maman Ara\u00f1a 14 Luces Led con Bombillas Transparentes Satinates\"}]},{\"@type\":\"WebSite\",\"@id\":\"https:\/\/www.erresse-shop.it\/es\/#website\",\"url\":\"https:\/\/www.erresse-shop.it\/es\/\",\"name\":\"Erresse Shop\",\"description\":\"Articoli di qualit\u00e0 per la casa\",\"potentialAction\":[{\"@type\":\"SearchAction\",\"target\":{\"@type\":\"EntryPoint\",\"urlTemplate\":\"https:\/\/www.erresse-shop.it\/es\/?s={search_term_string}\"},\"query-input\":\"required name=search_term_string\"}],\"inLanguage\":\"es\"}]}<\/script>\n<!-- \/ Yoast SEO Premium plugin. -->","yoast_head_json":{"title":"SELETTI Maman Ara\u00f1a 14 Luces Led con Bombillas Transparentes Satinates - Erresse Shop","description":"MAMAN de Seletti es una l\u00e1mpara de ara\u00f1a compuesta por un roset\u00f3n y 14 cables de silicona con otras tantas l\u00e1mparas en cada extremo. Producto: L\u00e1mpara de","robots":{"index":"index","follow":"follow","max-snippet":"max-snippet:-1","max-image-preview":"max-image-preview:large","max-video-preview":"max-video-preview:-1"},"canonical":"https:\/\/www.erresse-shop.it\/es\/shop\/mobiliario\/lamparas\/seletti-maman-arana-14-luces-led-con-bombillas-transparentes-satinates\/","og_locale":"es_ES","og_type":"article","og_title":"SELETTI Maman Ara\u00f1a 14 Luces Led con Bombillas Transparentes Satinates","og_description":"MAMAN de Seletti es una l\u00e1mpara de ara\u00f1a compuesta por un roset\u00f3n y 14 cables de silicona con otras tantas l\u00e1mparas en cada extremo. Producto: L\u00e1mpara de","og_url":"https:\/\/www.erresse-shop.it\/es\/shop\/mobiliario\/lamparas\/seletti-maman-arana-14-luces-led-con-bombillas-transparentes-satinates\/","og_site_name":"Erresse Shop","article_modified_time":"2024-06-03T00:04:40+00:00","og_image":[{"width":944,"height":787,"url":"https:\/\/www.erresse-shop.it\/wp-content\/uploads\/2018\/03\/products-maman-trasp-dimmer3.jpg","type":"image\/jpeg"}],"twitter_card":"summary_large_image","schema":{"@context":"https:\/\/schema.org","@graph":[{"@type":"WebPage","@id":"https:\/\/www.erresse-shop.it\/es\/shop\/mobiliario\/lamparas\/seletti-maman-arana-14-luces-led-con-bombillas-transparentes-satinates\/","url":"https:\/\/www.erresse-shop.it\/es\/shop\/mobiliario\/lamparas\/seletti-maman-arana-14-luces-led-con-bombillas-transparentes-satinates\/","name":"SELETTI Maman Ara\u00f1a 14 Luces Led con Bombillas Transparentes Satinates - Erresse Shop","isPartOf":{"@id":"https:\/\/www.erresse-shop.it\/es\/#website"},"datePublished":"2017-04-13T12:41:17+00:00","dateModified":"2024-06-03T00:04:40+00:00","description":"MAMAN de Seletti es una l\u00e1mpara de ara\u00f1a compuesta por un roset\u00f3n y 14 cables de silicona con otras tantas l\u00e1mparas en cada extremo. Producto: L\u00e1mpara de","breadcrumb":{"@id":"https:\/\/www.erresse-shop.it\/es\/shop\/mobiliario\/lamparas\/seletti-maman-arana-14-luces-led-con-bombillas-transparentes-satinates\/#breadcrumb"},"inLanguage":"es","potentialAction":[{"@type":"ReadAction","target":["https:\/\/www.erresse-shop.it\/es\/shop\/mobiliario\/lamparas\/seletti-maman-arana-14-luces-led-con-bombillas-transparentes-satinates\/"]}]},{"@type":"BreadcrumbList","@id":"https:\/\/www.erresse-shop.it\/es\/shop\/mobiliario\/lamparas\/seletti-maman-arana-14-luces-led-con-bombillas-transparentes-satinates\/#breadcrumb","itemListElement":[{"@type":"ListItem","position":1,"name":"Home","item":"https:\/\/www.erresse-shop.it\/es\/"},{"@type":"ListItem","position":2,"name":"Shop","item":"https:\/\/www.erresse-shop.it\/es\/shop\/"},{"@type":"ListItem","position":3,"name":"SELETTI Maman Ara\u00f1a 14 Luces Led con Bombillas Transparentes Satinates"}]},{"@type":"WebSite","@id":"https:\/\/www.erresse-shop.it\/es\/#website","url":"https:\/\/www.erresse-shop.it\/es\/","name":"Erresse Shop","description":"Articoli di qualit\u00e0 per la casa","potentialAction":[{"@type":"SearchAction","target":{"@type":"EntryPoint","urlTemplate":"https:\/\/www.erresse-shop.it\/es\/?s={search_term_string}"},"query-input":"required name=search_term_string"}],"inLanguage":"es"}]}},"df_price":247.5,"df_sale_price":247.5,"df_regular_price":550,"df_image_link":"https:\/\/www.erresse-shop.it\/wp-content\/uploads\/2018\/03\/products-maman-trasp-dimmer3-300x250.jpg","_links":{"self":[{"href":"https:\/\/www.erresse-shop.it\/es\/wp-json\/wp\/v2\/product\/185929"}],"collection":[{"href":"https:\/\/www.erresse-shop.it\/es\/wp-json\/wp\/v2\/product"}],"about":[{"href":"https:\/\/www.erresse-shop.it\/es\/wp-json\/wp\/v2\/types\/product"}],"wp:featuredmedia":[{"embeddable":true,"href":"https:\/\/www.erresse-shop.it\/es\/wp-json\/wp\/v2\/media\/185930"}],"wp:attachment":[{"href":"https:\/\/www.erresse-shop.it\/es\/wp-json\/wp\/v2\/media?parent=185929"}],"wp:term":[{"taxonomy":"product_cat","embeddable":true,"href":"https:\/\/www.erresse-shop.it\/es\/wp-json\/wp\/v2\/product_cat?post=185929"},{"taxonomy":"product_tag","embeddable":true,"href":"https:\/\/www.erresse-shop.it\/es\/wp-json\/wp\/v2\/product_tag?post=185929"}],"curies":[{"name":"wp","href":"https:\/\/api.w.org\/{rel}","templated":true}]}}