{"id":185907,"date":"2017-04-13T08:37:33","date_gmt":"2017-04-13T08:37:33","guid":{"rendered":"https:\/\/www.erresse-shop.it\/shop\/sin categor\u00eda\/seletti-memorabilia-mi-nave-espacial-oro\/"},"modified":"2023-07-31T00:04:54","modified_gmt":"2023-07-31T00:04:54","slug":"seletti-memorabilia-mi-nave-espacial-oro","status":"publish","type":"product","link":"https:\/\/www.erresse-shop.it\/es\/shop\/mobiliario\/articulos-de-decoracion\/seletti-memorabilia-mi-nave-espacial-oro\/","title":{"rendered":"SELETTI Memorabilia Mi Nave Espacial Oro"},"content":{"rendered":"<p>Dise\u00f1o: Selab + Alessandro Zambelli<br \/>\nMaterial: porcelana fina<br \/>\nTama\u00f1o: cm 23,5\u00d713,5 h. 27<\/p>\n","protected":false},"excerpt":{"rendered":"<p>Dise\u00f1o: Selab + Alessandro Zambelli Material: porcelana fina Tama\u00f1o: cm 23,5\u00d713,5 h. 27<\/p>\n","protected":false},"featured_media":185908,"template":"","meta":{"_acf_changed":false,"inline_featured_image":false},"product_cat":[16026,16016],"product_tag":[19741,16827,17943,16828,25023],"acf":[],"yoast_head":"<!-- This site is optimized with the Yoast SEO Premium plugin v18.6 (Yoast SEO v19.13) - https:\/\/yoast.com\/wordpress\/plugins\/seo\/ -->\n<title>SELETTI Memorabilia Mi Nave Espacial Oro - Erresse Shop<\/title>\n<meta name=\"description\" content=\"Dise\u00f1o: Selab + Alessandro Zambelli Material: porcelana fina Tama\u00f1o: cm 23,5\u00d713,5 h. 27\" \/>\n<meta name=\"robots\" content=\"index, follow, max-snippet:-1, max-image-preview:large, max-video-preview:-1\" \/>\n<link rel=\"canonical\" href=\"https:\/\/www.erresse-shop.it\/es\/shop\/mobiliario\/articulos-de-decoracion\/seletti-memorabilia-mi-nave-espacial-oro\/\" \/>\n<meta property=\"og:locale\" content=\"es_ES\" \/>\n<meta property=\"og:type\" content=\"article\" \/>\n<meta property=\"og:title\" content=\"SELETTI Memorabilia Mi Nave Espacial Oro\" \/>\n<meta property=\"og:description\" content=\"Dise\u00f1o: Selab + Alessandro Zambelli Material: porcelana fina Tama\u00f1o: cm 23,5\u00d713,5 h. 27\" \/>\n<meta property=\"og:url\" content=\"https:\/\/www.erresse-shop.it\/es\/shop\/mobiliario\/articulos-de-decoracion\/seletti-memorabilia-mi-nave-espacial-oro\/\" \/>\n<meta property=\"og:site_name\" content=\"Erresse Shop\" \/>\n<meta property=\"article:modified_time\" content=\"2023-07-31T00:04:54+00:00\" \/>\n<meta property=\"og:image\" content=\"https:\/\/www.erresse-shop.it\/wp-content\/uploads\/2017\/04\/products-10413.jpg\" \/>\n\t<meta property=\"og:image:width\" content=\"2000\" \/>\n\t<meta property=\"og:image:height\" content=\"2000\" \/>\n\t<meta property=\"og:image:type\" content=\"image\/jpeg\" \/>\n<meta name=\"twitter:card\" content=\"summary_large_image\" \/>\n<script type=\"application\/ld+json\" class=\"yoast-schema-graph\">{\"@context\":\"https:\/\/schema.org\",\"@graph\":[{\"@type\":\"WebPage\",\"@id\":\"https:\/\/www.erresse-shop.it\/es\/shop\/mobiliario\/articulos-de-decoracion\/seletti-memorabilia-mi-nave-espacial-oro\/\",\"url\":\"https:\/\/www.erresse-shop.it\/es\/shop\/mobiliario\/articulos-de-decoracion\/seletti-memorabilia-mi-nave-espacial-oro\/\",\"name\":\"SELETTI Memorabilia Mi Nave Espacial Oro - Erresse Shop\",\"isPartOf\":{\"@id\":\"https:\/\/www.erresse-shop.it\/es\/#website\"},\"datePublished\":\"2017-04-13T08:37:33+00:00\",\"dateModified\":\"2023-07-31T00:04:54+00:00\",\"description\":\"Dise\u00f1o: Selab + Alessandro Zambelli Material: porcelana fina Tama\u00f1o: cm 23,5\u00d713,5 h. 27\",\"breadcrumb\":{\"@id\":\"https:\/\/www.erresse-shop.it\/es\/shop\/mobiliario\/articulos-de-decoracion\/seletti-memorabilia-mi-nave-espacial-oro\/#breadcrumb\"},\"inLanguage\":\"es\",\"potentialAction\":[{\"@type\":\"ReadAction\",\"target\":[\"https:\/\/www.erresse-shop.it\/es\/shop\/mobiliario\/articulos-de-decoracion\/seletti-memorabilia-mi-nave-espacial-oro\/\"]}]},{\"@type\":\"BreadcrumbList\",\"@id\":\"https:\/\/www.erresse-shop.it\/es\/shop\/mobiliario\/articulos-de-decoracion\/seletti-memorabilia-mi-nave-espacial-oro\/#breadcrumb\",\"itemListElement\":[{\"@type\":\"ListItem\",\"position\":1,\"name\":\"Home\",\"item\":\"https:\/\/www.erresse-shop.it\/es\/\"},{\"@type\":\"ListItem\",\"position\":2,\"name\":\"Shop\",\"item\":\"https:\/\/www.erresse-shop.it\/es\/shop\/\"},{\"@type\":\"ListItem\",\"position\":3,\"name\":\"SELETTI Memorabilia Mi Nave Espacial Oro\"}]},{\"@type\":\"WebSite\",\"@id\":\"https:\/\/www.erresse-shop.it\/es\/#website\",\"url\":\"https:\/\/www.erresse-shop.it\/es\/\",\"name\":\"Erresse Shop\",\"description\":\"Articoli di qualit\u00e0 per la casa\",\"potentialAction\":[{\"@type\":\"SearchAction\",\"target\":{\"@type\":\"EntryPoint\",\"urlTemplate\":\"https:\/\/www.erresse-shop.it\/es\/?s={search_term_string}\"},\"query-input\":\"required name=search_term_string\"}],\"inLanguage\":\"es\"}]}<\/script>\n<!-- \/ Yoast SEO Premium plugin. -->","yoast_head_json":{"title":"SELETTI Memorabilia Mi Nave Espacial Oro - Erresse Shop","description":"Dise\u00f1o: Selab + Alessandro Zambelli Material: porcelana fina Tama\u00f1o: cm 23,5\u00d713,5 h. 27","robots":{"index":"index","follow":"follow","max-snippet":"max-snippet:-1","max-image-preview":"max-image-preview:large","max-video-preview":"max-video-preview:-1"},"canonical":"https:\/\/www.erresse-shop.it\/es\/shop\/mobiliario\/articulos-de-decoracion\/seletti-memorabilia-mi-nave-espacial-oro\/","og_locale":"es_ES","og_type":"article","og_title":"SELETTI Memorabilia Mi Nave Espacial Oro","og_description":"Dise\u00f1o: Selab + Alessandro Zambelli Material: porcelana fina Tama\u00f1o: cm 23,5\u00d713,5 h. 27","og_url":"https:\/\/www.erresse-shop.it\/es\/shop\/mobiliario\/articulos-de-decoracion\/seletti-memorabilia-mi-nave-espacial-oro\/","og_site_name":"Erresse Shop","article_modified_time":"2023-07-31T00:04:54+00:00","og_image":[{"width":2000,"height":2000,"url":"https:\/\/www.erresse-shop.it\/wp-content\/uploads\/2017\/04\/products-10413.jpg","type":"image\/jpeg"}],"twitter_card":"summary_large_image","schema":{"@context":"https:\/\/schema.org","@graph":[{"@type":"WebPage","@id":"https:\/\/www.erresse-shop.it\/es\/shop\/mobiliario\/articulos-de-decoracion\/seletti-memorabilia-mi-nave-espacial-oro\/","url":"https:\/\/www.erresse-shop.it\/es\/shop\/mobiliario\/articulos-de-decoracion\/seletti-memorabilia-mi-nave-espacial-oro\/","name":"SELETTI Memorabilia Mi Nave Espacial Oro - Erresse Shop","isPartOf":{"@id":"https:\/\/www.erresse-shop.it\/es\/#website"},"datePublished":"2017-04-13T08:37:33+00:00","dateModified":"2023-07-31T00:04:54+00:00","description":"Dise\u00f1o: Selab + Alessandro Zambelli Material: porcelana fina Tama\u00f1o: cm 23,5\u00d713,5 h. 27","breadcrumb":{"@id":"https:\/\/www.erresse-shop.it\/es\/shop\/mobiliario\/articulos-de-decoracion\/seletti-memorabilia-mi-nave-espacial-oro\/#breadcrumb"},"inLanguage":"es","potentialAction":[{"@type":"ReadAction","target":["https:\/\/www.erresse-shop.it\/es\/shop\/mobiliario\/articulos-de-decoracion\/seletti-memorabilia-mi-nave-espacial-oro\/"]}]},{"@type":"BreadcrumbList","@id":"https:\/\/www.erresse-shop.it\/es\/shop\/mobiliario\/articulos-de-decoracion\/seletti-memorabilia-mi-nave-espacial-oro\/#breadcrumb","itemListElement":[{"@type":"ListItem","position":1,"name":"Home","item":"https:\/\/www.erresse-shop.it\/es\/"},{"@type":"ListItem","position":2,"name":"Shop","item":"https:\/\/www.erresse-shop.it\/es\/shop\/"},{"@type":"ListItem","position":3,"name":"SELETTI Memorabilia Mi Nave Espacial Oro"}]},{"@type":"WebSite","@id":"https:\/\/www.erresse-shop.it\/es\/#website","url":"https:\/\/www.erresse-shop.it\/es\/","name":"Erresse Shop","description":"Articoli di qualit\u00e0 per la casa","potentialAction":[{"@type":"SearchAction","target":{"@type":"EntryPoint","urlTemplate":"https:\/\/www.erresse-shop.it\/es\/?s={search_term_string}"},"query-input":"required name=search_term_string"}],"inLanguage":"es"}]}},"df_price":59.4,"df_sale_price":59.4,"df_regular_price":132,"df_image_link":"https:\/\/www.erresse-shop.it\/wp-content\/uploads\/2017\/04\/products-10413-300x300.jpg","_links":{"self":[{"href":"https:\/\/www.erresse-shop.it\/es\/wp-json\/wp\/v2\/product\/185907"}],"collection":[{"href":"https:\/\/www.erresse-shop.it\/es\/wp-json\/wp\/v2\/product"}],"about":[{"href":"https:\/\/www.erresse-shop.it\/es\/wp-json\/wp\/v2\/types\/product"}],"wp:featuredmedia":[{"embeddable":true,"href":"https:\/\/www.erresse-shop.it\/es\/wp-json\/wp\/v2\/media\/185908"}],"wp:attachment":[{"href":"https:\/\/www.erresse-shop.it\/es\/wp-json\/wp\/v2\/media?parent=185907"}],"wp:term":[{"taxonomy":"product_cat","embeddable":true,"href":"https:\/\/www.erresse-shop.it\/es\/wp-json\/wp\/v2\/product_cat?post=185907"},{"taxonomy":"product_tag","embeddable":true,"href":"https:\/\/www.erresse-shop.it\/es\/wp-json\/wp\/v2\/product_tag?post=185907"}],"curies":[{"name":"wp","href":"https:\/\/api.w.org\/{rel}","templated":true}]}}