{"id":185894,"date":"2017-04-12T17:20:57","date_gmt":"2017-04-12T17:20:57","guid":{"rendered":"https:\/\/www.erresse-shop.it\/shop\/sin categor\u00eda\/seletti-hybrid-bandeja-de-porcelana-diomira\/"},"modified":"2023-06-21T08:01:26","modified_gmt":"2023-06-21T08:01:26","slug":"seletti-hybrid-bandeja-de-porcelana-diomira","status":"publish","type":"product","link":"https:\/\/www.erresse-shop.it\/es\/shop\/tabla\/bandejas\/seletti-hybrid-bandeja-de-porcelana-diomira\/","title":{"rendered":"SELETTI Hybrid Bandeja de Porcelana Diomira"},"content":{"rendered":"<p>La colecci\u00f3n <strong>Hybrid<\/strong> de Seletti representa la eterna atracci\u00f3n de Oriente y Occidente.<br \/>\nCreada por el d\u00fao creativo italo-griego <strong>CTRLZAK,<\/strong> es una l\u00ednea de vajilla y accesorios de mesa inspirada en la tradici\u00f3n hist\u00f3rica de la alfarer\u00eda, que divide literalmente el Este y el Oeste del mundo. Composici\u00f3n de opuestos, cada creaci\u00f3n de la serie presenta una clara separaci\u00f3n gr\u00e1fica en dos partes, que corresponden simb\u00f3licamente a dos estilos y dos culturas, lo que las convierte en realidad en un unicum. Los nombres de cada pieza son fuertemente evocadores, perfectos para este ir\u00f3nico servicio de porcelana Bone China.<br \/>\nLos motivos est\u00e1n separados por una l\u00ednea de color que establece una l\u00ednea entre Oriente y Occidente y, parad\u00f3jicamente, consolida su uni\u00f3n. El contraste de motivos se combina con un contraste de formas. Los acabados est\u00e1n hechos a mano. Uniendo pasado y presente, este y oeste, Hybrid ofrece una exuberante mezcla de tradici\u00f3n y modernidad. La l\u00ednea Hybrid de Seletti se adapta a cualquier estilo: cl\u00e1sico, contempor\u00e1neo, elegante o discreto.<\/p>\n","protected":false},"excerpt":{"rendered":"<p>La colecci\u00f3n Hybrid de Seletti representa la eterna atracci\u00f3n de Oriente y Occidente. Creada por el d\u00fao creativo italo-griego CTRLZAK,<\/p>\n","protected":false},"featured_media":185895,"template":"","meta":{"_acf_changed":false,"inline_featured_image":false},"product_cat":[16036,16027],"product_tag":[16377,16587,16588,20706,16589,16407,25023],"acf":[],"yoast_head":"<!-- This site is optimized with the Yoast SEO Premium plugin v18.6 (Yoast SEO v19.13) - https:\/\/yoast.com\/wordpress\/plugins\/seo\/ -->\n<title>SELETTI Hybrid Bandeja de Porcelana Diomira - Erresse Shop<\/title>\n<meta name=\"description\" content=\"La colecci\u00f3n Hybrid de Seletti representa la eterna atracci\u00f3n de Oriente y Occidente. Creada por el d\u00fao creativo italo-griego CTRLZAK, es una l\u00ednea de\" \/>\n<meta name=\"robots\" content=\"index, follow, max-snippet:-1, max-image-preview:large, max-video-preview:-1\" \/>\n<link rel=\"canonical\" href=\"https:\/\/www.erresse-shop.it\/es\/shop\/tabla\/bandejas\/seletti-hybrid-bandeja-de-porcelana-diomira\/\" \/>\n<meta property=\"og:locale\" content=\"es_ES\" \/>\n<meta property=\"og:type\" content=\"article\" \/>\n<meta property=\"og:title\" content=\"SELETTI Hybrid Bandeja de Porcelana Diomira\" \/>\n<meta property=\"og:description\" content=\"La colecci\u00f3n Hybrid de Seletti representa la eterna atracci\u00f3n de Oriente y Occidente. Creada por el d\u00fao creativo italo-griego CTRLZAK, es una l\u00ednea de\" \/>\n<meta property=\"og:url\" content=\"https:\/\/www.erresse-shop.it\/es\/shop\/tabla\/bandejas\/seletti-hybrid-bandeja-de-porcelana-diomira\/\" \/>\n<meta property=\"og:site_name\" content=\"Erresse Shop\" \/>\n<meta property=\"article:modified_time\" content=\"2023-06-21T08:01:26+00:00\" \/>\n<meta property=\"og:image\" content=\"https:\/\/www.erresse-shop.it\/wp-content\/uploads\/2017\/04\/products-hybrid-diomira.jpg\" \/>\n\t<meta property=\"og:image:width\" content=\"1001\" \/>\n\t<meta property=\"og:image:height\" content=\"1001\" \/>\n\t<meta property=\"og:image:type\" content=\"image\/jpeg\" \/>\n<meta name=\"twitter:card\" content=\"summary_large_image\" \/>\n<script type=\"application\/ld+json\" class=\"yoast-schema-graph\">{\"@context\":\"https:\/\/schema.org\",\"@graph\":[{\"@type\":\"WebPage\",\"@id\":\"https:\/\/www.erresse-shop.it\/es\/shop\/tabla\/bandejas\/seletti-hybrid-bandeja-de-porcelana-diomira\/\",\"url\":\"https:\/\/www.erresse-shop.it\/es\/shop\/tabla\/bandejas\/seletti-hybrid-bandeja-de-porcelana-diomira\/\",\"name\":\"SELETTI Hybrid Bandeja de Porcelana Diomira - Erresse Shop\",\"isPartOf\":{\"@id\":\"https:\/\/www.erresse-shop.it\/es\/#website\"},\"datePublished\":\"2017-04-12T17:20:57+00:00\",\"dateModified\":\"2023-06-21T08:01:26+00:00\",\"description\":\"La colecci\u00f3n Hybrid de Seletti representa la eterna atracci\u00f3n de Oriente y Occidente. Creada por el d\u00fao creativo italo-griego CTRLZAK, es una l\u00ednea de\",\"breadcrumb\":{\"@id\":\"https:\/\/www.erresse-shop.it\/es\/shop\/tabla\/bandejas\/seletti-hybrid-bandeja-de-porcelana-diomira\/#breadcrumb\"},\"inLanguage\":\"es\",\"potentialAction\":[{\"@type\":\"ReadAction\",\"target\":[\"https:\/\/www.erresse-shop.it\/es\/shop\/tabla\/bandejas\/seletti-hybrid-bandeja-de-porcelana-diomira\/\"]}]},{\"@type\":\"BreadcrumbList\",\"@id\":\"https:\/\/www.erresse-shop.it\/es\/shop\/tabla\/bandejas\/seletti-hybrid-bandeja-de-porcelana-diomira\/#breadcrumb\",\"itemListElement\":[{\"@type\":\"ListItem\",\"position\":1,\"name\":\"Home\",\"item\":\"https:\/\/www.erresse-shop.it\/es\/\"},{\"@type\":\"ListItem\",\"position\":2,\"name\":\"Shop\",\"item\":\"https:\/\/www.erresse-shop.it\/es\/shop\/\"},{\"@type\":\"ListItem\",\"position\":3,\"name\":\"SELETTI Hybrid Bandeja de Porcelana Diomira\"}]},{\"@type\":\"WebSite\",\"@id\":\"https:\/\/www.erresse-shop.it\/es\/#website\",\"url\":\"https:\/\/www.erresse-shop.it\/es\/\",\"name\":\"Erresse Shop\",\"description\":\"Articoli di qualit\u00e0 per la casa\",\"potentialAction\":[{\"@type\":\"SearchAction\",\"target\":{\"@type\":\"EntryPoint\",\"urlTemplate\":\"https:\/\/www.erresse-shop.it\/es\/?s={search_term_string}\"},\"query-input\":\"required name=search_term_string\"}],\"inLanguage\":\"es\"}]}<\/script>\n<!-- \/ Yoast SEO Premium plugin. -->","yoast_head_json":{"title":"SELETTI Hybrid Bandeja de Porcelana Diomira - Erresse Shop","description":"La colecci\u00f3n Hybrid de Seletti representa la eterna atracci\u00f3n de Oriente y Occidente. Creada por el d\u00fao creativo italo-griego CTRLZAK, es una l\u00ednea de","robots":{"index":"index","follow":"follow","max-snippet":"max-snippet:-1","max-image-preview":"max-image-preview:large","max-video-preview":"max-video-preview:-1"},"canonical":"https:\/\/www.erresse-shop.it\/es\/shop\/tabla\/bandejas\/seletti-hybrid-bandeja-de-porcelana-diomira\/","og_locale":"es_ES","og_type":"article","og_title":"SELETTI Hybrid Bandeja de Porcelana Diomira","og_description":"La colecci\u00f3n Hybrid de Seletti representa la eterna atracci\u00f3n de Oriente y Occidente. Creada por el d\u00fao creativo italo-griego CTRLZAK, es una l\u00ednea de","og_url":"https:\/\/www.erresse-shop.it\/es\/shop\/tabla\/bandejas\/seletti-hybrid-bandeja-de-porcelana-diomira\/","og_site_name":"Erresse Shop","article_modified_time":"2023-06-21T08:01:26+00:00","og_image":[{"width":1001,"height":1001,"url":"https:\/\/www.erresse-shop.it\/wp-content\/uploads\/2017\/04\/products-hybrid-diomira.jpg","type":"image\/jpeg"}],"twitter_card":"summary_large_image","schema":{"@context":"https:\/\/schema.org","@graph":[{"@type":"WebPage","@id":"https:\/\/www.erresse-shop.it\/es\/shop\/tabla\/bandejas\/seletti-hybrid-bandeja-de-porcelana-diomira\/","url":"https:\/\/www.erresse-shop.it\/es\/shop\/tabla\/bandejas\/seletti-hybrid-bandeja-de-porcelana-diomira\/","name":"SELETTI Hybrid Bandeja de Porcelana Diomira - Erresse Shop","isPartOf":{"@id":"https:\/\/www.erresse-shop.it\/es\/#website"},"datePublished":"2017-04-12T17:20:57+00:00","dateModified":"2023-06-21T08:01:26+00:00","description":"La colecci\u00f3n Hybrid de Seletti representa la eterna atracci\u00f3n de Oriente y Occidente. Creada por el d\u00fao creativo italo-griego CTRLZAK, es una l\u00ednea de","breadcrumb":{"@id":"https:\/\/www.erresse-shop.it\/es\/shop\/tabla\/bandejas\/seletti-hybrid-bandeja-de-porcelana-diomira\/#breadcrumb"},"inLanguage":"es","potentialAction":[{"@type":"ReadAction","target":["https:\/\/www.erresse-shop.it\/es\/shop\/tabla\/bandejas\/seletti-hybrid-bandeja-de-porcelana-diomira\/"]}]},{"@type":"BreadcrumbList","@id":"https:\/\/www.erresse-shop.it\/es\/shop\/tabla\/bandejas\/seletti-hybrid-bandeja-de-porcelana-diomira\/#breadcrumb","itemListElement":[{"@type":"ListItem","position":1,"name":"Home","item":"https:\/\/www.erresse-shop.it\/es\/"},{"@type":"ListItem","position":2,"name":"Shop","item":"https:\/\/www.erresse-shop.it\/es\/shop\/"},{"@type":"ListItem","position":3,"name":"SELETTI Hybrid Bandeja de Porcelana Diomira"}]},{"@type":"WebSite","@id":"https:\/\/www.erresse-shop.it\/es\/#website","url":"https:\/\/www.erresse-shop.it\/es\/","name":"Erresse Shop","description":"Articoli di qualit\u00e0 per la casa","potentialAction":[{"@type":"SearchAction","target":{"@type":"EntryPoint","urlTemplate":"https:\/\/www.erresse-shop.it\/es\/?s={search_term_string}"},"query-input":"required name=search_term_string"}],"inLanguage":"es"}]}},"df_price":66.15,"df_sale_price":66.15,"df_regular_price":147,"df_image_link":"https:\/\/www.erresse-shop.it\/wp-content\/uploads\/2017\/04\/products-hybrid-diomira-300x300.jpg","_links":{"self":[{"href":"https:\/\/www.erresse-shop.it\/es\/wp-json\/wp\/v2\/product\/185894"}],"collection":[{"href":"https:\/\/www.erresse-shop.it\/es\/wp-json\/wp\/v2\/product"}],"about":[{"href":"https:\/\/www.erresse-shop.it\/es\/wp-json\/wp\/v2\/types\/product"}],"wp:featuredmedia":[{"embeddable":true,"href":"https:\/\/www.erresse-shop.it\/es\/wp-json\/wp\/v2\/media\/185895"}],"wp:attachment":[{"href":"https:\/\/www.erresse-shop.it\/es\/wp-json\/wp\/v2\/media?parent=185894"}],"wp:term":[{"taxonomy":"product_cat","embeddable":true,"href":"https:\/\/www.erresse-shop.it\/es\/wp-json\/wp\/v2\/product_cat?post=185894"},{"taxonomy":"product_tag","embeddable":true,"href":"https:\/\/www.erresse-shop.it\/es\/wp-json\/wp\/v2\/product_tag?post=185894"}],"curies":[{"name":"wp","href":"https:\/\/api.w.org\/{rel}","templated":true}]}}