{"id":185626,"date":"2020-05-27T07:09:31","date_gmt":"2020-05-27T07:09:31","guid":{"rendered":"https:\/\/www.erresse-shop.it\/shop\/sin categor\u00eda\/seletti-lampara-raton-valentine\/"},"modified":"2024-07-05T14:26:31","modified_gmt":"2024-07-05T14:26:31","slug":"seletti-lampara-raton-valentine","status":"publish","type":"product","link":"https:\/\/www.erresse-shop.it\/es\/shop\/mobiliario\/lamparas\/seletti-lampara-raton-valentine\/","title":{"rendered":"SELETTI L\u00e1mpara Rat\u00f3n Valentine"},"content":{"rendered":"<p>Cuando no est\u00e1 mordisqueando queso, disfruta cerca de ti con la bombilla que acaba de robar. La ic\u00f3nica l\u00e1mpara Mouse vuelve en su versi\u00f3n m\u00e1s inteligente, con un pr\u00e1ctico enchufe USB para que puedas conectarla a cualquier cosa.<\/p>\n<p>Dise\u00f1o: Marcantonio<br \/>\nMaterial: Resina<br \/>\nMedidas: Cm.6,2&#215;21 h.8,1<br \/>\nS\u00f3lo en interiores<br \/>\nUSB &#8211; 5V DC &#8211; E14 &#8211; 1W &#8211; 90 Lumen &#8211; 2200 K<\/p>\n","protected":false},"excerpt":{"rendered":"<p>Cuando no est\u00e1 mordisqueando queso, disfruta cerca de ti con la bombilla que acaba de robar. La ic\u00f3nica l\u00e1mpara Mouse<\/p>\n","protected":false},"featured_media":150453,"template":"","meta":{"_acf_changed":false,"inline_featured_image":false},"product_cat":[16017,16016],"product_tag":[23662,24417,15921,16836,16837,16838,16839,24302,16828,16841,25023],"acf":[],"yoast_head":"<!-- This site is optimized with the Yoast SEO Premium plugin v18.6 (Yoast SEO v19.13) - https:\/\/yoast.com\/wordpress\/plugins\/seo\/ -->\n<title>SELETTI L\u00e1mpara Rat\u00f3n Valentine - Erresse Shop<\/title>\n<meta name=\"description\" content=\"Cuando no est\u00e1 mordisqueando queso, disfruta cerca de ti con la bombilla que acaba de robar. La ic\u00f3nica l\u00e1mpara Mouse vuelve en su versi\u00f3n m\u00e1s\" \/>\n<meta name=\"robots\" content=\"index, follow, max-snippet:-1, max-image-preview:large, max-video-preview:-1\" \/>\n<link rel=\"canonical\" href=\"https:\/\/www.erresse-shop.it\/es\/shop\/mobiliario\/lamparas\/seletti-lampara-raton-valentine\/\" \/>\n<meta property=\"og:locale\" content=\"es_ES\" \/>\n<meta property=\"og:type\" content=\"article\" \/>\n<meta property=\"og:title\" content=\"SELETTI L\u00e1mpara Rat\u00f3n Valentine\" \/>\n<meta property=\"og:description\" content=\"Cuando no est\u00e1 mordisqueando queso, disfruta cerca de ti con la bombilla que acaba de robar. La ic\u00f3nica l\u00e1mpara Mouse vuelve en su versi\u00f3n m\u00e1s\" \/>\n<meta property=\"og:url\" content=\"https:\/\/www.erresse-shop.it\/es\/shop\/mobiliario\/lamparas\/seletti-lampara-raton-valentine\/\" \/>\n<meta property=\"og:site_name\" content=\"Erresse Shop\" \/>\n<meta property=\"article:modified_time\" content=\"2024-07-05T14:26:31+00:00\" \/>\n<meta property=\"og:image\" content=\"https:\/\/www.erresse-shop.it\/wp-content\/uploads\/2020\/05\/14884SV.jpg\" \/>\n\t<meta property=\"og:image:width\" content=\"2000\" \/>\n\t<meta property=\"og:image:height\" content=\"2000\" \/>\n\t<meta property=\"og:image:type\" content=\"image\/jpeg\" \/>\n<meta name=\"twitter:card\" content=\"summary_large_image\" \/>\n<script type=\"application\/ld+json\" class=\"yoast-schema-graph\">{\"@context\":\"https:\/\/schema.org\",\"@graph\":[{\"@type\":\"WebPage\",\"@id\":\"https:\/\/www.erresse-shop.it\/es\/shop\/mobiliario\/lamparas\/seletti-lampara-raton-valentine\/\",\"url\":\"https:\/\/www.erresse-shop.it\/es\/shop\/mobiliario\/lamparas\/seletti-lampara-raton-valentine\/\",\"name\":\"SELETTI L\u00e1mpara Rat\u00f3n Valentine - Erresse Shop\",\"isPartOf\":{\"@id\":\"https:\/\/www.erresse-shop.it\/es\/#website\"},\"datePublished\":\"2020-05-27T07:09:31+00:00\",\"dateModified\":\"2024-07-05T14:26:31+00:00\",\"description\":\"Cuando no est\u00e1 mordisqueando queso, disfruta cerca de ti con la bombilla que acaba de robar. La ic\u00f3nica l\u00e1mpara Mouse vuelve en su versi\u00f3n m\u00e1s\",\"breadcrumb\":{\"@id\":\"https:\/\/www.erresse-shop.it\/es\/shop\/mobiliario\/lamparas\/seletti-lampara-raton-valentine\/#breadcrumb\"},\"inLanguage\":\"es\",\"potentialAction\":[{\"@type\":\"ReadAction\",\"target\":[\"https:\/\/www.erresse-shop.it\/es\/shop\/mobiliario\/lamparas\/seletti-lampara-raton-valentine\/\"]}]},{\"@type\":\"BreadcrumbList\",\"@id\":\"https:\/\/www.erresse-shop.it\/es\/shop\/mobiliario\/lamparas\/seletti-lampara-raton-valentine\/#breadcrumb\",\"itemListElement\":[{\"@type\":\"ListItem\",\"position\":1,\"name\":\"Home\",\"item\":\"https:\/\/www.erresse-shop.it\/es\/\"},{\"@type\":\"ListItem\",\"position\":2,\"name\":\"Shop\",\"item\":\"https:\/\/www.erresse-shop.it\/es\/shop\/\"},{\"@type\":\"ListItem\",\"position\":3,\"name\":\"SELETTI L\u00e1mpara Rat\u00f3n Valentine\"}]},{\"@type\":\"WebSite\",\"@id\":\"https:\/\/www.erresse-shop.it\/es\/#website\",\"url\":\"https:\/\/www.erresse-shop.it\/es\/\",\"name\":\"Erresse Shop\",\"description\":\"Articoli di qualit\u00e0 per la casa\",\"potentialAction\":[{\"@type\":\"SearchAction\",\"target\":{\"@type\":\"EntryPoint\",\"urlTemplate\":\"https:\/\/www.erresse-shop.it\/es\/?s={search_term_string}\"},\"query-input\":\"required name=search_term_string\"}],\"inLanguage\":\"es\"}]}<\/script>\n<!-- \/ Yoast SEO Premium plugin. -->","yoast_head_json":{"title":"SELETTI L\u00e1mpara Rat\u00f3n Valentine - Erresse Shop","description":"Cuando no est\u00e1 mordisqueando queso, disfruta cerca de ti con la bombilla que acaba de robar. La ic\u00f3nica l\u00e1mpara Mouse vuelve en su versi\u00f3n m\u00e1s","robots":{"index":"index","follow":"follow","max-snippet":"max-snippet:-1","max-image-preview":"max-image-preview:large","max-video-preview":"max-video-preview:-1"},"canonical":"https:\/\/www.erresse-shop.it\/es\/shop\/mobiliario\/lamparas\/seletti-lampara-raton-valentine\/","og_locale":"es_ES","og_type":"article","og_title":"SELETTI L\u00e1mpara Rat\u00f3n Valentine","og_description":"Cuando no est\u00e1 mordisqueando queso, disfruta cerca de ti con la bombilla que acaba de robar. La ic\u00f3nica l\u00e1mpara Mouse vuelve en su versi\u00f3n m\u00e1s","og_url":"https:\/\/www.erresse-shop.it\/es\/shop\/mobiliario\/lamparas\/seletti-lampara-raton-valentine\/","og_site_name":"Erresse Shop","article_modified_time":"2024-07-05T14:26:31+00:00","og_image":[{"width":2000,"height":2000,"url":"https:\/\/www.erresse-shop.it\/wp-content\/uploads\/2020\/05\/14884SV.jpg","type":"image\/jpeg"}],"twitter_card":"summary_large_image","schema":{"@context":"https:\/\/schema.org","@graph":[{"@type":"WebPage","@id":"https:\/\/www.erresse-shop.it\/es\/shop\/mobiliario\/lamparas\/seletti-lampara-raton-valentine\/","url":"https:\/\/www.erresse-shop.it\/es\/shop\/mobiliario\/lamparas\/seletti-lampara-raton-valentine\/","name":"SELETTI L\u00e1mpara Rat\u00f3n Valentine - Erresse Shop","isPartOf":{"@id":"https:\/\/www.erresse-shop.it\/es\/#website"},"datePublished":"2020-05-27T07:09:31+00:00","dateModified":"2024-07-05T14:26:31+00:00","description":"Cuando no est\u00e1 mordisqueando queso, disfruta cerca de ti con la bombilla que acaba de robar. La ic\u00f3nica l\u00e1mpara Mouse vuelve en su versi\u00f3n m\u00e1s","breadcrumb":{"@id":"https:\/\/www.erresse-shop.it\/es\/shop\/mobiliario\/lamparas\/seletti-lampara-raton-valentine\/#breadcrumb"},"inLanguage":"es","potentialAction":[{"@type":"ReadAction","target":["https:\/\/www.erresse-shop.it\/es\/shop\/mobiliario\/lamparas\/seletti-lampara-raton-valentine\/"]}]},{"@type":"BreadcrumbList","@id":"https:\/\/www.erresse-shop.it\/es\/shop\/mobiliario\/lamparas\/seletti-lampara-raton-valentine\/#breadcrumb","itemListElement":[{"@type":"ListItem","position":1,"name":"Home","item":"https:\/\/www.erresse-shop.it\/es\/"},{"@type":"ListItem","position":2,"name":"Shop","item":"https:\/\/www.erresse-shop.it\/es\/shop\/"},{"@type":"ListItem","position":3,"name":"SELETTI L\u00e1mpara Rat\u00f3n Valentine"}]},{"@type":"WebSite","@id":"https:\/\/www.erresse-shop.it\/es\/#website","url":"https:\/\/www.erresse-shop.it\/es\/","name":"Erresse Shop","description":"Articoli di qualit\u00e0 per la casa","potentialAction":[{"@type":"SearchAction","target":{"@type":"EntryPoint","urlTemplate":"https:\/\/www.erresse-shop.it\/es\/?s={search_term_string}"},"query-input":"required name=search_term_string"}],"inLanguage":"es"}]}},"df_price":45,"df_sale_price":45,"df_regular_price":100,"df_image_link":"https:\/\/www.erresse-shop.it\/wp-content\/uploads\/2020\/05\/14884SV-300x300.jpg","_links":{"self":[{"href":"https:\/\/www.erresse-shop.it\/es\/wp-json\/wp\/v2\/product\/185626"}],"collection":[{"href":"https:\/\/www.erresse-shop.it\/es\/wp-json\/wp\/v2\/product"}],"about":[{"href":"https:\/\/www.erresse-shop.it\/es\/wp-json\/wp\/v2\/types\/product"}],"wp:featuredmedia":[{"embeddable":true,"href":"https:\/\/www.erresse-shop.it\/es\/wp-json\/wp\/v2\/media\/150453"}],"wp:attachment":[{"href":"https:\/\/www.erresse-shop.it\/es\/wp-json\/wp\/v2\/media?parent=185626"}],"wp:term":[{"taxonomy":"product_cat","embeddable":true,"href":"https:\/\/www.erresse-shop.it\/es\/wp-json\/wp\/v2\/product_cat?post=185626"},{"taxonomy":"product_tag","embeddable":true,"href":"https:\/\/www.erresse-shop.it\/es\/wp-json\/wp\/v2\/product_tag?post=185626"}],"curies":[{"name":"wp","href":"https:\/\/api.w.org\/{rel}","templated":true}]}}