{"id":185622,"date":"2020-05-27T07:31:58","date_gmt":"2020-05-27T07:31:58","guid":{"rendered":"https:\/\/www.erresse-shop.it\/shop\/sin categor\u00eda\/seletti-flashing-starman\/"},"modified":"2023-07-31T00:05:27","modified_gmt":"2023-07-31T00:05:27","slug":"seletti-flashing-starman","status":"publish","type":"product","link":"https:\/\/www.erresse-shop.it\/es\/shop\/mobiliario\/lamparas\/seletti-flashing-starman\/","title":{"rendered":"SELETTI Flashing Starman"},"content":{"rendered":"<p>Para los aspirantes a viajeros c\u00f3smicos<br \/>\nDise\u00f1o: Diesel Living con Seletti<br \/>\nMaterial: Resina<br \/>\nTama\u00f1o: cm. 18 x 13 h. 33,5 \u2248 7,1&#8243; x 5,1&#8243; h. 13,2&#8243;<br \/>\nUso exclusivo en interiores | 4W &#8211; 300 Lumen &#8211; 2700K | Entrada 5V | Regulable &#8211; Bater\u00eda recargable | Cable USB incluido: 2,5 mt. &#8211; 8,2 ft.<\/p>\n","protected":false},"excerpt":{"rendered":"<p>Para los aspirantes a viajeros c\u00f3smicos Dise\u00f1o: Diesel Living con Seletti Material: Resina Tama\u00f1o: cm. 18 x 13 h. 33,5<\/p>\n","protected":false},"featured_media":185623,"template":"","meta":{"_acf_changed":false,"inline_featured_image":false},"product_cat":[16017,16016],"product_tag":[20690,20688,16236,20689,25023],"acf":[],"yoast_head":"<!-- This site is optimized with the Yoast SEO Premium plugin v18.6 (Yoast SEO v19.13) - https:\/\/yoast.com\/wordpress\/plugins\/seo\/ -->\n<title>SELETTI Flashing Starman - Erresse Shop<\/title>\n<meta name=\"description\" content=\"Para los aspirantes a viajeros c\u00f3smicos Dise\u00f1o: Diesel Living con Seletti Material: Resina Tama\u00f1o: cm. 18 x 13 h. 33,5 \u2248 7,1&quot; x 5,1&quot; h. 13,2&quot; Uso\" \/>\n<meta name=\"robots\" content=\"index, follow, max-snippet:-1, max-image-preview:large, max-video-preview:-1\" \/>\n<link rel=\"canonical\" href=\"https:\/\/www.erresse-shop.it\/es\/shop\/mobiliario\/lamparas\/seletti-flashing-starman\/\" \/>\n<meta property=\"og:locale\" content=\"es_ES\" \/>\n<meta property=\"og:type\" content=\"article\" \/>\n<meta property=\"og:title\" content=\"SELETTI Flashing Starman\" \/>\n<meta property=\"og:description\" content=\"Para los aspirantes a viajeros c\u00f3smicos Dise\u00f1o: Diesel Living con Seletti Material: Resina Tama\u00f1o: cm. 18 x 13 h. 33,5 \u2248 7,1&quot; x 5,1&quot; h. 13,2&quot; Uso\" \/>\n<meta property=\"og:url\" content=\"https:\/\/www.erresse-shop.it\/es\/shop\/mobiliario\/lamparas\/seletti-flashing-starman\/\" \/>\n<meta property=\"og:site_name\" content=\"Erresse Shop\" \/>\n<meta property=\"article:modified_time\" content=\"2023-07-31T00:05:27+00:00\" \/>\n<meta property=\"og:image\" content=\"https:\/\/www.erresse-shop.it\/wp-content\/uploads\/2020\/05\/10939.jpg\" \/>\n\t<meta property=\"og:image:width\" content=\"2000\" \/>\n\t<meta property=\"og:image:height\" content=\"2000\" \/>\n\t<meta property=\"og:image:type\" content=\"image\/jpeg\" \/>\n<meta name=\"twitter:card\" content=\"summary_large_image\" \/>\n<script type=\"application\/ld+json\" class=\"yoast-schema-graph\">{\"@context\":\"https:\/\/schema.org\",\"@graph\":[{\"@type\":\"WebPage\",\"@id\":\"https:\/\/www.erresse-shop.it\/es\/shop\/mobiliario\/lamparas\/seletti-flashing-starman\/\",\"url\":\"https:\/\/www.erresse-shop.it\/es\/shop\/mobiliario\/lamparas\/seletti-flashing-starman\/\",\"name\":\"SELETTI Flashing Starman - Erresse Shop\",\"isPartOf\":{\"@id\":\"https:\/\/www.erresse-shop.it\/es\/#website\"},\"datePublished\":\"2020-05-27T07:31:58+00:00\",\"dateModified\":\"2023-07-31T00:05:27+00:00\",\"description\":\"Para los aspirantes a viajeros c\u00f3smicos Dise\u00f1o: Diesel Living con Seletti Material: Resina Tama\u00f1o: cm. 18 x 13 h. 33,5 \u2248 7,1\\\" x 5,1\\\" h. 13,2\\\" Uso\",\"breadcrumb\":{\"@id\":\"https:\/\/www.erresse-shop.it\/es\/shop\/mobiliario\/lamparas\/seletti-flashing-starman\/#breadcrumb\"},\"inLanguage\":\"es\",\"potentialAction\":[{\"@type\":\"ReadAction\",\"target\":[\"https:\/\/www.erresse-shop.it\/es\/shop\/mobiliario\/lamparas\/seletti-flashing-starman\/\"]}]},{\"@type\":\"BreadcrumbList\",\"@id\":\"https:\/\/www.erresse-shop.it\/es\/shop\/mobiliario\/lamparas\/seletti-flashing-starman\/#breadcrumb\",\"itemListElement\":[{\"@type\":\"ListItem\",\"position\":1,\"name\":\"Home\",\"item\":\"https:\/\/www.erresse-shop.it\/es\/\"},{\"@type\":\"ListItem\",\"position\":2,\"name\":\"Shop\",\"item\":\"https:\/\/www.erresse-shop.it\/es\/shop\/\"},{\"@type\":\"ListItem\",\"position\":3,\"name\":\"SELETTI Flashing Starman\"}]},{\"@type\":\"WebSite\",\"@id\":\"https:\/\/www.erresse-shop.it\/es\/#website\",\"url\":\"https:\/\/www.erresse-shop.it\/es\/\",\"name\":\"Erresse Shop\",\"description\":\"Articoli di qualit\u00e0 per la casa\",\"potentialAction\":[{\"@type\":\"SearchAction\",\"target\":{\"@type\":\"EntryPoint\",\"urlTemplate\":\"https:\/\/www.erresse-shop.it\/es\/?s={search_term_string}\"},\"query-input\":\"required name=search_term_string\"}],\"inLanguage\":\"es\"}]}<\/script>\n<!-- \/ Yoast SEO Premium plugin. -->","yoast_head_json":{"title":"SELETTI Flashing Starman - Erresse Shop","description":"Para los aspirantes a viajeros c\u00f3smicos Dise\u00f1o: Diesel Living con Seletti Material: Resina Tama\u00f1o: cm. 18 x 13 h. 33,5 \u2248 7,1\" x 5,1\" h. 13,2\" Uso","robots":{"index":"index","follow":"follow","max-snippet":"max-snippet:-1","max-image-preview":"max-image-preview:large","max-video-preview":"max-video-preview:-1"},"canonical":"https:\/\/www.erresse-shop.it\/es\/shop\/mobiliario\/lamparas\/seletti-flashing-starman\/","og_locale":"es_ES","og_type":"article","og_title":"SELETTI Flashing Starman","og_description":"Para los aspirantes a viajeros c\u00f3smicos Dise\u00f1o: Diesel Living con Seletti Material: Resina Tama\u00f1o: cm. 18 x 13 h. 33,5 \u2248 7,1\" x 5,1\" h. 13,2\" Uso","og_url":"https:\/\/www.erresse-shop.it\/es\/shop\/mobiliario\/lamparas\/seletti-flashing-starman\/","og_site_name":"Erresse Shop","article_modified_time":"2023-07-31T00:05:27+00:00","og_image":[{"width":2000,"height":2000,"url":"https:\/\/www.erresse-shop.it\/wp-content\/uploads\/2020\/05\/10939.jpg","type":"image\/jpeg"}],"twitter_card":"summary_large_image","schema":{"@context":"https:\/\/schema.org","@graph":[{"@type":"WebPage","@id":"https:\/\/www.erresse-shop.it\/es\/shop\/mobiliario\/lamparas\/seletti-flashing-starman\/","url":"https:\/\/www.erresse-shop.it\/es\/shop\/mobiliario\/lamparas\/seletti-flashing-starman\/","name":"SELETTI Flashing Starman - Erresse Shop","isPartOf":{"@id":"https:\/\/www.erresse-shop.it\/es\/#website"},"datePublished":"2020-05-27T07:31:58+00:00","dateModified":"2023-07-31T00:05:27+00:00","description":"Para los aspirantes a viajeros c\u00f3smicos Dise\u00f1o: Diesel Living con Seletti Material: Resina Tama\u00f1o: cm. 18 x 13 h. 33,5 \u2248 7,1\" x 5,1\" h. 13,2\" Uso","breadcrumb":{"@id":"https:\/\/www.erresse-shop.it\/es\/shop\/mobiliario\/lamparas\/seletti-flashing-starman\/#breadcrumb"},"inLanguage":"es","potentialAction":[{"@type":"ReadAction","target":["https:\/\/www.erresse-shop.it\/es\/shop\/mobiliario\/lamparas\/seletti-flashing-starman\/"]}]},{"@type":"BreadcrumbList","@id":"https:\/\/www.erresse-shop.it\/es\/shop\/mobiliario\/lamparas\/seletti-flashing-starman\/#breadcrumb","itemListElement":[{"@type":"ListItem","position":1,"name":"Home","item":"https:\/\/www.erresse-shop.it\/es\/"},{"@type":"ListItem","position":2,"name":"Shop","item":"https:\/\/www.erresse-shop.it\/es\/shop\/"},{"@type":"ListItem","position":3,"name":"SELETTI Flashing Starman"}]},{"@type":"WebSite","@id":"https:\/\/www.erresse-shop.it\/es\/#website","url":"https:\/\/www.erresse-shop.it\/es\/","name":"Erresse Shop","description":"Articoli di qualit\u00e0 per la casa","potentialAction":[{"@type":"SearchAction","target":{"@type":"EntryPoint","urlTemplate":"https:\/\/www.erresse-shop.it\/es\/?s={search_term_string}"},"query-input":"required name=search_term_string"}],"inLanguage":"es"}]}},"df_price":68.85000000000001,"df_sale_price":68.85000000000001,"df_regular_price":153,"df_image_link":"https:\/\/www.erresse-shop.it\/wp-content\/uploads\/2020\/05\/10939-300x300.jpg","_links":{"self":[{"href":"https:\/\/www.erresse-shop.it\/es\/wp-json\/wp\/v2\/product\/185622"}],"collection":[{"href":"https:\/\/www.erresse-shop.it\/es\/wp-json\/wp\/v2\/product"}],"about":[{"href":"https:\/\/www.erresse-shop.it\/es\/wp-json\/wp\/v2\/types\/product"}],"wp:featuredmedia":[{"embeddable":true,"href":"https:\/\/www.erresse-shop.it\/es\/wp-json\/wp\/v2\/media\/185623"}],"wp:attachment":[{"href":"https:\/\/www.erresse-shop.it\/es\/wp-json\/wp\/v2\/media?parent=185622"}],"wp:term":[{"taxonomy":"product_cat","embeddable":true,"href":"https:\/\/www.erresse-shop.it\/es\/wp-json\/wp\/v2\/product_cat?post=185622"},{"taxonomy":"product_tag","embeddable":true,"href":"https:\/\/www.erresse-shop.it\/es\/wp-json\/wp\/v2\/product_tag?post=185622"}],"curies":[{"name":"wp","href":"https:\/\/api.w.org\/{rel}","templated":true}]}}