{"id":185601,"date":"2020-05-27T07:44:36","date_gmt":"2020-05-27T07:44:36","guid":{"rendered":"https:\/\/www.erresse-shop.it\/shop\/sin categor\u00eda\/seletti-kintsugi-ensaladera-no-1-porcelana\/"},"modified":"2020-05-27T07:44:36","modified_gmt":"2020-05-27T07:44:36","slug":"seletti-kintsugi-ensaladera-no-1-porcelana","status":"publish","type":"product","link":"https:\/\/www.erresse-shop.it\/es\/shop\/tabla\/ensaladeras-y-soperas\/seletti-kintsugi-ensaladera-no-1-porcelana\/","title":{"rendered":"SELETTI Kintsugi Ensaladera n\u00ba 1 Porcelana"},"content":{"rendered":"<p>La l\u00ednea Kintsugi, dise\u00f1ada por Marcantonio Raimondi Malerba para Seletti, se inspira en la t\u00e9cnica Kintsugi, originaria de Jap\u00f3n y que consiste en el uso de metales preciosos, como el oro de 24 quilates, para reparar las vajillas de porcelana. La t\u00e9cnica Kintsugi de reparaci\u00f3n de la porcelana nace de la filosof\u00eda de querer transformar y dar nueva vida a un objeto roto o agrietado y, por tanto, inservible, haci\u00e9ndolo a\u00fan m\u00e1s valioso que antes de la reparaci\u00f3n. Una transformaci\u00f3n que, adem\u00e1s del valor del objeto en s\u00ed, le da un nuevo aspecto y permite volver a utilizarlo. Seletti con su l\u00ednea de porcelana Kintsugi dedica toda una colecci\u00f3n a la decoraci\u00f3n de la mesa, Marcantonio Raimondi Malerba propone 6 platos, 3 cuencos, 3 tazas y 3 tazas de t\u00e9 con platillos, todo ello enriquecido con oro de 24 quilates.<\/p>\n<p>Dimensiones: cm 15,5 x 7,5 h .23<\/p>\n","protected":false},"excerpt":{"rendered":"<p>La l\u00ednea Kintsugi, dise\u00f1ada por Marcantonio Raimondi Malerba para Seletti, se inspira en la t\u00e9cnica Kintsugi, originaria de Jap\u00f3n y<\/p>\n","protected":false},"featured_media":185602,"template":"","meta":{"_acf_changed":false,"inline_featured_image":false},"product_cat":[16030,16027],"product_tag":[16414,19741,20686,17943,16338,21823,25023],"acf":[],"yoast_head":"<!-- This site is optimized with the Yoast SEO Premium plugin v18.6 (Yoast SEO v19.13) - https:\/\/yoast.com\/wordpress\/plugins\/seo\/ -->\n<title>SELETTI Kintsugi Ensaladera n\u00ba 1 Porcelana - Erresse Shop<\/title>\n<meta name=\"description\" content=\"La l\u00ednea Kintsugi, dise\u00f1ada por Marcantonio Raimondi Malerba para Seletti, se inspira en la t\u00e9cnica Kintsugi, originaria de Jap\u00f3n y que consiste en el uso\" \/>\n<meta name=\"robots\" content=\"index, follow, max-snippet:-1, max-image-preview:large, max-video-preview:-1\" \/>\n<link rel=\"canonical\" href=\"https:\/\/www.erresse-shop.it\/es\/shop\/tabla\/ensaladeras-y-soperas\/seletti-kintsugi-ensaladera-no-1-porcelana\/\" \/>\n<meta property=\"og:locale\" content=\"es_ES\" \/>\n<meta property=\"og:type\" content=\"article\" \/>\n<meta property=\"og:title\" content=\"SELETTI Kintsugi Ensaladera n\u00ba 1 Porcelana\" \/>\n<meta property=\"og:description\" content=\"La l\u00ednea Kintsugi, dise\u00f1ada por Marcantonio Raimondi Malerba para Seletti, se inspira en la t\u00e9cnica Kintsugi, originaria de Jap\u00f3n y que consiste en el uso\" \/>\n<meta property=\"og:url\" content=\"https:\/\/www.erresse-shop.it\/es\/shop\/tabla\/ensaladeras-y-soperas\/seletti-kintsugi-ensaladera-no-1-porcelana\/\" \/>\n<meta property=\"og:site_name\" content=\"Erresse Shop\" \/>\n<meta property=\"og:image\" content=\"https:\/\/www.erresse-shop.it\/wp-content\/uploads\/2020\/05\/09636.jpg\" \/>\n\t<meta property=\"og:image:width\" content=\"2000\" \/>\n\t<meta property=\"og:image:height\" content=\"2000\" \/>\n\t<meta property=\"og:image:type\" content=\"image\/jpeg\" \/>\n<meta name=\"twitter:card\" content=\"summary_large_image\" \/>\n<script type=\"application\/ld+json\" class=\"yoast-schema-graph\">{\"@context\":\"https:\/\/schema.org\",\"@graph\":[{\"@type\":\"WebPage\",\"@id\":\"https:\/\/www.erresse-shop.it\/es\/shop\/tabla\/ensaladeras-y-soperas\/seletti-kintsugi-ensaladera-no-1-porcelana\/\",\"url\":\"https:\/\/www.erresse-shop.it\/es\/shop\/tabla\/ensaladeras-y-soperas\/seletti-kintsugi-ensaladera-no-1-porcelana\/\",\"name\":\"SELETTI Kintsugi Ensaladera n\u00ba 1 Porcelana - Erresse Shop\",\"isPartOf\":{\"@id\":\"https:\/\/www.erresse-shop.it\/es\/#website\"},\"datePublished\":\"2020-05-27T07:44:36+00:00\",\"dateModified\":\"2020-05-27T07:44:36+00:00\",\"description\":\"La l\u00ednea Kintsugi, dise\u00f1ada por Marcantonio Raimondi Malerba para Seletti, se inspira en la t\u00e9cnica Kintsugi, originaria de Jap\u00f3n y que consiste en el uso\",\"breadcrumb\":{\"@id\":\"https:\/\/www.erresse-shop.it\/es\/shop\/tabla\/ensaladeras-y-soperas\/seletti-kintsugi-ensaladera-no-1-porcelana\/#breadcrumb\"},\"inLanguage\":\"es\",\"potentialAction\":[{\"@type\":\"ReadAction\",\"target\":[\"https:\/\/www.erresse-shop.it\/es\/shop\/tabla\/ensaladeras-y-soperas\/seletti-kintsugi-ensaladera-no-1-porcelana\/\"]}]},{\"@type\":\"BreadcrumbList\",\"@id\":\"https:\/\/www.erresse-shop.it\/es\/shop\/tabla\/ensaladeras-y-soperas\/seletti-kintsugi-ensaladera-no-1-porcelana\/#breadcrumb\",\"itemListElement\":[{\"@type\":\"ListItem\",\"position\":1,\"name\":\"Home\",\"item\":\"https:\/\/www.erresse-shop.it\/es\/\"},{\"@type\":\"ListItem\",\"position\":2,\"name\":\"Shop\",\"item\":\"https:\/\/www.erresse-shop.it\/es\/shop\/\"},{\"@type\":\"ListItem\",\"position\":3,\"name\":\"SELETTI Kintsugi Ensaladera n\u00ba 1 Porcelana\"}]},{\"@type\":\"WebSite\",\"@id\":\"https:\/\/www.erresse-shop.it\/es\/#website\",\"url\":\"https:\/\/www.erresse-shop.it\/es\/\",\"name\":\"Erresse Shop\",\"description\":\"Articoli di qualit\u00e0 per la casa\",\"potentialAction\":[{\"@type\":\"SearchAction\",\"target\":{\"@type\":\"EntryPoint\",\"urlTemplate\":\"https:\/\/www.erresse-shop.it\/es\/?s={search_term_string}\"},\"query-input\":\"required name=search_term_string\"}],\"inLanguage\":\"es\"}]}<\/script>\n<!-- \/ Yoast SEO Premium plugin. -->","yoast_head_json":{"title":"SELETTI Kintsugi Ensaladera n\u00ba 1 Porcelana - Erresse Shop","description":"La l\u00ednea Kintsugi, dise\u00f1ada por Marcantonio Raimondi Malerba para Seletti, se inspira en la t\u00e9cnica Kintsugi, originaria de Jap\u00f3n y que consiste en el uso","robots":{"index":"index","follow":"follow","max-snippet":"max-snippet:-1","max-image-preview":"max-image-preview:large","max-video-preview":"max-video-preview:-1"},"canonical":"https:\/\/www.erresse-shop.it\/es\/shop\/tabla\/ensaladeras-y-soperas\/seletti-kintsugi-ensaladera-no-1-porcelana\/","og_locale":"es_ES","og_type":"article","og_title":"SELETTI Kintsugi Ensaladera n\u00ba 1 Porcelana","og_description":"La l\u00ednea Kintsugi, dise\u00f1ada por Marcantonio Raimondi Malerba para Seletti, se inspira en la t\u00e9cnica Kintsugi, originaria de Jap\u00f3n y que consiste en el uso","og_url":"https:\/\/www.erresse-shop.it\/es\/shop\/tabla\/ensaladeras-y-soperas\/seletti-kintsugi-ensaladera-no-1-porcelana\/","og_site_name":"Erresse Shop","og_image":[{"width":2000,"height":2000,"url":"https:\/\/www.erresse-shop.it\/wp-content\/uploads\/2020\/05\/09636.jpg","type":"image\/jpeg"}],"twitter_card":"summary_large_image","schema":{"@context":"https:\/\/schema.org","@graph":[{"@type":"WebPage","@id":"https:\/\/www.erresse-shop.it\/es\/shop\/tabla\/ensaladeras-y-soperas\/seletti-kintsugi-ensaladera-no-1-porcelana\/","url":"https:\/\/www.erresse-shop.it\/es\/shop\/tabla\/ensaladeras-y-soperas\/seletti-kintsugi-ensaladera-no-1-porcelana\/","name":"SELETTI Kintsugi Ensaladera n\u00ba 1 Porcelana - Erresse Shop","isPartOf":{"@id":"https:\/\/www.erresse-shop.it\/es\/#website"},"datePublished":"2020-05-27T07:44:36+00:00","dateModified":"2020-05-27T07:44:36+00:00","description":"La l\u00ednea Kintsugi, dise\u00f1ada por Marcantonio Raimondi Malerba para Seletti, se inspira en la t\u00e9cnica Kintsugi, originaria de Jap\u00f3n y que consiste en el uso","breadcrumb":{"@id":"https:\/\/www.erresse-shop.it\/es\/shop\/tabla\/ensaladeras-y-soperas\/seletti-kintsugi-ensaladera-no-1-porcelana\/#breadcrumb"},"inLanguage":"es","potentialAction":[{"@type":"ReadAction","target":["https:\/\/www.erresse-shop.it\/es\/shop\/tabla\/ensaladeras-y-soperas\/seletti-kintsugi-ensaladera-no-1-porcelana\/"]}]},{"@type":"BreadcrumbList","@id":"https:\/\/www.erresse-shop.it\/es\/shop\/tabla\/ensaladeras-y-soperas\/seletti-kintsugi-ensaladera-no-1-porcelana\/#breadcrumb","itemListElement":[{"@type":"ListItem","position":1,"name":"Home","item":"https:\/\/www.erresse-shop.it\/es\/"},{"@type":"ListItem","position":2,"name":"Shop","item":"https:\/\/www.erresse-shop.it\/es\/shop\/"},{"@type":"ListItem","position":3,"name":"SELETTI Kintsugi Ensaladera n\u00ba 1 Porcelana"}]},{"@type":"WebSite","@id":"https:\/\/www.erresse-shop.it\/es\/#website","url":"https:\/\/www.erresse-shop.it\/es\/","name":"Erresse Shop","description":"Articoli di qualit\u00e0 per la casa","potentialAction":[{"@type":"SearchAction","target":{"@type":"EntryPoint","urlTemplate":"https:\/\/www.erresse-shop.it\/es\/?s={search_term_string}"},"query-input":"required name=search_term_string"}],"inLanguage":"es"}]}},"df_price":42.75,"df_sale_price":42.75,"df_regular_price":95,"df_image_link":"https:\/\/www.erresse-shop.it\/wp-content\/uploads\/2020\/05\/09636-300x300.jpg","_links":{"self":[{"href":"https:\/\/www.erresse-shop.it\/es\/wp-json\/wp\/v2\/product\/185601"}],"collection":[{"href":"https:\/\/www.erresse-shop.it\/es\/wp-json\/wp\/v2\/product"}],"about":[{"href":"https:\/\/www.erresse-shop.it\/es\/wp-json\/wp\/v2\/types\/product"}],"wp:featuredmedia":[{"embeddable":true,"href":"https:\/\/www.erresse-shop.it\/es\/wp-json\/wp\/v2\/media\/185602"}],"wp:attachment":[{"href":"https:\/\/www.erresse-shop.it\/es\/wp-json\/wp\/v2\/media?parent=185601"}],"wp:term":[{"taxonomy":"product_cat","embeddable":true,"href":"https:\/\/www.erresse-shop.it\/es\/wp-json\/wp\/v2\/product_cat?post=185601"},{"taxonomy":"product_tag","embeddable":true,"href":"https:\/\/www.erresse-shop.it\/es\/wp-json\/wp\/v2\/product_tag?post=185601"}],"curies":[{"name":"wp","href":"https:\/\/api.w.org\/{rel}","templated":true}]}}