{"id":185565,"date":"2020-07-07T13:45:13","date_gmt":"2020-07-07T13:45:13","guid":{"rendered":"https:\/\/www.erresse-shop.it\/shop\/sin categor\u00eda\/seletti-lampara-mushroom\/"},"modified":"2020-07-07T13:45:13","modified_gmt":"2020-07-07T13:45:13","slug":"seletti-lampara-mushroom","status":"publish","type":"product","link":"https:\/\/www.erresse-shop.it\/es\/shop\/mobiliario\/lamparas\/seletti-lampara-mushroom\/","title":{"rendered":"SELETTI L\u00e1mpara Mushroom"},"content":{"rendered":"<p>A medio camino entre la flora y la fauna, el hongo se convierte en un personaje curioso y extravagante, que parece sacado de Fantas\u00eda. Con su &#8220;Mushroom Light&#8221;, Marcantonio crea una l\u00e1mpara esculpida, dando un giro Disney a su forma cl\u00e1sica.<\/p>\n<p>L\u00e1mpara<br \/>\nDise\u00f1o: Marcantonio<br \/>\nMaterial: Resina<br \/>\nDimensiones: Cm 18 x 26 h. 29<br \/>\nS\u00f3lo para uso en interiores (con bot\u00f3n interruptor) Bombilla LED incluida | G9 &#8211; 7 W &#8211; 350 Lumen &#8211; 2700 K | Versi\u00f3n UE: Entrada 220 V &#8211; 50 Hz | Versi\u00f3n EE.UU.: Entrada 110V &#8211; 60 Hz | Cable: mt. 2,5 \u2248<\/p>\n","protected":false},"excerpt":{"rendered":"<p>A medio camino entre la flora y la fauna, el hongo se convierte en un personaje curioso y extravagante, que<\/p>\n","protected":false},"featured_media":185569,"template":"","meta":{"_acf_changed":false,"inline_featured_image":false},"product_cat":[16017,16016],"product_tag":[16236,17942,20679,17943],"acf":[],"yoast_head":"<!-- This site is optimized with the Yoast SEO Premium plugin v18.6 (Yoast SEO v19.13) - https:\/\/yoast.com\/wordpress\/plugins\/seo\/ -->\n<title>SELETTI L\u00e1mpara Mushroom - Erresse Shop<\/title>\n<meta name=\"description\" content=\"A medio camino entre la flora y la fauna, el hongo se convierte en un personaje curioso y extravagante, que parece sacado de Fantas\u00eda. Con su &quot;Mushroom\" \/>\n<meta name=\"robots\" content=\"index, follow, max-snippet:-1, max-image-preview:large, max-video-preview:-1\" \/>\n<link rel=\"canonical\" href=\"https:\/\/www.erresse-shop.it\/es\/shop\/mobiliario\/lamparas\/seletti-lampara-mushroom\/\" \/>\n<meta property=\"og:locale\" content=\"es_ES\" \/>\n<meta property=\"og:type\" content=\"article\" \/>\n<meta property=\"og:title\" content=\"SELETTI L\u00e1mpara Mushroom\" \/>\n<meta property=\"og:description\" content=\"A medio camino entre la flora y la fauna, el hongo se convierte en un personaje curioso y extravagante, que parece sacado de Fantas\u00eda. Con su &quot;Mushroom\" \/>\n<meta property=\"og:url\" content=\"https:\/\/www.erresse-shop.it\/es\/shop\/mobiliario\/lamparas\/seletti-lampara-mushroom\/\" \/>\n<meta property=\"og:site_name\" content=\"Erresse Shop\" \/>\n<meta property=\"og:image\" content=\"https:\/\/www.erresse-shop.it\/wp-content\/uploads\/2020\/07\/Seletti-Furniture-Marcantonio-Mushrooms-14650.jpg\" \/>\n\t<meta property=\"og:image:width\" content=\"900\" \/>\n\t<meta property=\"og:image:height\" content=\"1200\" \/>\n\t<meta property=\"og:image:type\" content=\"image\/jpeg\" \/>\n<meta name=\"twitter:card\" content=\"summary_large_image\" \/>\n<script type=\"application\/ld+json\" class=\"yoast-schema-graph\">{\"@context\":\"https:\/\/schema.org\",\"@graph\":[{\"@type\":\"WebPage\",\"@id\":\"https:\/\/www.erresse-shop.it\/es\/shop\/mobiliario\/lamparas\/seletti-lampara-mushroom\/\",\"url\":\"https:\/\/www.erresse-shop.it\/es\/shop\/mobiliario\/lamparas\/seletti-lampara-mushroom\/\",\"name\":\"SELETTI L\u00e1mpara Mushroom - Erresse Shop\",\"isPartOf\":{\"@id\":\"https:\/\/www.erresse-shop.it\/es\/#website\"},\"datePublished\":\"2020-07-07T13:45:13+00:00\",\"dateModified\":\"2020-07-07T13:45:13+00:00\",\"description\":\"A medio camino entre la flora y la fauna, el hongo se convierte en un personaje curioso y extravagante, que parece sacado de Fantas\u00eda. Con su \\\"Mushroom\",\"breadcrumb\":{\"@id\":\"https:\/\/www.erresse-shop.it\/es\/shop\/mobiliario\/lamparas\/seletti-lampara-mushroom\/#breadcrumb\"},\"inLanguage\":\"es\",\"potentialAction\":[{\"@type\":\"ReadAction\",\"target\":[\"https:\/\/www.erresse-shop.it\/es\/shop\/mobiliario\/lamparas\/seletti-lampara-mushroom\/\"]}]},{\"@type\":\"BreadcrumbList\",\"@id\":\"https:\/\/www.erresse-shop.it\/es\/shop\/mobiliario\/lamparas\/seletti-lampara-mushroom\/#breadcrumb\",\"itemListElement\":[{\"@type\":\"ListItem\",\"position\":1,\"name\":\"Home\",\"item\":\"https:\/\/www.erresse-shop.it\/es\/\"},{\"@type\":\"ListItem\",\"position\":2,\"name\":\"Shop\",\"item\":\"https:\/\/www.erresse-shop.it\/es\/shop\/\"},{\"@type\":\"ListItem\",\"position\":3,\"name\":\"SELETTI L\u00e1mpara Mushroom\"}]},{\"@type\":\"WebSite\",\"@id\":\"https:\/\/www.erresse-shop.it\/es\/#website\",\"url\":\"https:\/\/www.erresse-shop.it\/es\/\",\"name\":\"Erresse Shop\",\"description\":\"Articoli di qualit\u00e0 per la casa\",\"potentialAction\":[{\"@type\":\"SearchAction\",\"target\":{\"@type\":\"EntryPoint\",\"urlTemplate\":\"https:\/\/www.erresse-shop.it\/es\/?s={search_term_string}\"},\"query-input\":\"required name=search_term_string\"}],\"inLanguage\":\"es\"}]}<\/script>\n<!-- \/ Yoast SEO Premium plugin. -->","yoast_head_json":{"title":"SELETTI L\u00e1mpara Mushroom - Erresse Shop","description":"A medio camino entre la flora y la fauna, el hongo se convierte en un personaje curioso y extravagante, que parece sacado de Fantas\u00eda. Con su \"Mushroom","robots":{"index":"index","follow":"follow","max-snippet":"max-snippet:-1","max-image-preview":"max-image-preview:large","max-video-preview":"max-video-preview:-1"},"canonical":"https:\/\/www.erresse-shop.it\/es\/shop\/mobiliario\/lamparas\/seletti-lampara-mushroom\/","og_locale":"es_ES","og_type":"article","og_title":"SELETTI L\u00e1mpara Mushroom","og_description":"A medio camino entre la flora y la fauna, el hongo se convierte en un personaje curioso y extravagante, que parece sacado de Fantas\u00eda. Con su \"Mushroom","og_url":"https:\/\/www.erresse-shop.it\/es\/shop\/mobiliario\/lamparas\/seletti-lampara-mushroom\/","og_site_name":"Erresse Shop","og_image":[{"width":900,"height":1200,"url":"https:\/\/www.erresse-shop.it\/wp-content\/uploads\/2020\/07\/Seletti-Furniture-Marcantonio-Mushrooms-14650.jpg","type":"image\/jpeg"}],"twitter_card":"summary_large_image","schema":{"@context":"https:\/\/schema.org","@graph":[{"@type":"WebPage","@id":"https:\/\/www.erresse-shop.it\/es\/shop\/mobiliario\/lamparas\/seletti-lampara-mushroom\/","url":"https:\/\/www.erresse-shop.it\/es\/shop\/mobiliario\/lamparas\/seletti-lampara-mushroom\/","name":"SELETTI L\u00e1mpara Mushroom - Erresse Shop","isPartOf":{"@id":"https:\/\/www.erresse-shop.it\/es\/#website"},"datePublished":"2020-07-07T13:45:13+00:00","dateModified":"2020-07-07T13:45:13+00:00","description":"A medio camino entre la flora y la fauna, el hongo se convierte en un personaje curioso y extravagante, que parece sacado de Fantas\u00eda. Con su \"Mushroom","breadcrumb":{"@id":"https:\/\/www.erresse-shop.it\/es\/shop\/mobiliario\/lamparas\/seletti-lampara-mushroom\/#breadcrumb"},"inLanguage":"es","potentialAction":[{"@type":"ReadAction","target":["https:\/\/www.erresse-shop.it\/es\/shop\/mobiliario\/lamparas\/seletti-lampara-mushroom\/"]}]},{"@type":"BreadcrumbList","@id":"https:\/\/www.erresse-shop.it\/es\/shop\/mobiliario\/lamparas\/seletti-lampara-mushroom\/#breadcrumb","itemListElement":[{"@type":"ListItem","position":1,"name":"Home","item":"https:\/\/www.erresse-shop.it\/es\/"},{"@type":"ListItem","position":2,"name":"Shop","item":"https:\/\/www.erresse-shop.it\/es\/shop\/"},{"@type":"ListItem","position":3,"name":"SELETTI L\u00e1mpara Mushroom"}]},{"@type":"WebSite","@id":"https:\/\/www.erresse-shop.it\/es\/#website","url":"https:\/\/www.erresse-shop.it\/es\/","name":"Erresse Shop","description":"Articoli di qualit\u00e0 per la casa","potentialAction":[{"@type":"SearchAction","target":{"@type":"EntryPoint","urlTemplate":"https:\/\/www.erresse-shop.it\/es\/?s={search_term_string}"},"query-input":"required name=search_term_string"}],"inLanguage":"es"}]}},"df_price":70.2,"df_sale_price":70.2,"df_regular_price":156,"df_image_link":"https:\/\/www.erresse-shop.it\/wp-content\/uploads\/2020\/07\/Seletti-Furniture-Marcantonio-Mushrooms-14650-225x300.jpg","_links":{"self":[{"href":"https:\/\/www.erresse-shop.it\/es\/wp-json\/wp\/v2\/product\/185565"}],"collection":[{"href":"https:\/\/www.erresse-shop.it\/es\/wp-json\/wp\/v2\/product"}],"about":[{"href":"https:\/\/www.erresse-shop.it\/es\/wp-json\/wp\/v2\/types\/product"}],"wp:featuredmedia":[{"embeddable":true,"href":"https:\/\/www.erresse-shop.it\/es\/wp-json\/wp\/v2\/media\/185569"}],"wp:attachment":[{"href":"https:\/\/www.erresse-shop.it\/es\/wp-json\/wp\/v2\/media?parent=185565"}],"wp:term":[{"taxonomy":"product_cat","embeddable":true,"href":"https:\/\/www.erresse-shop.it\/es\/wp-json\/wp\/v2\/product_cat?post=185565"},{"taxonomy":"product_tag","embeddable":true,"href":"https:\/\/www.erresse-shop.it\/es\/wp-json\/wp\/v2\/product_tag?post=185565"}],"curies":[{"name":"wp","href":"https:\/\/api.w.org\/{rel}","templated":true}]}}