{"id":185473,"date":"2021-06-09T10:20:15","date_gmt":"2021-06-09T10:20:15","guid":{"rendered":"https:\/\/www.erresse-shop.it\/shop\/sin categor\u00eda\/seletti-mesa-de-fibra-de-vidrio-colossus\/"},"modified":"2023-07-31T00:07:03","modified_gmt":"2023-07-31T00:07:03","slug":"seletti-mesa-de-fibra-de-vidrio-colossus","status":"publish","type":"product","link":"https:\/\/www.erresse-shop.it\/es\/shop\/mobiliario\/articulos-de-decoracion\/seletti-mesa-de-fibra-de-vidrio-colossus\/","title":{"rendered":"SELETTI Mesa de Fibra de Vidrio &#8216;Colossus&#8217;"},"content":{"rendered":"<p>\u00a1Nuevo Antic! Studio Job re\u00fane a dos electrones libres, Job Smeets y Nynke Tynagel, reconocidos por su forma rebelde e inconformista de crear un universo particular. Con Colossus, han desempolvado la Antig\u00fcedad revisando las estatuas antiguas de forma ir\u00f3nica. Esta mesa de centro de fibra de vidrio es como un m\u00e1rmol antiguo que ha llegado a nosotros en pedazos. La fibra de vidrio imita perfectamente el m\u00e1rmol blanco. Haciendo gala de una sabidur\u00eda intemporal, este sublime fragmento cautiva por su gracia y misterio. Los dise\u00f1adores de Studio Job se apropian de fragmentos de la antig\u00fcedad cl\u00e1sica y los comunican con el presente. Se apropian de la herencia cultural de la antig\u00fcedad con provocaci\u00f3n y juego. Este mueble-escultura, en la frontera entre el arte y el dise\u00f1o, crea un universo on\u00edrico y extravagante que es a la vez provocador, divertido y absurdo. Colossus se exhibe en nuestros interiores tanto para decorar como para servir de mesa auxiliar.<\/p>\n<p>Detalles:<\/p>\n<p>Variaciones : Blanco<br \/>\nMarca : Seletti<br \/>\nDise\u00f1ador : Studio Job<br \/>\nColor : Blanco<br \/>\nMaterial : Fibra de vidrio<br \/>\nDimensiones : \u00d8 22 cm x H 49,5 cm &#8211; Base (en forma de pie) : L 51 x W 22 cm<br \/>\nPeso : 5 kg<br \/>\nPa\u00eds de fabricaci\u00f3n : China<\/p>\n","protected":false},"excerpt":{"rendered":"<p>\u00a1Nuevo Antic! Studio Job re\u00fane a dos electrones libres, Job Smeets y Nynke Tynagel, reconocidos por su forma rebelde e<\/p>\n","protected":false},"featured_media":185474,"template":"","meta":{"_acf_changed":false,"inline_featured_image":false},"product_cat":[16026,16016],"product_tag":[20675,16122,20674,25023],"acf":[],"yoast_head":"<!-- This site is optimized with the Yoast SEO Premium plugin v18.6 (Yoast SEO v19.13) - https:\/\/yoast.com\/wordpress\/plugins\/seo\/ -->\n<title>SELETTI Mesa de Fibra de Vidrio &#039;Colossus&#039; - Erresse Shop<\/title>\n<meta name=\"description\" content=\"\u00a1Nuevo Antic! Studio Job re\u00fane a dos electrones libres, Job Smeets y Nynke Tynagel, reconocidos por su forma rebelde e inconformista de crear un universo\" \/>\n<meta name=\"robots\" content=\"index, follow, max-snippet:-1, max-image-preview:large, max-video-preview:-1\" \/>\n<link rel=\"canonical\" href=\"https:\/\/www.erresse-shop.it\/es\/shop\/mobiliario\/articulos-de-decoracion\/seletti-mesa-de-fibra-de-vidrio-colossus\/\" \/>\n<meta property=\"og:locale\" content=\"es_ES\" \/>\n<meta property=\"og:type\" content=\"article\" \/>\n<meta property=\"og:title\" content=\"SELETTI Mesa de Fibra de Vidrio &#039;Colossus&#039;\" \/>\n<meta property=\"og:description\" content=\"\u00a1Nuevo Antic! Studio Job re\u00fane a dos electrones libres, Job Smeets y Nynke Tynagel, reconocidos por su forma rebelde e inconformista de crear un universo\" \/>\n<meta property=\"og:url\" content=\"https:\/\/www.erresse-shop.it\/es\/shop\/mobiliario\/articulos-de-decoracion\/seletti-mesa-de-fibra-de-vidrio-colossus\/\" \/>\n<meta property=\"og:site_name\" content=\"Erresse Shop\" \/>\n<meta property=\"article:modified_time\" content=\"2023-07-31T00:07:03+00:00\" \/>\n<meta property=\"og:image\" content=\"https:\/\/www.erresse-shop.it\/wp-content\/uploads\/2021\/06\/18610.jpg\" \/>\n\t<meta property=\"og:image:width\" content=\"2308\" \/>\n\t<meta property=\"og:image:height\" content=\"2308\" \/>\n\t<meta property=\"og:image:type\" content=\"image\/jpeg\" \/>\n<meta name=\"twitter:card\" content=\"summary_large_image\" \/>\n<script type=\"application\/ld+json\" class=\"yoast-schema-graph\">{\"@context\":\"https:\/\/schema.org\",\"@graph\":[{\"@type\":\"WebPage\",\"@id\":\"https:\/\/www.erresse-shop.it\/es\/shop\/mobiliario\/articulos-de-decoracion\/seletti-mesa-de-fibra-de-vidrio-colossus\/\",\"url\":\"https:\/\/www.erresse-shop.it\/es\/shop\/mobiliario\/articulos-de-decoracion\/seletti-mesa-de-fibra-de-vidrio-colossus\/\",\"name\":\"SELETTI Mesa de Fibra de Vidrio 'Colossus' - Erresse Shop\",\"isPartOf\":{\"@id\":\"https:\/\/www.erresse-shop.it\/es\/#website\"},\"datePublished\":\"2021-06-09T10:20:15+00:00\",\"dateModified\":\"2023-07-31T00:07:03+00:00\",\"description\":\"\u00a1Nuevo Antic! Studio Job re\u00fane a dos electrones libres, Job Smeets y Nynke Tynagel, reconocidos por su forma rebelde e inconformista de crear un universo\",\"breadcrumb\":{\"@id\":\"https:\/\/www.erresse-shop.it\/es\/shop\/mobiliario\/articulos-de-decoracion\/seletti-mesa-de-fibra-de-vidrio-colossus\/#breadcrumb\"},\"inLanguage\":\"es\",\"potentialAction\":[{\"@type\":\"ReadAction\",\"target\":[\"https:\/\/www.erresse-shop.it\/es\/shop\/mobiliario\/articulos-de-decoracion\/seletti-mesa-de-fibra-de-vidrio-colossus\/\"]}]},{\"@type\":\"BreadcrumbList\",\"@id\":\"https:\/\/www.erresse-shop.it\/es\/shop\/mobiliario\/articulos-de-decoracion\/seletti-mesa-de-fibra-de-vidrio-colossus\/#breadcrumb\",\"itemListElement\":[{\"@type\":\"ListItem\",\"position\":1,\"name\":\"Home\",\"item\":\"https:\/\/www.erresse-shop.it\/es\/\"},{\"@type\":\"ListItem\",\"position\":2,\"name\":\"Shop\",\"item\":\"https:\/\/www.erresse-shop.it\/es\/shop\/\"},{\"@type\":\"ListItem\",\"position\":3,\"name\":\"SELETTI Mesa de Fibra de Vidrio &#8216;Colossus&#8217;\"}]},{\"@type\":\"WebSite\",\"@id\":\"https:\/\/www.erresse-shop.it\/es\/#website\",\"url\":\"https:\/\/www.erresse-shop.it\/es\/\",\"name\":\"Erresse Shop\",\"description\":\"Articoli di qualit\u00e0 per la casa\",\"potentialAction\":[{\"@type\":\"SearchAction\",\"target\":{\"@type\":\"EntryPoint\",\"urlTemplate\":\"https:\/\/www.erresse-shop.it\/es\/?s={search_term_string}\"},\"query-input\":\"required name=search_term_string\"}],\"inLanguage\":\"es\"}]}<\/script>\n<!-- \/ Yoast SEO Premium plugin. -->","yoast_head_json":{"title":"SELETTI Mesa de Fibra de Vidrio 'Colossus' - Erresse Shop","description":"\u00a1Nuevo Antic! Studio Job re\u00fane a dos electrones libres, Job Smeets y Nynke Tynagel, reconocidos por su forma rebelde e inconformista de crear un universo","robots":{"index":"index","follow":"follow","max-snippet":"max-snippet:-1","max-image-preview":"max-image-preview:large","max-video-preview":"max-video-preview:-1"},"canonical":"https:\/\/www.erresse-shop.it\/es\/shop\/mobiliario\/articulos-de-decoracion\/seletti-mesa-de-fibra-de-vidrio-colossus\/","og_locale":"es_ES","og_type":"article","og_title":"SELETTI Mesa de Fibra de Vidrio 'Colossus'","og_description":"\u00a1Nuevo Antic! Studio Job re\u00fane a dos electrones libres, Job Smeets y Nynke Tynagel, reconocidos por su forma rebelde e inconformista de crear un universo","og_url":"https:\/\/www.erresse-shop.it\/es\/shop\/mobiliario\/articulos-de-decoracion\/seletti-mesa-de-fibra-de-vidrio-colossus\/","og_site_name":"Erresse Shop","article_modified_time":"2023-07-31T00:07:03+00:00","og_image":[{"width":2308,"height":2308,"url":"https:\/\/www.erresse-shop.it\/wp-content\/uploads\/2021\/06\/18610.jpg","type":"image\/jpeg"}],"twitter_card":"summary_large_image","schema":{"@context":"https:\/\/schema.org","@graph":[{"@type":"WebPage","@id":"https:\/\/www.erresse-shop.it\/es\/shop\/mobiliario\/articulos-de-decoracion\/seletti-mesa-de-fibra-de-vidrio-colossus\/","url":"https:\/\/www.erresse-shop.it\/es\/shop\/mobiliario\/articulos-de-decoracion\/seletti-mesa-de-fibra-de-vidrio-colossus\/","name":"SELETTI Mesa de Fibra de Vidrio 'Colossus' - Erresse Shop","isPartOf":{"@id":"https:\/\/www.erresse-shop.it\/es\/#website"},"datePublished":"2021-06-09T10:20:15+00:00","dateModified":"2023-07-31T00:07:03+00:00","description":"\u00a1Nuevo Antic! Studio Job re\u00fane a dos electrones libres, Job Smeets y Nynke Tynagel, reconocidos por su forma rebelde e inconformista de crear un universo","breadcrumb":{"@id":"https:\/\/www.erresse-shop.it\/es\/shop\/mobiliario\/articulos-de-decoracion\/seletti-mesa-de-fibra-de-vidrio-colossus\/#breadcrumb"},"inLanguage":"es","potentialAction":[{"@type":"ReadAction","target":["https:\/\/www.erresse-shop.it\/es\/shop\/mobiliario\/articulos-de-decoracion\/seletti-mesa-de-fibra-de-vidrio-colossus\/"]}]},{"@type":"BreadcrumbList","@id":"https:\/\/www.erresse-shop.it\/es\/shop\/mobiliario\/articulos-de-decoracion\/seletti-mesa-de-fibra-de-vidrio-colossus\/#breadcrumb","itemListElement":[{"@type":"ListItem","position":1,"name":"Home","item":"https:\/\/www.erresse-shop.it\/es\/"},{"@type":"ListItem","position":2,"name":"Shop","item":"https:\/\/www.erresse-shop.it\/es\/shop\/"},{"@type":"ListItem","position":3,"name":"SELETTI Mesa de Fibra de Vidrio &#8216;Colossus&#8217;"}]},{"@type":"WebSite","@id":"https:\/\/www.erresse-shop.it\/es\/#website","url":"https:\/\/www.erresse-shop.it\/es\/","name":"Erresse Shop","description":"Articoli di qualit\u00e0 per la casa","potentialAction":[{"@type":"SearchAction","target":{"@type":"EntryPoint","urlTemplate":"https:\/\/www.erresse-shop.it\/es\/?s={search_term_string}"},"query-input":"required name=search_term_string"}],"inLanguage":"es"}]}},"df_price":107.10000000000001,"df_sale_price":107.10000000000001,"df_regular_price":238,"df_image_link":"https:\/\/www.erresse-shop.it\/wp-content\/uploads\/2021\/06\/18610-300x300.jpg","_links":{"self":[{"href":"https:\/\/www.erresse-shop.it\/es\/wp-json\/wp\/v2\/product\/185473"}],"collection":[{"href":"https:\/\/www.erresse-shop.it\/es\/wp-json\/wp\/v2\/product"}],"about":[{"href":"https:\/\/www.erresse-shop.it\/es\/wp-json\/wp\/v2\/types\/product"}],"wp:featuredmedia":[{"embeddable":true,"href":"https:\/\/www.erresse-shop.it\/es\/wp-json\/wp\/v2\/media\/185474"}],"wp:attachment":[{"href":"https:\/\/www.erresse-shop.it\/es\/wp-json\/wp\/v2\/media?parent=185473"}],"wp:term":[{"taxonomy":"product_cat","embeddable":true,"href":"https:\/\/www.erresse-shop.it\/es\/wp-json\/wp\/v2\/product_cat?post=185473"},{"taxonomy":"product_tag","embeddable":true,"href":"https:\/\/www.erresse-shop.it\/es\/wp-json\/wp\/v2\/product_tag?post=185473"}],"curies":[{"name":"wp","href":"https:\/\/api.w.org\/{rel}","templated":true}]}}