{"id":185463,"date":"2021-06-24T07:56:52","date_gmt":"2021-06-24T07:56:52","guid":{"rendered":"https:\/\/www.erresse-shop.it\/shop\/sin%20categor\u00eda\/seletti-lampara-wonder\/"},"modified":"2024-08-02T07:05:13","modified_gmt":"2024-08-02T07:05:13","slug":"seletti-lampara-wonder","status":"publish","type":"product","link":"https:\/\/www.erresse-shop.it\/es\/shop\/mobiliario\/lamparas\/seletti-lampara-wonder\/","title":{"rendered":"SELETTI L\u00e1mpara Wonder"},"content":{"rendered":"<p>\u00bfQu\u00e9 pasar\u00eda si de repente un guerrero cl\u00e1sico hiciera una bola de chicle y se preguntara qu\u00e9 est\u00e1 haciendo?<\/p>\n<p><strong>Dise\u00f1ador:<\/strong> Uto Balmoral<br \/>\n<strong>Dimensiones:<\/strong> cm 21 x 12,5 h. 40,5<br \/>\n<strong>Material:<\/strong> resina y vidrio<\/p>\n<p>S\u00f3lo para uso en interiores Bombilla LED incluida E14 &#8211; 3W &#8211; 300 LUMEN &#8211; 2700K<\/p>\n<p><strong>Longitud del cable:<\/strong> 2,5 m<\/p>\n<p><strong>Versi\u00f3n UE:<\/strong> entrada 230V &#8211; 50Hz<br \/>\n<strong>No se vende fuera de Europa<\/strong><\/p>\n","protected":false},"excerpt":{"rendered":"<p>\u00bfQu\u00e9 pasar\u00eda si de repente un guerrero cl\u00e1sico hiciera una bola de chicle y se preguntara qu\u00e9 est\u00e1 haciendo? Dise\u00f1ador:<\/p>\n","protected":false},"featured_media":185464,"template":"","meta":{"_acf_changed":false,"inline_featured_image":false},"product_cat":[16017,16016],"product_tag":[20672,16236,16237,25023,20673],"acf":[],"yoast_head":"<!-- This site is optimized with the Yoast SEO Premium plugin v18.6 (Yoast SEO v19.13) - https:\/\/yoast.com\/wordpress\/plugins\/seo\/ -->\n<title>SELETTI L\u00e1mpara Wonder - Erresse Shop<\/title>\n<meta name=\"description\" content=\"\u00bfQu\u00e9 pasar\u00eda si de repente un guerrero cl\u00e1sico hiciera una bola de chicle y se preguntara qu\u00e9 est\u00e1 haciendo? Dise\u00f1ador: Uto Balmoral Dimensiones: cm 21 x\" \/>\n<meta name=\"robots\" content=\"index, follow, max-snippet:-1, max-image-preview:large, max-video-preview:-1\" \/>\n<link rel=\"canonical\" href=\"https:\/\/www.erresse-shop.it\/es\/shop\/mobiliario\/lamparas\/seletti-lampara-wonder\/\" \/>\n<meta property=\"og:locale\" content=\"es_ES\" \/>\n<meta property=\"og:type\" content=\"article\" \/>\n<meta property=\"og:title\" content=\"SELETTI L\u00e1mpara Wonder\" \/>\n<meta property=\"og:description\" content=\"\u00bfQu\u00e9 pasar\u00eda si de repente un guerrero cl\u00e1sico hiciera una bola de chicle y se preguntara qu\u00e9 est\u00e1 haciendo? Dise\u00f1ador: Uto Balmoral Dimensiones: cm 21 x\" \/>\n<meta property=\"og:url\" content=\"https:\/\/www.erresse-shop.it\/es\/shop\/mobiliario\/lamparas\/seletti-lampara-wonder\/\" \/>\n<meta property=\"og:site_name\" content=\"Erresse Shop\" \/>\n<meta property=\"article:modified_time\" content=\"2024-08-02T07:05:13+00:00\" \/>\n<meta property=\"og:image\" content=\"https:\/\/www.erresse-shop.it\/wp-content\/uploads\/2021\/06\/14803.jpg\" \/>\n\t<meta property=\"og:image:width\" content=\"900\" \/>\n\t<meta property=\"og:image:height\" content=\"1200\" \/>\n\t<meta property=\"og:image:type\" content=\"image\/jpeg\" \/>\n<meta name=\"twitter:card\" content=\"summary_large_image\" \/>\n<script type=\"application\/ld+json\" class=\"yoast-schema-graph\">{\"@context\":\"https:\/\/schema.org\",\"@graph\":[{\"@type\":\"WebPage\",\"@id\":\"https:\/\/www.erresse-shop.it\/es\/shop\/mobiliario\/lamparas\/seletti-lampara-wonder\/\",\"url\":\"https:\/\/www.erresse-shop.it\/es\/shop\/mobiliario\/lamparas\/seletti-lampara-wonder\/\",\"name\":\"SELETTI L\u00e1mpara Wonder - Erresse Shop\",\"isPartOf\":{\"@id\":\"https:\/\/www.erresse-shop.it\/es\/#website\"},\"datePublished\":\"2021-06-24T07:56:52+00:00\",\"dateModified\":\"2024-08-02T07:05:13+00:00\",\"description\":\"\u00bfQu\u00e9 pasar\u00eda si de repente un guerrero cl\u00e1sico hiciera una bola de chicle y se preguntara qu\u00e9 est\u00e1 haciendo? Dise\u00f1ador: Uto Balmoral Dimensiones: cm 21 x\",\"breadcrumb\":{\"@id\":\"https:\/\/www.erresse-shop.it\/es\/shop\/mobiliario\/lamparas\/seletti-lampara-wonder\/#breadcrumb\"},\"inLanguage\":\"es\",\"potentialAction\":[{\"@type\":\"ReadAction\",\"target\":[\"https:\/\/www.erresse-shop.it\/es\/shop\/mobiliario\/lamparas\/seletti-lampara-wonder\/\"]}]},{\"@type\":\"BreadcrumbList\",\"@id\":\"https:\/\/www.erresse-shop.it\/es\/shop\/mobiliario\/lamparas\/seletti-lampara-wonder\/#breadcrumb\",\"itemListElement\":[{\"@type\":\"ListItem\",\"position\":1,\"name\":\"Home\",\"item\":\"https:\/\/www.erresse-shop.it\/es\/\"},{\"@type\":\"ListItem\",\"position\":2,\"name\":\"Shop\",\"item\":\"https:\/\/www.erresse-shop.it\/es\/shop\/\"},{\"@type\":\"ListItem\",\"position\":3,\"name\":\"SELETTI L\u00e1mpara Wonder\"}]},{\"@type\":\"WebSite\",\"@id\":\"https:\/\/www.erresse-shop.it\/es\/#website\",\"url\":\"https:\/\/www.erresse-shop.it\/es\/\",\"name\":\"Erresse Shop\",\"description\":\"Articoli di qualit\u00e0 per la casa\",\"potentialAction\":[{\"@type\":\"SearchAction\",\"target\":{\"@type\":\"EntryPoint\",\"urlTemplate\":\"https:\/\/www.erresse-shop.it\/es\/?s={search_term_string}\"},\"query-input\":\"required name=search_term_string\"}],\"inLanguage\":\"es\"}]}<\/script>\n<!-- \/ Yoast SEO Premium plugin. -->","yoast_head_json":{"title":"SELETTI L\u00e1mpara Wonder - Erresse Shop","description":"\u00bfQu\u00e9 pasar\u00eda si de repente un guerrero cl\u00e1sico hiciera una bola de chicle y se preguntara qu\u00e9 est\u00e1 haciendo? Dise\u00f1ador: Uto Balmoral Dimensiones: cm 21 x","robots":{"index":"index","follow":"follow","max-snippet":"max-snippet:-1","max-image-preview":"max-image-preview:large","max-video-preview":"max-video-preview:-1"},"canonical":"https:\/\/www.erresse-shop.it\/es\/shop\/mobiliario\/lamparas\/seletti-lampara-wonder\/","og_locale":"es_ES","og_type":"article","og_title":"SELETTI L\u00e1mpara Wonder","og_description":"\u00bfQu\u00e9 pasar\u00eda si de repente un guerrero cl\u00e1sico hiciera una bola de chicle y se preguntara qu\u00e9 est\u00e1 haciendo? Dise\u00f1ador: Uto Balmoral Dimensiones: cm 21 x","og_url":"https:\/\/www.erresse-shop.it\/es\/shop\/mobiliario\/lamparas\/seletti-lampara-wonder\/","og_site_name":"Erresse Shop","article_modified_time":"2024-08-02T07:05:13+00:00","og_image":[{"width":900,"height":1200,"url":"https:\/\/www.erresse-shop.it\/wp-content\/uploads\/2021\/06\/14803.jpg","type":"image\/jpeg"}],"twitter_card":"summary_large_image","schema":{"@context":"https:\/\/schema.org","@graph":[{"@type":"WebPage","@id":"https:\/\/www.erresse-shop.it\/es\/shop\/mobiliario\/lamparas\/seletti-lampara-wonder\/","url":"https:\/\/www.erresse-shop.it\/es\/shop\/mobiliario\/lamparas\/seletti-lampara-wonder\/","name":"SELETTI L\u00e1mpara Wonder - Erresse Shop","isPartOf":{"@id":"https:\/\/www.erresse-shop.it\/es\/#website"},"datePublished":"2021-06-24T07:56:52+00:00","dateModified":"2024-08-02T07:05:13+00:00","description":"\u00bfQu\u00e9 pasar\u00eda si de repente un guerrero cl\u00e1sico hiciera una bola de chicle y se preguntara qu\u00e9 est\u00e1 haciendo? Dise\u00f1ador: Uto Balmoral Dimensiones: cm 21 x","breadcrumb":{"@id":"https:\/\/www.erresse-shop.it\/es\/shop\/mobiliario\/lamparas\/seletti-lampara-wonder\/#breadcrumb"},"inLanguage":"es","potentialAction":[{"@type":"ReadAction","target":["https:\/\/www.erresse-shop.it\/es\/shop\/mobiliario\/lamparas\/seletti-lampara-wonder\/"]}]},{"@type":"BreadcrumbList","@id":"https:\/\/www.erresse-shop.it\/es\/shop\/mobiliario\/lamparas\/seletti-lampara-wonder\/#breadcrumb","itemListElement":[{"@type":"ListItem","position":1,"name":"Home","item":"https:\/\/www.erresse-shop.it\/es\/"},{"@type":"ListItem","position":2,"name":"Shop","item":"https:\/\/www.erresse-shop.it\/es\/shop\/"},{"@type":"ListItem","position":3,"name":"SELETTI L\u00e1mpara Wonder"}]},{"@type":"WebSite","@id":"https:\/\/www.erresse-shop.it\/es\/#website","url":"https:\/\/www.erresse-shop.it\/es\/","name":"Erresse Shop","description":"Articoli di qualit\u00e0 per la casa","potentialAction":[{"@type":"SearchAction","target":{"@type":"EntryPoint","urlTemplate":"https:\/\/www.erresse-shop.it\/es\/?s={search_term_string}"},"query-input":"required name=search_term_string"}],"inLanguage":"es"}]}},"df_price":122.4,"df_sale_price":122.4,"df_regular_price":272,"df_image_link":"https:\/\/www.erresse-shop.it\/wp-content\/uploads\/2021\/06\/14803-225x300.jpg","_links":{"self":[{"href":"https:\/\/www.erresse-shop.it\/es\/wp-json\/wp\/v2\/product\/185463"}],"collection":[{"href":"https:\/\/www.erresse-shop.it\/es\/wp-json\/wp\/v2\/product"}],"about":[{"href":"https:\/\/www.erresse-shop.it\/es\/wp-json\/wp\/v2\/types\/product"}],"wp:featuredmedia":[{"embeddable":true,"href":"https:\/\/www.erresse-shop.it\/es\/wp-json\/wp\/v2\/media\/185464"}],"wp:attachment":[{"href":"https:\/\/www.erresse-shop.it\/es\/wp-json\/wp\/v2\/media?parent=185463"}],"wp:term":[{"taxonomy":"product_cat","embeddable":true,"href":"https:\/\/www.erresse-shop.it\/es\/wp-json\/wp\/v2\/product_cat?post=185463"},{"taxonomy":"product_tag","embeddable":true,"href":"https:\/\/www.erresse-shop.it\/es\/wp-json\/wp\/v2\/product_tag?post=185463"}],"curies":[{"name":"wp","href":"https:\/\/api.w.org\/{rel}","templated":true}]}}