{"id":185432,"date":"2018-08-31T12:39:05","date_gmt":"2018-08-31T12:39:05","guid":{"rendered":"https:\/\/www.erresse-shop.it\/shop\/sin categor\u00eda\/le-creuset-sarten-alta-para-risotto-30-cm-cereza\/"},"modified":"2018-08-31T12:39:05","modified_gmt":"2018-08-31T12:39:05","slug":"le-creuset-sarten-alta-para-risotto-30-cm-cereza","status":"publish","type":"product","link":"https:\/\/www.erresse-shop.it\/es\/shop\/sartenes-y-ollas\/cazuelas\/le-creuset-sarten-alta-para-risotto-30-cm-cereza\/","title":{"rendered":"LE CREUSET Sart\u00e9n Alta para Risotto 30 cm Cereza"},"content":{"rendered":"<p><strong>CREA PLATOS FANT\u00c1STICOS<\/strong><\/p>\n<p>Ya sea para preparar un risotto, un tentador plato de pasta o una barra de pan, esta cocotte es la indicada. Es realmente f\u00e1cil de remover gracias a su borde bajo y su fondo ancho. Durante la cocci\u00f3n, el hierro fundido vitrificado garantiza una distribuci\u00f3n uniforme del calor.<\/p>\n<ul>\n<li>Nuestro pomo resistente al calor (hasta 260 \u00b0C) est\u00e1 dise\u00f1ado para un excelente agarre, incluso cuando se utiliza un soporte de olla para levantar la tapa.<\/li>\n<li>Limpieza r\u00e1pida: una fina capa interior vitrificada facilita la limpieza.<\/li>\n<li>Grandes asas: gracias a nuestras grandes asas, podr\u00e1 desplazarse f\u00e1cilmente de la placa de cocci\u00f3n a la mesa, incluso utilizando guantes de cocina.<\/li>\n<li>Versatilidad: este producto es apto para el modo horno, cocina y grill.<\/li>\n<li>Alimentos de gran sabor: el hierro fundido vitrificado retiene el calor para una cocci\u00f3n y un dorado uniformes. Sus deliciosas creaciones se mantendr\u00e1n calientes durante m\u00e1s tiempo en la mesa.<\/li>\n<li>Conserva la suculencia: nuestra tapa retiene el vapor generado por la cocci\u00f3n de los alimentos y realza los sabores para obtener resultados de cocci\u00f3n extraordinarios.<\/li>\n<li>F\u00e1cil de sujetar: las elegantes y c\u00f3modas asas permiten levantar el producto con seguridad.<\/li>\n<li>No demasiado caliente: cocine con un fuego constante de bajo a medio para cuidar su producto de hierro fundido vitrificado y conseguir resultados deliciosos.<\/li>\n<li>Nuestros productos se elaboran con los mejores materiales en f\u00e1bricas de todo el mundo para garantizar la calidad que usted espera de Le Creuset.<\/li>\n<\/ul>\n<p><strong>Material:<\/strong> hierro fundido vitrificado<br \/>\n<strong>Fabricado en:<\/strong> Francia<br \/>\n<strong>Garant\u00eda:<\/strong> de por vida<\/p>\n<p><strong>Fuente de calor:<\/strong><\/p>\n<ul>\n<li>Horno<\/li>\n<li>Modo grill del horno<\/li>\n<li>Placa el\u00e9ctrica<\/li>\n<li>Vidrio cer\u00e1mico<\/li>\n<li>Placa de gas<\/li>\n<li>Placa de inducci\u00f3n<\/li>\n<\/ul>\n<p><strong>Limpieza y cuidado:<\/strong><\/p>\n<ul>\n<li>Espere a que el producto se enfr\u00ede antes de empezar a limpiarlo.<\/li>\n<li>Limpie los restos de la base y los lados del producto. Si hay comida pegada,<\/li>\n<li>llene el producto con agua tibia y jab\u00f3n y d\u00e9jelo en remojo durante 15-20 minutos antes de lavarlo como de costumbre.<\/li>\n<li>No utilice limpiadores abrasivos ni esponjas o cepillos met\u00e1licos muy duros en ninguna de las superficies.<\/li>\n<li>Secar bien despu\u00e9s del lavado y guardar en un lugar seco.<\/li>\n<\/ul>\n<div class=\"su-youtube su-u-responsive-media-yes\"><iframe loading=\"lazy\" width=\"500\" height=\"200\" src=\"https:\/\/www.youtube.com\/embed\/YoiKOay1xos?\" frameborder=\"0\" allowfullscreen allow=\"autoplay; encrypted-media; picture-in-picture\" title=\"\"><\/iframe><\/div>\n","protected":false},"excerpt":{"rendered":"<p>CREA PLATOS FANT\u00c1STICOS Ya sea para preparar un risotto, un tentador plato de pasta o una barra de pan, esta<\/p>\n","protected":false},"featured_media":460778,"template":"","meta":{"_acf_changed":false,"inline_featured_image":false},"product_cat":[16072,16058],"product_tag":[25090,16211,20671,16137,16248,16158,16654,16449,25023],"acf":[],"yoast_head":"<!-- This site is optimized with the Yoast SEO Premium plugin v18.6 (Yoast SEO v19.13) - https:\/\/yoast.com\/wordpress\/plugins\/seo\/ -->\n<title>LE CREUSET Sart\u00e9n Alta para Risotto 30 cm Cereza - Erresse Shop<\/title>\n<meta name=\"description\" content=\"CREA PLATOS FANT\u00c1STICOS Ya sea para preparar un risotto, un tentador plato de pasta o una barra de pan, esta cocotte es la indicada. Es realmente f\u00e1cil de\" \/>\n<meta name=\"robots\" content=\"index, follow, max-snippet:-1, max-image-preview:large, max-video-preview:-1\" \/>\n<link rel=\"canonical\" href=\"https:\/\/www.erresse-shop.it\/es\/shop\/sartenes-y-ollas\/cazuelas\/le-creuset-sarten-alta-para-risotto-30-cm-cereza\/\" \/>\n<meta property=\"og:locale\" content=\"es_ES\" \/>\n<meta property=\"og:type\" content=\"article\" \/>\n<meta property=\"og:title\" content=\"LE CREUSET Sart\u00e9n Alta para Risotto 30 cm Cereza\" \/>\n<meta property=\"og:description\" content=\"CREA PLATOS FANT\u00c1STICOS Ya sea para preparar un risotto, un tentador plato de pasta o una barra de pan, esta cocotte es la indicada. Es realmente f\u00e1cil de\" \/>\n<meta property=\"og:url\" content=\"https:\/\/www.erresse-shop.it\/es\/shop\/sartenes-y-ollas\/cazuelas\/le-creuset-sarten-alta-para-risotto-30-cm-cereza\/\" \/>\n<meta property=\"og:site_name\" content=\"Erresse Shop\" \/>\n<meta property=\"og:image\" content=\"https:\/\/www.erresse-shop.it\/wp-content\/uploads\/2018\/08\/LE-CREUSET-Tegame-Alto-Risotto-in-Ghisa-30-cm-Ciliegia.png\" \/>\n\t<meta property=\"og:image:width\" content=\"800\" \/>\n\t<meta property=\"og:image:height\" content=\"800\" \/>\n\t<meta property=\"og:image:type\" content=\"image\/png\" \/>\n<meta name=\"twitter:card\" content=\"summary_large_image\" \/>\n<script type=\"application\/ld+json\" class=\"yoast-schema-graph\">{\"@context\":\"https:\/\/schema.org\",\"@graph\":[{\"@type\":\"WebPage\",\"@id\":\"https:\/\/www.erresse-shop.it\/es\/shop\/sartenes-y-ollas\/cazuelas\/le-creuset-sarten-alta-para-risotto-30-cm-cereza\/\",\"url\":\"https:\/\/www.erresse-shop.it\/es\/shop\/sartenes-y-ollas\/cazuelas\/le-creuset-sarten-alta-para-risotto-30-cm-cereza\/\",\"name\":\"LE CREUSET Sart\u00e9n Alta para Risotto 30 cm Cereza - Erresse Shop\",\"isPartOf\":{\"@id\":\"https:\/\/www.erresse-shop.it\/es\/#website\"},\"datePublished\":\"2018-08-31T12:39:05+00:00\",\"dateModified\":\"2018-08-31T12:39:05+00:00\",\"description\":\"CREA PLATOS FANT\u00c1STICOS Ya sea para preparar un risotto, un tentador plato de pasta o una barra de pan, esta cocotte es la indicada. Es realmente f\u00e1cil de\",\"breadcrumb\":{\"@id\":\"https:\/\/www.erresse-shop.it\/es\/shop\/sartenes-y-ollas\/cazuelas\/le-creuset-sarten-alta-para-risotto-30-cm-cereza\/#breadcrumb\"},\"inLanguage\":\"es\",\"potentialAction\":[{\"@type\":\"ReadAction\",\"target\":[\"https:\/\/www.erresse-shop.it\/es\/shop\/sartenes-y-ollas\/cazuelas\/le-creuset-sarten-alta-para-risotto-30-cm-cereza\/\"]}]},{\"@type\":\"BreadcrumbList\",\"@id\":\"https:\/\/www.erresse-shop.it\/es\/shop\/sartenes-y-ollas\/cazuelas\/le-creuset-sarten-alta-para-risotto-30-cm-cereza\/#breadcrumb\",\"itemListElement\":[{\"@type\":\"ListItem\",\"position\":1,\"name\":\"Home\",\"item\":\"https:\/\/www.erresse-shop.it\/es\/\"},{\"@type\":\"ListItem\",\"position\":2,\"name\":\"Shop\",\"item\":\"https:\/\/www.erresse-shop.it\/es\/shop\/\"},{\"@type\":\"ListItem\",\"position\":3,\"name\":\"LE CREUSET Sart\u00e9n Alta para Risotto 30 cm Cereza\"}]},{\"@type\":\"WebSite\",\"@id\":\"https:\/\/www.erresse-shop.it\/es\/#website\",\"url\":\"https:\/\/www.erresse-shop.it\/es\/\",\"name\":\"Erresse Shop\",\"description\":\"Articoli di qualit\u00e0 per la casa\",\"potentialAction\":[{\"@type\":\"SearchAction\",\"target\":{\"@type\":\"EntryPoint\",\"urlTemplate\":\"https:\/\/www.erresse-shop.it\/es\/?s={search_term_string}\"},\"query-input\":\"required name=search_term_string\"}],\"inLanguage\":\"es\"}]}<\/script>\n<!-- \/ Yoast SEO Premium plugin. -->","yoast_head_json":{"title":"LE CREUSET Sart\u00e9n Alta para Risotto 30 cm Cereza - Erresse Shop","description":"CREA PLATOS FANT\u00c1STICOS Ya sea para preparar un risotto, un tentador plato de pasta o una barra de pan, esta cocotte es la indicada. Es realmente f\u00e1cil de","robots":{"index":"index","follow":"follow","max-snippet":"max-snippet:-1","max-image-preview":"max-image-preview:large","max-video-preview":"max-video-preview:-1"},"canonical":"https:\/\/www.erresse-shop.it\/es\/shop\/sartenes-y-ollas\/cazuelas\/le-creuset-sarten-alta-para-risotto-30-cm-cereza\/","og_locale":"es_ES","og_type":"article","og_title":"LE CREUSET Sart\u00e9n Alta para Risotto 30 cm Cereza","og_description":"CREA PLATOS FANT\u00c1STICOS Ya sea para preparar un risotto, un tentador plato de pasta o una barra de pan, esta cocotte es la indicada. Es realmente f\u00e1cil de","og_url":"https:\/\/www.erresse-shop.it\/es\/shop\/sartenes-y-ollas\/cazuelas\/le-creuset-sarten-alta-para-risotto-30-cm-cereza\/","og_site_name":"Erresse Shop","og_image":[{"width":800,"height":800,"url":"https:\/\/www.erresse-shop.it\/wp-content\/uploads\/2018\/08\/LE-CREUSET-Tegame-Alto-Risotto-in-Ghisa-30-cm-Ciliegia.png","type":"image\/png"}],"twitter_card":"summary_large_image","schema":{"@context":"https:\/\/schema.org","@graph":[{"@type":"WebPage","@id":"https:\/\/www.erresse-shop.it\/es\/shop\/sartenes-y-ollas\/cazuelas\/le-creuset-sarten-alta-para-risotto-30-cm-cereza\/","url":"https:\/\/www.erresse-shop.it\/es\/shop\/sartenes-y-ollas\/cazuelas\/le-creuset-sarten-alta-para-risotto-30-cm-cereza\/","name":"LE CREUSET Sart\u00e9n Alta para Risotto 30 cm Cereza - Erresse Shop","isPartOf":{"@id":"https:\/\/www.erresse-shop.it\/es\/#website"},"datePublished":"2018-08-31T12:39:05+00:00","dateModified":"2018-08-31T12:39:05+00:00","description":"CREA PLATOS FANT\u00c1STICOS Ya sea para preparar un risotto, un tentador plato de pasta o una barra de pan, esta cocotte es la indicada. Es realmente f\u00e1cil de","breadcrumb":{"@id":"https:\/\/www.erresse-shop.it\/es\/shop\/sartenes-y-ollas\/cazuelas\/le-creuset-sarten-alta-para-risotto-30-cm-cereza\/#breadcrumb"},"inLanguage":"es","potentialAction":[{"@type":"ReadAction","target":["https:\/\/www.erresse-shop.it\/es\/shop\/sartenes-y-ollas\/cazuelas\/le-creuset-sarten-alta-para-risotto-30-cm-cereza\/"]}]},{"@type":"BreadcrumbList","@id":"https:\/\/www.erresse-shop.it\/es\/shop\/sartenes-y-ollas\/cazuelas\/le-creuset-sarten-alta-para-risotto-30-cm-cereza\/#breadcrumb","itemListElement":[{"@type":"ListItem","position":1,"name":"Home","item":"https:\/\/www.erresse-shop.it\/es\/"},{"@type":"ListItem","position":2,"name":"Shop","item":"https:\/\/www.erresse-shop.it\/es\/shop\/"},{"@type":"ListItem","position":3,"name":"LE CREUSET Sart\u00e9n Alta para Risotto 30 cm Cereza"}]},{"@type":"WebSite","@id":"https:\/\/www.erresse-shop.it\/es\/#website","url":"https:\/\/www.erresse-shop.it\/es\/","name":"Erresse Shop","description":"Articoli di qualit\u00e0 per la casa","potentialAction":[{"@type":"SearchAction","target":{"@type":"EntryPoint","urlTemplate":"https:\/\/www.erresse-shop.it\/es\/?s={search_term_string}"},"query-input":"required name=search_term_string"}],"inLanguage":"es"}]}},"df_price":159.75,"df_sale_price":159.75,"df_regular_price":355,"df_image_link":"https:\/\/www.erresse-shop.it\/wp-content\/uploads\/2018\/08\/LE-CREUSET-Tegame-Alto-Risotto-in-Ghisa-30-cm-Ciliegia-300x300.jpg","_links":{"self":[{"href":"https:\/\/www.erresse-shop.it\/es\/wp-json\/wp\/v2\/product\/185432"}],"collection":[{"href":"https:\/\/www.erresse-shop.it\/es\/wp-json\/wp\/v2\/product"}],"about":[{"href":"https:\/\/www.erresse-shop.it\/es\/wp-json\/wp\/v2\/types\/product"}],"wp:featuredmedia":[{"embeddable":true,"href":"https:\/\/www.erresse-shop.it\/es\/wp-json\/wp\/v2\/media\/460778"}],"wp:attachment":[{"href":"https:\/\/www.erresse-shop.it\/es\/wp-json\/wp\/v2\/media?parent=185432"}],"wp:term":[{"taxonomy":"product_cat","embeddable":true,"href":"https:\/\/www.erresse-shop.it\/es\/wp-json\/wp\/v2\/product_cat?post=185432"},{"taxonomy":"product_tag","embeddable":true,"href":"https:\/\/www.erresse-shop.it\/es\/wp-json\/wp\/v2\/product_tag?post=185432"}],"curies":[{"name":"wp","href":"https:\/\/api.w.org\/{rel}","templated":true}]}}