{"id":184946,"date":"2016-04-06T19:23:33","date_gmt":"2016-04-06T19:23:33","guid":{"rendered":"https:\/\/www.erresse-shop.it\/shop\/sin categor\u00eda\/smeg-estetica-50s-amasadora-smf02-rojo\/"},"modified":"2025-06-06T15:38:15","modified_gmt":"2025-06-06T15:38:15","slug":"smeg-estetica-50s-amasadora-smf02-rojo","status":"publish","type":"product","link":"https:\/\/www.erresse-shop.it\/es\/shop\/pequenos-electrodomesticos\/amasadores\/smeg-estetica-50s-amasadora-smf02-rojo\/","title":{"rendered":"SMEG Est\u00e9tica 50s Amasadora SMF02 Rojo"},"content":{"rendered":"<p>Serie <strong>SMEG<\/strong> 50s<\/p>\n<p>Objetos de encuentro simb\u00f3lico, iconos que transforman el espacio que ocupan, los nuevos peque\u00f1os de la l\u00ednea Anni &#8217;50s, dise\u00f1ados en colaboraci\u00f3n con Matteo Bazzicalupo y Raffaella Mangiarotti de deepdesign, evocan otros tiempos y dan forma a los lugares cotidianos, invirtiendo lo que ya existe o ha existido con un nuevo significado, como ocurre en el arte y la memoria.<br \/>\nProductos con formas redondeadas y compactas, son protagonistas de la cocina, dise\u00f1ados para quienes desean tener una experiencia de chef pero no s\u00f3lo. Para los amantes de rodearse de objetos con un fuerte car\u00e1cter est\u00e9tico sin perder de vista las prestaciones de alta calidad.<\/p>\n<p><strong>EST\u00c9TICA<\/strong><\/p>\n<ul>\n<li>Cuerpo de aluminio fundido a presi\u00f3n<\/li>\n<li>Base de aleaci\u00f3n de zinc con accesorio de cubeta de acero inoxidable<\/li>\n<li>Pomo de la palanca de selecci\u00f3n de velocidad de acero inoxidable<\/li>\n<\/ul>\n<p><strong>CARACTER\u00cdSTICAS T\u00c9CNICAS<\/strong><\/p>\n<ul>\n<li>Movimiento planetario<\/li>\n<li>Motor de accionamiento directo<\/li>\n<li>Seguridad de bloqueo del motor con cabeza elevada<\/li>\n<li>Protecci\u00f3n contra la sobrecarga del motor<\/li>\n<li>Fijaci\u00f3n frontal para accesorios opcionales<\/li>\n<li>Taz\u00f3n de acero inoxidable pulido con mango ergon\u00f3mico de 4,8 l.<\/li>\n<li>Pies antideslizantes<\/li>\n<li>Potencia 800 W<\/li>\n<li>Longitud del cable 1 m<\/li>\n<\/ul>\n<p><strong>FUNCIONES<\/strong><\/p>\n<ul>\n<li>10 niveles de velocidad con funci\u00f3n Smooth Start<\/li>\n<\/ul>\n<p><strong>CAPACIDAD<\/strong><\/p>\n<ul>\n<li>Cantidad m\u00e1xima de claras de huevo 12\/ min 2<\/li>\n<li>Masa para tartas m\u00e1x. 2 kg<\/li>\n<li>Masa para tartas m\u00e1x. 2,6 kg<\/li>\n<li>Masa de pan\/pizza\/pasta m\u00e1x. 1,8 Kg<\/li>\n<li>Nata montada m\u00e1x. 1L<\/li>\n<\/ul>\n<p><strong>ACCESORIOS INCLUIDOS<\/strong><\/p>\n<ul>\n<li>SMWW01 Batidor de alambre de acero inoxidable<\/li>\n<li>SMFB01 Batidor plano de aluminio<\/li>\n<li>SMDH01 Gancho para amasar de aluminio<\/li>\n<li>SMB401 4,8 Lt Recipiente de acero inoxidable<\/li>\n<li>SMPS01 Tapa de vertido antisalpicaduras<\/li>\n<\/ul>\n<p><strong>ESPECIFICACIONES EL\u00c9CTRICAS<\/strong><\/p>\n<ul>\n<li>Tensi\u00f3n 220-240 V<\/li>\n<li>Frecuencia 50 Hz<\/li>\n<\/ul>\n<p><strong>ACCESORIOS OPCIONALES<\/strong><\/p>\n<ul>\n<li>SMPC01 &#8211; Juego de corte de masa y de laminaci\u00f3n<\/li>\n<li>SMPR01 &#8211; Accesorio de hoja de masa<\/li>\n<li>SMSC01 &#8211; Accesorio para espaguetis<\/li>\n<li>SMFC01 &#8211; Accesorio para fettuccine<\/li>\n<li>SMTC01 &#8211; Accesorio para fideos<\/li>\n<\/ul>\n<p><span style=\"text-decoration: underline;\"><strong>No se vende fuera de Europa<\/strong><\/span><\/p>\n","protected":false},"excerpt":{"rendered":"<p>Serie SMEG 50s Objetos de encuentro simb\u00f3lico, iconos que transforman el espacio que ocupan, los nuevos peque\u00f1os de la l\u00ednea<\/p>\n","protected":false},"featured_media":460964,"template":"","meta":{"_acf_changed":false,"inline_featured_image":false},"product_cat":[16082,16073],"product_tag":[25183,23912,16307,16279,19877,25023],"acf":[],"yoast_head":"<!-- This site is optimized with the Yoast SEO Premium plugin v18.6 (Yoast SEO v19.13) - https:\/\/yoast.com\/wordpress\/plugins\/seo\/ -->\n<title>SMEG Est\u00e9tica 50s Amasadora SMF02 Rojo - Erresse Shop<\/title>\n<meta name=\"description\" content=\"Serie SMEG 50s Objetos de encuentro simb\u00f3lico, iconos que transforman el espacio que ocupan, los nuevos peque\u00f1os de la l\u00ednea Anni &#039;50s, dise\u00f1ados en\" \/>\n<meta name=\"robots\" content=\"index, follow, max-snippet:-1, max-image-preview:large, max-video-preview:-1\" \/>\n<link rel=\"canonical\" href=\"https:\/\/www.erresse-shop.it\/es\/shop\/pequenos-electrodomesticos\/amasadores\/smeg-estetica-50s-amasadora-smf02-rojo\/\" \/>\n<meta property=\"og:locale\" content=\"es_ES\" \/>\n<meta property=\"og:type\" content=\"article\" \/>\n<meta property=\"og:title\" content=\"SMEG Est\u00e9tica 50s Amasadora SMF02 Rojo\" \/>\n<meta property=\"og:description\" content=\"Serie SMEG 50s Objetos de encuentro simb\u00f3lico, iconos que transforman el espacio que ocupan, los nuevos peque\u00f1os de la l\u00ednea Anni &#039;50s, dise\u00f1ados en\" \/>\n<meta property=\"og:url\" content=\"https:\/\/www.erresse-shop.it\/es\/shop\/pequenos-electrodomesticos\/amasadores\/smeg-estetica-50s-amasadora-smf02-rojo\/\" \/>\n<meta property=\"og:site_name\" content=\"Erresse Shop\" \/>\n<meta property=\"article:modified_time\" content=\"2025-06-06T15:38:15+00:00\" \/>\n<meta property=\"og:image\" content=\"https:\/\/www.erresse-shop.it\/wp-content\/uploads\/2016\/04\/SMEG-Estetica-Anni-50-Impastatrice-SMF02-Rosso.png\" \/>\n\t<meta property=\"og:image:width\" content=\"800\" \/>\n\t<meta property=\"og:image:height\" content=\"800\" \/>\n\t<meta property=\"og:image:type\" content=\"image\/png\" \/>\n<meta name=\"twitter:card\" content=\"summary_large_image\" \/>\n<script type=\"application\/ld+json\" class=\"yoast-schema-graph\">{\"@context\":\"https:\/\/schema.org\",\"@graph\":[{\"@type\":\"WebPage\",\"@id\":\"https:\/\/www.erresse-shop.it\/es\/shop\/pequenos-electrodomesticos\/amasadores\/smeg-estetica-50s-amasadora-smf02-rojo\/\",\"url\":\"https:\/\/www.erresse-shop.it\/es\/shop\/pequenos-electrodomesticos\/amasadores\/smeg-estetica-50s-amasadora-smf02-rojo\/\",\"name\":\"SMEG Est\u00e9tica 50s Amasadora SMF02 Rojo - Erresse Shop\",\"isPartOf\":{\"@id\":\"https:\/\/www.erresse-shop.it\/es\/#website\"},\"datePublished\":\"2016-04-06T19:23:33+00:00\",\"dateModified\":\"2025-06-06T15:38:15+00:00\",\"description\":\"Serie SMEG 50s Objetos de encuentro simb\u00f3lico, iconos que transforman el espacio que ocupan, los nuevos peque\u00f1os de la l\u00ednea Anni '50s, dise\u00f1ados en\",\"breadcrumb\":{\"@id\":\"https:\/\/www.erresse-shop.it\/es\/shop\/pequenos-electrodomesticos\/amasadores\/smeg-estetica-50s-amasadora-smf02-rojo\/#breadcrumb\"},\"inLanguage\":\"es\",\"potentialAction\":[{\"@type\":\"ReadAction\",\"target\":[\"https:\/\/www.erresse-shop.it\/es\/shop\/pequenos-electrodomesticos\/amasadores\/smeg-estetica-50s-amasadora-smf02-rojo\/\"]}]},{\"@type\":\"BreadcrumbList\",\"@id\":\"https:\/\/www.erresse-shop.it\/es\/shop\/pequenos-electrodomesticos\/amasadores\/smeg-estetica-50s-amasadora-smf02-rojo\/#breadcrumb\",\"itemListElement\":[{\"@type\":\"ListItem\",\"position\":1,\"name\":\"Home\",\"item\":\"https:\/\/www.erresse-shop.it\/es\/\"},{\"@type\":\"ListItem\",\"position\":2,\"name\":\"Shop\",\"item\":\"https:\/\/www.erresse-shop.it\/es\/shop\/\"},{\"@type\":\"ListItem\",\"position\":3,\"name\":\"SMEG Est\u00e9tica 50s Amasadora SMF02 Rojo\"}]},{\"@type\":\"WebSite\",\"@id\":\"https:\/\/www.erresse-shop.it\/es\/#website\",\"url\":\"https:\/\/www.erresse-shop.it\/es\/\",\"name\":\"Erresse Shop\",\"description\":\"Articoli di qualit\u00e0 per la casa\",\"potentialAction\":[{\"@type\":\"SearchAction\",\"target\":{\"@type\":\"EntryPoint\",\"urlTemplate\":\"https:\/\/www.erresse-shop.it\/es\/?s={search_term_string}\"},\"query-input\":\"required name=search_term_string\"}],\"inLanguage\":\"es\"}]}<\/script>\n<!-- \/ Yoast SEO Premium plugin. -->","yoast_head_json":{"title":"SMEG Est\u00e9tica 50s Amasadora SMF02 Rojo - Erresse Shop","description":"Serie SMEG 50s Objetos de encuentro simb\u00f3lico, iconos que transforman el espacio que ocupan, los nuevos peque\u00f1os de la l\u00ednea Anni '50s, dise\u00f1ados en","robots":{"index":"index","follow":"follow","max-snippet":"max-snippet:-1","max-image-preview":"max-image-preview:large","max-video-preview":"max-video-preview:-1"},"canonical":"https:\/\/www.erresse-shop.it\/es\/shop\/pequenos-electrodomesticos\/amasadores\/smeg-estetica-50s-amasadora-smf02-rojo\/","og_locale":"es_ES","og_type":"article","og_title":"SMEG Est\u00e9tica 50s Amasadora SMF02 Rojo","og_description":"Serie SMEG 50s Objetos de encuentro simb\u00f3lico, iconos que transforman el espacio que ocupan, los nuevos peque\u00f1os de la l\u00ednea Anni '50s, dise\u00f1ados en","og_url":"https:\/\/www.erresse-shop.it\/es\/shop\/pequenos-electrodomesticos\/amasadores\/smeg-estetica-50s-amasadora-smf02-rojo\/","og_site_name":"Erresse Shop","article_modified_time":"2025-06-06T15:38:15+00:00","og_image":[{"width":800,"height":800,"url":"https:\/\/www.erresse-shop.it\/wp-content\/uploads\/2016\/04\/SMEG-Estetica-Anni-50-Impastatrice-SMF02-Rosso.png","type":"image\/png"}],"twitter_card":"summary_large_image","schema":{"@context":"https:\/\/schema.org","@graph":[{"@type":"WebPage","@id":"https:\/\/www.erresse-shop.it\/es\/shop\/pequenos-electrodomesticos\/amasadores\/smeg-estetica-50s-amasadora-smf02-rojo\/","url":"https:\/\/www.erresse-shop.it\/es\/shop\/pequenos-electrodomesticos\/amasadores\/smeg-estetica-50s-amasadora-smf02-rojo\/","name":"SMEG Est\u00e9tica 50s Amasadora SMF02 Rojo - Erresse Shop","isPartOf":{"@id":"https:\/\/www.erresse-shop.it\/es\/#website"},"datePublished":"2016-04-06T19:23:33+00:00","dateModified":"2025-06-06T15:38:15+00:00","description":"Serie SMEG 50s Objetos de encuentro simb\u00f3lico, iconos que transforman el espacio que ocupan, los nuevos peque\u00f1os de la l\u00ednea Anni '50s, dise\u00f1ados en","breadcrumb":{"@id":"https:\/\/www.erresse-shop.it\/es\/shop\/pequenos-electrodomesticos\/amasadores\/smeg-estetica-50s-amasadora-smf02-rojo\/#breadcrumb"},"inLanguage":"es","potentialAction":[{"@type":"ReadAction","target":["https:\/\/www.erresse-shop.it\/es\/shop\/pequenos-electrodomesticos\/amasadores\/smeg-estetica-50s-amasadora-smf02-rojo\/"]}]},{"@type":"BreadcrumbList","@id":"https:\/\/www.erresse-shop.it\/es\/shop\/pequenos-electrodomesticos\/amasadores\/smeg-estetica-50s-amasadora-smf02-rojo\/#breadcrumb","itemListElement":[{"@type":"ListItem","position":1,"name":"Home","item":"https:\/\/www.erresse-shop.it\/es\/"},{"@type":"ListItem","position":2,"name":"Shop","item":"https:\/\/www.erresse-shop.it\/es\/shop\/"},{"@type":"ListItem","position":3,"name":"SMEG Est\u00e9tica 50s Amasadora SMF02 Rojo"}]},{"@type":"WebSite","@id":"https:\/\/www.erresse-shop.it\/es\/#website","url":"https:\/\/www.erresse-shop.it\/es\/","name":"Erresse Shop","description":"Articoli di qualit\u00e0 per la casa","potentialAction":[{"@type":"SearchAction","target":{"@type":"EntryPoint","urlTemplate":"https:\/\/www.erresse-shop.it\/es\/?s={search_term_string}"},"query-input":"required name=search_term_string"}],"inLanguage":"es"}]}},"df_price":428.8,"df_sale_price":428.8,"df_regular_price":499,"df_image_link":"https:\/\/www.erresse-shop.it\/wp-content\/uploads\/2016\/04\/SMEG-Estetica-Anni-50-Impastatrice-SMF02-Rosso-300x300.jpg","_links":{"self":[{"href":"https:\/\/www.erresse-shop.it\/es\/wp-json\/wp\/v2\/product\/184946"}],"collection":[{"href":"https:\/\/www.erresse-shop.it\/es\/wp-json\/wp\/v2\/product"}],"about":[{"href":"https:\/\/www.erresse-shop.it\/es\/wp-json\/wp\/v2\/types\/product"}],"wp:featuredmedia":[{"embeddable":true,"href":"https:\/\/www.erresse-shop.it\/es\/wp-json\/wp\/v2\/media\/460964"}],"wp:attachment":[{"href":"https:\/\/www.erresse-shop.it\/es\/wp-json\/wp\/v2\/media?parent=184946"}],"wp:term":[{"taxonomy":"product_cat","embeddable":true,"href":"https:\/\/www.erresse-shop.it\/es\/wp-json\/wp\/v2\/product_cat?post=184946"},{"taxonomy":"product_tag","embeddable":true,"href":"https:\/\/www.erresse-shop.it\/es\/wp-json\/wp\/v2\/product_tag?post=184946"}],"curies":[{"name":"wp","href":"https:\/\/api.w.org\/{rel}","templated":true}]}}