{"id":184868,"date":"2017-09-18T11:10:07","date_gmt":"2017-09-18T11:10:07","guid":{"rendered":"https:\/\/www.erresse-shop.it\/shop\/sin categor\u00eda\/smeg-aesthetic-50s-hervidor-acero-inox-temperatura-variable\/"},"modified":"2017-09-18T11:10:07","modified_gmt":"2017-09-18T11:10:07","slug":"smeg-aesthetic-50s-hervidor-acero-inox-temperatura-variable","status":"publish","type":"product","link":"https:\/\/www.erresse-shop.it\/es\/shop\/pequenos-electrodomesticos\/hervidores-electricos\/smeg-aesthetic-50s-hervidor-acero-inox-temperatura-variable\/","title":{"rendered":"SMEG Aesthetic 50s Hervidor Acero Inox &#8211; Temperatura variable"},"content":{"rendered":"<p>Serie <strong>SMEG<\/strong> 50s<\/p>\n<p>Objetos de encuentro simb\u00f3lico, iconos que transforman el espacio que ocupan, los nuevos peque\u00f1os de la l\u00ednea Anni &#8217;50s, dise\u00f1ados en colaboraci\u00f3n con Matteo Bazzicalupo y Raffaella Mangiarotti de deepdesign, evocan otros tiempos y dan forma a los lugares cotidianos, invirtiendo lo que ya existe o ha existido con un nuevo significado, como ocurre en el arte y la memoria.<br \/>\nProductos con formas redondeadas y compactas, son protagonistas de la cocina, dise\u00f1ados para quienes desean tener una experiencia de chef pero no s\u00f3lo. Para los amantes de rodearse de objetos con un fuerte car\u00e1cter est\u00e9tico sin perder de vista las prestaciones de alta calidad.<\/p>\n<p><strong>RENDIMIENTO Y ESTILO<\/strong><br \/>\nCon su mezcla de tecnolog\u00eda y estilo ligeramente retro, el hervidor de Smeg hace que cada momento sea especial, desde el desayuno hasta el t\u00e9 de las cinco, desde una pausa r\u00e1pida hasta el relax de la noche. En un abrir y cerrar de ojos calienta el agua de forma precisa y eficaz. E incluso cuando no se usa, es una pena esconderlo, porque amuebla la cocina con la armon\u00eda de su forma y su color original.<\/p>\n<p><strong>M\u00c1XIMA EFICACIA<\/strong><br \/>\nCalienta el agua de forma precisa y eficaz en un instante. R\u00e1pida, segura y fiable, tiene una capacidad de 1,7 l, un cuerpo de acero inoxidable, una pr\u00e1ctica base con pies antideslizantes y un filtro anticalc\u00e1reo de acero inoxidable extra\u00edble y lavable.<\/p>\n<p><strong>EST\u00c9TICA<\/strong><\/p>\n<ul>\n<li>Cuerpo de acero inoxidable pintado<\/li>\n<li>Logotipo 3D<\/li>\n<li>Base de cromo pulido<\/li>\n<li>Pomo de la palanca de activaci\u00f3n del ciclo en acero inoxidable<\/li>\n<li>Ca\u00f1o de acero inoxidable<\/li>\n<li>Mango cromado<\/li>\n<\/ul>\n<p><strong>CARACTER\u00cdSTICAS T\u00c9CNICAS<\/strong><\/p>\n<ul>\n<li>Capacidad de la jarra 1,7 Lt\/ 7 tazas<\/li>\n<li>7 niveles de temperatura: 50\u00b0 C, 60\u00b0 C, 70\u00b0 C, 80\u00b0 C, 90\u00b0 C, 95\u00b0 C, 100\u00b0 C<\/li>\n<li>Apertura de la tapa con sistema &#8220;Soft Opening<\/li>\n<li>Doble indicador de nivel de agua Lt\/taza<\/li>\n<li>Filtro de cal de acero inoxidable, extra\u00edble<\/li>\n<li>Desconexi\u00f3n autom\u00e1tica al alcanzar la temperatura<\/li>\n<li>Desconexi\u00f3n autom\u00e1tica en ausencia de agua<\/li>\n<li>Base con conexi\u00f3n de 360\u00ba<\/li>\n<li>Elemento calefactor oculto<\/li>\n<li>Compartimento para bobinas de cable integrado<\/li>\n<li>Pies antideslizantes<\/li>\n<li>Potencia 2400 W<\/li>\n<li>Longitud del cable 1 m<\/li>\n<\/ul>\n<p><strong>ESPECIFICACIONES EL\u00c9CTRICAS<\/strong><\/p>\n<ul>\n<li>Tensi\u00f3n 220-240 V<\/li>\n<li>Frecuencia 50\/60 Hz<\/li>\n<li>Enchufe Schuko<\/li>\n<\/ul>\n<p><span style=\"text-decoration: underline;\"><strong>No se vende fuera de Europa<\/strong><\/span><\/p>\n","protected":false},"excerpt":{"rendered":"<p>Serie SMEG 50s Objetos de encuentro simb\u00f3lico, iconos que transforman el espacio que ocupan, los nuevos peque\u00f1os de la l\u00ednea<\/p>\n","protected":false},"featured_media":477221,"template":"","meta":{"_acf_changed":false,"inline_featured_image":false},"product_cat":[16074,16073],"product_tag":[25183,23912,16258,16307,19956,19957,20655,25023],"acf":[],"yoast_head":"<!-- This site is optimized with the Yoast SEO Premium plugin v18.6 (Yoast SEO v19.13) - https:\/\/yoast.com\/wordpress\/plugins\/seo\/ -->\n<title>SMEG Aesthetic 50s Hervidor Acero Inox - Temperatura variable - Erresse Shop<\/title>\n<meta name=\"description\" content=\"Serie SMEG 50s Objetos de encuentro simb\u00f3lico, iconos que transforman el espacio que ocupan, los nuevos peque\u00f1os de la l\u00ednea Anni &#039;50s, dise\u00f1ados en\" \/>\n<meta name=\"robots\" content=\"index, follow, max-snippet:-1, max-image-preview:large, max-video-preview:-1\" \/>\n<link rel=\"canonical\" href=\"https:\/\/www.erresse-shop.it\/es\/shop\/pequenos-electrodomesticos\/hervidores-electricos\/smeg-aesthetic-50s-hervidor-acero-inox-temperatura-variable\/\" \/>\n<meta property=\"og:locale\" content=\"es_ES\" \/>\n<meta property=\"og:type\" content=\"article\" \/>\n<meta property=\"og:title\" content=\"SMEG Aesthetic 50s Hervidor Acero Inox - Temperatura variable\" \/>\n<meta property=\"og:description\" content=\"Serie SMEG 50s Objetos de encuentro simb\u00f3lico, iconos que transforman el espacio que ocupan, los nuevos peque\u00f1os de la l\u00ednea Anni &#039;50s, dise\u00f1ados en\" \/>\n<meta property=\"og:url\" content=\"https:\/\/www.erresse-shop.it\/es\/shop\/pequenos-electrodomesticos\/hervidores-electricos\/smeg-aesthetic-50s-hervidor-acero-inox-temperatura-variable\/\" \/>\n<meta property=\"og:site_name\" content=\"Erresse Shop\" \/>\n<meta property=\"og:image\" content=\"https:\/\/www.erresse-shop.it\/wp-content\/uploads\/2017\/09\/SMEG-Estetica-Anni-50-Bollitore-Acciaio-Inox-Temperatura-variabile.png\" \/>\n\t<meta property=\"og:image:width\" content=\"800\" \/>\n\t<meta property=\"og:image:height\" content=\"800\" \/>\n\t<meta property=\"og:image:type\" content=\"image\/png\" \/>\n<meta name=\"twitter:card\" content=\"summary_large_image\" \/>\n<script type=\"application\/ld+json\" class=\"yoast-schema-graph\">{\"@context\":\"https:\/\/schema.org\",\"@graph\":[{\"@type\":\"WebPage\",\"@id\":\"https:\/\/www.erresse-shop.it\/es\/shop\/pequenos-electrodomesticos\/hervidores-electricos\/smeg-aesthetic-50s-hervidor-acero-inox-temperatura-variable\/\",\"url\":\"https:\/\/www.erresse-shop.it\/es\/shop\/pequenos-electrodomesticos\/hervidores-electricos\/smeg-aesthetic-50s-hervidor-acero-inox-temperatura-variable\/\",\"name\":\"SMEG Aesthetic 50s Hervidor Acero Inox - Temperatura variable - Erresse Shop\",\"isPartOf\":{\"@id\":\"https:\/\/www.erresse-shop.it\/es\/#website\"},\"datePublished\":\"2017-09-18T11:10:07+00:00\",\"dateModified\":\"2017-09-18T11:10:07+00:00\",\"description\":\"Serie SMEG 50s Objetos de encuentro simb\u00f3lico, iconos que transforman el espacio que ocupan, los nuevos peque\u00f1os de la l\u00ednea Anni '50s, dise\u00f1ados en\",\"breadcrumb\":{\"@id\":\"https:\/\/www.erresse-shop.it\/es\/shop\/pequenos-electrodomesticos\/hervidores-electricos\/smeg-aesthetic-50s-hervidor-acero-inox-temperatura-variable\/#breadcrumb\"},\"inLanguage\":\"es\",\"potentialAction\":[{\"@type\":\"ReadAction\",\"target\":[\"https:\/\/www.erresse-shop.it\/es\/shop\/pequenos-electrodomesticos\/hervidores-electricos\/smeg-aesthetic-50s-hervidor-acero-inox-temperatura-variable\/\"]}]},{\"@type\":\"BreadcrumbList\",\"@id\":\"https:\/\/www.erresse-shop.it\/es\/shop\/pequenos-electrodomesticos\/hervidores-electricos\/smeg-aesthetic-50s-hervidor-acero-inox-temperatura-variable\/#breadcrumb\",\"itemListElement\":[{\"@type\":\"ListItem\",\"position\":1,\"name\":\"Home\",\"item\":\"https:\/\/www.erresse-shop.it\/es\/\"},{\"@type\":\"ListItem\",\"position\":2,\"name\":\"Shop\",\"item\":\"https:\/\/www.erresse-shop.it\/es\/shop\/\"},{\"@type\":\"ListItem\",\"position\":3,\"name\":\"SMEG Aesthetic 50s Hervidor Acero Inox &#8211; Temperatura variable\"}]},{\"@type\":\"WebSite\",\"@id\":\"https:\/\/www.erresse-shop.it\/es\/#website\",\"url\":\"https:\/\/www.erresse-shop.it\/es\/\",\"name\":\"Erresse Shop\",\"description\":\"Articoli di qualit\u00e0 per la casa\",\"potentialAction\":[{\"@type\":\"SearchAction\",\"target\":{\"@type\":\"EntryPoint\",\"urlTemplate\":\"https:\/\/www.erresse-shop.it\/es\/?s={search_term_string}\"},\"query-input\":\"required name=search_term_string\"}],\"inLanguage\":\"es\"}]}<\/script>\n<!-- \/ Yoast SEO Premium plugin. -->","yoast_head_json":{"title":"SMEG Aesthetic 50s Hervidor Acero Inox - Temperatura variable - Erresse Shop","description":"Serie SMEG 50s Objetos de encuentro simb\u00f3lico, iconos que transforman el espacio que ocupan, los nuevos peque\u00f1os de la l\u00ednea Anni '50s, dise\u00f1ados en","robots":{"index":"index","follow":"follow","max-snippet":"max-snippet:-1","max-image-preview":"max-image-preview:large","max-video-preview":"max-video-preview:-1"},"canonical":"https:\/\/www.erresse-shop.it\/es\/shop\/pequenos-electrodomesticos\/hervidores-electricos\/smeg-aesthetic-50s-hervidor-acero-inox-temperatura-variable\/","og_locale":"es_ES","og_type":"article","og_title":"SMEG Aesthetic 50s Hervidor Acero Inox - Temperatura variable","og_description":"Serie SMEG 50s Objetos de encuentro simb\u00f3lico, iconos que transforman el espacio que ocupan, los nuevos peque\u00f1os de la l\u00ednea Anni '50s, dise\u00f1ados en","og_url":"https:\/\/www.erresse-shop.it\/es\/shop\/pequenos-electrodomesticos\/hervidores-electricos\/smeg-aesthetic-50s-hervidor-acero-inox-temperatura-variable\/","og_site_name":"Erresse Shop","og_image":[{"width":800,"height":800,"url":"https:\/\/www.erresse-shop.it\/wp-content\/uploads\/2017\/09\/SMEG-Estetica-Anni-50-Bollitore-Acciaio-Inox-Temperatura-variabile.png","type":"image\/png"}],"twitter_card":"summary_large_image","schema":{"@context":"https:\/\/schema.org","@graph":[{"@type":"WebPage","@id":"https:\/\/www.erresse-shop.it\/es\/shop\/pequenos-electrodomesticos\/hervidores-electricos\/smeg-aesthetic-50s-hervidor-acero-inox-temperatura-variable\/","url":"https:\/\/www.erresse-shop.it\/es\/shop\/pequenos-electrodomesticos\/hervidores-electricos\/smeg-aesthetic-50s-hervidor-acero-inox-temperatura-variable\/","name":"SMEG Aesthetic 50s Hervidor Acero Inox - Temperatura variable - Erresse Shop","isPartOf":{"@id":"https:\/\/www.erresse-shop.it\/es\/#website"},"datePublished":"2017-09-18T11:10:07+00:00","dateModified":"2017-09-18T11:10:07+00:00","description":"Serie SMEG 50s Objetos de encuentro simb\u00f3lico, iconos que transforman el espacio que ocupan, los nuevos peque\u00f1os de la l\u00ednea Anni '50s, dise\u00f1ados en","breadcrumb":{"@id":"https:\/\/www.erresse-shop.it\/es\/shop\/pequenos-electrodomesticos\/hervidores-electricos\/smeg-aesthetic-50s-hervidor-acero-inox-temperatura-variable\/#breadcrumb"},"inLanguage":"es","potentialAction":[{"@type":"ReadAction","target":["https:\/\/www.erresse-shop.it\/es\/shop\/pequenos-electrodomesticos\/hervidores-electricos\/smeg-aesthetic-50s-hervidor-acero-inox-temperatura-variable\/"]}]},{"@type":"BreadcrumbList","@id":"https:\/\/www.erresse-shop.it\/es\/shop\/pequenos-electrodomesticos\/hervidores-electricos\/smeg-aesthetic-50s-hervidor-acero-inox-temperatura-variable\/#breadcrumb","itemListElement":[{"@type":"ListItem","position":1,"name":"Home","item":"https:\/\/www.erresse-shop.it\/es\/"},{"@type":"ListItem","position":2,"name":"Shop","item":"https:\/\/www.erresse-shop.it\/es\/shop\/"},{"@type":"ListItem","position":3,"name":"SMEG Aesthetic 50s Hervidor Acero Inox &#8211; Temperatura variable"}]},{"@type":"WebSite","@id":"https:\/\/www.erresse-shop.it\/es\/#website","url":"https:\/\/www.erresse-shop.it\/es\/","name":"Erresse Shop","description":"Articoli di qualit\u00e0 per la casa","potentialAction":[{"@type":"SearchAction","target":{"@type":"EntryPoint","urlTemplate":"https:\/\/www.erresse-shop.it\/es\/?s={search_term_string}"},"query-input":"required name=search_term_string"}],"inLanguage":"es"}]}},"df_price":153.29999999999998,"df_sale_price":153.29999999999998,"df_regular_price":219,"df_image_link":"https:\/\/www.erresse-shop.it\/wp-content\/uploads\/2017\/09\/SMEG-Estetica-Anni-50-Bollitore-Acciaio-Inox-Temperatura-variabile-300x300.jpg","_links":{"self":[{"href":"https:\/\/www.erresse-shop.it\/es\/wp-json\/wp\/v2\/product\/184868"}],"collection":[{"href":"https:\/\/www.erresse-shop.it\/es\/wp-json\/wp\/v2\/product"}],"about":[{"href":"https:\/\/www.erresse-shop.it\/es\/wp-json\/wp\/v2\/types\/product"}],"wp:featuredmedia":[{"embeddable":true,"href":"https:\/\/www.erresse-shop.it\/es\/wp-json\/wp\/v2\/media\/477221"}],"wp:attachment":[{"href":"https:\/\/www.erresse-shop.it\/es\/wp-json\/wp\/v2\/media?parent=184868"}],"wp:term":[{"taxonomy":"product_cat","embeddable":true,"href":"https:\/\/www.erresse-shop.it\/es\/wp-json\/wp\/v2\/product_cat?post=184868"},{"taxonomy":"product_tag","embeddable":true,"href":"https:\/\/www.erresse-shop.it\/es\/wp-json\/wp\/v2\/product_tag?post=184868"}],"curies":[{"name":"wp","href":"https:\/\/api.w.org\/{rel}","templated":true}]}}