{"id":180822,"date":"2022-09-14T10:41:06","date_gmt":"2022-09-14T10:41:07","guid":{"rendered":"https:\/\/www.erresse-shop.it\/?post_type=product&#038;p=180822"},"modified":"2024-05-20T00:04:59","modified_gmt":"2024-05-20T00:04:59","slug":"bordallo-pinheiro-centro-mesa-platano-de-madeira-48-cm","status":"publish","type":"product","link":"https:\/\/www.erresse-shop.it\/es\/shop\/tabla\/bandejas\/bordallo-pinheiro-centro-mesa-platano-de-madeira-48-cm\/","title":{"rendered":"BORDALLO PINHEIRO Centro Mesa Pl\u00e1tano de Madeira 48 cm"},"content":{"rendered":"<p>Desarrollada en colaboraci\u00f3n con Nini Andrade Silva, una de las dise\u00f1adoras de interiores m\u00e1s reconocidas del mundo, nacida en la isla de Madeira, esta colecci\u00f3n rinde homenaje a uno de los elementos ic\u00f3nicos de la isla: el pl\u00e1tano. Diversas caracter\u00edsticas, como su corteza arrugada, sus grandes hojas verdes, su delicado tallo y la propia fruta, se transforman magistralmente en grandes platos y bandejas, peque\u00f1os cuencos y tazas, centros de mesa y otros hermosos accesorios de mesa que recrean un ambiente tropical.<br \/>\nLa experiencia de utilizar estos platos para la cena es especial. El cuidado y la pasi\u00f3n con que se fabrica la cer\u00e1mica confieren personalidad a cada pieza de la colecci\u00f3n Madeira.<br \/>\nLa colecci\u00f3n fue galardonada con los premios Iconic Awards 2020: Innovative Interior y el German Design Award 2020.<\/p>\n<p>Un plato para servir es mucho m\u00e1s que una simple fuente. Puede ser una forma de expresar la creatividad y el estilo personal.<br \/>\nEl plato central marr\u00f3n Madeira tiene un fuerte componente funcional y es adecuado para servir entremeses, guarniciones, frutas o verduras con un estilo lleno de encanto y personalidad. El plato de cer\u00e1mica de Madeira tambi\u00e9n puede desempe\u00f1ar con \u00e9xito el papel de objeto decorativo destacado. La est\u00e9tica \u00fanica inspirada en la naturaleza confiere personalidad a la pieza. Colocado en el centro de la mesa, el jarr\u00f3n se alzar\u00e1 majestuoso y deleitar\u00e1 todas las miradas.<br \/>\nPintado a mano, el jarr\u00f3n impresiona por sus detalles y el relieve de la cer\u00e1mica que le da un aspecto realista. Ya sea para un evento festivo o para una cena familiar, la fuente de servir Madeira complementar\u00e1 perfectamente una mesa memorable.<\/p>\n<p>El material de acabado de alta calidad y cuidadosamente elaborado garantiza una larga vida \u00fatil, lo que hace que la placa sea adecuada para el uso diario. Se puede lavar en el lavavajillas.<br \/>\nEl dise\u00f1o \u00fanico hace que el cuenco central Madeira sea un regalo inspirador para una persona importante. Se puede regalar con \u00e9xito en varias ocasiones especiales, como bodas, compromisos o fiestas de inauguraci\u00f3n. El cuenco de cer\u00e1mica ser\u00e1 sin duda un regalo memorable que dejar\u00e1 una impresi\u00f3n duradera.<\/p>\n<p><strong>Material:<\/strong> terracota<\/p>\n","protected":false},"excerpt":{"rendered":"<p>Desarrollada en colaboraci\u00f3n con Nini Andrade Silva, una de las dise\u00f1adoras de interiores m\u00e1s reconocidas del mundo, nacida en la<\/p>\n","protected":false},"featured_media":457339,"template":"","meta":{"_acf_changed":false,"inline_featured_image":false},"product_cat":[16036,16027],"product_tag":[25039,16805,16377,23912,18330,24605,25023],"acf":[],"yoast_head":"<!-- This site is optimized with the Yoast SEO Premium plugin v18.6 (Yoast SEO v19.13) - https:\/\/yoast.com\/wordpress\/plugins\/seo\/ -->\n<title>BORDALLO PINHEIRO Centro Mesa Pl\u00e1tano de Madeira 48 cm - Erresse Shop<\/title>\n<meta name=\"description\" content=\"Desarrollada en colaboraci\u00f3n con Nini Andrade Silva, una de las dise\u00f1adoras de interiores m\u00e1s reconocidas del mundo, nacida en la isla de Madeira, esta\" \/>\n<meta name=\"robots\" content=\"index, follow, max-snippet:-1, max-image-preview:large, max-video-preview:-1\" \/>\n<link rel=\"canonical\" href=\"https:\/\/www.erresse-shop.it\/es\/shop\/tabla\/bandejas\/bordallo-pinheiro-centro-mesa-platano-de-madeira-48-cm\/\" \/>\n<meta property=\"og:locale\" content=\"es_ES\" \/>\n<meta property=\"og:type\" content=\"article\" \/>\n<meta property=\"og:title\" content=\"BORDALLO PINHEIRO Centro Mesa Pl\u00e1tano de Madeira 48 cm\" \/>\n<meta property=\"og:description\" content=\"Desarrollada en colaboraci\u00f3n con Nini Andrade Silva, una de las dise\u00f1adoras de interiores m\u00e1s reconocidas del mundo, nacida en la isla de Madeira, esta\" \/>\n<meta property=\"og:url\" content=\"https:\/\/www.erresse-shop.it\/es\/shop\/tabla\/bandejas\/bordallo-pinheiro-centro-mesa-platano-de-madeira-48-cm\/\" \/>\n<meta property=\"og:site_name\" content=\"Erresse Shop\" \/>\n<meta property=\"article:modified_time\" content=\"2024-05-20T00:04:59+00:00\" \/>\n<meta property=\"og:image\" content=\"https:\/\/www.erresse-shop.it\/wp-content\/uploads\/2022\/09\/BORDALLO-PINHEIRO-Centrotavola-Banana-di-Madeira-48-cm.png\" \/>\n\t<meta property=\"og:image:width\" content=\"800\" \/>\n\t<meta property=\"og:image:height\" content=\"800\" \/>\n\t<meta property=\"og:image:type\" content=\"image\/png\" \/>\n<meta name=\"twitter:card\" content=\"summary_large_image\" \/>\n<script type=\"application\/ld+json\" class=\"yoast-schema-graph\">{\"@context\":\"https:\/\/schema.org\",\"@graph\":[{\"@type\":\"WebPage\",\"@id\":\"https:\/\/www.erresse-shop.it\/es\/shop\/tabla\/bandejas\/bordallo-pinheiro-centro-mesa-platano-de-madeira-48-cm\/\",\"url\":\"https:\/\/www.erresse-shop.it\/es\/shop\/tabla\/bandejas\/bordallo-pinheiro-centro-mesa-platano-de-madeira-48-cm\/\",\"name\":\"BORDALLO PINHEIRO Centro Mesa Pl\u00e1tano de Madeira 48 cm - Erresse Shop\",\"isPartOf\":{\"@id\":\"https:\/\/www.erresse-shop.it\/es\/#website\"},\"datePublished\":\"2022-09-14T10:41:07+00:00\",\"dateModified\":\"2024-05-20T00:04:59+00:00\",\"description\":\"Desarrollada en colaboraci\u00f3n con Nini Andrade Silva, una de las dise\u00f1adoras de interiores m\u00e1s reconocidas del mundo, nacida en la isla de Madeira, esta\",\"breadcrumb\":{\"@id\":\"https:\/\/www.erresse-shop.it\/es\/shop\/tabla\/bandejas\/bordallo-pinheiro-centro-mesa-platano-de-madeira-48-cm\/#breadcrumb\"},\"inLanguage\":\"es\",\"potentialAction\":[{\"@type\":\"ReadAction\",\"target\":[\"https:\/\/www.erresse-shop.it\/es\/shop\/tabla\/bandejas\/bordallo-pinheiro-centro-mesa-platano-de-madeira-48-cm\/\"]}]},{\"@type\":\"BreadcrumbList\",\"@id\":\"https:\/\/www.erresse-shop.it\/es\/shop\/tabla\/bandejas\/bordallo-pinheiro-centro-mesa-platano-de-madeira-48-cm\/#breadcrumb\",\"itemListElement\":[{\"@type\":\"ListItem\",\"position\":1,\"name\":\"Home\",\"item\":\"https:\/\/www.erresse-shop.it\/es\/\"},{\"@type\":\"ListItem\",\"position\":2,\"name\":\"Shop\",\"item\":\"https:\/\/www.erresse-shop.it\/es\/shop\/\"},{\"@type\":\"ListItem\",\"position\":3,\"name\":\"BORDALLO PINHEIRO Centro Mesa Pl\u00e1tano de Madeira 48 cm\"}]},{\"@type\":\"WebSite\",\"@id\":\"https:\/\/www.erresse-shop.it\/es\/#website\",\"url\":\"https:\/\/www.erresse-shop.it\/es\/\",\"name\":\"Erresse Shop\",\"description\":\"Articoli di qualit\u00e0 per la casa\",\"potentialAction\":[{\"@type\":\"SearchAction\",\"target\":{\"@type\":\"EntryPoint\",\"urlTemplate\":\"https:\/\/www.erresse-shop.it\/es\/?s={search_term_string}\"},\"query-input\":\"required name=search_term_string\"}],\"inLanguage\":\"es\"}]}<\/script>\n<!-- \/ Yoast SEO Premium plugin. -->","yoast_head_json":{"title":"BORDALLO PINHEIRO Centro Mesa Pl\u00e1tano de Madeira 48 cm - Erresse Shop","description":"Desarrollada en colaboraci\u00f3n con Nini Andrade Silva, una de las dise\u00f1adoras de interiores m\u00e1s reconocidas del mundo, nacida en la isla de Madeira, esta","robots":{"index":"index","follow":"follow","max-snippet":"max-snippet:-1","max-image-preview":"max-image-preview:large","max-video-preview":"max-video-preview:-1"},"canonical":"https:\/\/www.erresse-shop.it\/es\/shop\/tabla\/bandejas\/bordallo-pinheiro-centro-mesa-platano-de-madeira-48-cm\/","og_locale":"es_ES","og_type":"article","og_title":"BORDALLO PINHEIRO Centro Mesa Pl\u00e1tano de Madeira 48 cm","og_description":"Desarrollada en colaboraci\u00f3n con Nini Andrade Silva, una de las dise\u00f1adoras de interiores m\u00e1s reconocidas del mundo, nacida en la isla de Madeira, esta","og_url":"https:\/\/www.erresse-shop.it\/es\/shop\/tabla\/bandejas\/bordallo-pinheiro-centro-mesa-platano-de-madeira-48-cm\/","og_site_name":"Erresse Shop","article_modified_time":"2024-05-20T00:04:59+00:00","og_image":[{"width":800,"height":800,"url":"https:\/\/www.erresse-shop.it\/wp-content\/uploads\/2022\/09\/BORDALLO-PINHEIRO-Centrotavola-Banana-di-Madeira-48-cm.png","type":"image\/png"}],"twitter_card":"summary_large_image","schema":{"@context":"https:\/\/schema.org","@graph":[{"@type":"WebPage","@id":"https:\/\/www.erresse-shop.it\/es\/shop\/tabla\/bandejas\/bordallo-pinheiro-centro-mesa-platano-de-madeira-48-cm\/","url":"https:\/\/www.erresse-shop.it\/es\/shop\/tabla\/bandejas\/bordallo-pinheiro-centro-mesa-platano-de-madeira-48-cm\/","name":"BORDALLO PINHEIRO Centro Mesa Pl\u00e1tano de Madeira 48 cm - Erresse Shop","isPartOf":{"@id":"https:\/\/www.erresse-shop.it\/es\/#website"},"datePublished":"2022-09-14T10:41:07+00:00","dateModified":"2024-05-20T00:04:59+00:00","description":"Desarrollada en colaboraci\u00f3n con Nini Andrade Silva, una de las dise\u00f1adoras de interiores m\u00e1s reconocidas del mundo, nacida en la isla de Madeira, esta","breadcrumb":{"@id":"https:\/\/www.erresse-shop.it\/es\/shop\/tabla\/bandejas\/bordallo-pinheiro-centro-mesa-platano-de-madeira-48-cm\/#breadcrumb"},"inLanguage":"es","potentialAction":[{"@type":"ReadAction","target":["https:\/\/www.erresse-shop.it\/es\/shop\/tabla\/bandejas\/bordallo-pinheiro-centro-mesa-platano-de-madeira-48-cm\/"]}]},{"@type":"BreadcrumbList","@id":"https:\/\/www.erresse-shop.it\/es\/shop\/tabla\/bandejas\/bordallo-pinheiro-centro-mesa-platano-de-madeira-48-cm\/#breadcrumb","itemListElement":[{"@type":"ListItem","position":1,"name":"Home","item":"https:\/\/www.erresse-shop.it\/es\/"},{"@type":"ListItem","position":2,"name":"Shop","item":"https:\/\/www.erresse-shop.it\/es\/shop\/"},{"@type":"ListItem","position":3,"name":"BORDALLO PINHEIRO Centro Mesa Pl\u00e1tano de Madeira 48 cm"}]},{"@type":"WebSite","@id":"https:\/\/www.erresse-shop.it\/es\/#website","url":"https:\/\/www.erresse-shop.it\/es\/","name":"Erresse Shop","description":"Articoli di qualit\u00e0 per la casa","potentialAction":[{"@type":"SearchAction","target":{"@type":"EntryPoint","urlTemplate":"https:\/\/www.erresse-shop.it\/es\/?s={search_term_string}"},"query-input":"required name=search_term_string"}],"inLanguage":"es"}]}},"df_price":76.95,"df_sale_price":76.95,"df_regular_price":171,"df_image_link":"https:\/\/www.erresse-shop.it\/wp-content\/uploads\/2022\/09\/BORDALLO-PINHEIRO-Centrotavola-Banana-di-Madeira-48-cm-300x300.jpg","_links":{"self":[{"href":"https:\/\/www.erresse-shop.it\/es\/wp-json\/wp\/v2\/product\/180822"}],"collection":[{"href":"https:\/\/www.erresse-shop.it\/es\/wp-json\/wp\/v2\/product"}],"about":[{"href":"https:\/\/www.erresse-shop.it\/es\/wp-json\/wp\/v2\/types\/product"}],"wp:featuredmedia":[{"embeddable":true,"href":"https:\/\/www.erresse-shop.it\/es\/wp-json\/wp\/v2\/media\/457339"}],"wp:attachment":[{"href":"https:\/\/www.erresse-shop.it\/es\/wp-json\/wp\/v2\/media?parent=180822"}],"wp:term":[{"taxonomy":"product_cat","embeddable":true,"href":"https:\/\/www.erresse-shop.it\/es\/wp-json\/wp\/v2\/product_cat?post=180822"},{"taxonomy":"product_tag","embeddable":true,"href":"https:\/\/www.erresse-shop.it\/es\/wp-json\/wp\/v2\/product_tag?post=180822"}],"curies":[{"name":"wp","href":"https:\/\/api.w.org\/{rel}","templated":true}]}}