{"id":180810,"date":"2022-09-14T10:23:23","date_gmt":"2022-09-14T10:23:24","guid":{"rendered":"https:\/\/www.erresse-shop.it\/?post_type=product&#038;p=180810"},"modified":"2022-09-14T10:29:18","modified_gmt":"2022-09-14T10:29:18","slug":"bordallo-pinheiro-bandeja-kiwi-40-cm","status":"publish","type":"product","link":"https:\/\/www.erresse-shop.it\/es\/shop\/tabla\/bandejas\/bordallo-pinheiro-bandeja-kiwi-40-cm\/","title":{"rendered":"BORDALLO PINHEIRO Bandeja Kiwi 40 cm"},"content":{"rendered":"<p>La colecci\u00f3n Tropical Fruit es un canto a la exuberancia y los detalles de la naturaleza en su estado m\u00e1s puro. El kiwi, la fruta del drag\u00f3n, la fruta de la pasi\u00f3n, la papaya, la anona, el coco y el aguacate han sido recreados con diversas t\u00e9cnicas manuales que dan colores, texturas y relieves tan reales que nos hacen sentir que estamos en medio de la selva.<\/p>\n<p>&#8220;Para reproducir caracter\u00edsticas como las semillas y la textura, se utiliz\u00f3 la fruta en diferentes etapas del proceso. Las texturas, por ejemplo, se reprodujeron a partir de la fruta despu\u00e9s del secado, que se utiliz\u00f3 para moldear la arcilla. En este proceso se utilizaron diversas herramientas tradicionales y t\u00e9cnicas ancestrales. Todo el proceso fue muy exigente y llev\u00f3 mucho tiempo, culminando en una l\u00ednea est\u00e9tica y t\u00e9cnica muy rica y ecl\u00e9ctica, en la que destacan claramente las operaciones manuales&#8221;, dice el dise\u00f1ador coordinador de Bordallo Pinheiro, Francisco Vieira Martins, sobre el proceso creativo y las complejas etapas de producci\u00f3n.<\/p>\n<p>La fuente ovalada inspirada en la est\u00e9tica de un kiwi es adecuada para servir fruta o diversos aperitivos.<br \/>\nPintada a mano, esta fuente impresiona por sus detalles y el relieve de la cer\u00e1mica que le da un aspecto realista. Ya sea para un evento festivo o para una cena familiar, la bandeja ovalada Kiwi de frutas tropicales complementa perfectamente un ambiente excepcional.<\/p>\n<p><strong>Material:<\/strong> terracota<\/p>\n","protected":false},"excerpt":{"rendered":"<p>La colecci\u00f3n Tropical Fruit es un canto a la exuberancia y los detalles de la naturaleza en su estado m\u00e1s<\/p>\n","protected":false},"featured_media":180652,"template":"","meta":{"_acf_changed":false,"inline_featured_image":false},"product_cat":[16036,16027],"product_tag":[16377,23912,18330,20606,24605],"acf":[],"yoast_head":"<!-- This site is optimized with the Yoast SEO Premium plugin v18.6 (Yoast SEO v19.13) - https:\/\/yoast.com\/wordpress\/plugins\/seo\/ -->\n<title>BORDALLO PINHEIRO Bandeja Kiwi 40 cm - Erresse Shop<\/title>\n<meta name=\"description\" content=\"La colecci\u00f3n Tropical Fruit es un canto a la exuberancia y los detalles de la naturaleza en su estado m\u00e1s puro. El kiwi, la fruta del drag\u00f3n, la fruta de\" \/>\n<meta name=\"robots\" content=\"index, follow, max-snippet:-1, max-image-preview:large, max-video-preview:-1\" \/>\n<link rel=\"canonical\" href=\"https:\/\/www.erresse-shop.it\/es\/shop\/tabla\/bandejas\/bordallo-pinheiro-bandeja-kiwi-40-cm\/\" \/>\n<meta property=\"og:locale\" content=\"es_ES\" \/>\n<meta property=\"og:type\" content=\"article\" \/>\n<meta property=\"og:title\" content=\"BORDALLO PINHEIRO Bandeja Kiwi 40 cm\" \/>\n<meta property=\"og:description\" content=\"La colecci\u00f3n Tropical Fruit es un canto a la exuberancia y los detalles de la naturaleza en su estado m\u00e1s puro. El kiwi, la fruta del drag\u00f3n, la fruta de\" \/>\n<meta property=\"og:url\" content=\"https:\/\/www.erresse-shop.it\/es\/shop\/tabla\/bandejas\/bordallo-pinheiro-bandeja-kiwi-40-cm\/\" \/>\n<meta property=\"og:site_name\" content=\"Erresse Shop\" \/>\n<meta property=\"article:modified_time\" content=\"2022-09-14T10:29:18+00:00\" \/>\n<meta property=\"og:image\" content=\"https:\/\/www.erresse-shop.it\/wp-content\/uploads\/2022\/09\/BORDALLO-PINHEIRO-Vassoio-Kiwi.jpg\" \/>\n\t<meta property=\"og:image:width\" content=\"800\" \/>\n\t<meta property=\"og:image:height\" content=\"800\" \/>\n\t<meta property=\"og:image:type\" content=\"image\/jpeg\" \/>\n<meta name=\"twitter:card\" content=\"summary_large_image\" \/>\n<script type=\"application\/ld+json\" class=\"yoast-schema-graph\">{\"@context\":\"https:\/\/schema.org\",\"@graph\":[{\"@type\":\"WebPage\",\"@id\":\"https:\/\/www.erresse-shop.it\/es\/shop\/tabla\/bandejas\/bordallo-pinheiro-bandeja-kiwi-40-cm\/\",\"url\":\"https:\/\/www.erresse-shop.it\/es\/shop\/tabla\/bandejas\/bordallo-pinheiro-bandeja-kiwi-40-cm\/\",\"name\":\"BORDALLO PINHEIRO Bandeja Kiwi 40 cm - Erresse Shop\",\"isPartOf\":{\"@id\":\"https:\/\/www.erresse-shop.it\/es\/#website\"},\"datePublished\":\"2022-09-14T10:23:24+00:00\",\"dateModified\":\"2022-09-14T10:29:18+00:00\",\"description\":\"La colecci\u00f3n Tropical Fruit es un canto a la exuberancia y los detalles de la naturaleza en su estado m\u00e1s puro. El kiwi, la fruta del drag\u00f3n, la fruta de\",\"breadcrumb\":{\"@id\":\"https:\/\/www.erresse-shop.it\/es\/shop\/tabla\/bandejas\/bordallo-pinheiro-bandeja-kiwi-40-cm\/#breadcrumb\"},\"inLanguage\":\"es\",\"potentialAction\":[{\"@type\":\"ReadAction\",\"target\":[\"https:\/\/www.erresse-shop.it\/es\/shop\/tabla\/bandejas\/bordallo-pinheiro-bandeja-kiwi-40-cm\/\"]}]},{\"@type\":\"BreadcrumbList\",\"@id\":\"https:\/\/www.erresse-shop.it\/es\/shop\/tabla\/bandejas\/bordallo-pinheiro-bandeja-kiwi-40-cm\/#breadcrumb\",\"itemListElement\":[{\"@type\":\"ListItem\",\"position\":1,\"name\":\"Home\",\"item\":\"https:\/\/www.erresse-shop.it\/es\/\"},{\"@type\":\"ListItem\",\"position\":2,\"name\":\"Shop\",\"item\":\"https:\/\/www.erresse-shop.it\/es\/shop\/\"},{\"@type\":\"ListItem\",\"position\":3,\"name\":\"BORDALLO PINHEIRO Bandeja Kiwi 40 cm\"}]},{\"@type\":\"WebSite\",\"@id\":\"https:\/\/www.erresse-shop.it\/es\/#website\",\"url\":\"https:\/\/www.erresse-shop.it\/es\/\",\"name\":\"Erresse Shop\",\"description\":\"Articoli di qualit\u00e0 per la casa\",\"potentialAction\":[{\"@type\":\"SearchAction\",\"target\":{\"@type\":\"EntryPoint\",\"urlTemplate\":\"https:\/\/www.erresse-shop.it\/es\/?s={search_term_string}\"},\"query-input\":\"required name=search_term_string\"}],\"inLanguage\":\"es\"}]}<\/script>\n<!-- \/ Yoast SEO Premium plugin. -->","yoast_head_json":{"title":"BORDALLO PINHEIRO Bandeja Kiwi 40 cm - Erresse Shop","description":"La colecci\u00f3n Tropical Fruit es un canto a la exuberancia y los detalles de la naturaleza en su estado m\u00e1s puro. El kiwi, la fruta del drag\u00f3n, la fruta de","robots":{"index":"index","follow":"follow","max-snippet":"max-snippet:-1","max-image-preview":"max-image-preview:large","max-video-preview":"max-video-preview:-1"},"canonical":"https:\/\/www.erresse-shop.it\/es\/shop\/tabla\/bandejas\/bordallo-pinheiro-bandeja-kiwi-40-cm\/","og_locale":"es_ES","og_type":"article","og_title":"BORDALLO PINHEIRO Bandeja Kiwi 40 cm","og_description":"La colecci\u00f3n Tropical Fruit es un canto a la exuberancia y los detalles de la naturaleza en su estado m\u00e1s puro. El kiwi, la fruta del drag\u00f3n, la fruta de","og_url":"https:\/\/www.erresse-shop.it\/es\/shop\/tabla\/bandejas\/bordallo-pinheiro-bandeja-kiwi-40-cm\/","og_site_name":"Erresse Shop","article_modified_time":"2022-09-14T10:29:18+00:00","og_image":[{"width":800,"height":800,"url":"https:\/\/www.erresse-shop.it\/wp-content\/uploads\/2022\/09\/BORDALLO-PINHEIRO-Vassoio-Kiwi.jpg","type":"image\/jpeg"}],"twitter_card":"summary_large_image","schema":{"@context":"https:\/\/schema.org","@graph":[{"@type":"WebPage","@id":"https:\/\/www.erresse-shop.it\/es\/shop\/tabla\/bandejas\/bordallo-pinheiro-bandeja-kiwi-40-cm\/","url":"https:\/\/www.erresse-shop.it\/es\/shop\/tabla\/bandejas\/bordallo-pinheiro-bandeja-kiwi-40-cm\/","name":"BORDALLO PINHEIRO Bandeja Kiwi 40 cm - Erresse Shop","isPartOf":{"@id":"https:\/\/www.erresse-shop.it\/es\/#website"},"datePublished":"2022-09-14T10:23:24+00:00","dateModified":"2022-09-14T10:29:18+00:00","description":"La colecci\u00f3n Tropical Fruit es un canto a la exuberancia y los detalles de la naturaleza en su estado m\u00e1s puro. El kiwi, la fruta del drag\u00f3n, la fruta de","breadcrumb":{"@id":"https:\/\/www.erresse-shop.it\/es\/shop\/tabla\/bandejas\/bordallo-pinheiro-bandeja-kiwi-40-cm\/#breadcrumb"},"inLanguage":"es","potentialAction":[{"@type":"ReadAction","target":["https:\/\/www.erresse-shop.it\/es\/shop\/tabla\/bandejas\/bordallo-pinheiro-bandeja-kiwi-40-cm\/"]}]},{"@type":"BreadcrumbList","@id":"https:\/\/www.erresse-shop.it\/es\/shop\/tabla\/bandejas\/bordallo-pinheiro-bandeja-kiwi-40-cm\/#breadcrumb","itemListElement":[{"@type":"ListItem","position":1,"name":"Home","item":"https:\/\/www.erresse-shop.it\/es\/"},{"@type":"ListItem","position":2,"name":"Shop","item":"https:\/\/www.erresse-shop.it\/es\/shop\/"},{"@type":"ListItem","position":3,"name":"BORDALLO PINHEIRO Bandeja Kiwi 40 cm"}]},{"@type":"WebSite","@id":"https:\/\/www.erresse-shop.it\/es\/#website","url":"https:\/\/www.erresse-shop.it\/es\/","name":"Erresse Shop","description":"Articoli di qualit\u00e0 per la casa","potentialAction":[{"@type":"SearchAction","target":{"@type":"EntryPoint","urlTemplate":"https:\/\/www.erresse-shop.it\/es\/?s={search_term_string}"},"query-input":"required name=search_term_string"}],"inLanguage":"es"}]}},"df_price":40.050000000000004,"df_sale_price":40.050000000000004,"df_regular_price":89,"df_image_link":"https:\/\/www.erresse-shop.it\/wp-content\/uploads\/2022\/09\/BORDALLO-PINHEIRO-Vassoio-Kiwi-300x300.jpg","_links":{"self":[{"href":"https:\/\/www.erresse-shop.it\/es\/wp-json\/wp\/v2\/product\/180810"}],"collection":[{"href":"https:\/\/www.erresse-shop.it\/es\/wp-json\/wp\/v2\/product"}],"about":[{"href":"https:\/\/www.erresse-shop.it\/es\/wp-json\/wp\/v2\/types\/product"}],"wp:featuredmedia":[{"embeddable":true,"href":"https:\/\/www.erresse-shop.it\/es\/wp-json\/wp\/v2\/media\/180652"}],"wp:attachment":[{"href":"https:\/\/www.erresse-shop.it\/es\/wp-json\/wp\/v2\/media?parent=180810"}],"wp:term":[{"taxonomy":"product_cat","embeddable":true,"href":"https:\/\/www.erresse-shop.it\/es\/wp-json\/wp\/v2\/product_cat?post=180810"},{"taxonomy":"product_tag","embeddable":true,"href":"https:\/\/www.erresse-shop.it\/es\/wp-json\/wp\/v2\/product_tag?post=180810"}],"curies":[{"name":"wp","href":"https:\/\/api.w.org\/{rel}","templated":true}]}}