{"id":180710,"date":"2022-09-14T06:52:24","date_gmt":"2022-09-14T06:52:26","guid":{"rendered":"https:\/\/www.erresse-shop.it\/?post_type=product&#038;p=180710"},"modified":"2023-09-25T13:11:16","modified_gmt":"2023-09-25T13:11:16","slug":"bordallo-pinheiro-jarra-pina","status":"publish","type":"product","link":"https:\/\/www.erresse-shop.it\/es\/shop\/tabla\/jarras-garaffas-botellas\/bordallo-pinheiro-jarra-pina\/","title":{"rendered":"BORDALLO PINHEIRO Jarra Pi\u00f1a"},"content":{"rendered":"<p>Jarra de cer\u00e1mica, de forma inusual y caracter\u00edstica, hecha con relieves, colores y decoraciones naturalistas, elaborada por la experiencia h\u00e1bil y tradicional de los maestros artesanos portugueses, un cuidadoso trabajo manual desde el modelado, hasta la decoraci\u00f3n que hace que cada pieza sea \u00fanica y original. Se puede lavar en el lavavajillas.<\/p>\n<p><strong>Material:<\/strong> terracota<\/p>\n","protected":false},"excerpt":{"rendered":"<p>Jarra de cer\u00e1mica, de forma inusual y caracter\u00edstica, hecha con relieves, colores y decoraciones naturalistas, elaborada por la experiencia h\u00e1bil<\/p>\n","protected":false},"featured_media":180592,"template":"","meta":{"_acf_changed":false,"inline_featured_image":false},"product_cat":[16029,16027],"product_tag":[23912,24871,16413,16314,20539,24605],"acf":[],"yoast_head":"<!-- This site is optimized with the Yoast SEO Premium plugin v18.6 (Yoast SEO v19.13) - https:\/\/yoast.com\/wordpress\/plugins\/seo\/ -->\n<title>BORDALLO PINHEIRO Jarra Pi\u00f1a - Erresse Shop<\/title>\n<meta name=\"description\" content=\"Jarra de cer\u00e1mica, de forma inusual y caracter\u00edstica, hecha con relieves, colores y decoraciones naturalistas, elaborada por la experiencia h\u00e1bil y\" \/>\n<meta name=\"robots\" content=\"index, follow, max-snippet:-1, max-image-preview:large, max-video-preview:-1\" \/>\n<link rel=\"canonical\" href=\"https:\/\/www.erresse-shop.it\/es\/shop\/tabla\/jarras-garaffas-botellas\/bordallo-pinheiro-jarra-pina\/\" \/>\n<meta property=\"og:locale\" content=\"es_ES\" \/>\n<meta property=\"og:type\" content=\"article\" \/>\n<meta property=\"og:title\" content=\"BORDALLO PINHEIRO Jarra Pi\u00f1a\" \/>\n<meta property=\"og:description\" content=\"Jarra de cer\u00e1mica, de forma inusual y caracter\u00edstica, hecha con relieves, colores y decoraciones naturalistas, elaborada por la experiencia h\u00e1bil y\" \/>\n<meta property=\"og:url\" content=\"https:\/\/www.erresse-shop.it\/es\/shop\/tabla\/jarras-garaffas-botellas\/bordallo-pinheiro-jarra-pina\/\" \/>\n<meta property=\"og:site_name\" content=\"Erresse Shop\" \/>\n<meta property=\"article:modified_time\" content=\"2023-09-25T13:11:16+00:00\" \/>\n<meta property=\"og:image\" content=\"https:\/\/www.erresse-shop.it\/wp-content\/uploads\/2022\/09\/BORDALLO-PINHEIRO-Caraffa-Ananas.jpg\" \/>\n\t<meta property=\"og:image:width\" content=\"800\" \/>\n\t<meta property=\"og:image:height\" content=\"800\" \/>\n\t<meta property=\"og:image:type\" content=\"image\/jpeg\" \/>\n<meta name=\"twitter:card\" content=\"summary_large_image\" \/>\n<script type=\"application\/ld+json\" class=\"yoast-schema-graph\">{\"@context\":\"https:\/\/schema.org\",\"@graph\":[{\"@type\":\"WebPage\",\"@id\":\"https:\/\/www.erresse-shop.it\/es\/shop\/tabla\/jarras-garaffas-botellas\/bordallo-pinheiro-jarra-pina\/\",\"url\":\"https:\/\/www.erresse-shop.it\/es\/shop\/tabla\/jarras-garaffas-botellas\/bordallo-pinheiro-jarra-pina\/\",\"name\":\"BORDALLO PINHEIRO Jarra Pi\u00f1a - Erresse Shop\",\"isPartOf\":{\"@id\":\"https:\/\/www.erresse-shop.it\/es\/#website\"},\"datePublished\":\"2022-09-14T06:52:26+00:00\",\"dateModified\":\"2023-09-25T13:11:16+00:00\",\"description\":\"Jarra de cer\u00e1mica, de forma inusual y caracter\u00edstica, hecha con relieves, colores y decoraciones naturalistas, elaborada por la experiencia h\u00e1bil y\",\"breadcrumb\":{\"@id\":\"https:\/\/www.erresse-shop.it\/es\/shop\/tabla\/jarras-garaffas-botellas\/bordallo-pinheiro-jarra-pina\/#breadcrumb\"},\"inLanguage\":\"es\",\"potentialAction\":[{\"@type\":\"ReadAction\",\"target\":[\"https:\/\/www.erresse-shop.it\/es\/shop\/tabla\/jarras-garaffas-botellas\/bordallo-pinheiro-jarra-pina\/\"]}]},{\"@type\":\"BreadcrumbList\",\"@id\":\"https:\/\/www.erresse-shop.it\/es\/shop\/tabla\/jarras-garaffas-botellas\/bordallo-pinheiro-jarra-pina\/#breadcrumb\",\"itemListElement\":[{\"@type\":\"ListItem\",\"position\":1,\"name\":\"Home\",\"item\":\"https:\/\/www.erresse-shop.it\/es\/\"},{\"@type\":\"ListItem\",\"position\":2,\"name\":\"Shop\",\"item\":\"https:\/\/www.erresse-shop.it\/es\/shop\/\"},{\"@type\":\"ListItem\",\"position\":3,\"name\":\"BORDALLO PINHEIRO Jarra Pi\u00f1a\"}]},{\"@type\":\"WebSite\",\"@id\":\"https:\/\/www.erresse-shop.it\/es\/#website\",\"url\":\"https:\/\/www.erresse-shop.it\/es\/\",\"name\":\"Erresse Shop\",\"description\":\"Articoli di qualit\u00e0 per la casa\",\"potentialAction\":[{\"@type\":\"SearchAction\",\"target\":{\"@type\":\"EntryPoint\",\"urlTemplate\":\"https:\/\/www.erresse-shop.it\/es\/?s={search_term_string}\"},\"query-input\":\"required name=search_term_string\"}],\"inLanguage\":\"es\"}]}<\/script>\n<!-- \/ Yoast SEO Premium plugin. -->","yoast_head_json":{"title":"BORDALLO PINHEIRO Jarra Pi\u00f1a - Erresse Shop","description":"Jarra de cer\u00e1mica, de forma inusual y caracter\u00edstica, hecha con relieves, colores y decoraciones naturalistas, elaborada por la experiencia h\u00e1bil y","robots":{"index":"index","follow":"follow","max-snippet":"max-snippet:-1","max-image-preview":"max-image-preview:large","max-video-preview":"max-video-preview:-1"},"canonical":"https:\/\/www.erresse-shop.it\/es\/shop\/tabla\/jarras-garaffas-botellas\/bordallo-pinheiro-jarra-pina\/","og_locale":"es_ES","og_type":"article","og_title":"BORDALLO PINHEIRO Jarra Pi\u00f1a","og_description":"Jarra de cer\u00e1mica, de forma inusual y caracter\u00edstica, hecha con relieves, colores y decoraciones naturalistas, elaborada por la experiencia h\u00e1bil y","og_url":"https:\/\/www.erresse-shop.it\/es\/shop\/tabla\/jarras-garaffas-botellas\/bordallo-pinheiro-jarra-pina\/","og_site_name":"Erresse Shop","article_modified_time":"2023-09-25T13:11:16+00:00","og_image":[{"width":800,"height":800,"url":"https:\/\/www.erresse-shop.it\/wp-content\/uploads\/2022\/09\/BORDALLO-PINHEIRO-Caraffa-Ananas.jpg","type":"image\/jpeg"}],"twitter_card":"summary_large_image","schema":{"@context":"https:\/\/schema.org","@graph":[{"@type":"WebPage","@id":"https:\/\/www.erresse-shop.it\/es\/shop\/tabla\/jarras-garaffas-botellas\/bordallo-pinheiro-jarra-pina\/","url":"https:\/\/www.erresse-shop.it\/es\/shop\/tabla\/jarras-garaffas-botellas\/bordallo-pinheiro-jarra-pina\/","name":"BORDALLO PINHEIRO Jarra Pi\u00f1a - Erresse Shop","isPartOf":{"@id":"https:\/\/www.erresse-shop.it\/es\/#website"},"datePublished":"2022-09-14T06:52:26+00:00","dateModified":"2023-09-25T13:11:16+00:00","description":"Jarra de cer\u00e1mica, de forma inusual y caracter\u00edstica, hecha con relieves, colores y decoraciones naturalistas, elaborada por la experiencia h\u00e1bil y","breadcrumb":{"@id":"https:\/\/www.erresse-shop.it\/es\/shop\/tabla\/jarras-garaffas-botellas\/bordallo-pinheiro-jarra-pina\/#breadcrumb"},"inLanguage":"es","potentialAction":[{"@type":"ReadAction","target":["https:\/\/www.erresse-shop.it\/es\/shop\/tabla\/jarras-garaffas-botellas\/bordallo-pinheiro-jarra-pina\/"]}]},{"@type":"BreadcrumbList","@id":"https:\/\/www.erresse-shop.it\/es\/shop\/tabla\/jarras-garaffas-botellas\/bordallo-pinheiro-jarra-pina\/#breadcrumb","itemListElement":[{"@type":"ListItem","position":1,"name":"Home","item":"https:\/\/www.erresse-shop.it\/es\/"},{"@type":"ListItem","position":2,"name":"Shop","item":"https:\/\/www.erresse-shop.it\/es\/shop\/"},{"@type":"ListItem","position":3,"name":"BORDALLO PINHEIRO Jarra Pi\u00f1a"}]},{"@type":"WebSite","@id":"https:\/\/www.erresse-shop.it\/es\/#website","url":"https:\/\/www.erresse-shop.it\/es\/","name":"Erresse Shop","description":"Articoli di qualit\u00e0 per la casa","potentialAction":[{"@type":"SearchAction","target":{"@type":"EntryPoint","urlTemplate":"https:\/\/www.erresse-shop.it\/es\/?s={search_term_string}"},"query-input":"required name=search_term_string"}],"inLanguage":"es"}]}},"df_price":45.45,"df_sale_price":45.45,"df_regular_price":101,"df_image_link":"https:\/\/www.erresse-shop.it\/wp-content\/uploads\/2022\/09\/BORDALLO-PINHEIRO-Caraffa-Ananas-300x300.jpg","_links":{"self":[{"href":"https:\/\/www.erresse-shop.it\/es\/wp-json\/wp\/v2\/product\/180710"}],"collection":[{"href":"https:\/\/www.erresse-shop.it\/es\/wp-json\/wp\/v2\/product"}],"about":[{"href":"https:\/\/www.erresse-shop.it\/es\/wp-json\/wp\/v2\/types\/product"}],"wp:featuredmedia":[{"embeddable":true,"href":"https:\/\/www.erresse-shop.it\/es\/wp-json\/wp\/v2\/media\/180592"}],"wp:attachment":[{"href":"https:\/\/www.erresse-shop.it\/es\/wp-json\/wp\/v2\/media?parent=180710"}],"wp:term":[{"taxonomy":"product_cat","embeddable":true,"href":"https:\/\/www.erresse-shop.it\/es\/wp-json\/wp\/v2\/product_cat?post=180710"},{"taxonomy":"product_tag","embeddable":true,"href":"https:\/\/www.erresse-shop.it\/es\/wp-json\/wp\/v2\/product_tag?post=180710"}],"curies":[{"name":"wp","href":"https:\/\/api.w.org\/{rel}","templated":true}]}}