{"id":180560,"date":"2022-09-14T06:25:58","date_gmt":"2022-09-14T06:26:00","guid":{"rendered":"https:\/\/www.erresse-shop.it\/?post_type=product&#038;p=180560"},"modified":"2023-09-25T13:16:33","modified_gmt":"2023-09-25T13:16:33","slug":"bordallo-pinheiro-sopera-fresa-1l","status":"publish","type":"product","link":"https:\/\/www.erresse-shop.it\/es\/shop\/tabla\/ensaladeras-y-soperas\/bordallo-pinheiro-sopera-fresa-1l\/","title":{"rendered":"BORDALLO PINHEIRO Sopera Fresa 1L"},"content":{"rendered":"<p>A\u00f1ada el toque final a su mesa con esta sopera de fresas de Bordallo Pinheiro. Fabricado en Portugal con terracota, est\u00e1 pintado a mano con un vibrante dise\u00f1o de fresas y a\u00f1ade un toque de color a cualquier comida. Divi\u00e9rtete combin\u00e1ndolo con otras piezas complementarias de la gama fresa.<\/p>\n<p><strong>Material:<\/strong> terracota<\/p>\n","protected":false},"excerpt":{"rendered":"<p>A\u00f1ada el toque final a su mesa con esta sopera de fresas de Bordallo Pinheiro. Fabricado en Portugal con terracota,<\/p>\n","protected":false},"featured_media":180688,"template":"","meta":{"_acf_changed":false,"inline_featured_image":false},"product_cat":[16030,16027],"product_tag":[25039,23912,24405,22592,25023],"acf":[],"yoast_head":"<!-- This site is optimized with the Yoast SEO Premium plugin v18.6 (Yoast SEO v19.13) - https:\/\/yoast.com\/wordpress\/plugins\/seo\/ -->\n<title>BORDALLO PINHEIRO Sopera Fresa 1L - Erresse Shop<\/title>\n<meta name=\"description\" content=\"A\u00f1ada el toque final a su mesa con esta sopera de fresas de Bordallo Pinheiro. Fabricado en Portugal con terracota, est\u00e1 pintado a mano con un vibrante\" \/>\n<meta name=\"robots\" content=\"index, follow, max-snippet:-1, max-image-preview:large, max-video-preview:-1\" \/>\n<link rel=\"canonical\" href=\"https:\/\/www.erresse-shop.it\/es\/shop\/tabla\/ensaladeras-y-soperas\/bordallo-pinheiro-sopera-fresa-1l\/\" \/>\n<meta property=\"og:locale\" content=\"es_ES\" \/>\n<meta property=\"og:type\" content=\"article\" \/>\n<meta property=\"og:title\" content=\"BORDALLO PINHEIRO Sopera Fresa 1L\" \/>\n<meta property=\"og:description\" content=\"A\u00f1ada el toque final a su mesa con esta sopera de fresas de Bordallo Pinheiro. Fabricado en Portugal con terracota, est\u00e1 pintado a mano con un vibrante\" \/>\n<meta property=\"og:url\" content=\"https:\/\/www.erresse-shop.it\/es\/shop\/tabla\/ensaladeras-y-soperas\/bordallo-pinheiro-sopera-fresa-1l\/\" \/>\n<meta property=\"og:site_name\" content=\"Erresse Shop\" \/>\n<meta property=\"article:modified_time\" content=\"2023-09-25T13:16:33+00:00\" \/>\n<meta property=\"og:image\" content=\"https:\/\/www.erresse-shop.it\/wp-content\/uploads\/2022\/09\/BORDALLO-PINHEIRO-Zuppiera-1L-Fragola.jpg\" \/>\n\t<meta property=\"og:image:width\" content=\"800\" \/>\n\t<meta property=\"og:image:height\" content=\"800\" \/>\n\t<meta property=\"og:image:type\" content=\"image\/jpeg\" \/>\n<meta name=\"twitter:card\" content=\"summary_large_image\" \/>\n<script type=\"application\/ld+json\" class=\"yoast-schema-graph\">{\"@context\":\"https:\/\/schema.org\",\"@graph\":[{\"@type\":\"WebPage\",\"@id\":\"https:\/\/www.erresse-shop.it\/es\/shop\/tabla\/ensaladeras-y-soperas\/bordallo-pinheiro-sopera-fresa-1l\/\",\"url\":\"https:\/\/www.erresse-shop.it\/es\/shop\/tabla\/ensaladeras-y-soperas\/bordallo-pinheiro-sopera-fresa-1l\/\",\"name\":\"BORDALLO PINHEIRO Sopera Fresa 1L - Erresse Shop\",\"isPartOf\":{\"@id\":\"https:\/\/www.erresse-shop.it\/es\/#website\"},\"datePublished\":\"2022-09-14T06:26:00+00:00\",\"dateModified\":\"2023-09-25T13:16:33+00:00\",\"description\":\"A\u00f1ada el toque final a su mesa con esta sopera de fresas de Bordallo Pinheiro. Fabricado en Portugal con terracota, est\u00e1 pintado a mano con un vibrante\",\"breadcrumb\":{\"@id\":\"https:\/\/www.erresse-shop.it\/es\/shop\/tabla\/ensaladeras-y-soperas\/bordallo-pinheiro-sopera-fresa-1l\/#breadcrumb\"},\"inLanguage\":\"es\",\"potentialAction\":[{\"@type\":\"ReadAction\",\"target\":[\"https:\/\/www.erresse-shop.it\/es\/shop\/tabla\/ensaladeras-y-soperas\/bordallo-pinheiro-sopera-fresa-1l\/\"]}]},{\"@type\":\"BreadcrumbList\",\"@id\":\"https:\/\/www.erresse-shop.it\/es\/shop\/tabla\/ensaladeras-y-soperas\/bordallo-pinheiro-sopera-fresa-1l\/#breadcrumb\",\"itemListElement\":[{\"@type\":\"ListItem\",\"position\":1,\"name\":\"Home\",\"item\":\"https:\/\/www.erresse-shop.it\/es\/\"},{\"@type\":\"ListItem\",\"position\":2,\"name\":\"Shop\",\"item\":\"https:\/\/www.erresse-shop.it\/es\/shop\/\"},{\"@type\":\"ListItem\",\"position\":3,\"name\":\"BORDALLO PINHEIRO Sopera Fresa 1L\"}]},{\"@type\":\"WebSite\",\"@id\":\"https:\/\/www.erresse-shop.it\/es\/#website\",\"url\":\"https:\/\/www.erresse-shop.it\/es\/\",\"name\":\"Erresse Shop\",\"description\":\"Articoli di qualit\u00e0 per la casa\",\"potentialAction\":[{\"@type\":\"SearchAction\",\"target\":{\"@type\":\"EntryPoint\",\"urlTemplate\":\"https:\/\/www.erresse-shop.it\/es\/?s={search_term_string}\"},\"query-input\":\"required name=search_term_string\"}],\"inLanguage\":\"es\"}]}<\/script>\n<!-- \/ Yoast SEO Premium plugin. -->","yoast_head_json":{"title":"BORDALLO PINHEIRO Sopera Fresa 1L - Erresse Shop","description":"A\u00f1ada el toque final a su mesa con esta sopera de fresas de Bordallo Pinheiro. Fabricado en Portugal con terracota, est\u00e1 pintado a mano con un vibrante","robots":{"index":"index","follow":"follow","max-snippet":"max-snippet:-1","max-image-preview":"max-image-preview:large","max-video-preview":"max-video-preview:-1"},"canonical":"https:\/\/www.erresse-shop.it\/es\/shop\/tabla\/ensaladeras-y-soperas\/bordallo-pinheiro-sopera-fresa-1l\/","og_locale":"es_ES","og_type":"article","og_title":"BORDALLO PINHEIRO Sopera Fresa 1L","og_description":"A\u00f1ada el toque final a su mesa con esta sopera de fresas de Bordallo Pinheiro. Fabricado en Portugal con terracota, est\u00e1 pintado a mano con un vibrante","og_url":"https:\/\/www.erresse-shop.it\/es\/shop\/tabla\/ensaladeras-y-soperas\/bordallo-pinheiro-sopera-fresa-1l\/","og_site_name":"Erresse Shop","article_modified_time":"2023-09-25T13:16:33+00:00","og_image":[{"width":800,"height":800,"url":"https:\/\/www.erresse-shop.it\/wp-content\/uploads\/2022\/09\/BORDALLO-PINHEIRO-Zuppiera-1L-Fragola.jpg","type":"image\/jpeg"}],"twitter_card":"summary_large_image","schema":{"@context":"https:\/\/schema.org","@graph":[{"@type":"WebPage","@id":"https:\/\/www.erresse-shop.it\/es\/shop\/tabla\/ensaladeras-y-soperas\/bordallo-pinheiro-sopera-fresa-1l\/","url":"https:\/\/www.erresse-shop.it\/es\/shop\/tabla\/ensaladeras-y-soperas\/bordallo-pinheiro-sopera-fresa-1l\/","name":"BORDALLO PINHEIRO Sopera Fresa 1L - Erresse Shop","isPartOf":{"@id":"https:\/\/www.erresse-shop.it\/es\/#website"},"datePublished":"2022-09-14T06:26:00+00:00","dateModified":"2023-09-25T13:16:33+00:00","description":"A\u00f1ada el toque final a su mesa con esta sopera de fresas de Bordallo Pinheiro. Fabricado en Portugal con terracota, est\u00e1 pintado a mano con un vibrante","breadcrumb":{"@id":"https:\/\/www.erresse-shop.it\/es\/shop\/tabla\/ensaladeras-y-soperas\/bordallo-pinheiro-sopera-fresa-1l\/#breadcrumb"},"inLanguage":"es","potentialAction":[{"@type":"ReadAction","target":["https:\/\/www.erresse-shop.it\/es\/shop\/tabla\/ensaladeras-y-soperas\/bordallo-pinheiro-sopera-fresa-1l\/"]}]},{"@type":"BreadcrumbList","@id":"https:\/\/www.erresse-shop.it\/es\/shop\/tabla\/ensaladeras-y-soperas\/bordallo-pinheiro-sopera-fresa-1l\/#breadcrumb","itemListElement":[{"@type":"ListItem","position":1,"name":"Home","item":"https:\/\/www.erresse-shop.it\/es\/"},{"@type":"ListItem","position":2,"name":"Shop","item":"https:\/\/www.erresse-shop.it\/es\/shop\/"},{"@type":"ListItem","position":3,"name":"BORDALLO PINHEIRO Sopera Fresa 1L"}]},{"@type":"WebSite","@id":"https:\/\/www.erresse-shop.it\/es\/#website","url":"https:\/\/www.erresse-shop.it\/es\/","name":"Erresse Shop","description":"Articoli di qualit\u00e0 per la casa","potentialAction":[{"@type":"SearchAction","target":{"@type":"EntryPoint","urlTemplate":"https:\/\/www.erresse-shop.it\/es\/?s={search_term_string}"},"query-input":"required name=search_term_string"}],"inLanguage":"es"}]}},"df_price":52.95,"df_sale_price":52.95,"df_regular_price":75,"df_image_link":"https:\/\/www.erresse-shop.it\/wp-content\/uploads\/2022\/09\/BORDALLO-PINHEIRO-Zuppiera-1L-Fragola-300x300.jpg","_links":{"self":[{"href":"https:\/\/www.erresse-shop.it\/es\/wp-json\/wp\/v2\/product\/180560"}],"collection":[{"href":"https:\/\/www.erresse-shop.it\/es\/wp-json\/wp\/v2\/product"}],"about":[{"href":"https:\/\/www.erresse-shop.it\/es\/wp-json\/wp\/v2\/types\/product"}],"wp:featuredmedia":[{"embeddable":true,"href":"https:\/\/www.erresse-shop.it\/es\/wp-json\/wp\/v2\/media\/180688"}],"wp:attachment":[{"href":"https:\/\/www.erresse-shop.it\/es\/wp-json\/wp\/v2\/media?parent=180560"}],"wp:term":[{"taxonomy":"product_cat","embeddable":true,"href":"https:\/\/www.erresse-shop.it\/es\/wp-json\/wp\/v2\/product_cat?post=180560"},{"taxonomy":"product_tag","embeddable":true,"href":"https:\/\/www.erresse-shop.it\/es\/wp-json\/wp\/v2\/product_tag?post=180560"}],"curies":[{"name":"wp","href":"https:\/\/api.w.org\/{rel}","templated":true}]}}