{"id":178853,"date":"2022-09-12T10:09:49","date_gmt":"2022-09-12T10:09:50","guid":{"rendered":"https:\/\/www.erresse-shop.it\/?post_type=product&#038;p=178853"},"modified":"2023-10-24T00:00:53","modified_gmt":"2023-10-24T00:00:53","slug":"villeroy-boch-set-6-platos-de-fondo-toys-delight-26-cm","status":"publish","type":"product","link":"https:\/\/www.erresse-shop.it\/es\/shop\/tabla\/platos\/villeroy-boch-set-6-platos-de-fondo-toys-delight-26-cm\/","title":{"rendered":"VILLEROY &#038; BOCH Set 6 Platos de Fondo Toy&#8217;s Delight 26 cm"},"content":{"rendered":"<p><strong><span style=\"text-decoration: underline;\">NO ES APTO PARA EL LAVAVAJILLAS<\/span><br \/>\nMaterial:<\/strong> porcelana<br \/>\n<strong>Apto para microondas:<\/strong> S\u00ed<\/p>\n<p><strong>PLATO PARA LA MESA DE NAVIDAD<\/strong><br \/>\nCon la colecci\u00f3n Toy&#8217;s Delight traer\u00e1s a tu casa un ambiente navide\u00f1o nost\u00e1lgico. La porcelana est\u00e1 decorada con bonitos motivos rojos, verdes y blancos y evoca recuerdos de la infancia. Para emparejar, coleccionar y regalar. Este encantador plato rojo es un verdadero punto de atracci\u00f3n en su mesa de Navidad. Impresiona a tus invitados con la porcelana navide\u00f1a.<\/p>\n","protected":false},"excerpt":{"rendered":"<p>NO ES APTO PARA EL LAVAVAJILLAS Material: porcelana Apto para microondas: S\u00ed PLATO PARA LA MESA DE NAVIDAD Con la<\/p>\n","protected":false},"featured_media":201660,"template":"","meta":{"_acf_changed":false,"inline_featured_image":false},"product_cat":[16031,16027],"product_tag":[23912,20505,20507,20506],"acf":[],"yoast_head":"<!-- This site is optimized with the Yoast SEO Premium plugin v18.6 (Yoast SEO v19.13) - https:\/\/yoast.com\/wordpress\/plugins\/seo\/ -->\n<title>VILLEROY &amp; BOCH Set 6 Platos de Fondo Toy&#039;s Delight 26 cm - Erresse Shop<\/title>\n<meta name=\"description\" content=\"NO ES APTO PARA EL LAVAVAJILLAS Material: porcelana Apto para microondas: S\u00ed PLATO PARA LA MESA DE NAVIDAD Con la colecci\u00f3n Toy&#039;s Delight traer\u00e1s a tu\" \/>\n<meta name=\"robots\" content=\"index, follow, max-snippet:-1, max-image-preview:large, max-video-preview:-1\" \/>\n<link rel=\"canonical\" href=\"https:\/\/www.erresse-shop.it\/es\/shop\/tabla\/platos\/villeroy-boch-set-6-platos-de-fondo-toys-delight-26-cm\/\" \/>\n<meta property=\"og:locale\" content=\"es_ES\" \/>\n<meta property=\"og:type\" content=\"article\" \/>\n<meta property=\"og:title\" content=\"VILLEROY &amp; BOCH Set 6 Platos de Fondo Toy&#039;s Delight 26 cm\" \/>\n<meta property=\"og:description\" content=\"NO ES APTO PARA EL LAVAVAJILLAS Material: porcelana Apto para microondas: S\u00ed PLATO PARA LA MESA DE NAVIDAD Con la colecci\u00f3n Toy&#039;s Delight traer\u00e1s a tu\" \/>\n<meta property=\"og:url\" content=\"https:\/\/www.erresse-shop.it\/es\/shop\/tabla\/platos\/villeroy-boch-set-6-platos-de-fondo-toys-delight-26-cm\/\" \/>\n<meta property=\"og:site_name\" content=\"Erresse Shop\" \/>\n<meta property=\"article:modified_time\" content=\"2023-10-24T00:00:53+00:00\" \/>\n<meta property=\"og:image\" content=\"https:\/\/www.erresse-shop.it\/wp-content\/uploads\/2022\/09\/Villeroy-boch-set-6-pz-piatto-fondo.jpg\" \/>\n\t<meta property=\"og:image:width\" content=\"800\" \/>\n\t<meta property=\"og:image:height\" content=\"800\" \/>\n\t<meta property=\"og:image:type\" content=\"image\/jpeg\" \/>\n<meta name=\"twitter:card\" content=\"summary_large_image\" \/>\n<script type=\"application\/ld+json\" class=\"yoast-schema-graph\">{\"@context\":\"https:\/\/schema.org\",\"@graph\":[{\"@type\":\"WebPage\",\"@id\":\"https:\/\/www.erresse-shop.it\/es\/shop\/tabla\/platos\/villeroy-boch-set-6-platos-de-fondo-toys-delight-26-cm\/\",\"url\":\"https:\/\/www.erresse-shop.it\/es\/shop\/tabla\/platos\/villeroy-boch-set-6-platos-de-fondo-toys-delight-26-cm\/\",\"name\":\"VILLEROY & BOCH Set 6 Platos de Fondo Toy's Delight 26 cm - Erresse Shop\",\"isPartOf\":{\"@id\":\"https:\/\/www.erresse-shop.it\/es\/#website\"},\"datePublished\":\"2022-09-12T10:09:50+00:00\",\"dateModified\":\"2023-10-24T00:00:53+00:00\",\"description\":\"NO ES APTO PARA EL LAVAVAJILLAS Material: porcelana Apto para microondas: S\u00ed PLATO PARA LA MESA DE NAVIDAD Con la colecci\u00f3n Toy's Delight traer\u00e1s a tu\",\"breadcrumb\":{\"@id\":\"https:\/\/www.erresse-shop.it\/es\/shop\/tabla\/platos\/villeroy-boch-set-6-platos-de-fondo-toys-delight-26-cm\/#breadcrumb\"},\"inLanguage\":\"es\",\"potentialAction\":[{\"@type\":\"ReadAction\",\"target\":[\"https:\/\/www.erresse-shop.it\/es\/shop\/tabla\/platos\/villeroy-boch-set-6-platos-de-fondo-toys-delight-26-cm\/\"]}]},{\"@type\":\"BreadcrumbList\",\"@id\":\"https:\/\/www.erresse-shop.it\/es\/shop\/tabla\/platos\/villeroy-boch-set-6-platos-de-fondo-toys-delight-26-cm\/#breadcrumb\",\"itemListElement\":[{\"@type\":\"ListItem\",\"position\":1,\"name\":\"Home\",\"item\":\"https:\/\/www.erresse-shop.it\/es\/\"},{\"@type\":\"ListItem\",\"position\":2,\"name\":\"Shop\",\"item\":\"https:\/\/www.erresse-shop.it\/es\/shop\/\"},{\"@type\":\"ListItem\",\"position\":3,\"name\":\"VILLEROY &#038; BOCH Set 6 Platos de Fondo Toy&#8217;s Delight 26 cm\"}]},{\"@type\":\"WebSite\",\"@id\":\"https:\/\/www.erresse-shop.it\/es\/#website\",\"url\":\"https:\/\/www.erresse-shop.it\/es\/\",\"name\":\"Erresse Shop\",\"description\":\"Articoli di qualit\u00e0 per la casa\",\"potentialAction\":[{\"@type\":\"SearchAction\",\"target\":{\"@type\":\"EntryPoint\",\"urlTemplate\":\"https:\/\/www.erresse-shop.it\/es\/?s={search_term_string}\"},\"query-input\":\"required name=search_term_string\"}],\"inLanguage\":\"es\"}]}<\/script>\n<!-- \/ Yoast SEO Premium plugin. -->","yoast_head_json":{"title":"VILLEROY & BOCH Set 6 Platos de Fondo Toy's Delight 26 cm - Erresse Shop","description":"NO ES APTO PARA EL LAVAVAJILLAS Material: porcelana Apto para microondas: S\u00ed PLATO PARA LA MESA DE NAVIDAD Con la colecci\u00f3n Toy's Delight traer\u00e1s a tu","robots":{"index":"index","follow":"follow","max-snippet":"max-snippet:-1","max-image-preview":"max-image-preview:large","max-video-preview":"max-video-preview:-1"},"canonical":"https:\/\/www.erresse-shop.it\/es\/shop\/tabla\/platos\/villeroy-boch-set-6-platos-de-fondo-toys-delight-26-cm\/","og_locale":"es_ES","og_type":"article","og_title":"VILLEROY & BOCH Set 6 Platos de Fondo Toy's Delight 26 cm","og_description":"NO ES APTO PARA EL LAVAVAJILLAS Material: porcelana Apto para microondas: S\u00ed PLATO PARA LA MESA DE NAVIDAD Con la colecci\u00f3n Toy's Delight traer\u00e1s a tu","og_url":"https:\/\/www.erresse-shop.it\/es\/shop\/tabla\/platos\/villeroy-boch-set-6-platos-de-fondo-toys-delight-26-cm\/","og_site_name":"Erresse Shop","article_modified_time":"2023-10-24T00:00:53+00:00","og_image":[{"width":800,"height":800,"url":"https:\/\/www.erresse-shop.it\/wp-content\/uploads\/2022\/09\/Villeroy-boch-set-6-pz-piatto-fondo.jpg","type":"image\/jpeg"}],"twitter_card":"summary_large_image","schema":{"@context":"https:\/\/schema.org","@graph":[{"@type":"WebPage","@id":"https:\/\/www.erresse-shop.it\/es\/shop\/tabla\/platos\/villeroy-boch-set-6-platos-de-fondo-toys-delight-26-cm\/","url":"https:\/\/www.erresse-shop.it\/es\/shop\/tabla\/platos\/villeroy-boch-set-6-platos-de-fondo-toys-delight-26-cm\/","name":"VILLEROY & BOCH Set 6 Platos de Fondo Toy's Delight 26 cm - Erresse Shop","isPartOf":{"@id":"https:\/\/www.erresse-shop.it\/es\/#website"},"datePublished":"2022-09-12T10:09:50+00:00","dateModified":"2023-10-24T00:00:53+00:00","description":"NO ES APTO PARA EL LAVAVAJILLAS Material: porcelana Apto para microondas: S\u00ed PLATO PARA LA MESA DE NAVIDAD Con la colecci\u00f3n Toy's Delight traer\u00e1s a tu","breadcrumb":{"@id":"https:\/\/www.erresse-shop.it\/es\/shop\/tabla\/platos\/villeroy-boch-set-6-platos-de-fondo-toys-delight-26-cm\/#breadcrumb"},"inLanguage":"es","potentialAction":[{"@type":"ReadAction","target":["https:\/\/www.erresse-shop.it\/es\/shop\/tabla\/platos\/villeroy-boch-set-6-platos-de-fondo-toys-delight-26-cm\/"]}]},{"@type":"BreadcrumbList","@id":"https:\/\/www.erresse-shop.it\/es\/shop\/tabla\/platos\/villeroy-boch-set-6-platos-de-fondo-toys-delight-26-cm\/#breadcrumb","itemListElement":[{"@type":"ListItem","position":1,"name":"Home","item":"https:\/\/www.erresse-shop.it\/es\/"},{"@type":"ListItem","position":2,"name":"Shop","item":"https:\/\/www.erresse-shop.it\/es\/shop\/"},{"@type":"ListItem","position":3,"name":"VILLEROY &#038; BOCH Set 6 Platos de Fondo Toy&#8217;s Delight 26 cm"}]},{"@type":"WebSite","@id":"https:\/\/www.erresse-shop.it\/es\/#website","url":"https:\/\/www.erresse-shop.it\/es\/","name":"Erresse Shop","description":"Articoli di qualit\u00e0 per la casa","potentialAction":[{"@type":"SearchAction","target":{"@type":"EntryPoint","urlTemplate":"https:\/\/www.erresse-shop.it\/es\/?s={search_term_string}"},"query-input":"required name=search_term_string"}],"inLanguage":"es"}]}},"df_price":117.95,"df_sale_price":117.95,"df_regular_price":179.4,"df_image_link":"https:\/\/www.erresse-shop.it\/wp-content\/uploads\/2022\/09\/Villeroy-boch-set-6-pz-piatto-fondo-300x300.jpg","_links":{"self":[{"href":"https:\/\/www.erresse-shop.it\/es\/wp-json\/wp\/v2\/product\/178853"}],"collection":[{"href":"https:\/\/www.erresse-shop.it\/es\/wp-json\/wp\/v2\/product"}],"about":[{"href":"https:\/\/www.erresse-shop.it\/es\/wp-json\/wp\/v2\/types\/product"}],"wp:featuredmedia":[{"embeddable":true,"href":"https:\/\/www.erresse-shop.it\/es\/wp-json\/wp\/v2\/media\/201660"}],"wp:attachment":[{"href":"https:\/\/www.erresse-shop.it\/es\/wp-json\/wp\/v2\/media?parent=178853"}],"wp:term":[{"taxonomy":"product_cat","embeddable":true,"href":"https:\/\/www.erresse-shop.it\/es\/wp-json\/wp\/v2\/product_cat?post=178853"},{"taxonomy":"product_tag","embeddable":true,"href":"https:\/\/www.erresse-shop.it\/es\/wp-json\/wp\/v2\/product_tag?post=178853"}],"curies":[{"name":"wp","href":"https:\/\/api.w.org\/{rel}","templated":true}]}}