{"id":178701,"date":"2022-09-12T08:55:13","date_gmt":"2022-09-12T08:55:14","guid":{"rendered":"https:\/\/www.erresse-shop.it\/?post_type=product&#038;p=178701"},"modified":"2023-12-16T15:01:26","modified_gmt":"2023-12-16T15:01:26","slug":"villeroy-boch-juego-8-platos-toys-delight","status":"publish","type":"product","link":"https:\/\/www.erresse-shop.it\/es\/shop\/tabla\/platos\/villeroy-boch-juego-8-platos-toys-delight\/","title":{"rendered":"VILLEROY &#038; BOCH Juego 8 Platos Toy&#8217;s Delight"},"content":{"rendered":"<p><strong><span style=\"text-decoration: underline;\">NO ES APTO PARA EL LAVAVAJILLAS<\/span><br \/>\nMaterial:<\/strong> porcelana<br \/>\n<strong>Apto para microondas:<\/strong> S\u00ed<\/p>\n<p><strong>PR\u00c1CTICO JUEGO DE PLATOS NAVIDE\u00d1OS PARA 4 PERSONAS<\/strong><br \/>\nCon la colecci\u00f3n Toy&#8217;s Delight traer\u00e1s a tu casa un ambiente navide\u00f1o nost\u00e1lgico. La porcelana est\u00e1 decorada con bonitos motivos rojos, verdes y blancos y evoca recuerdos de la infancia. Para emparejar, coleccionar y regalar. El nost\u00e1lgico juego de platos de papel para 4 personas con un plato llano y platos de postre es perfecto para un agradable banquete navide\u00f1o con los seres queridos.<br \/>\nInvite a familiares y amigos a la cena de Navidad. <strong>El conjunto se compone de:<\/strong><\/p>\n<ul>\n<li>4x plato llano, 29 cm<\/li>\n<li>4x Plato de desayuno, 24 cm<\/li>\n<\/ul>\n","protected":false},"excerpt":{"rendered":"<p>NO ES APTO PARA EL LAVAVAJILLAS Material: porcelana Apto para microondas: S\u00ed PR\u00c1CTICO JUEGO DE PLATOS NAVIDE\u00d1OS PARA 4 PERSONAS<\/p>\n","protected":false},"featured_media":443971,"template":"","meta":{"_acf_changed":false,"inline_featured_image":false},"product_cat":[16031,16027],"product_tag":[23912,20505,20507,20506],"acf":[],"yoast_head":"<!-- This site is optimized with the Yoast SEO Premium plugin v18.6 (Yoast SEO v19.13) - https:\/\/yoast.com\/wordpress\/plugins\/seo\/ -->\n<title>VILLEROY &amp; BOCH Juego 8 Platos Toy&#039;s Delight - Erresse Shop<\/title>\n<meta name=\"description\" content=\"NO ES APTO PARA EL LAVAVAJILLAS Material: porcelana Apto para microondas: S\u00ed PR\u00c1CTICO JUEGO DE PLATOS NAVIDE\u00d1OS PARA 4 PERSONAS Con la colecci\u00f3n Toy&#039;s\" \/>\n<meta name=\"robots\" content=\"index, follow, max-snippet:-1, max-image-preview:large, max-video-preview:-1\" \/>\n<link rel=\"canonical\" href=\"https:\/\/www.erresse-shop.it\/es\/shop\/tabla\/platos\/villeroy-boch-juego-8-platos-toys-delight\/\" \/>\n<meta property=\"og:locale\" content=\"es_ES\" \/>\n<meta property=\"og:type\" content=\"article\" \/>\n<meta property=\"og:title\" content=\"VILLEROY &amp; BOCH Juego 8 Platos Toy&#039;s Delight\" \/>\n<meta property=\"og:description\" content=\"NO ES APTO PARA EL LAVAVAJILLAS Material: porcelana Apto para microondas: S\u00ed PR\u00c1CTICO JUEGO DE PLATOS NAVIDE\u00d1OS PARA 4 PERSONAS Con la colecci\u00f3n Toy&#039;s\" \/>\n<meta property=\"og:url\" content=\"https:\/\/www.erresse-shop.it\/es\/shop\/tabla\/platos\/villeroy-boch-juego-8-platos-toys-delight\/\" \/>\n<meta property=\"og:site_name\" content=\"Erresse Shop\" \/>\n<meta property=\"article:modified_time\" content=\"2023-12-16T15:01:26+00:00\" \/>\n<meta property=\"og:image\" content=\"https:\/\/www.erresse-shop.it\/wp-content\/uploads\/2022\/09\/VILLEROY-BOCH-Set-8-Piatti-Toys-Delight.jpg\" \/>\n\t<meta property=\"og:image:width\" content=\"1200\" \/>\n\t<meta property=\"og:image:height\" content=\"1200\" \/>\n\t<meta property=\"og:image:type\" content=\"image\/jpeg\" \/>\n<meta name=\"twitter:card\" content=\"summary_large_image\" \/>\n<script type=\"application\/ld+json\" class=\"yoast-schema-graph\">{\"@context\":\"https:\/\/schema.org\",\"@graph\":[{\"@type\":\"WebPage\",\"@id\":\"https:\/\/www.erresse-shop.it\/es\/shop\/tabla\/platos\/villeroy-boch-juego-8-platos-toys-delight\/\",\"url\":\"https:\/\/www.erresse-shop.it\/es\/shop\/tabla\/platos\/villeroy-boch-juego-8-platos-toys-delight\/\",\"name\":\"VILLEROY & BOCH Juego 8 Platos Toy's Delight - Erresse Shop\",\"isPartOf\":{\"@id\":\"https:\/\/www.erresse-shop.it\/es\/#website\"},\"datePublished\":\"2022-09-12T08:55:14+00:00\",\"dateModified\":\"2023-12-16T15:01:26+00:00\",\"description\":\"NO ES APTO PARA EL LAVAVAJILLAS Material: porcelana Apto para microondas: S\u00ed PR\u00c1CTICO JUEGO DE PLATOS NAVIDE\u00d1OS PARA 4 PERSONAS Con la colecci\u00f3n Toy's\",\"breadcrumb\":{\"@id\":\"https:\/\/www.erresse-shop.it\/es\/shop\/tabla\/platos\/villeroy-boch-juego-8-platos-toys-delight\/#breadcrumb\"},\"inLanguage\":\"es\",\"potentialAction\":[{\"@type\":\"ReadAction\",\"target\":[\"https:\/\/www.erresse-shop.it\/es\/shop\/tabla\/platos\/villeroy-boch-juego-8-platos-toys-delight\/\"]}]},{\"@type\":\"BreadcrumbList\",\"@id\":\"https:\/\/www.erresse-shop.it\/es\/shop\/tabla\/platos\/villeroy-boch-juego-8-platos-toys-delight\/#breadcrumb\",\"itemListElement\":[{\"@type\":\"ListItem\",\"position\":1,\"name\":\"Home\",\"item\":\"https:\/\/www.erresse-shop.it\/es\/\"},{\"@type\":\"ListItem\",\"position\":2,\"name\":\"Shop\",\"item\":\"https:\/\/www.erresse-shop.it\/es\/shop\/\"},{\"@type\":\"ListItem\",\"position\":3,\"name\":\"VILLEROY &#038; BOCH Juego 8 Platos Toy&#8217;s Delight\"}]},{\"@type\":\"WebSite\",\"@id\":\"https:\/\/www.erresse-shop.it\/es\/#website\",\"url\":\"https:\/\/www.erresse-shop.it\/es\/\",\"name\":\"Erresse Shop\",\"description\":\"Articoli di qualit\u00e0 per la casa\",\"potentialAction\":[{\"@type\":\"SearchAction\",\"target\":{\"@type\":\"EntryPoint\",\"urlTemplate\":\"https:\/\/www.erresse-shop.it\/es\/?s={search_term_string}\"},\"query-input\":\"required name=search_term_string\"}],\"inLanguage\":\"es\"}]}<\/script>\n<!-- \/ Yoast SEO Premium plugin. -->","yoast_head_json":{"title":"VILLEROY & BOCH Juego 8 Platos Toy's Delight - Erresse Shop","description":"NO ES APTO PARA EL LAVAVAJILLAS Material: porcelana Apto para microondas: S\u00ed PR\u00c1CTICO JUEGO DE PLATOS NAVIDE\u00d1OS PARA 4 PERSONAS Con la colecci\u00f3n Toy's","robots":{"index":"index","follow":"follow","max-snippet":"max-snippet:-1","max-image-preview":"max-image-preview:large","max-video-preview":"max-video-preview:-1"},"canonical":"https:\/\/www.erresse-shop.it\/es\/shop\/tabla\/platos\/villeroy-boch-juego-8-platos-toys-delight\/","og_locale":"es_ES","og_type":"article","og_title":"VILLEROY & BOCH Juego 8 Platos Toy's Delight","og_description":"NO ES APTO PARA EL LAVAVAJILLAS Material: porcelana Apto para microondas: S\u00ed PR\u00c1CTICO JUEGO DE PLATOS NAVIDE\u00d1OS PARA 4 PERSONAS Con la colecci\u00f3n Toy's","og_url":"https:\/\/www.erresse-shop.it\/es\/shop\/tabla\/platos\/villeroy-boch-juego-8-platos-toys-delight\/","og_site_name":"Erresse Shop","article_modified_time":"2023-12-16T15:01:26+00:00","og_image":[{"width":1200,"height":1200,"url":"https:\/\/www.erresse-shop.it\/wp-content\/uploads\/2022\/09\/VILLEROY-BOCH-Set-8-Piatti-Toys-Delight.jpg","type":"image\/jpeg"}],"twitter_card":"summary_large_image","schema":{"@context":"https:\/\/schema.org","@graph":[{"@type":"WebPage","@id":"https:\/\/www.erresse-shop.it\/es\/shop\/tabla\/platos\/villeroy-boch-juego-8-platos-toys-delight\/","url":"https:\/\/www.erresse-shop.it\/es\/shop\/tabla\/platos\/villeroy-boch-juego-8-platos-toys-delight\/","name":"VILLEROY & BOCH Juego 8 Platos Toy's Delight - Erresse Shop","isPartOf":{"@id":"https:\/\/www.erresse-shop.it\/es\/#website"},"datePublished":"2022-09-12T08:55:14+00:00","dateModified":"2023-12-16T15:01:26+00:00","description":"NO ES APTO PARA EL LAVAVAJILLAS Material: porcelana Apto para microondas: S\u00ed PR\u00c1CTICO JUEGO DE PLATOS NAVIDE\u00d1OS PARA 4 PERSONAS Con la colecci\u00f3n Toy's","breadcrumb":{"@id":"https:\/\/www.erresse-shop.it\/es\/shop\/tabla\/platos\/villeroy-boch-juego-8-platos-toys-delight\/#breadcrumb"},"inLanguage":"es","potentialAction":[{"@type":"ReadAction","target":["https:\/\/www.erresse-shop.it\/es\/shop\/tabla\/platos\/villeroy-boch-juego-8-platos-toys-delight\/"]}]},{"@type":"BreadcrumbList","@id":"https:\/\/www.erresse-shop.it\/es\/shop\/tabla\/platos\/villeroy-boch-juego-8-platos-toys-delight\/#breadcrumb","itemListElement":[{"@type":"ListItem","position":1,"name":"Home","item":"https:\/\/www.erresse-shop.it\/es\/"},{"@type":"ListItem","position":2,"name":"Shop","item":"https:\/\/www.erresse-shop.it\/es\/shop\/"},{"@type":"ListItem","position":3,"name":"VILLEROY &#038; BOCH Juego 8 Platos Toy&#8217;s Delight"}]},{"@type":"WebSite","@id":"https:\/\/www.erresse-shop.it\/es\/#website","url":"https:\/\/www.erresse-shop.it\/es\/","name":"Erresse Shop","description":"Articoli di qualit\u00e0 per la casa","potentialAction":[{"@type":"SearchAction","target":{"@type":"EntryPoint","urlTemplate":"https:\/\/www.erresse-shop.it\/es\/?s={search_term_string}"},"query-input":"required name=search_term_string"}],"inLanguage":"es"}]}},"df_price":139.95,"df_sale_price":139.95,"df_regular_price":231.2,"df_image_link":"https:\/\/www.erresse-shop.it\/wp-content\/uploads\/2022\/09\/VILLEROY-BOCH-Set-8-Piatti-Toys-Delight-300x300.jpg","_links":{"self":[{"href":"https:\/\/www.erresse-shop.it\/es\/wp-json\/wp\/v2\/product\/178701"}],"collection":[{"href":"https:\/\/www.erresse-shop.it\/es\/wp-json\/wp\/v2\/product"}],"about":[{"href":"https:\/\/www.erresse-shop.it\/es\/wp-json\/wp\/v2\/types\/product"}],"wp:featuredmedia":[{"embeddable":true,"href":"https:\/\/www.erresse-shop.it\/es\/wp-json\/wp\/v2\/media\/443971"}],"wp:attachment":[{"href":"https:\/\/www.erresse-shop.it\/es\/wp-json\/wp\/v2\/media?parent=178701"}],"wp:term":[{"taxonomy":"product_cat","embeddable":true,"href":"https:\/\/www.erresse-shop.it\/es\/wp-json\/wp\/v2\/product_cat?post=178701"},{"taxonomy":"product_tag","embeddable":true,"href":"https:\/\/www.erresse-shop.it\/es\/wp-json\/wp\/v2\/product_tag?post=178701"}],"curies":[{"name":"wp","href":"https:\/\/api.w.org\/{rel}","templated":true}]}}