{"id":178604,"date":"2022-09-12T07:51:59","date_gmt":"2022-09-12T07:52:01","guid":{"rendered":"https:\/\/www.erresse-shop.it\/?post_type=product&#038;p=178604"},"modified":"2022-12-01T00:10:12","modified_gmt":"2022-12-01T00:10:12","slug":"villeroy-boch-pequeno-plato-ovalado-toys-delight","status":"publish","type":"product","link":"https:\/\/www.erresse-shop.it\/es\/shop\/tabla\/bandejas\/villeroy-boch-pequeno-plato-ovalado-toys-delight\/","title":{"rendered":"VILLEROY &#038; BOCH Peque\u00f1o Plato Ovalado Toy&#8217;s Delight"},"content":{"rendered":"<p><strong><span style=\"text-decoration: underline;\">NO ES APTO PARA EL LAVAVAJILLAS<\/span><br \/>\nMaterial:<\/strong> porcelana<br \/>\n<strong>Apto para microondas:<\/strong> S\u00ed<\/p>\n<p><strong>PRESENTAR LA CARNE Y LAS VERDURAS CON ELEGANCIA<\/strong><br \/>\nCon la colecci\u00f3n Toy&#8217;s Delight, puedes llevar a tu casa un ambiente navide\u00f1o nost\u00e1lgico. La porcelana est\u00e1 decorada con bonitos motivos rojos, verdes y blancos y evoca recuerdos de la infancia. Para emparejar, coleccionar y regalar. Gracias a su forma ovalada, esta encantadora fuente de servir es especialmente adecuada para servir asados o pollo. Disfrute de su banquete navide\u00f1o con una elegante porcelana.<\/p>\n","protected":false},"excerpt":{"rendered":"<p>NO ES APTO PARA EL LAVAVAJILLAS Material: porcelana Apto para microondas: S\u00ed PRESENTAR LA CARNE Y LAS VERDURAS CON ELEGANCIA<\/p>\n","protected":false},"featured_media":178612,"template":"","meta":{"_acf_changed":false,"inline_featured_image":false},"product_cat":[16036,16027],"product_tag":[23912,20505,20507,20506],"acf":[],"yoast_head":"<!-- This site is optimized with the Yoast SEO Premium plugin v18.6 (Yoast SEO v19.13) - https:\/\/yoast.com\/wordpress\/plugins\/seo\/ -->\n<title>VILLEROY &amp; BOCH Peque\u00f1o Plato Ovalado Toy&#039;s Delight - Erresse Shop<\/title>\n<meta name=\"description\" content=\"NO ES APTO PARA EL LAVAVAJILLAS Material: porcelana Apto para microondas: S\u00ed PRESENTAR LA CARNE Y LAS VERDURAS CON ELEGANCIA Con la colecci\u00f3n Toy&#039;s\" \/>\n<meta name=\"robots\" content=\"index, follow, max-snippet:-1, max-image-preview:large, max-video-preview:-1\" \/>\n<link rel=\"canonical\" href=\"https:\/\/www.erresse-shop.it\/es\/shop\/tabla\/bandejas\/villeroy-boch-pequeno-plato-ovalado-toys-delight\/\" \/>\n<meta property=\"og:locale\" content=\"es_ES\" \/>\n<meta property=\"og:type\" content=\"article\" \/>\n<meta property=\"og:title\" content=\"VILLEROY &amp; BOCH Peque\u00f1o Plato Ovalado Toy&#039;s Delight\" \/>\n<meta property=\"og:description\" content=\"NO ES APTO PARA EL LAVAVAJILLAS Material: porcelana Apto para microondas: S\u00ed PRESENTAR LA CARNE Y LAS VERDURAS CON ELEGANCIA Con la colecci\u00f3n Toy&#039;s\" \/>\n<meta property=\"og:url\" content=\"https:\/\/www.erresse-shop.it\/es\/shop\/tabla\/bandejas\/villeroy-boch-pequeno-plato-ovalado-toys-delight\/\" \/>\n<meta property=\"og:site_name\" content=\"Erresse Shop\" \/>\n<meta property=\"article:modified_time\" content=\"2022-12-01T00:10:12+00:00\" \/>\n<meta property=\"og:image\" content=\"https:\/\/www.erresse-shop.it\/wp-content\/uploads\/2022\/09\/VILLEROY-BOCH-Piatto-Ovale-Piccolo.jpg\" \/>\n\t<meta property=\"og:image:width\" content=\"800\" \/>\n\t<meta property=\"og:image:height\" content=\"800\" \/>\n\t<meta property=\"og:image:type\" content=\"image\/jpeg\" \/>\n<meta name=\"twitter:card\" content=\"summary_large_image\" \/>\n<script type=\"application\/ld+json\" class=\"yoast-schema-graph\">{\"@context\":\"https:\/\/schema.org\",\"@graph\":[{\"@type\":\"WebPage\",\"@id\":\"https:\/\/www.erresse-shop.it\/es\/shop\/tabla\/bandejas\/villeroy-boch-pequeno-plato-ovalado-toys-delight\/\",\"url\":\"https:\/\/www.erresse-shop.it\/es\/shop\/tabla\/bandejas\/villeroy-boch-pequeno-plato-ovalado-toys-delight\/\",\"name\":\"VILLEROY & BOCH Peque\u00f1o Plato Ovalado Toy's Delight - Erresse Shop\",\"isPartOf\":{\"@id\":\"https:\/\/www.erresse-shop.it\/es\/#website\"},\"datePublished\":\"2022-09-12T07:52:01+00:00\",\"dateModified\":\"2022-12-01T00:10:12+00:00\",\"description\":\"NO ES APTO PARA EL LAVAVAJILLAS Material: porcelana Apto para microondas: S\u00ed PRESENTAR LA CARNE Y LAS VERDURAS CON ELEGANCIA Con la colecci\u00f3n Toy's\",\"breadcrumb\":{\"@id\":\"https:\/\/www.erresse-shop.it\/es\/shop\/tabla\/bandejas\/villeroy-boch-pequeno-plato-ovalado-toys-delight\/#breadcrumb\"},\"inLanguage\":\"es\",\"potentialAction\":[{\"@type\":\"ReadAction\",\"target\":[\"https:\/\/www.erresse-shop.it\/es\/shop\/tabla\/bandejas\/villeroy-boch-pequeno-plato-ovalado-toys-delight\/\"]}]},{\"@type\":\"BreadcrumbList\",\"@id\":\"https:\/\/www.erresse-shop.it\/es\/shop\/tabla\/bandejas\/villeroy-boch-pequeno-plato-ovalado-toys-delight\/#breadcrumb\",\"itemListElement\":[{\"@type\":\"ListItem\",\"position\":1,\"name\":\"Home\",\"item\":\"https:\/\/www.erresse-shop.it\/es\/\"},{\"@type\":\"ListItem\",\"position\":2,\"name\":\"Shop\",\"item\":\"https:\/\/www.erresse-shop.it\/es\/shop\/\"},{\"@type\":\"ListItem\",\"position\":3,\"name\":\"VILLEROY &#038; BOCH Peque\u00f1o Plato Ovalado Toy&#8217;s Delight\"}]},{\"@type\":\"WebSite\",\"@id\":\"https:\/\/www.erresse-shop.it\/es\/#website\",\"url\":\"https:\/\/www.erresse-shop.it\/es\/\",\"name\":\"Erresse Shop\",\"description\":\"Articoli di qualit\u00e0 per la casa\",\"potentialAction\":[{\"@type\":\"SearchAction\",\"target\":{\"@type\":\"EntryPoint\",\"urlTemplate\":\"https:\/\/www.erresse-shop.it\/es\/?s={search_term_string}\"},\"query-input\":\"required name=search_term_string\"}],\"inLanguage\":\"es\"}]}<\/script>\n<!-- \/ Yoast SEO Premium plugin. -->","yoast_head_json":{"title":"VILLEROY & BOCH Peque\u00f1o Plato Ovalado Toy's Delight - Erresse Shop","description":"NO ES APTO PARA EL LAVAVAJILLAS Material: porcelana Apto para microondas: S\u00ed PRESENTAR LA CARNE Y LAS VERDURAS CON ELEGANCIA Con la colecci\u00f3n Toy's","robots":{"index":"index","follow":"follow","max-snippet":"max-snippet:-1","max-image-preview":"max-image-preview:large","max-video-preview":"max-video-preview:-1"},"canonical":"https:\/\/www.erresse-shop.it\/es\/shop\/tabla\/bandejas\/villeroy-boch-pequeno-plato-ovalado-toys-delight\/","og_locale":"es_ES","og_type":"article","og_title":"VILLEROY & BOCH Peque\u00f1o Plato Ovalado Toy's Delight","og_description":"NO ES APTO PARA EL LAVAVAJILLAS Material: porcelana Apto para microondas: S\u00ed PRESENTAR LA CARNE Y LAS VERDURAS CON ELEGANCIA Con la colecci\u00f3n Toy's","og_url":"https:\/\/www.erresse-shop.it\/es\/shop\/tabla\/bandejas\/villeroy-boch-pequeno-plato-ovalado-toys-delight\/","og_site_name":"Erresse Shop","article_modified_time":"2022-12-01T00:10:12+00:00","og_image":[{"width":800,"height":800,"url":"https:\/\/www.erresse-shop.it\/wp-content\/uploads\/2022\/09\/VILLEROY-BOCH-Piatto-Ovale-Piccolo.jpg","type":"image\/jpeg"}],"twitter_card":"summary_large_image","schema":{"@context":"https:\/\/schema.org","@graph":[{"@type":"WebPage","@id":"https:\/\/www.erresse-shop.it\/es\/shop\/tabla\/bandejas\/villeroy-boch-pequeno-plato-ovalado-toys-delight\/","url":"https:\/\/www.erresse-shop.it\/es\/shop\/tabla\/bandejas\/villeroy-boch-pequeno-plato-ovalado-toys-delight\/","name":"VILLEROY & BOCH Peque\u00f1o Plato Ovalado Toy's Delight - Erresse Shop","isPartOf":{"@id":"https:\/\/www.erresse-shop.it\/es\/#website"},"datePublished":"2022-09-12T07:52:01+00:00","dateModified":"2022-12-01T00:10:12+00:00","description":"NO ES APTO PARA EL LAVAVAJILLAS Material: porcelana Apto para microondas: S\u00ed PRESENTAR LA CARNE Y LAS VERDURAS CON ELEGANCIA Con la colecci\u00f3n Toy's","breadcrumb":{"@id":"https:\/\/www.erresse-shop.it\/es\/shop\/tabla\/bandejas\/villeroy-boch-pequeno-plato-ovalado-toys-delight\/#breadcrumb"},"inLanguage":"es","potentialAction":[{"@type":"ReadAction","target":["https:\/\/www.erresse-shop.it\/es\/shop\/tabla\/bandejas\/villeroy-boch-pequeno-plato-ovalado-toys-delight\/"]}]},{"@type":"BreadcrumbList","@id":"https:\/\/www.erresse-shop.it\/es\/shop\/tabla\/bandejas\/villeroy-boch-pequeno-plato-ovalado-toys-delight\/#breadcrumb","itemListElement":[{"@type":"ListItem","position":1,"name":"Home","item":"https:\/\/www.erresse-shop.it\/es\/"},{"@type":"ListItem","position":2,"name":"Shop","item":"https:\/\/www.erresse-shop.it\/es\/shop\/"},{"@type":"ListItem","position":3,"name":"VILLEROY &#038; BOCH Peque\u00f1o Plato Ovalado Toy&#8217;s Delight"}]},{"@type":"WebSite","@id":"https:\/\/www.erresse-shop.it\/es\/#website","url":"https:\/\/www.erresse-shop.it\/es\/","name":"Erresse Shop","description":"Articoli di qualit\u00e0 per la casa","potentialAction":[{"@type":"SearchAction","target":{"@type":"EntryPoint","urlTemplate":"https:\/\/www.erresse-shop.it\/es\/?s={search_term_string}"},"query-input":"required name=search_term_string"}],"inLanguage":"es"}]}},"df_price":39.95,"df_sale_price":39.95,"df_regular_price":79.9,"df_image_link":"https:\/\/www.erresse-shop.it\/wp-content\/uploads\/2022\/09\/VILLEROY-BOCH-Piatto-Ovale-Piccolo-300x300.jpg","_links":{"self":[{"href":"https:\/\/www.erresse-shop.it\/es\/wp-json\/wp\/v2\/product\/178604"}],"collection":[{"href":"https:\/\/www.erresse-shop.it\/es\/wp-json\/wp\/v2\/product"}],"about":[{"href":"https:\/\/www.erresse-shop.it\/es\/wp-json\/wp\/v2\/types\/product"}],"wp:featuredmedia":[{"embeddable":true,"href":"https:\/\/www.erresse-shop.it\/es\/wp-json\/wp\/v2\/media\/178612"}],"wp:attachment":[{"href":"https:\/\/www.erresse-shop.it\/es\/wp-json\/wp\/v2\/media?parent=178604"}],"wp:term":[{"taxonomy":"product_cat","embeddable":true,"href":"https:\/\/www.erresse-shop.it\/es\/wp-json\/wp\/v2\/product_cat?post=178604"},{"taxonomy":"product_tag","embeddable":true,"href":"https:\/\/www.erresse-shop.it\/es\/wp-json\/wp\/v2\/product_tag?post=178604"}],"curies":[{"name":"wp","href":"https:\/\/api.w.org\/{rel}","templated":true}]}}