{"id":178441,"date":"2022-09-12T06:39:36","date_gmt":"2022-09-12T06:39:37","guid":{"rendered":"https:\/\/www.erresse-shop.it\/?post_type=product&#038;p=178441"},"modified":"2023-12-25T11:40:08","modified_gmt":"2023-12-25T11:40:08","slug":"villeroy-boch-pesebre-christmas-toys-memory","status":"publish","type":"product","link":"https:\/\/www.erresse-shop.it\/es\/shop\/mobiliario\/articulos-de-decoracion\/villeroy-boch-pesebre-christmas-toys-memory\/","title":{"rendered":"VILLEROY &#038; BOCH Pesebre Christmas Toys Memory"},"content":{"rendered":"<p><strong>Material:<\/strong> porcelana<\/p>\n<p><strong>PARA REVIVIR LA VIEJA TRADICI\u00d3N<\/strong><br \/>\nChristmas Toy&#8217;s Memory forma parte del amplio mundo navide\u00f1o de Villeroy &amp; Boch. En esta colecci\u00f3n, los momentos nost\u00e1lgicos y el dise\u00f1o detallado se unen en un alegre y festivo pa\u00eds de las maravillas. Ideal como complemento de su casa decorada festivamente, para coleccionar y combinar. Este bel\u00e9n de porcelana de alta calidad encanta con su riqueza de detalles y seguramente tendr\u00e1 un lugar de honor bajo su \u00e1rbol de Navidad. Decora tu casa con bonitos adornos.<\/p>\n","protected":false},"excerpt":{"rendered":"<p>Material: porcelana PARA REVIVIR LA VIEJA TRADICI\u00d3N Christmas Toy&#8217;s Memory forma parte del amplio mundo navide\u00f1o de Villeroy &amp; Boch.<\/p>\n","protected":false},"featured_media":443935,"template":"","meta":{"_acf_changed":false,"inline_featured_image":false},"product_cat":[16026,16016],"product_tag":[23912,20505,20507,20506,21333],"acf":[],"yoast_head":"<!-- This site is optimized with the Yoast SEO Premium plugin v18.6 (Yoast SEO v19.13) - https:\/\/yoast.com\/wordpress\/plugins\/seo\/ -->\n<title>VILLEROY &amp; BOCH Pesebre Christmas Toys Memory - Erresse Shop<\/title>\n<meta name=\"description\" content=\"Material: porcelana PARA REVIVIR LA VIEJA TRADICI\u00d3N Christmas Toy&#039;s Memory forma parte del amplio mundo navide\u00f1o de Villeroy &amp; Boch. En esta\" \/>\n<meta name=\"robots\" content=\"index, follow, max-snippet:-1, max-image-preview:large, max-video-preview:-1\" \/>\n<link rel=\"canonical\" href=\"https:\/\/www.erresse-shop.it\/es\/shop\/mobiliario\/articulos-de-decoracion\/villeroy-boch-pesebre-christmas-toys-memory\/\" \/>\n<meta property=\"og:locale\" content=\"es_ES\" \/>\n<meta property=\"og:type\" content=\"article\" \/>\n<meta property=\"og:title\" content=\"VILLEROY &amp; BOCH Pesebre Christmas Toys Memory\" \/>\n<meta property=\"og:description\" content=\"Material: porcelana PARA REVIVIR LA VIEJA TRADICI\u00d3N Christmas Toy&#039;s Memory forma parte del amplio mundo navide\u00f1o de Villeroy &amp; Boch. En esta\" \/>\n<meta property=\"og:url\" content=\"https:\/\/www.erresse-shop.it\/es\/shop\/mobiliario\/articulos-de-decoracion\/villeroy-boch-pesebre-christmas-toys-memory\/\" \/>\n<meta property=\"og:site_name\" content=\"Erresse Shop\" \/>\n<meta property=\"article:modified_time\" content=\"2023-12-25T11:40:08+00:00\" \/>\n<meta property=\"og:image\" content=\"https:\/\/www.erresse-shop.it\/wp-content\/uploads\/2022\/09\/VILLEROY-BOCH-Presepe-Christmas-Toys-Memory.jpg\" \/>\n\t<meta property=\"og:image:width\" content=\"1200\" \/>\n\t<meta property=\"og:image:height\" content=\"1200\" \/>\n\t<meta property=\"og:image:type\" content=\"image\/jpeg\" \/>\n<meta name=\"twitter:card\" content=\"summary_large_image\" \/>\n<script type=\"application\/ld+json\" class=\"yoast-schema-graph\">{\"@context\":\"https:\/\/schema.org\",\"@graph\":[{\"@type\":\"WebPage\",\"@id\":\"https:\/\/www.erresse-shop.it\/es\/shop\/mobiliario\/articulos-de-decoracion\/villeroy-boch-pesebre-christmas-toys-memory\/\",\"url\":\"https:\/\/www.erresse-shop.it\/es\/shop\/mobiliario\/articulos-de-decoracion\/villeroy-boch-pesebre-christmas-toys-memory\/\",\"name\":\"VILLEROY & BOCH Pesebre Christmas Toys Memory - Erresse Shop\",\"isPartOf\":{\"@id\":\"https:\/\/www.erresse-shop.it\/es\/#website\"},\"datePublished\":\"2022-09-12T06:39:37+00:00\",\"dateModified\":\"2023-12-25T11:40:08+00:00\",\"description\":\"Material: porcelana PARA REVIVIR LA VIEJA TRADICI\u00d3N Christmas Toy's Memory forma parte del amplio mundo navide\u00f1o de Villeroy &amp; Boch. En esta\",\"breadcrumb\":{\"@id\":\"https:\/\/www.erresse-shop.it\/es\/shop\/mobiliario\/articulos-de-decoracion\/villeroy-boch-pesebre-christmas-toys-memory\/#breadcrumb\"},\"inLanguage\":\"es\",\"potentialAction\":[{\"@type\":\"ReadAction\",\"target\":[\"https:\/\/www.erresse-shop.it\/es\/shop\/mobiliario\/articulos-de-decoracion\/villeroy-boch-pesebre-christmas-toys-memory\/\"]}]},{\"@type\":\"BreadcrumbList\",\"@id\":\"https:\/\/www.erresse-shop.it\/es\/shop\/mobiliario\/articulos-de-decoracion\/villeroy-boch-pesebre-christmas-toys-memory\/#breadcrumb\",\"itemListElement\":[{\"@type\":\"ListItem\",\"position\":1,\"name\":\"Home\",\"item\":\"https:\/\/www.erresse-shop.it\/es\/\"},{\"@type\":\"ListItem\",\"position\":2,\"name\":\"Shop\",\"item\":\"https:\/\/www.erresse-shop.it\/es\/shop\/\"},{\"@type\":\"ListItem\",\"position\":3,\"name\":\"VILLEROY &#038; BOCH Pesebre Christmas Toys Memory\"}]},{\"@type\":\"WebSite\",\"@id\":\"https:\/\/www.erresse-shop.it\/es\/#website\",\"url\":\"https:\/\/www.erresse-shop.it\/es\/\",\"name\":\"Erresse Shop\",\"description\":\"Articoli di qualit\u00e0 per la casa\",\"potentialAction\":[{\"@type\":\"SearchAction\",\"target\":{\"@type\":\"EntryPoint\",\"urlTemplate\":\"https:\/\/www.erresse-shop.it\/es\/?s={search_term_string}\"},\"query-input\":\"required name=search_term_string\"}],\"inLanguage\":\"es\"}]}<\/script>\n<!-- \/ Yoast SEO Premium plugin. -->","yoast_head_json":{"title":"VILLEROY & BOCH Pesebre Christmas Toys Memory - Erresse Shop","description":"Material: porcelana PARA REVIVIR LA VIEJA TRADICI\u00d3N Christmas Toy's Memory forma parte del amplio mundo navide\u00f1o de Villeroy &amp; Boch. En esta","robots":{"index":"index","follow":"follow","max-snippet":"max-snippet:-1","max-image-preview":"max-image-preview:large","max-video-preview":"max-video-preview:-1"},"canonical":"https:\/\/www.erresse-shop.it\/es\/shop\/mobiliario\/articulos-de-decoracion\/villeroy-boch-pesebre-christmas-toys-memory\/","og_locale":"es_ES","og_type":"article","og_title":"VILLEROY & BOCH Pesebre Christmas Toys Memory","og_description":"Material: porcelana PARA REVIVIR LA VIEJA TRADICI\u00d3N Christmas Toy's Memory forma parte del amplio mundo navide\u00f1o de Villeroy &amp; Boch. En esta","og_url":"https:\/\/www.erresse-shop.it\/es\/shop\/mobiliario\/articulos-de-decoracion\/villeroy-boch-pesebre-christmas-toys-memory\/","og_site_name":"Erresse Shop","article_modified_time":"2023-12-25T11:40:08+00:00","og_image":[{"width":1200,"height":1200,"url":"https:\/\/www.erresse-shop.it\/wp-content\/uploads\/2022\/09\/VILLEROY-BOCH-Presepe-Christmas-Toys-Memory.jpg","type":"image\/jpeg"}],"twitter_card":"summary_large_image","schema":{"@context":"https:\/\/schema.org","@graph":[{"@type":"WebPage","@id":"https:\/\/www.erresse-shop.it\/es\/shop\/mobiliario\/articulos-de-decoracion\/villeroy-boch-pesebre-christmas-toys-memory\/","url":"https:\/\/www.erresse-shop.it\/es\/shop\/mobiliario\/articulos-de-decoracion\/villeroy-boch-pesebre-christmas-toys-memory\/","name":"VILLEROY & BOCH Pesebre Christmas Toys Memory - Erresse Shop","isPartOf":{"@id":"https:\/\/www.erresse-shop.it\/es\/#website"},"datePublished":"2022-09-12T06:39:37+00:00","dateModified":"2023-12-25T11:40:08+00:00","description":"Material: porcelana PARA REVIVIR LA VIEJA TRADICI\u00d3N Christmas Toy's Memory forma parte del amplio mundo navide\u00f1o de Villeroy &amp; Boch. En esta","breadcrumb":{"@id":"https:\/\/www.erresse-shop.it\/es\/shop\/mobiliario\/articulos-de-decoracion\/villeroy-boch-pesebre-christmas-toys-memory\/#breadcrumb"},"inLanguage":"es","potentialAction":[{"@type":"ReadAction","target":["https:\/\/www.erresse-shop.it\/es\/shop\/mobiliario\/articulos-de-decoracion\/villeroy-boch-pesebre-christmas-toys-memory\/"]}]},{"@type":"BreadcrumbList","@id":"https:\/\/www.erresse-shop.it\/es\/shop\/mobiliario\/articulos-de-decoracion\/villeroy-boch-pesebre-christmas-toys-memory\/#breadcrumb","itemListElement":[{"@type":"ListItem","position":1,"name":"Home","item":"https:\/\/www.erresse-shop.it\/es\/"},{"@type":"ListItem","position":2,"name":"Shop","item":"https:\/\/www.erresse-shop.it\/es\/shop\/"},{"@type":"ListItem","position":3,"name":"VILLEROY &#038; BOCH Pesebre Christmas Toys Memory"}]},{"@type":"WebSite","@id":"https:\/\/www.erresse-shop.it\/es\/#website","url":"https:\/\/www.erresse-shop.it\/es\/","name":"Erresse Shop","description":"Articoli di qualit\u00e0 per la casa","potentialAction":[{"@type":"SearchAction","target":{"@type":"EntryPoint","urlTemplate":"https:\/\/www.erresse-shop.it\/es\/?s={search_term_string}"},"query-input":"required name=search_term_string"}],"inLanguage":"es"}]}},"df_price":74.5,"df_sale_price":74.5,"df_regular_price":149,"df_image_link":"https:\/\/www.erresse-shop.it\/wp-content\/uploads\/2022\/09\/VILLEROY-BOCH-Presepe-Christmas-Toys-Memory-300x300.jpg","_links":{"self":[{"href":"https:\/\/www.erresse-shop.it\/es\/wp-json\/wp\/v2\/product\/178441"}],"collection":[{"href":"https:\/\/www.erresse-shop.it\/es\/wp-json\/wp\/v2\/product"}],"about":[{"href":"https:\/\/www.erresse-shop.it\/es\/wp-json\/wp\/v2\/types\/product"}],"wp:featuredmedia":[{"embeddable":true,"href":"https:\/\/www.erresse-shop.it\/es\/wp-json\/wp\/v2\/media\/443935"}],"wp:attachment":[{"href":"https:\/\/www.erresse-shop.it\/es\/wp-json\/wp\/v2\/media?parent=178441"}],"wp:term":[{"taxonomy":"product_cat","embeddable":true,"href":"https:\/\/www.erresse-shop.it\/es\/wp-json\/wp\/v2\/product_cat?post=178441"},{"taxonomy":"product_tag","embeddable":true,"href":"https:\/\/www.erresse-shop.it\/es\/wp-json\/wp\/v2\/product_tag?post=178441"}],"curies":[{"name":"wp","href":"https:\/\/api.w.org\/{rel}","templated":true}]}}