{"id":178098,"date":"2022-09-09T09:26:26","date_gmt":"2022-09-09T09:26:27","guid":{"rendered":"https:\/\/www.erresse-shop.it\/?post_type=product&#038;p=178098"},"modified":"2022-09-09T09:46:21","modified_gmt":"2022-09-09T09:46:21","slug":"emile-henry-tarro-de-sal-blanco","status":"publish","type":"product","link":"https:\/\/www.erresse-shop.it\/es\/shop\/tabla\/aceite-vinagre-sal\/emile-henry-tarro-de-sal-blanco\/","title":{"rendered":"EMILE HENRY Tarro de Sal Blanco"},"content":{"rendered":"<p>Nuestro tarro de sal, un original utensilio en su encimera, le permite acceder r\u00e1pida y f\u00e1cilmente a su sal gruesa durante la preparaci\u00f3n.<\/p>\n<p>Sin esmaltar por dentro, el tarro de sal absorbe la humedad para mantener la sal suelta y evitar que se forme una costra.<\/p>\n<p>La variedad de colores permite que haga juego con la decoraci\u00f3n de su cocina.<\/p>\n<p>10 a\u00f1os de garant\u00eda.<\/p>\n<p><strong>Longitud\/di\u00e1metro:<\/strong> 12,7 cm<br \/>\n<strong>Altura:<\/strong> 13,5 cm<br \/>\n<strong>Peso:<\/strong> 0,43 kg<\/p>\n","protected":false},"excerpt":{"rendered":"<p><br data-mce-bogus=\"1\"><\/p>\n","protected":false},"featured_media":178118,"template":"","meta":{"_acf_changed":false,"inline_featured_image":false},"product_cat":[20475,16027],"product_tag":[16165,20463],"acf":[],"yoast_head":"<!-- This site is optimized with the Yoast SEO Premium plugin v18.6 (Yoast SEO v19.13) - https:\/\/yoast.com\/wordpress\/plugins\/seo\/ -->\n<title>EMILE HENRY Tarro de Sal Blanco - Erresse Shop<\/title>\n<meta name=\"robots\" content=\"index, follow, max-snippet:-1, max-image-preview:large, max-video-preview:-1\" \/>\n<link rel=\"canonical\" href=\"https:\/\/www.erresse-shop.it\/es\/shop\/tabla\/aceite-vinagre-sal\/emile-henry-tarro-de-sal-blanco\/\" \/>\n<meta property=\"og:locale\" content=\"es_ES\" \/>\n<meta property=\"og:type\" content=\"article\" \/>\n<meta property=\"og:title\" content=\"EMILE HENRY Tarro de Sal Blanco\" \/>\n<meta property=\"og:url\" content=\"https:\/\/www.erresse-shop.it\/es\/shop\/tabla\/aceite-vinagre-sal\/emile-henry-tarro-de-sal-blanco\/\" \/>\n<meta property=\"og:site_name\" content=\"Erresse Shop\" \/>\n<meta property=\"article:modified_time\" content=\"2022-09-09T09:46:21+00:00\" \/>\n<meta property=\"og:image\" content=\"https:\/\/www.erresse-shop.it\/wp-content\/uploads\/2022\/09\/EMILE-HENRY-Barattolo-Sale-Bianco.jpg\" \/>\n\t<meta property=\"og:image:width\" content=\"800\" \/>\n\t<meta property=\"og:image:height\" content=\"800\" \/>\n\t<meta property=\"og:image:type\" content=\"image\/jpeg\" \/>\n<meta name=\"twitter:card\" content=\"summary_large_image\" \/>\n<script type=\"application\/ld+json\" class=\"yoast-schema-graph\">{\"@context\":\"https:\/\/schema.org\",\"@graph\":[{\"@type\":\"WebPage\",\"@id\":\"https:\/\/www.erresse-shop.it\/es\/shop\/tabla\/aceite-vinagre-sal\/emile-henry-tarro-de-sal-blanco\/\",\"url\":\"https:\/\/www.erresse-shop.it\/es\/shop\/tabla\/aceite-vinagre-sal\/emile-henry-tarro-de-sal-blanco\/\",\"name\":\"EMILE HENRY Tarro de Sal Blanco - Erresse Shop\",\"isPartOf\":{\"@id\":\"https:\/\/www.erresse-shop.it\/es\/#website\"},\"datePublished\":\"2022-09-09T09:26:27+00:00\",\"dateModified\":\"2022-09-09T09:46:21+00:00\",\"breadcrumb\":{\"@id\":\"https:\/\/www.erresse-shop.it\/es\/shop\/tabla\/aceite-vinagre-sal\/emile-henry-tarro-de-sal-blanco\/#breadcrumb\"},\"inLanguage\":\"es\",\"potentialAction\":[{\"@type\":\"ReadAction\",\"target\":[\"https:\/\/www.erresse-shop.it\/es\/shop\/tabla\/aceite-vinagre-sal\/emile-henry-tarro-de-sal-blanco\/\"]}]},{\"@type\":\"BreadcrumbList\",\"@id\":\"https:\/\/www.erresse-shop.it\/es\/shop\/tabla\/aceite-vinagre-sal\/emile-henry-tarro-de-sal-blanco\/#breadcrumb\",\"itemListElement\":[{\"@type\":\"ListItem\",\"position\":1,\"name\":\"Home\",\"item\":\"https:\/\/www.erresse-shop.it\/es\/\"},{\"@type\":\"ListItem\",\"position\":2,\"name\":\"Shop\",\"item\":\"https:\/\/www.erresse-shop.it\/es\/shop\/\"},{\"@type\":\"ListItem\",\"position\":3,\"name\":\"EMILE HENRY Tarro de Sal Blanco\"}]},{\"@type\":\"WebSite\",\"@id\":\"https:\/\/www.erresse-shop.it\/es\/#website\",\"url\":\"https:\/\/www.erresse-shop.it\/es\/\",\"name\":\"Erresse Shop\",\"description\":\"Articoli di qualit\u00e0 per la casa\",\"potentialAction\":[{\"@type\":\"SearchAction\",\"target\":{\"@type\":\"EntryPoint\",\"urlTemplate\":\"https:\/\/www.erresse-shop.it\/es\/?s={search_term_string}\"},\"query-input\":\"required name=search_term_string\"}],\"inLanguage\":\"es\"}]}<\/script>\n<!-- \/ Yoast SEO Premium plugin. -->","yoast_head_json":{"title":"EMILE HENRY Tarro de Sal Blanco - Erresse Shop","robots":{"index":"index","follow":"follow","max-snippet":"max-snippet:-1","max-image-preview":"max-image-preview:large","max-video-preview":"max-video-preview:-1"},"canonical":"https:\/\/www.erresse-shop.it\/es\/shop\/tabla\/aceite-vinagre-sal\/emile-henry-tarro-de-sal-blanco\/","og_locale":"es_ES","og_type":"article","og_title":"EMILE HENRY Tarro de Sal Blanco","og_url":"https:\/\/www.erresse-shop.it\/es\/shop\/tabla\/aceite-vinagre-sal\/emile-henry-tarro-de-sal-blanco\/","og_site_name":"Erresse Shop","article_modified_time":"2022-09-09T09:46:21+00:00","og_image":[{"width":800,"height":800,"url":"https:\/\/www.erresse-shop.it\/wp-content\/uploads\/2022\/09\/EMILE-HENRY-Barattolo-Sale-Bianco.jpg","type":"image\/jpeg"}],"twitter_card":"summary_large_image","schema":{"@context":"https:\/\/schema.org","@graph":[{"@type":"WebPage","@id":"https:\/\/www.erresse-shop.it\/es\/shop\/tabla\/aceite-vinagre-sal\/emile-henry-tarro-de-sal-blanco\/","url":"https:\/\/www.erresse-shop.it\/es\/shop\/tabla\/aceite-vinagre-sal\/emile-henry-tarro-de-sal-blanco\/","name":"EMILE HENRY Tarro de Sal Blanco - Erresse Shop","isPartOf":{"@id":"https:\/\/www.erresse-shop.it\/es\/#website"},"datePublished":"2022-09-09T09:26:27+00:00","dateModified":"2022-09-09T09:46:21+00:00","breadcrumb":{"@id":"https:\/\/www.erresse-shop.it\/es\/shop\/tabla\/aceite-vinagre-sal\/emile-henry-tarro-de-sal-blanco\/#breadcrumb"},"inLanguage":"es","potentialAction":[{"@type":"ReadAction","target":["https:\/\/www.erresse-shop.it\/es\/shop\/tabla\/aceite-vinagre-sal\/emile-henry-tarro-de-sal-blanco\/"]}]},{"@type":"BreadcrumbList","@id":"https:\/\/www.erresse-shop.it\/es\/shop\/tabla\/aceite-vinagre-sal\/emile-henry-tarro-de-sal-blanco\/#breadcrumb","itemListElement":[{"@type":"ListItem","position":1,"name":"Home","item":"https:\/\/www.erresse-shop.it\/es\/"},{"@type":"ListItem","position":2,"name":"Shop","item":"https:\/\/www.erresse-shop.it\/es\/shop\/"},{"@type":"ListItem","position":3,"name":"EMILE HENRY Tarro de Sal Blanco"}]},{"@type":"WebSite","@id":"https:\/\/www.erresse-shop.it\/es\/#website","url":"https:\/\/www.erresse-shop.it\/es\/","name":"Erresse Shop","description":"Articoli di qualit\u00e0 per la casa","potentialAction":[{"@type":"SearchAction","target":{"@type":"EntryPoint","urlTemplate":"https:\/\/www.erresse-shop.it\/es\/?s={search_term_string}"},"query-input":"required name=search_term_string"}],"inLanguage":"es"}]}},"df_price":29.562,"df_sale_price":29.562,"df_regular_price":37.9,"df_image_link":"https:\/\/www.erresse-shop.it\/wp-content\/uploads\/2022\/09\/EMILE-HENRY-Barattolo-Sale-Bianco-300x300.jpg","_links":{"self":[{"href":"https:\/\/www.erresse-shop.it\/es\/wp-json\/wp\/v2\/product\/178098"}],"collection":[{"href":"https:\/\/www.erresse-shop.it\/es\/wp-json\/wp\/v2\/product"}],"about":[{"href":"https:\/\/www.erresse-shop.it\/es\/wp-json\/wp\/v2\/types\/product"}],"wp:featuredmedia":[{"embeddable":true,"href":"https:\/\/www.erresse-shop.it\/es\/wp-json\/wp\/v2\/media\/178118"}],"wp:attachment":[{"href":"https:\/\/www.erresse-shop.it\/es\/wp-json\/wp\/v2\/media?parent=178098"}],"wp:term":[{"taxonomy":"product_cat","embeddable":true,"href":"https:\/\/www.erresse-shop.it\/es\/wp-json\/wp\/v2\/product_cat?post=178098"},{"taxonomy":"product_tag","embeddable":true,"href":"https:\/\/www.erresse-shop.it\/es\/wp-json\/wp\/v2\/product_tag?post=178098"}],"curies":[{"name":"wp","href":"https:\/\/api.w.org\/{rel}","templated":true}]}}